{"id":4835,"date":"2025-03-07T17:47:40","date_gmt":"2025-03-07T17:47:40","guid":{"rendered":"https:\/\/trendsbystylia.com\/produit\/vente-helicoptere-a-induction-telecommande-avion-a-induction-avion-a-induction-suspension-bimode-jouet-volant\/"},"modified":"2025-03-23T22:00:45","modified_gmt":"2025-03-23T22:00:45","slug":"vente-helicoptere-a-induction-telecommande-avion-a-induction-avion-a-induction-suspension-bimode-jouet-volant","status":"publish","type":"product","link":"https:\/\/trendsbystylia.com\/pt\/produto\/vente-helicoptere-a-induction-telecommande-avion-a-induction-avion-a-induction-suspension-bimode-jouet-volant\/","title":{"rendered":"<p>Helic\u00f3ptero de indu\u00e7\u00e3o telecomandado<\/p>"},"content":{"rendered":"<p><strong>DESCRI\u00c7\u00c3O:<\/strong><p>Fun\u00e7\u00e3o caracter\u00edstica: Aeronaves de levita\u00e7\u00e3o por indu\u00e7\u00e3o telecomandadas.<\/p><p>\u00c9 importado: dom\u00e9stico.<\/p><p>Embalagem: Caixa de cor.<\/p><p>Material do brinquedo: ABS (em ingl\u00eas).<\/p><p>Desenvolvimento de capacidades: M\u00e3os e c\u00e9rebro, ader\u00eancia, vis\u00e3o, treino de interesse, outros<\/p><p>forma\u00e7\u00e3o em mat\u00e9ria de capacidades, comunica\u00e7\u00e3o entre pais e filhos, coordena\u00e7\u00e3o corpo-a-corpo,<\/p><p>brinquedos interativos.<\/p><p>H\u00e1 uma imagem animada: N\u00e3o.<\/p><p>Modo de controlo remoto: Somatossensorial (em ingl\u00eas).<\/p><p><img data-recalc-dims=\"1\" decoding=\"async\" src=\"https:\/\/i0.wp.com\/img.mysourcify.com\/2021\/06\/07\/ad66d4205153e3fe3c1637bab5253c6d.jpg?w=1290&amp;ssl=1\"><img data-recalc-dims=\"1\" decoding=\"async\" src=\"https:\/\/i0.wp.com\/img.mysourcify.com\/2021\/06\/07\/601e60e48ee4ff30cebf4af358303d72.jpg?w=1290&amp;ssl=1\"><img data-recalc-dims=\"1\" decoding=\"async\" src=\"https:\/\/i0.wp.com\/img.mysourcify.com\/2021\/06\/07\/b8964b7c72df9c0099cd023257bb239b.jpg?w=1290&amp;ssl=1\"><img data-recalc-dims=\"1\" decoding=\"async\" src=\"https:\/\/i0.wp.com\/img.mysourcify.com\/2021\/06\/07\/44a526977a218d8c14ca94ec4c1d0c6a.jpg?w=1290&amp;ssl=1\"><img data-recalc-dims=\"1\" decoding=\"async\" src=\"https:\/\/i0.wp.com\/img.mysourcify.com\/2021\/06\/07\/24d75ce0278435f1ff41c0bee4a62be5.jpg?w=1290&amp;ssl=1\"><\/p><\/p>","protected":false},"excerpt":{"rendered":"<p>Venda Controlo Remoto Indu\u00e7\u00e3o Helic\u00f3ptero Indu\u00e7\u00e3o Aeronaves Indu\u00e7\u00e3o Aeronaves Dupla Suspens\u00e3o Modo Brinquedo Voador<\/p>","protected":false},"featured_media":4827,"comment_status":"open","ping_status":"closed","template":"","meta":{"_seopress_robots_primary_cat":"none","_seopress_titles_title":"","_seopress_titles_desc":"","_seopress_robots_index":"","_seopress_analysis_target_kw":"","_gspb_post_css":"","content-type":""},"product_brand":[],"product_cat":[45],"product_tag":[],"class_list":{"0":"post-4835","1":"product","2":"type-product","3":"status-publish","4":"has-post-thumbnail","6":"product_cat-jouets","7":"product_shipping_class-hors-ue-standard","9":"first","10":"instock","11":"taxable","12":"shipping-taxable","13":"purchasable","14":"product-type-variable"},"jetpack_sharing_enabled":true,"_links":{"self":[{"href":"https:\/\/trendsbystylia.com\/pt\/wp-json\/wp\/v2\/product\/4835","targetHints":{"allow":["GET"]}}],"collection":[{"href":"https:\/\/trendsbystylia.com\/pt\/wp-json\/wp\/v2\/product"}],"about":[{"href":"https:\/\/trendsbystylia.com\/pt\/wp-json\/wp\/v2\/types\/product"}],"replies":[{"embeddable":true,"href":"https:\/\/trendsbystylia.com\/pt\/wp-json\/wp\/v2\/comments?post=4835"}],"wp:featuredmedia":[{"embeddable":true,"href":"https:\/\/trendsbystylia.com\/pt\/wp-json\/wp\/v2\/media\/4827"}],"wp:attachment":[{"href":"https:\/\/trendsbystylia.com\/pt\/wp-json\/wp\/v2\/media?parent=4835"}],"wp:term":[{"taxonomy":"product_brand","embeddable":true,"href":"https:\/\/trendsbystylia.com\/pt\/wp-json\/wp\/v2\/product_brand?post=4835"},{"taxonomy":"product_cat","embeddable":true,"href":"https:\/\/trendsbystylia.com\/pt\/wp-json\/wp\/v2\/product_cat?post=4835"},{"taxonomy":"product_tag","embeddable":true,"href":"https:\/\/trendsbystylia.com\/pt\/wp-json\/wp\/v2\/product_tag?post=4835"}],"curies":[{"name":"wp","href":"https:\/\/api.w.org\/{rel}","templated":true}]}}