{"id":4822,"date":"2025-03-07T17:46:41","date_gmt":"2025-03-07T17:46:41","guid":{"rendered":"https:\/\/trendsbystylia.com\/produit\/mini-masseur-massage-amincissant-soulager-les-douleurs-musculaires-mini-masseur-portable-pour-le-cou\/"},"modified":"2025-04-06T18:47:16","modified_gmt":"2025-04-06T18:47:16","slug":"mini-masseur-massage-amincissant-soulager-les-douleurs-musculaires-mini-masseur-portable-pour-le-cou","status":"publish","type":"product","link":"https:\/\/trendsbystylia.com\/pt\/produto\/mini-masseur-massage-amincissant-soulager-les-douleurs-musculaires-mini-masseur-portable-pour-le-cou\/","title":{"rendered":"<p>Mini massagem massagem emagrecimento aliviar a dor muscular<\/p>"},"content":{"rendered":"<p><strong>DESCRI\u00c7\u00c3O:<\/strong><p>Pe\u00e7as aplic\u00e1veis: pesco\u00e7o, cintura, costas.<\/p><p>Contacto da massagem: 3.<\/p><p>modelo: M\u00e1quina de massagem.<\/p><p>Fonte de alimenta\u00e7\u00e3o: USB (em ingl\u00eas).<\/p><p>modo de comando: mec\u00e2nica.<\/p><p>Especifica\u00e7\u00f5es: Um conjunto de instrumentos de massagem com embalagem, chip \u00fanico<\/p><p>sem um anfitri\u00e3o.<\/p><p>T\u00e9cnica de massagem: Percuss\u00f5es.<\/p><p><img data-recalc-dims=\"1\" decoding=\"async\" src=\"https:\/\/i0.wp.com\/cbu01.alicdn.com\/img\/ibank\/2019\/877\/274\/12651472778_1144805562.jpg?w=1290&amp;ssl=1\"><img data-recalc-dims=\"1\" decoding=\"async\" src=\"https:\/\/i0.wp.com\/cbu01.alicdn.com\/img\/ibank\/2019\/568\/583\/12614385865_1144805562.jpg?w=1290&amp;ssl=1\"><img data-recalc-dims=\"1\" decoding=\"async\" src=\"https:\/\/i0.wp.com\/cbu01.alicdn.com\/img\/ibank\/2019\/045\/004\/12614400540_1144805562.jpg?w=1290&amp;ssl=1\"><img data-recalc-dims=\"1\" decoding=\"async\" src=\"https:\/\/i0.wp.com\/cbu01.alicdn.com\/img\/ibank\/2019\/394\/604\/12614406493_1144805562.jpg?w=1290&amp;ssl=1\"><img data-recalc-dims=\"1\" decoding=\"async\" src=\"https:\/\/i0.wp.com\/cbu01.alicdn.com\/img\/ibank\/2019\/572\/094\/12651490275_1144805562.jpg?w=1290&amp;ssl=1\"><img data-recalc-dims=\"1\" decoding=\"async\" src=\"https:\/\/i0.wp.com\/cbu01.alicdn.com\/img\/ibank\/2019\/828\/574\/12651475828_1144805562.jpg?w=1290&amp;ssl=1\"><img data-recalc-dims=\"1\" decoding=\"async\" src=\"https:\/\/i0.wp.com\/cbu01.alicdn.com\/img\/ibank\/2019\/681\/242\/12690242186_1144805562.jpg?w=1290&amp;ssl=1\"><img data-recalc-dims=\"1\" decoding=\"async\" src=\"https:\/\/i0.wp.com\/cbu01.alicdn.com\/img\/ibank\/2019\/264\/304\/12614403462_1144805562.jpg?w=1290&amp;ssl=1\"><\/p><\/p>","protected":false},"excerpt":{"rendered":"<p>Mini Massageador Massagem emagrecimento Aliviar a Dor Muscular Mini Massageador Pesco\u00e7o Port\u00e1til<\/p>","protected":false},"featured_media":4817,"comment_status":"open","ping_status":"closed","template":"","meta":{"_seopress_robots_primary_cat":"none","_seopress_titles_title":"Mini masseur Massage amincissant soulager les douleurs musculaires","_seopress_titles_desc":"","_seopress_robots_index":"","_seopress_analysis_target_kw":"","_gspb_post_css":"","content-type":""},"product_brand":[],"product_cat":[1141],"product_tag":[],"class_list":{"0":"post-4822","1":"product","2":"type-product","3":"status-publish","4":"has-post-thumbnail","6":"product_cat-sport-fitness","7":"product_shipping_class-hors-ue-standard","9":"first","10":"instock","11":"taxable","12":"shipping-taxable","13":"purchasable","14":"product-type-variable"},"jetpack_sharing_enabled":true,"_links":{"self":[{"href":"https:\/\/trendsbystylia.com\/pt\/wp-json\/wp\/v2\/product\/4822","targetHints":{"allow":["GET"]}}],"collection":[{"href":"https:\/\/trendsbystylia.com\/pt\/wp-json\/wp\/v2\/product"}],"about":[{"href":"https:\/\/trendsbystylia.com\/pt\/wp-json\/wp\/v2\/types\/product"}],"replies":[{"embeddable":true,"href":"https:\/\/trendsbystylia.com\/pt\/wp-json\/wp\/v2\/comments?post=4822"}],"wp:featuredmedia":[{"embeddable":true,"href":"https:\/\/trendsbystylia.com\/pt\/wp-json\/wp\/v2\/media\/4817"}],"wp:attachment":[{"href":"https:\/\/trendsbystylia.com\/pt\/wp-json\/wp\/v2\/media?parent=4822"}],"wp:term":[{"taxonomy":"product_brand","embeddable":true,"href":"https:\/\/trendsbystylia.com\/pt\/wp-json\/wp\/v2\/product_brand?post=4822"},{"taxonomy":"product_cat","embeddable":true,"href":"https:\/\/trendsbystylia.com\/pt\/wp-json\/wp\/v2\/product_cat?post=4822"},{"taxonomy":"product_tag","embeddable":true,"href":"https:\/\/trendsbystylia.com\/pt\/wp-json\/wp\/v2\/product_tag?post=4822"}],"curies":[{"name":"wp","href":"https:\/\/api.w.org\/{rel}","templated":true}]}}