{"id":4790,"date":"2025-03-07T17:43:20","date_gmt":"2025-03-07T17:43:20","guid":{"rendered":"https:\/\/trendsbystylia.com\/produit\/nouveau-xiaomi-mi-band-4nfc-bracelet-de-sport-intelligent-ecran-couleur-vraie-50m-etanche-wechat-sommeil-temps-de-course\/"},"modified":"2026-04-27T13:48:36","modified_gmt":"2026-04-27T13:48:36","slug":"xiaomi-mi-band-4nfc-bracelet-de-sport-intelligent-ecran-couleur-vraie-50m-etanche-wechat-sommeil-temps-de-course","status":"publish","type":"product","link":"https:\/\/trendsbystylia.com\/pt\/produto\/xiaomi-mi-band-4nfc-bracelet-de-sport-intelligent-ecran-couleur-vraie-50m-etanche-wechat-sommeil-temps-de-course\/","title":{"rendered":"<p>Xiaomi Mi Band 4 NFC Montre de sport intelligent &Eacute;cran couleur 50m &Eacute;tanche<\/p>"},"content":{"rendered":"<p><strong>DESCRI\u00c7\u00c3O:<\/strong><p>textura do material: c\u00f3rtex.<\/p><p>Estilo: Para homens e mulheres.<\/p><p>Local de origem: Pequim.<\/p><p>cor: NFC grafite preta, edi\u00e7\u00e3o padr\u00e3o grafite preta, edi\u00e7\u00e3o padr\u00e3o<\/p><p>vinho tinto, edi\u00e7\u00e3o alaranjada t\u00e9rmica padr\u00e3o, edi\u00e7\u00e3o azul do espa\u00e7o profundo padr\u00e3o.<\/p><p><img decoding=\"async\" src=\"https:\/\/img.mysourcify.com\/2021\/07\/15\/ba352f2e67a20dc0dfa084c10bfb29a2.jpg?x-oss-process=image\/format,jpg\/quality,Q_81\"><img decoding=\"async\" src=\"https:\/\/img.mysourcify.com\/2021\/07\/15\/fd9806885530c76070d9c6ee265ec411.jpg?x-oss-process=image\/format,jpg\/quality,Q_81\"><img decoding=\"async\" src=\"https:\/\/img.mysourcify.com\/2021\/07\/15\/62238ac0d76c5f84b69c87794fe446d6.jpg?x-oss-process=image\/format,jpg\/quality,Q_81\"><img decoding=\"async\" src=\"https:\/\/img.mysourcify.com\/2021\/07\/15\/85ccd9badf595f2090a0123a44d30756.jpg?x-oss-process=image\/format,jpg\/quality,Q_81\"><img decoding=\"async\" src=\"https:\/\/img.mysourcify.com\/2021\/07\/15\/11754a8e262cc1fb51b6921e3246f91c.jpg?x-oss-process=image\/format,jpg\/quality,Q_81\"><\/p><\/p>","protected":false},"excerpt":{"rendered":"<p>Novo Xiaomi Mi Band 4NFC Pulseira Esportiva Inteligente Tela de Cor Verdadeira 50m Imperme\u00e1vel WeChat Dormir Tempo de Corrida<\/p>","protected":false},"featured_media":4784,"comment_status":"open","ping_status":"closed","template":"","meta":{"_seopress_robots_primary_cat":"","_seopress_titles_title":"","_seopress_titles_desc":"","_seopress_robots_index":"","_gspb_post_css":"","content-type":""},"product_brand":[],"product_cat":[1144,776],"product_tag":[],"class_list":{"0":"post-4790","1":"product","2":"type-product","3":"status-publish","4":"has-post-thumbnail","6":"product_cat-montres-connectees","7":"product_cat-smartwatches","8":"product_shipping_class-hors-ue-standard","10":"first","11":"instock","12":"taxable","13":"shipping-taxable","14":"purchasable","15":"product-type-variable"},"jetpack_sharing_enabled":true,"_links":{"self":[{"href":"https:\/\/trendsbystylia.com\/pt\/wp-json\/wp\/v2\/product\/4790","targetHints":{"allow":["GET"]}}],"collection":[{"href":"https:\/\/trendsbystylia.com\/pt\/wp-json\/wp\/v2\/product"}],"about":[{"href":"https:\/\/trendsbystylia.com\/pt\/wp-json\/wp\/v2\/types\/product"}],"replies":[{"embeddable":true,"href":"https:\/\/trendsbystylia.com\/pt\/wp-json\/wp\/v2\/comments?post=4790"}],"wp:featuredmedia":[{"embeddable":true,"href":"https:\/\/trendsbystylia.com\/pt\/wp-json\/wp\/v2\/media\/4784"}],"wp:attachment":[{"href":"https:\/\/trendsbystylia.com\/pt\/wp-json\/wp\/v2\/media?parent=4790"}],"wp:term":[{"taxonomy":"product_brand","embeddable":true,"href":"https:\/\/trendsbystylia.com\/pt\/wp-json\/wp\/v2\/product_brand?post=4790"},{"taxonomy":"product_cat","embeddable":true,"href":"https:\/\/trendsbystylia.com\/pt\/wp-json\/wp\/v2\/product_cat?post=4790"},{"taxonomy":"product_tag","embeddable":true,"href":"https:\/\/trendsbystylia.com\/pt\/wp-json\/wp\/v2\/product_tag?post=4790"}],"curies":[{"name":"wp","href":"https:\/\/api.w.org\/{rel}","templated":true}]}}