{"id":45699,"date":"2025-03-30T23:54:31","date_gmt":"2025-03-30T23:54:31","guid":{"rendered":"https:\/\/trendsbystylia.com\/?post_type=product&#038;p=45699"},"modified":"2025-03-31T21:40:17","modified_gmt":"2025-03-31T21:40:17","slug":"philips-ecran-lcd-v-line-271v8l-68-6-cm-27-1920-x-1080-full-hd","status":"publish","type":"product","link":"https:\/\/trendsbystylia.com\/pt\/produto\/philips-ecran-lcd-v-line-271v8l-68-6-cm-27-1920-x-1080-full-hd\/","title":{"rendered":"<p>Philips &Eacute;cran LCD V-line 271V8L &ndash; 68.6 cm (27) &ndash; 1920 x 1080 Full HD<\/p>"},"content":{"rendered":"<div id=\"HTML_SPEC\" class=\"ITSs\">\n<div class=\"ITSg\">representa\u00e7\u00e3o\/realiza\u00e7\u00e3o<\/div>\n<div class=\"ITSr0\">\n<div class=\"ITSn\">NVIDIA G-SYNC<\/div>\n<div class=\"ITSv\">N\u00e3o<\/div>\n<\/div>\n<div class=\"ITSr1\">\n<div class=\"ITSn\">AMD FreeSync<\/div>\n<div class=\"ITSv\">N\u00e3o<\/div>\n<\/div>\n<div class=\"ITSr0\">\n<div class=\"ITSn\">Composant synchronisation vid&eacute;o<\/div>\n<div class=\"ITSv\">Separate sync,Sync-on-green (SOG)<\/div>\n<\/div>\n<div class=\"ITSr1\">\n<div class=\"ITSn\">Technologie sans scintillement<\/div>\n<div class=\"ITSv\">Sim<\/div>\n<\/div>\n<div class=\"ITSr0\">\n<div class=\"ITSn\">Technologie Low-Blue-Light<\/div>\n<div class=\"ITSv\">Sim<\/div>\n<\/div>\n<div class=\"ITSg\">Ecr\u00e3<\/div>\n<div class=\"ITSr0\">\n<div class=\"ITSn\">Dimens\u00e3o do ecr\u00e3<\/div>\n<div class=\"ITSv\">68.6 cm<\/div>\n<\/div>\n<div class=\"ITSr1\">\n<div class=\"ITSn\">Resolu\u00e7\u00e3o do ecr\u00e3<\/div>\n<div class=\"ITSv\">1920 x 1080 p\u00edxeis<\/div>\n<\/div>\n<div class=\"ITSr0\">\n<div class=\"ITSn\">Formato da imagem<\/div>\n<div class=\"ITSv\">169<\/div>\n<\/div>\n<div class=\"ITSr1\">\n<div class=\"ITSn\">Tipo de painel<\/div>\n<div class=\"ITSv\">VA<\/div>\n<\/div>\n<div class=\"ITSr0\">\n<div class=\"ITSn\">Brilho do ecr\u00e3 (t\u00edpico)<\/div>\n<div class=\"ITSv\">250 cd\/m2<\/div>\n<\/div>\n<div class=\"ITSr1\">\n<div class=\"ITSn\">Tempo de resposta<\/div>\n<div class=\"ITSv\">4 ms<\/div>\n<\/div>\n<div class=\"ITSr0\">\n<div class=\"ITSn\">Tipo HD<\/div>\n<div class=\"ITSv\">Full HD<\/div>\n<\/div>\n<div class=\"ITSr1\">\n<div class=\"ITSn\">Tecnologia de visualiza\u00e7\u00e3o<\/div>\n<div class=\"ITSv\">LED<\/div>\n<\/div>\n<div class=\"ITSr0\">\n<div class=\"ITSn\">Tipo retro<\/div>\n<div class=\"ITSv\">W-LED<\/div>\n<\/div>\n<div class=\"ITSr1\">\n<div class=\"ITSn\">Superf\u00edcie de visualiza\u00e7\u00e3o<\/div>\n<div class=\"ITSv\">Tapete<\/div>\n<\/div>\n<div class=\"ITSr0\">\n<div class=\"ITSn\">Forma do ecr\u00e3<\/div>\n<div class=\"ITSv\">Plana<\/div>\n<\/div>\n<div class=\"ITSr1\">\n<div class=\"ITSn\">Rela\u00e7\u00e3o de contraste<\/div>\n<div class=\"ITSv\">30001<\/div>\n<\/div>\n<div class=\"ITSr0\">\n<div class=\"ITSn\">Taux de d&rsquo;actualisation maximal<\/div>\n<div class=\"ITSv\">75 Hz<\/div>\n<\/div>\n<div class=\"ITSr1\">\n<div class=\"ITSn\">\u00c2ngulo de vis\u00e3o horizontal<\/div>\n<div class=\"ITSv\">178 \u00b0<\/div>\n<\/div>\n<div class=\"ITSr0\">\n<div class=\"ITSn\">\u00c2ngulo de vis\u00e3o vertical<\/div>\n<div class=\"ITSv\">178 \u00b0<\/div>\n<\/div>\n<div class=\"ITSr1\">\n<div class=\"ITSn\">N\u00famero de cores exibidas<\/div>\n<div class=\"ITSv\">16,7 millions de couleurs<\/div>\n<\/div>\n<div class=\"ITSr0\">\n<div class=\"ITSn\">Pas de pixel<\/div>\n<div class=\"ITSv\">0.311 x 0.311 mm<\/div>\n<\/div>\n<div class=\"ITSr1\">\n<div class=\"ITSn\">Densidade em p\u00edxeis<\/div>\n<div class=\"ITSv\">82 pixels par pouce<\/div>\n<\/div>\n<div class=\"ITSr0\">\n<div class=\"ITSn\">Dom\u00ednio da digitaliza\u00e7\u00e3o horizontal<\/div>\n<div class=\"ITSv\">30 &ndash; 85 kHz<\/div>\n<\/div>\n<div class=\"ITSr1\">\n<div class=\"ITSn\">Frequ\u00eancia de varrimento vertical<\/div>\n<div class=\"ITSv\">48 &ndash; 75 Hz<\/div>\n<\/div>\n<div class=\"ITSr0\">\n<div class=\"ITSn\">Taille visualisable horizontale<\/div>\n<div class=\"ITSv\">59.8 cm<\/div>\n<\/div>\n<div class=\"ITSr1\">\n<div class=\"ITSn\">Taille visualisable verticale<\/div>\n<div class=\"ITSv\">33.6 cm<\/div>\n<\/div>\n<div class=\"ITSr0\">\n<div class=\"ITSn\">Frequ\u00eancia digital horizontal<\/div>\n<div class=\"ITSv\">30 &ndash; 85 kHz<\/div>\n<\/div>\n<div class=\"ITSr1\">\n<div class=\"ITSn\">sRGB<\/div>\n<div class=\"ITSv\">Sim<\/div>\n<\/div>\n<div class=\"ITSr0\">\n<div class=\"ITSn\">DDC\/CI<\/div>\n<div class=\"ITSv\">Sim<\/div>\n<\/div>\n<div class=\"ITSr1\">\n<div class=\"ITSn\">Duret&eacute; de la surface<\/div>\n<div class=\"ITSv\">3H<\/div>\n<\/div>\n<div class=\"ITSg\">Conectividade<\/div>\n<div class=\"ITSr0\">\n<div class=\"ITSn\">Concentrateur USB int&eacute;gr&eacute;<\/div>\n<div class=\"ITSv\">N\u00e3o<\/div>\n<\/div>\n<div class=\"ITSr1\">\n<div class=\"ITSn\">N\u00famero de portos VGA (D-Sub)<\/div>\n<div class=\"ITSv\">1<\/div>\n<\/div>\n<div class=\"ITSr0\">\n<div class=\"ITSn\">Porto DVI<\/div>\n<div class=\"ITSv\">N\u00e3o<\/div>\n<\/div>\n<div class=\"ITSr1\">\n<div class=\"ITSn\">HDMI<\/div>\n<div class=\"ITSv\">Sim<\/div>\n<\/div>\n<div class=\"ITSr0\">\n<div class=\"ITSn\">Quantidade de portas HDMI<\/div>\n<div class=\"ITSv\">1<\/div>\n<\/div>\n<div class=\"ITSr1\">\n<div class=\"ITSn\">Sortie audio<\/div>\n<div class=\"ITSv\">Sim<\/div>\n<\/div>\n<div class=\"ITSg\">Ergonomia<\/div>\n<div class=\"ITSr0\">\n<div class=\"ITSn\">Montagem VESA<\/div>\n<div class=\"ITSv\">Sim<\/div>\n<\/div>\n<div class=\"ITSr1\">\n<div class=\"ITSn\">Norma VESA<\/div>\n<div class=\"ITSv\">100 x 100 mm<\/div>\n<\/div>\n<div class=\"ITSr0\">\n<div class=\"ITSn\">Porta de cabo anti-roubo<\/div>\n<div class=\"ITSv\">Sim<\/div>\n<\/div>\n<div class=\"ITSr1\">\n<div class=\"ITSn\">Tipo de local de bloqueio do cabo<\/div>\n<div class=\"ITSv\">Kensington<\/div>\n<\/div>\n<div class=\"ITSr0\">\n<div class=\"ITSn\">R&eacute;glage de la hauteur<\/div>\n<div class=\"ITSv\">N\u00e3o<\/div>\n<\/div>\n<div class=\"ITSr1\">\n<div class=\"ITSn\">Plateau inclinable<\/div>\n<div class=\"ITSv\">Sim<\/div>\n<\/div>\n<div class=\"ITSr0\">\n<div class=\"ITSn\">\u00c2ngulo do calcanhar<\/div>\n<div class=\"ITSv\">-5 &ndash; 20 &deg;<\/div>\n<\/div>\n<div class=\"ITSr1\">\n<div class=\"ITSn\">Ecr\u00e3 no ecr\u00e3 (OSD)<\/div>\n<div class=\"ITSv\">Sim<\/div>\n<\/div>\n<div class=\"ITSr0\">\n<div class=\"ITSn\">Nombre de langues OSD<\/div>\n<div class=\"ITSv\">21<\/div>\n<\/div>\n<div class=\"ITSr1\">\n<div class=\"ITSn\">Plug and Play<\/div>\n<div class=\"ITSv\">Sim<\/div>\n<\/div>\n<div class=\"ITSr0\">\n<div class=\"ITSn\">Luzes de visualiza\u00e7\u00e3o<\/div>\n<div class=\"ITSv\">Operation, Stand-by<\/div>\n<\/div>\n<div class=\"ITSg\">multim\u00e9dia<\/div>\n<div class=\"ITSr0\">\n<div class=\"ITSn\">Altifalantes incorporados<\/div>\n<div class=\"ITSv\">N\u00e3o<\/div>\n<\/div>\n<div class=\"ITSr1\">\n<div class=\"ITSn\">C\u00e2mara incorporada<\/div>\n<div class=\"ITSv\">N\u00e3o<\/div>\n<\/div>\n<div class=\"ITSg\">Conce\u00e7\u00e3o<\/div>\n<div class=\"ITSr0\">\n<div class=\"ITSn\">posi\u00e7\u00e3o no mercado<\/div>\n<div class=\"ITSv\">Casa<\/div>\n<\/div>\n<div class=\"ITSr1\">\n<div class=\"ITSn\">Cor do produto<\/div>\n<div class=\"ITSv\">Preto<\/div>\n<\/div>\n<div class=\"ITSr0\">\n<div class=\"ITSn\">Sans m&eacute;taux lourds<\/div>\n<div class=\"ITSv\">Hg (mercury), Pb (lead)<\/div>\n<\/div>\n<div class=\"ITSr1\">\n<div class=\"ITSn\">Certifica\u00e7\u00e3o<\/div>\n<div class=\"ITSv\">UKRAINIAN, CB, TUV Ergo, TUV\/GS, CU-EAC, EAEU RoHS, CE Mark<\/div>\n<\/div>\n<div class=\"ITSg\">Informa\u00e7\u00f5es sobre a embalagem<\/div>\n<div class=\"ITSr0\">\n<div class=\"ITSn\">Stand inclus<\/div>\n<div class=\"ITSv\">Sim<\/div>\n<\/div>\n<div class=\"ITSr1\">\n<div class=\"ITSn\">Cabos inclu\u00eddos<\/div>\n<div class=\"ITSv\">HDMI, AC<\/div>\n<\/div>\n<div class=\"ITSr0\">\n<div class=\"ITSn\">Largura da embalagem<\/div>\n<div class=\"ITSv\">730 mm<\/div>\n<\/div>\n<div class=\"ITSr1\">\n<div class=\"ITSn\">Profundidade da embalagem<\/div>\n<div class=\"ITSv\">123 mm<\/div>\n<\/div>\n<div class=\"ITSr0\">\n<div class=\"ITSn\">Altura da embalagem<\/div>\n<div class=\"ITSv\">446 mm<\/div>\n<\/div>\n<div class=\"ITSr1\">\n<div class=\"ITSn\">Peso da embalagem<\/div>\n<div class=\"ITSv\">5.53 kg<\/div>\n<\/div>\n<div class=\"ITSr0\">\n<div class=\"ITSn\">Tipo de embalagem<\/div>\n<div class=\"ITSv\">Caixa<\/div>\n<\/div>\n<div class=\"ITSg\">Pot\u00eancia<\/div>\n<div class=\"ITSr0\">\n<div class=\"ITSn\">Classe d&rsquo;efficacit&eacute; &eacute;nerg&eacute;tique (SDR)<\/div>\n<div class=\"ITSv\">E<\/div>\n<\/div>\n<div class=\"ITSr1\">\n<div class=\"ITSn\">Consommation d&rsquo;&eacute;nergie (SDR) pour 1000 heures<\/div>\n<div class=\"ITSv\">22 kWh<\/div>\n<\/div>\n<div class=\"ITSr0\">\n<div class=\"ITSn\">Consumo t\u00edpico de energia<\/div>\n<div class=\"ITSv\">21.6 W<\/div>\n<\/div>\n<div class=\"ITSr1\">\n<div class=\"ITSn\">Consumo de energia (modo de vig\u00edlia)<\/div>\n<div class=\"ITSv\">0.3 W<\/div>\n<\/div>\n<div class=\"ITSr0\">\n<div class=\"ITSn\">Consommation &eacute;lectrique (arr&ecirc;t)<\/div>\n<div class=\"ITSv\">0.3 W<\/div>\n<\/div>\n<div class=\"ITSr1\">\n<div class=\"ITSn\">Tens\u00e3o de entrada CA<\/div>\n<div class=\"ITSv\">100 \u2013 240 V<\/div>\n<\/div>\n<div class=\"ITSr0\">\n<div class=\"ITSn\">Frequ\u00eancia de entrada CA<\/div>\n<div class=\"ITSv\">50\/60 Hz<\/div>\n<\/div>\n<div class=\"ITSr1\">\n<div class=\"ITSn\">Plage d?efficacit&eacute; &eacute;nerg&eacute;tique<\/div>\n<div class=\"ITSv\">A &agrave; G<\/div>\n<\/div>\n<div class=\"ITSg\">Condi\u00e7\u00f5es ambientais<\/div>\n<div class=\"ITSr0\">\n<div class=\"ITSn\">Temperatura de funcionamento<\/div>\n<div class=\"ITSv\">0 \u2013 40 \u00b0C<\/div>\n<\/div>\n<div class=\"ITSr1\">\n<div class=\"ITSn\">Temperatura fora de servi\u00e7o<\/div>\n<div class=\"ITSv\">-20 &ndash; 60 &deg;C<\/div>\n<\/div>\n<div class=\"ITSr0\">\n<div class=\"ITSn\">Umidade relativa de funcionamento (H-H)<\/div>\n<div class=\"ITSv\">20 \u2013 80 %<\/div>\n<\/div>\n<div class=\"ITSr1\">\n<div class=\"ITSn\">Altitude de opera\u00e7\u00e3o<\/div>\n<div class=\"ITSv\">0 &ndash; 3658 m<\/div>\n<\/div>\n<div class=\"ITSr0\">\n<div class=\"ITSn\">Altitude de non fonctionnement<\/div>\n<div class=\"ITSv\">0 &ndash; 12192 m<\/div>\n<\/div>\n<div class=\"ITSg\">Peso e dimens\u00f5es<\/div>\n<div class=\"ITSr0\">\n<div class=\"ITSn\">Largura do dispositivo (suporte inclu\u00eddo)<\/div>\n<div class=\"ITSv\">613 mm<\/div>\n<\/div>\n<div class=\"ITSr1\">\n<div class=\"ITSn\">Profundidade (suporte inclu\u00eddo)<\/div>\n<div class=\"ITSv\">231 mm<\/div>\n<\/div>\n<div class=\"ITSr0\">\n<div class=\"ITSn\">Altura (suporte inclu\u00eddo)<\/div>\n<div class=\"ITSv\">456 mm<\/div>\n<\/div>\n<div class=\"ITSr1\">\n<div class=\"ITSn\">Peso (com apoio)<\/div>\n<div class=\"ITSv\">3.94 kg<\/div>\n<\/div>\n<div class=\"ITSr0\">\n<div class=\"ITSn\">Largeur (sans support)<\/div>\n<div class=\"ITSv\">61.3 cm<\/div>\n<\/div>\n<div class=\"ITSr1\">\n<div class=\"ITSn\">Profondeur (sans support)<\/div>\n<div class=\"ITSv\">4.5 cm<\/div>\n<\/div>\n<div class=\"ITSr0\">\n<div class=\"ITSn\">Hauteur (sans support)<\/div>\n<div class=\"ITSv\">36.3 cm<\/div>\n<\/div>\n<div class=\"ITSr1\">\n<div class=\"ITSn\">Poids (sans support)<\/div>\n<div class=\"ITSv\">3.48 kg<\/div>\n<\/div>\n<div class=\"ITSg\">Sustentabilidade<\/div>\n<div class=\"ITSr0\">\n<div class=\"ITSn\">Certificados de sustentabilidade<\/div>\n<div class=\"ITSv\">RoHS<\/div>\n<\/div>\n<div class=\"ITSg\">Outras caracter\u00edsticas<\/div>\n<div class=\"ITSr0\">\n<div class=\"ITSn\">Manual do utilizador<\/div>\n<div class=\"ITSv\">Sim<\/div>\n<\/div>\n<div class=\"ITSr1\">\n<div class=\"ITSn\">Mode EasyRead<\/div>\n<div class=\"ITSv\">Sim<\/div>\n<\/div>\n<div class=\"ITSr0\">\n<div class=\"ITSn\">Tempo m\u00e9dio entre falhas<\/div>\n<div class=\"ITSv\">50000 h<\/div>\n<\/div>\n<\/div>","protected":false},"excerpt":{"rendered":"<p>Le moniteur Philips V-line de 27 pouces offre une exp&eacute;rience visuelle immersive gr&acirc;ce &agrave; sa technologie d&rsquo;&eacute;cran VA qui affiche des images impressionnantes avec un grand angle de vue et des niveaux de contraste statique extr&ecirc;mement &eacute;lev&eacute;s. Que vous utilisiez cet &eacute;cran pour des applications de bureau standard, pour naviguer sur le Web, regarder des films, jouer &agrave; des jeux ou travailler sur des applications graphiques exigeantes, sa gestion optimis&eacute;e des pixels assure des images ultra-nettes.<p>Les pr&eacute;r&eacute;glages SmartImage permettent une optimisation facile de la qualit&eacute; d&rsquo;image en s&eacute;lectionnant diff&eacute;rents modes selon l&rsquo;application que vous utilisez, tandis que la technologie SmartContrast ajuste automatiquement les couleurs pour des d&eacute;tails de noir incroyablement profonds.<\/p><p>Pour une exp&eacute;rience de jeu fluide, ce moniteur est &eacute;quip&eacute; de la technologie Adaptive Sync, &eacute;liminant les images saccad&eacute;es et les artefacts &agrave; pratiquement n&rsquo;importe quelle fr&eacute;quence d&rsquo;images.<\/p><p>Pour r&eacute;duire la fatigue oculaire, cet &eacute;cran est dot&eacute; de la technologie sans scintillement et du mode LowBlue, qui r&eacute;duit les effets n&eacute;fastes de la lumi&egrave;re bleue &agrave; courte longueur d&rsquo;onde.<\/p><p>L&rsquo;interface HDMI permet une connectivit&eacute; num&eacute;rique universelle, permettant de connecter facilement n&rsquo;importe quelle source audio-vid&eacute;o num&eacute;rique HDMI &agrave; l&rsquo;&eacute;cran.Avec des sp&eacute;cifications telles qu&rsquo;une luminosit&eacute; de 250 cd\/m&sup2;, un niveau de contraste de 3 0001 et un temps de r&eacute;ponse de 4 ms (gris &agrave; gris), cet &eacute;cran offre des performances exceptionnelles pour r&eacute;pondre &agrave; vos besoins en mati&egrave;re de divertissement et de productivit&eacute;, le tout dans un design &eacute;l&eacute;gant et moderne.<\/p><\/p>","protected":false},"featured_media":67750,"comment_status":"open","ping_status":"closed","template":"","meta":{"_seopress_robots_primary_cat":"","_seopress_titles_title":"","_seopress_titles_desc":"","_seopress_robots_index":"","_gspb_post_css":"","content-type":"","jetpack_post_was_ever_published":false,"jetpack_publicize_message":"","jetpack_publicize_feature_enabled":true,"jetpack_social_post_already_shared":true,"jetpack_social_options":{"image_generator_settings":{"template":"highway","default_image_id":0,"font":"","enabled":false},"version":2}},"product_brand":[819],"product_cat":[1132,736],"product_tag":[],"class_list":{"0":"post-45699","1":"product","2":"type-product","3":"status-publish","4":"has-post-thumbnail","6":"product_brand-philips","7":"product_cat-ecrans","8":"product_cat-informatique-ecrans-27-29","9":"product_shipping_class-makant-standard","10":"pa_origine-dexpedition-union-europeenne-allemagne-2","12":"first","13":"instock","14":"taxable","15":"shipping-taxable","16":"purchasable","17":"product-type-simple"},"jetpack_publicize_connections":[],"jetpack_sharing_enabled":true,"_links":{"self":[{"href":"https:\/\/trendsbystylia.com\/pt\/wp-json\/wp\/v2\/product\/45699","targetHints":{"allow":["GET"]}}],"collection":[{"href":"https:\/\/trendsbystylia.com\/pt\/wp-json\/wp\/v2\/product"}],"about":[{"href":"https:\/\/trendsbystylia.com\/pt\/wp-json\/wp\/v2\/types\/product"}],"replies":[{"embeddable":true,"href":"https:\/\/trendsbystylia.com\/pt\/wp-json\/wp\/v2\/comments?post=45699"}],"wp:featuredmedia":[{"embeddable":true,"href":"https:\/\/trendsbystylia.com\/pt\/wp-json\/wp\/v2\/media\/67750"}],"wp:attachment":[{"href":"https:\/\/trendsbystylia.com\/pt\/wp-json\/wp\/v2\/media?parent=45699"}],"wp:term":[{"taxonomy":"product_brand","embeddable":true,"href":"https:\/\/trendsbystylia.com\/pt\/wp-json\/wp\/v2\/product_brand?post=45699"},{"taxonomy":"product_cat","embeddable":true,"href":"https:\/\/trendsbystylia.com\/pt\/wp-json\/wp\/v2\/product_cat?post=45699"},{"taxonomy":"product_tag","embeddable":true,"href":"https:\/\/trendsbystylia.com\/pt\/wp-json\/wp\/v2\/product_tag?post=45699"}],"curies":[{"name":"wp","href":"https:\/\/api.w.org\/{rel}","templated":true}]}}