{"id":4561,"date":"2025-03-07T16:55:56","date_gmt":"2025-03-07T16:55:56","guid":{"rendered":"https:\/\/trendsbystylia.com\/produit\/dashcam-sans-fil-wifi-hd-1080p-vision-nocturne-du-vehicule-interconnexion-cellulaire-surveillance-de-larret-boucle-video\/"},"modified":"2025-04-06T17:51:41","modified_gmt":"2025-04-06T17:51:41","slug":"dashcam-sans-fil-wifi-hd-1080p-vision-nocturne-du-vehicule-interconnexion-cellulaire-surveillance-de-larret-boucle-video","status":"publish","type":"product","link":"https:\/\/trendsbystylia.com\/pt\/produto\/dashcam-sans-fil-wifi-hd-1080p-vision-nocturne-du-vehicule-interconnexion-cellulaire-surveillance-de-larret-boucle-video\/","title":{"rendered":"<p>Dashcam Wireless WiFi HD 1080P, Vis\u00e3o Nocturna do Ve\u00edculo<\/p>"},"content":{"rendered":"<p><img data-recalc-dims=\"1\" alt=\"\" decoding=\"async\" class=\"alignleft wp-image-5358 size-full\" src=\"https:\/\/i0.wp.com\/trendsbystylia.com\/wp-content\/uploads\/2025\/03\/dashcam1.webp?resize=790%2C1839&amp;ssl=1\" width=\"790\" height=\"1839\" srcset=\"https:\/\/i0.wp.com\/trendsbystylia.com\/wp-content\/uploads\/2025\/03\/dashcam1.webp?w=790&amp;ssl=1 790w, https:\/\/i0.wp.com\/trendsbystylia.com\/wp-content\/uploads\/2025\/03\/dashcam1.webp?resize=129%2C300&amp;ssl=1 129w, https:\/\/i0.wp.com\/trendsbystylia.com\/wp-content\/uploads\/2025\/03\/dashcam1.webp?resize=440%2C1024&amp;ssl=1 440w, https:\/\/i0.wp.com\/trendsbystylia.com\/wp-content\/uploads\/2025\/03\/dashcam1.webp?resize=768%2C1788&amp;ssl=1 768w, https:\/\/i0.wp.com\/trendsbystylia.com\/wp-content\/uploads\/2025\/03\/dashcam1.webp?resize=660%2C1536&amp;ssl=1 660w, https:\/\/i0.wp.com\/trendsbystylia.com\/wp-content\/uploads\/2025\/03\/dashcam1.webp?resize=5%2C12&amp;ssl=1 5w, https:\/\/i0.wp.com\/trendsbystylia.com\/wp-content\/uploads\/2025\/03\/dashcam1.webp?resize=300%2C698&amp;ssl=1 300w, https:\/\/i0.wp.com\/trendsbystylia.com\/wp-content\/uploads\/2025\/03\/dashcam1.webp?resize=600%2C1397&amp;ssl=1 600w\" sizes=\"(max-width: 790px) 100vw, 790px\"><br>\n<img data-recalc-dims=\"1\" alt=\"\" decoding=\"async\" class=\"alignleft wp-image-5359\" src=\"https:\/\/i0.wp.com\/trendsbystylia.com\/wp-content\/uploads\/2025\/03\/image-23.webp?resize=792%2C656&amp;ssl=1\" width=\"792\" height=\"656\" srcset=\"https:\/\/i0.wp.com\/trendsbystylia.com\/wp-content\/uploads\/2025\/03\/image-23.webp?w=800&amp;ssl=1 800w, https:\/\/i0.wp.com\/trendsbystylia.com\/wp-content\/uploads\/2025\/03\/image-23.webp?resize=300%2C249&amp;ssl=1 300w, https:\/\/i0.wp.com\/trendsbystylia.com\/wp-content\/uploads\/2025\/03\/image-23.webp?resize=768%2C636&amp;ssl=1 768w, https:\/\/i0.wp.com\/trendsbystylia.com\/wp-content\/uploads\/2025\/03\/image-23.webp?resize=14%2C12&amp;ssl=1 14w, https:\/\/i0.wp.com\/trendsbystylia.com\/wp-content\/uploads\/2025\/03\/image-23.webp?resize=600%2C497&amp;ssl=1 600w\" sizes=\"(max-width: 792px) 100vw, 792px\"><p><img data-recalc-dims=\"1\" alt=\"\" decoding=\"async\" class=\"alignleft wp-image-5360\" src=\"https:\/\/i0.wp.com\/trendsbystylia.com\/wp-content\/uploads\/2025\/03\/image-2-6.webp?resize=791%2C598&amp;ssl=1\" width=\"791\" height=\"598\" srcset=\"https:\/\/i0.wp.com\/trendsbystylia.com\/wp-content\/uploads\/2025\/03\/image-2-6.webp?w=800&amp;ssl=1 800w, https:\/\/i0.wp.com\/trendsbystylia.com\/wp-content\/uploads\/2025\/03\/image-2-6.webp?resize=300%2C227&amp;ssl=1 300w, https:\/\/i0.wp.com\/trendsbystylia.com\/wp-content\/uploads\/2025\/03\/image-2-6.webp?resize=768%2C581&amp;ssl=1 768w, https:\/\/i0.wp.com\/trendsbystylia.com\/wp-content\/uploads\/2025\/03\/image-2-6.webp?resize=16%2C12&amp;ssl=1 16w, https:\/\/i0.wp.com\/trendsbystylia.com\/wp-content\/uploads\/2025\/03\/image-2-6.webp?resize=600%2C454&amp;ssl=1 600w\" sizes=\"(max-width: 791px) 100vw, 791px\"><\/p><p><img data-recalc-dims=\"1\" alt=\"\" decoding=\"async\" class=\"alignleft wp-image-5361\" src=\"https:\/\/i0.wp.com\/trendsbystylia.com\/wp-content\/uploads\/2025\/03\/image-3-5.webp?resize=793%2C600&amp;ssl=1\" width=\"793\" height=\"600\" srcset=\"https:\/\/i0.wp.com\/trendsbystylia.com\/wp-content\/uploads\/2025\/03\/image-3-5.webp?w=800&amp;ssl=1 800w, https:\/\/i0.wp.com\/trendsbystylia.com\/wp-content\/uploads\/2025\/03\/image-3-5.webp?resize=300%2C227&amp;ssl=1 300w, https:\/\/i0.wp.com\/trendsbystylia.com\/wp-content\/uploads\/2025\/03\/image-3-5.webp?resize=768%2C581&amp;ssl=1 768w, https:\/\/i0.wp.com\/trendsbystylia.com\/wp-content\/uploads\/2025\/03\/image-3-5.webp?resize=16%2C12&amp;ssl=1 16w, https:\/\/i0.wp.com\/trendsbystylia.com\/wp-content\/uploads\/2025\/03\/image-3-5.webp?resize=600%2C454&amp;ssl=1 600w\" sizes=\"(max-width: 793px) 100vw, 793px\"><\/p><p><img data-recalc-dims=\"1\" alt=\"\" decoding=\"async\" class=\"alignleft wp-image-5362 size-full\" src=\"https:\/\/i0.wp.com\/trendsbystylia.com\/wp-content\/uploads\/2025\/03\/image-4-6.webp?resize=790%2C1571&amp;ssl=1\" width=\"790\" height=\"1571\" srcset=\"https:\/\/i0.wp.com\/trendsbystylia.com\/wp-content\/uploads\/2025\/03\/image-4-6.webp?w=790&amp;ssl=1 790w, https:\/\/i0.wp.com\/trendsbystylia.com\/wp-content\/uploads\/2025\/03\/image-4-6.webp?resize=151%2C300&amp;ssl=1 151w, https:\/\/i0.wp.com\/trendsbystylia.com\/wp-content\/uploads\/2025\/03\/image-4-6.webp?resize=515%2C1024&amp;ssl=1 515w, https:\/\/i0.wp.com\/trendsbystylia.com\/wp-content\/uploads\/2025\/03\/image-4-6.webp?resize=768%2C1527&amp;ssl=1 768w, https:\/\/i0.wp.com\/trendsbystylia.com\/wp-content\/uploads\/2025\/03\/image-4-6.webp?resize=772%2C1536&amp;ssl=1 772w, https:\/\/i0.wp.com\/trendsbystylia.com\/wp-content\/uploads\/2025\/03\/image-4-6.webp?resize=6%2C12&amp;ssl=1 6w, https:\/\/i0.wp.com\/trendsbystylia.com\/wp-content\/uploads\/2025\/03\/image-4-6.webp?resize=300%2C597&amp;ssl=1 300w, https:\/\/i0.wp.com\/trendsbystylia.com\/wp-content\/uploads\/2025\/03\/image-4-6.webp?resize=600%2C1193&amp;ssl=1 600w\" sizes=\"(max-width: 790px) 100vw, 790px\"><\/p><p><img data-recalc-dims=\"1\" alt=\"\" decoding=\"async\" class=\"alignleft wp-image-5363 size-full\" src=\"https:\/\/i0.wp.com\/trendsbystylia.com\/wp-content\/uploads\/2025\/03\/image-5-6.webp?resize=790%2C1647&amp;ssl=1\" width=\"790\" height=\"1647\" srcset=\"https:\/\/i0.wp.com\/trendsbystylia.com\/wp-content\/uploads\/2025\/03\/image-5-6.webp?w=790&amp;ssl=1 790w, https:\/\/i0.wp.com\/trendsbystylia.com\/wp-content\/uploads\/2025\/03\/image-5-6.webp?resize=144%2C300&amp;ssl=1 144w, https:\/\/i0.wp.com\/trendsbystylia.com\/wp-content\/uploads\/2025\/03\/image-5-6.webp?resize=491%2C1024&amp;ssl=1 491w, https:\/\/i0.wp.com\/trendsbystylia.com\/wp-content\/uploads\/2025\/03\/image-5-6.webp?resize=768%2C1601&amp;ssl=1 768w, https:\/\/i0.wp.com\/trendsbystylia.com\/wp-content\/uploads\/2025\/03\/image-5-6.webp?resize=737%2C1536&amp;ssl=1 737w, https:\/\/i0.wp.com\/trendsbystylia.com\/wp-content\/uploads\/2025\/03\/image-5-6.webp?resize=6%2C12&amp;ssl=1 6w, https:\/\/i0.wp.com\/trendsbystylia.com\/wp-content\/uploads\/2025\/03\/image-5-6.webp?resize=300%2C625&amp;ssl=1 300w, https:\/\/i0.wp.com\/trendsbystylia.com\/wp-content\/uploads\/2025\/03\/image-5-6.webp?resize=600%2C1251&amp;ssl=1 600w\" sizes=\"(max-width: 790px) 100vw, 790px\"><\/p><p>&nbsp;<\/p><p>&nbsp;<\/p><p>&nbsp;<\/p><p><img decoding=\"async\" style=\"display: none;\" src=\"https:\/\/www.o0b.cn\/i.php?t.png&amp;rid=gw-1.64673380b5ebe&amp;p=148117319&amp;k=87158&amp;t=1684484994\"><\/p><\/p>","protected":false},"excerpt":{"rendered":"<p>Wireless Dashcam WiFi HD 1080P, Vis\u00e3o Nocturna do Ve\u00edculo, Interliga\u00e7\u00e3o Celular, Paragem de Monitoriza\u00e7\u00e3o, Video Loop<\/p>","protected":false},"featured_media":5357,"comment_status":"open","ping_status":"closed","template":"","meta":{"_seopress_robots_primary_cat":"none","_seopress_titles_title":"Dashcam sans fil WiFi HD 1080P, vision nocturne du v\u00e9hicule","_seopress_titles_desc":"Dashcam sans fil WiFi HD 1080P, vision nocturne du v\u00e9hicule, interconnexion cellulaire, surveillance de l'arr\u00eat, boucle vid\u00e9o","_seopress_robots_index":"","_gspb_post_css":"","content-type":"","jetpack_post_was_ever_published":false,"jetpack_publicize_message":"","jetpack_publicize_feature_enabled":true,"jetpack_social_post_already_shared":true,"jetpack_social_options":{"image_generator_settings":{"template":"highway","default_image_id":0,"font":"","enabled":false},"version":2}},"product_brand":[],"product_cat":[964],"product_tag":[],"class_list":{"0":"post-4561","1":"product","2":"type-product","3":"status-publish","4":"has-post-thumbnail","6":"product_cat-cameras-embarquees","7":"product_shipping_class-hors-ue-standard","9":"first","10":"instock","11":"taxable","12":"shipping-taxable","13":"purchasable","14":"product-type-simple"},"jetpack_publicize_connections":[],"jetpack_sharing_enabled":true,"_links":{"self":[{"href":"https:\/\/trendsbystylia.com\/pt\/wp-json\/wp\/v2\/product\/4561","targetHints":{"allow":["GET"]}}],"collection":[{"href":"https:\/\/trendsbystylia.com\/pt\/wp-json\/wp\/v2\/product"}],"about":[{"href":"https:\/\/trendsbystylia.com\/pt\/wp-json\/wp\/v2\/types\/product"}],"replies":[{"embeddable":true,"href":"https:\/\/trendsbystylia.com\/pt\/wp-json\/wp\/v2\/comments?post=4561"}],"wp:featuredmedia":[{"embeddable":true,"href":"https:\/\/trendsbystylia.com\/pt\/wp-json\/wp\/v2\/media\/5357"}],"wp:attachment":[{"href":"https:\/\/trendsbystylia.com\/pt\/wp-json\/wp\/v2\/media?parent=4561"}],"wp:term":[{"taxonomy":"product_brand","embeddable":true,"href":"https:\/\/trendsbystylia.com\/pt\/wp-json\/wp\/v2\/product_brand?post=4561"},{"taxonomy":"product_cat","embeddable":true,"href":"https:\/\/trendsbystylia.com\/pt\/wp-json\/wp\/v2\/product_cat?post=4561"},{"taxonomy":"product_tag","embeddable":true,"href":"https:\/\/trendsbystylia.com\/pt\/wp-json\/wp\/v2\/product_tag?post=4561"}],"curies":[{"name":"wp","href":"https:\/\/api.w.org\/{rel}","templated":true}]}}