{"id":4490,"date":"2025-03-07T16:45:30","date_gmt":"2025-03-07T16:45:30","guid":{"rendered":"https:\/\/trendsbystylia.com\/produit\/cross-border-new-product-jjrc-h107-grid-mini-pocket-small-quadcopter-4k-real-time-image-transmission-remote-control-aircraft\/"},"modified":"2025-03-23T22:08:29","modified_gmt":"2025-03-23T22:08:29","slug":"cross-border-new-product-jjrc-h107-grid-mini-pocket-small-quadcopter-4k-real-time-image-transmission-remote-control-aircraft","status":"publish","type":"product","link":"https:\/\/trendsbystylia.com\/pt\/produto\/cross-border-new-product-jjrc-h107-grid-mini-pocket-small-quadcopter-4k-real-time-image-transmission-remote-control-aircraft\/","title":{"rendered":"<p>Mini quadcopter de bolso 4K JJRC H107, grelha, transmiss\u00e3o de imagens em tempo real, aeronaves telecomandadas<\/p>"},"content":{"rendered":"<p>Modelo: H107 quadr\u00edcula pequena de quatro eixos<p>Dimens\u00f5es do produto: 10,5 x 9 x 3,5 cm<\/p><p>Especifica\u00e7\u00f5es da casa: 19,5 x 13 x 5,7 cm<\/p><p>Peso do produto: 46,8 g<\/p><p>Peso do produto, incluindo a embalagem: 244 g<\/p><p>Embalagem: blister + caixa de cor<\/p><p>Bateria com inv\u00f3lucro de prote\u00e7\u00e3o (cabo de carga tamb\u00e9m protegido): 3,7 V 350 mAh (bateria \u00fanica)<\/p><p>Tempo de carregamento: 50 minutos<\/p><p>Autonomia: 6 minutos<\/p><p>Bateria de controlo remoto: 3 x pilhas AAA (n\u00e3o inclu\u00eddas)<\/p><p>\u00c2mbito do telecomando: cerca de 100 metros<\/p><p>Cor do produto: n\u00e9voa azul, branco cl\u00e1ssico<\/p><p>Fun\u00e7\u00f5es: 1. Bateria do m\u00f3dulo; 2. Luz avisadora de baixa pot\u00eancia; 3. subida e descida; para a frente e para tr\u00e1s; viragem \u00e0 esquerda, viragem \u00e0 direita; viragem \u00e0 esquerda e \u00e0 direita; 4. Comuta\u00e7\u00e3o r\u00e1pida e lenta; 5. Modo sem cabe\u00e7a; 6. Rota\u00e7\u00e3o de 360 graus; 7. Iniciar e aterrar com o toque de um bot\u00e3o.<\/p><p>Acess\u00f3rios: 1. 1 conjunto de p\u00e1s de palhetas do tempo 2. 1 cabo de carga USB 3. 1 p\u00e1 da turbina e\u00f3lica<\/p><p><img data-recalc-dims=\"1\" decoding=\"async\" src=\"https:\/\/i0.wp.com\/cbu01.alicdn.com\/img\/ibank\/O1CN01E8fF3b1Zny0sUUWge_%21%212209182873240-0-cib.jpg?w=1290&amp;ssl=1\" alt=\"indefinido\"><br>\n<img data-recalc-dims=\"1\" decoding=\"async\" src=\"https:\/\/i0.wp.com\/https\/\/cbu01.alicdn.com\/img\/ibank\/O1CN01UDKHIY1Zny0swTDVo_%21%212209182873240-0-cib.jpg?w=1290&amp;ssl=1\" alt=\"indefinido\"><br>\n<img data-recalc-dims=\"1\" decoding=\"async\" src=\"https:\/\/i0.wp.com\/cbu01.alicdn.com\/img\/ibank\/O1CN01872lhX1Zny0rOnTw9_%21%212209182873240-0-cib.jpg?w=1290&amp;ssl=1\" alt=\"indefinido\"><br>\n<img data-recalc-dims=\"1\" decoding=\"async\" src=\"https:\/\/i0.wp.com\/cbu01.alicdn.com\/img\/ibank\/O1CN012rQJeT1Zny0xHGOwE_%21%212209182873240-0-cib.jpg?w=1290&amp;ssl=1\" alt=\"indefinido\"><br>\n<img data-recalc-dims=\"1\" decoding=\"async\" src=\"https:\/\/i0.wp.com\/cbu01.alicdn.com\/img\/ibank\/O1CN01ffUJaI1Zny0vCjXiU_%21%212209182873240-0-cib.jpg?w=1290&amp;ssl=1\" alt=\"indefinido\"><br>\n<img data-recalc-dims=\"1\" decoding=\"async\" src=\"https:\/\/i0.wp.com\/cbu01.alicdn.com\/img\/ibank\/O1CN019EERxy1Zny0lwMTxS_%21%212209182873240-0-cib.jpg?w=1290&amp;ssl=1\" alt=\"indefinido\"><br>\n<img data-recalc-dims=\"1\" decoding=\"async\" src=\"https:\/\/i0.wp.com\/cbu01.alicdn.com\/img\/ibank\/O1CN01Tt9b8e1Zny0nVt8rb_%21%212209182873240-0-cib.jpg?w=1290&amp;ssl=1\" alt=\"indefinido\"><br>\n<img data-recalc-dims=\"1\" decoding=\"async\" src=\"https:\/\/i0.wp.com\/cbu01.alicdn.com\/img\/ibank\/O1CN01j38bRv1Zny0rOo5OZ_%21%212209182873240-0-cib.jpg?w=1290&amp;ssl=1\" alt=\"indefinido\"><br>\n<img data-recalc-dims=\"1\" decoding=\"async\" src=\"https:\/\/i0.wp.com\/cbu01.alicdn.com\/img\/ibank\/O1CN01sTfw281Zny0nVqasF_%21%212209182873240-0-cib.jpg?w=1290&amp;ssl=1\" alt=\"indefinido\"><br>\n<img data-recalc-dims=\"1\" decoding=\"async\" src=\"https:\/\/i0.wp.com\/cbu01.alicdn.com\/img\/ibank\/O1CN01O3kubh1Zny0xHIY1s_%21%212209182873240-0-cib.jpg?w=1290&amp;ssl=1\" alt=\"indefinido\"><br>\n<img data-recalc-dims=\"1\" decoding=\"async\" src=\"https:\/\/i0.wp.com\/cbu01.alicdn.com\/img\/ibank\/O1CN01yweyiB1Zny0oEXIWI_%21%212209182873240-0-cib.jpg?w=1290&amp;ssl=1\" alt=\"indefinido\"><br>\n<img data-recalc-dims=\"1\" decoding=\"async\" src=\"https:\/\/i0.wp.com\/cbu01.alicdn.com\/img\/ibank\/O1CN01njgjJN1Zny0zGO3dW_%21%212209182873240-0-cib.jpg?w=1290&amp;ssl=1\" alt=\"indefinido\"><br>\n<img data-recalc-dims=\"1\" decoding=\"async\" src=\"https:\/\/i0.wp.com\/cbu01.alicdn.com\/img\/ibank\/O1CN01EgjK2L1Zny0y2oPFv_%21%212209182873240-0-cib.jpg?w=1290&amp;ssl=1\" alt=\"indefinido\"><br>\n<img data-recalc-dims=\"1\" decoding=\"async\" src=\"https:\/\/i0.wp.com\/cbu01.alicdn.com\/img\/ibank\/O1CN01dCbDus1Zny0qhkgbn_%21%212209182873240-0-cib.jpg?w=1290&amp;ssl=1\" alt=\"indefinido\"><br>\n<img data-recalc-dims=\"1\" decoding=\"async\" src=\"https:\/\/i0.wp.com\/cbu01.alicdn.com\/img\/ibank\/O1CN014nIw5r1Zny0swYFXp_%21%212209182873240-0-cib.jpg?w=1290&amp;ssl=1\" alt=\"indefinido\"><br>\n<img data-recalc-dims=\"1\" decoding=\"async\" src=\"https:\/\/i0.wp.com\/cbu01.alicdn.com\/img\/ibank\/O1CN01OLUhix1Zny0swWREj_%21%212209182873240-0-cib.jpg?w=1290&amp;ssl=1\" alt=\"indefinido\"><br>\n<img data-recalc-dims=\"1\" decoding=\"async\" src=\"https:\/\/i0.wp.com\/cbu01.alicdn.com\/img\/ibank\/O1CN01GiRDrx1Zny0sUUvlp_%21%212209182873240-0-cib.jpg?w=1290&amp;ssl=1\" alt=\"indefinido\"><br>\n<img data-recalc-dims=\"1\" decoding=\"async\" src=\"https:\/\/i0.wp.com\/cbu01.alicdn.com\/img\/ibank\/O1CN01HTB2yy1Zny0qhkt70_%21%212209182873240-0-cib.jpg?w=1290&amp;ssl=1\" alt=\"indefinido\"><br>\n<img data-recalc-dims=\"1\" decoding=\"async\" src=\"https:\/\/i0.wp.com\/cbu01.alicdn.com\/img\/ibank\/O1CN01rTYX0a1Zny0sUZ1T9_%21%212209182873240-0-cib.jpg?w=1290&amp;ssl=1\" alt=\"indefinido\"><\/p><\/p>","protected":false},"excerpt":{"rendered":"<p>Mini quadcopter de bolso 4K JJRC H107, grelha, transmiss\u00e3o de imagens em tempo real, aeronaves telecomandadas<\/p>","protected":false},"featured_media":5396,"comment_status":"open","ping_status":"closed","template":"","meta":{"_seopress_robots_primary_cat":"none","_seopress_titles_title":"Mini quadricopt\u00e8re de poche 4K JJRC H107, quadrillage, transmission d'images en temps r\u00e9el, avion t\u00e9l\u00e9command\u00e9","_seopress_titles_desc":"Mini quadricopt\u00e8re de poche 4K JJRC H107, quadrillage, transmission d'images en temps r\u00e9el, avion t\u00e9l\u00e9command\u00e9","_seopress_robots_index":"","_seopress_analysis_target_kw":"","_gspb_post_css":"","content-type":""},"product_brand":[],"product_cat":[42,45],"product_tag":[],"class_list":{"0":"post-4490","1":"product","2":"type-product","3":"status-publish","4":"has-post-thumbnail","6":"product_cat-high-tech","7":"product_cat-jouets","8":"product_shipping_class-hors-ue-standard","10":"first","11":"instock","12":"taxable","13":"shipping-taxable","14":"purchasable","15":"product-type-variable"},"jetpack_sharing_enabled":true,"_links":{"self":[{"href":"https:\/\/trendsbystylia.com\/pt\/wp-json\/wp\/v2\/product\/4490","targetHints":{"allow":["GET"]}}],"collection":[{"href":"https:\/\/trendsbystylia.com\/pt\/wp-json\/wp\/v2\/product"}],"about":[{"href":"https:\/\/trendsbystylia.com\/pt\/wp-json\/wp\/v2\/types\/product"}],"replies":[{"embeddable":true,"href":"https:\/\/trendsbystylia.com\/pt\/wp-json\/wp\/v2\/comments?post=4490"}],"wp:featuredmedia":[{"embeddable":true,"href":"https:\/\/trendsbystylia.com\/pt\/wp-json\/wp\/v2\/media\/5396"}],"wp:attachment":[{"href":"https:\/\/trendsbystylia.com\/pt\/wp-json\/wp\/v2\/media?parent=4490"}],"wp:term":[{"taxonomy":"product_brand","embeddable":true,"href":"https:\/\/trendsbystylia.com\/pt\/wp-json\/wp\/v2\/product_brand?post=4490"},{"taxonomy":"product_cat","embeddable":true,"href":"https:\/\/trendsbystylia.com\/pt\/wp-json\/wp\/v2\/product_cat?post=4490"},{"taxonomy":"product_tag","embeddable":true,"href":"https:\/\/trendsbystylia.com\/pt\/wp-json\/wp\/v2\/product_tag?post=4490"}],"curies":[{"name":"wp","href":"https:\/\/api.w.org\/{rel}","templated":true}]}}