{"id":4468,"date":"2025-03-07T16:43:50","date_gmt":"2025-03-07T16:43:50","guid":{"rendered":"https:\/\/trendsbystylia.com\/produit\/robot-de-balayage-intelligent-balayage-aspiration-et-nettoyage-entierement-automatiques-recharge-automatique-controle-vocal-par-application-expedition-transfrontaliere\/"},"modified":"2025-04-05T01:20:47","modified_gmt":"2025-04-05T01:20:47","slug":"robot-de-balayage-intelligent-balayage-aspiration-et-nettoyage-entierement-automatiques-recharge-automatique-controle-vocal-par-application-expedition-transfrontaliere","status":"publish","type":"product","link":"https:\/\/trendsbystylia.com\/pt\/produto\/robot-de-balayage-intelligent-balayage-aspiration-et-nettoyage-entierement-automatiques-recharge-automatique-controle-vocal-par-application-expedition-transfrontaliere\/","title":{"rendered":"<p>Rob\u00f4 a v\u00e1cuo inteligente autom\u00e1tico com controlo por voz<\/p>"},"content":{"rendered":"<h3 id=\"offer-template-0\"><strong>Rob\u00f4 de varredura inteligente, varredura totalmente autom\u00e1tica, suc\u00e7\u00e3o e limpeza, carregamento autom\u00e1tico, controlo por voz por aplica\u00e7\u00e3o, transporte transfronteiri\u00e7o.<\/strong><p>&nbsp;<\/p><p><img data-recalc-dims=\"1\" alt=\"\" decoding=\"async\" class=\"wp-image-5399 alignleft\" src=\"https:\/\/i0.wp.com\/trendsbystylia.com\/wp-content\/uploads\/2025\/03\/image-34.webp?resize=813%2C1390&amp;ssl=1\" width=\"813\" height=\"1390\" srcset=\"https:\/\/i0.wp.com\/trendsbystylia.com\/wp-content\/uploads\/2025\/03\/image-34.webp?w=790&amp;ssl=1 790w, https:\/\/i0.wp.com\/trendsbystylia.com\/wp-content\/uploads\/2025\/03\/image-34.webp?resize=176%2C300&amp;ssl=1 176w, https:\/\/i0.wp.com\/trendsbystylia.com\/wp-content\/uploads\/2025\/03\/image-34.webp?resize=599%2C1024&amp;ssl=1 599w, https:\/\/i0.wp.com\/trendsbystylia.com\/wp-content\/uploads\/2025\/03\/image-34.webp?resize=768%2C1312&amp;ssl=1 768w, https:\/\/i0.wp.com\/trendsbystylia.com\/wp-content\/uploads\/2025\/03\/image-34.webp?resize=7%2C12&amp;ssl=1 7w, https:\/\/i0.wp.com\/trendsbystylia.com\/wp-content\/uploads\/2025\/03\/image-34.webp?resize=300%2C513&amp;ssl=1 300w, https:\/\/i0.wp.com\/trendsbystylia.com\/wp-content\/uploads\/2025\/03\/image-34.webp?resize=600%2C1025&amp;ssl=1 600w\" sizes=\"(max-width: 813px) 100vw, 813px\"><\/p><p><img data-recalc-dims=\"1\" alt=\"\" decoding=\"async\" class=\"alignleft wp-image-5400\" src=\"https:\/\/i0.wp.com\/trendsbystylia.com\/wp-content\/uploads\/2025\/03\/image-35.webp?resize=810%2C1336&amp;ssl=1\" width=\"810\" height=\"1336\" srcset=\"https:\/\/i0.wp.com\/trendsbystylia.com\/wp-content\/uploads\/2025\/03\/image-35.webp?w=790&amp;ssl=1 790w, https:\/\/i0.wp.com\/trendsbystylia.com\/wp-content\/uploads\/2025\/03\/image-35.webp?resize=182%2C300&amp;ssl=1 182w, https:\/\/i0.wp.com\/trendsbystylia.com\/wp-content\/uploads\/2025\/03\/image-35.webp?resize=621%2C1024&amp;ssl=1 621w, https:\/\/i0.wp.com\/trendsbystylia.com\/wp-content\/uploads\/2025\/03\/image-35.webp?resize=768%2C1267&amp;ssl=1 768w, https:\/\/i0.wp.com\/trendsbystylia.com\/wp-content\/uploads\/2025\/03\/image-35.webp?resize=7%2C12&amp;ssl=1 7w, https:\/\/i0.wp.com\/trendsbystylia.com\/wp-content\/uploads\/2025\/03\/image-35.webp?resize=300%2C495&amp;ssl=1 300w, https:\/\/i0.wp.com\/trendsbystylia.com\/wp-content\/uploads\/2025\/03\/image-35.webp?resize=600%2C990&amp;ssl=1 600w\" sizes=\"(max-width: 810px) 100vw, 810px\"><\/p><p><img data-recalc-dims=\"1\" alt=\"\" decoding=\"async\" class=\"alignleft wp-image-5401\" src=\"https:\/\/i0.wp.com\/trendsbystylia.com\/wp-content\/uploads\/2025\/03\/image-36.webp?resize=808%2C2075&amp;ssl=1\" width=\"808\" height=\"2075\" srcset=\"https:\/\/i0.wp.com\/trendsbystylia.com\/wp-content\/uploads\/2025\/03\/image-36.webp?w=790&amp;ssl=1 790w, https:\/\/i0.wp.com\/trendsbystylia.com\/wp-content\/uploads\/2025\/03\/image-36.webp?resize=117%2C300&amp;ssl=1 117w, https:\/\/i0.wp.com\/trendsbystylia.com\/wp-content\/uploads\/2025\/03\/image-36.webp?resize=399%2C1024&amp;ssl=1 399w, https:\/\/i0.wp.com\/trendsbystylia.com\/wp-content\/uploads\/2025\/03\/image-36.webp?resize=768%2C1972&amp;ssl=1 768w, https:\/\/i0.wp.com\/trendsbystylia.com\/wp-content\/uploads\/2025\/03\/image-36.webp?resize=598%2C1536&amp;ssl=1 598w, https:\/\/i0.wp.com\/trendsbystylia.com\/wp-content\/uploads\/2025\/03\/image-36.webp?resize=5%2C12&amp;ssl=1 5w, https:\/\/i0.wp.com\/trendsbystylia.com\/wp-content\/uploads\/2025\/03\/image-36.webp?resize=300%2C771&amp;ssl=1 300w, https:\/\/i0.wp.com\/trendsbystylia.com\/wp-content\/uploads\/2025\/03\/image-36.webp?resize=600%2C1541&amp;ssl=1 600w\" sizes=\"(max-width: 808px) 100vw, 808px\"><img data-recalc-dims=\"1\" alt=\"\" decoding=\"async\" class=\"alignnone wp-image-5402\" src=\"https:\/\/i0.wp.com\/trendsbystylia.com\/wp-content\/uploads\/2025\/03\/image-37.webp?resize=808%2C1431&amp;ssl=1\" width=\"808\" height=\"1431\" srcset=\"https:\/\/i0.wp.com\/trendsbystylia.com\/wp-content\/uploads\/2025\/03\/image-37.webp?w=790&amp;ssl=1 790w, https:\/\/i0.wp.com\/trendsbystylia.com\/wp-content\/uploads\/2025\/03\/image-37.webp?resize=169%2C300&amp;ssl=1 169w, https:\/\/i0.wp.com\/trendsbystylia.com\/wp-content\/uploads\/2025\/03\/image-37.webp?resize=578%2C1024&amp;ssl=1 578w, https:\/\/i0.wp.com\/trendsbystylia.com\/wp-content\/uploads\/2025\/03\/image-37.webp?resize=768%2C1360&amp;ssl=1 768w, https:\/\/i0.wp.com\/trendsbystylia.com\/wp-content\/uploads\/2025\/03\/image-37.webp?resize=7%2C12&amp;ssl=1 7w, https:\/\/i0.wp.com\/trendsbystylia.com\/wp-content\/uploads\/2025\/03\/image-37.webp?resize=300%2C531&amp;ssl=1 300w, https:\/\/i0.wp.com\/trendsbystylia.com\/wp-content\/uploads\/2025\/03\/image-37.webp?resize=600%2C1063&amp;ssl=1 600w\" sizes=\"(max-width: 808px) 100vw, 808px\"><\/p><p><img data-recalc-dims=\"1\" alt=\"\" decoding=\"async\" class=\"alignnone wp-image-5403\" src=\"https:\/\/i0.wp.com\/trendsbystylia.com\/wp-content\/uploads\/2025\/03\/image-38.webp?resize=808%2C1498&amp;ssl=1\" width=\"808\" height=\"1498\" srcset=\"https:\/\/i0.wp.com\/trendsbystylia.com\/wp-content\/uploads\/2025\/03\/image-38.webp?w=790&amp;ssl=1 790w, https:\/\/i0.wp.com\/trendsbystylia.com\/wp-content\/uploads\/2025\/03\/image-38.webp?resize=162%2C300&amp;ssl=1 162w, https:\/\/i0.wp.com\/trendsbystylia.com\/wp-content\/uploads\/2025\/03\/image-38.webp?resize=553%2C1024&amp;ssl=1 553w, https:\/\/i0.wp.com\/trendsbystylia.com\/wp-content\/uploads\/2025\/03\/image-38.webp?resize=768%2C1423&amp;ssl=1 768w, https:\/\/i0.wp.com\/trendsbystylia.com\/wp-content\/uploads\/2025\/03\/image-38.webp?resize=6%2C12&amp;ssl=1 6w, https:\/\/i0.wp.com\/trendsbystylia.com\/wp-content\/uploads\/2025\/03\/image-38.webp?resize=300%2C556&amp;ssl=1 300w, https:\/\/i0.wp.com\/trendsbystylia.com\/wp-content\/uploads\/2025\/03\/image-38.webp?resize=600%2C1112&amp;ssl=1 600w\" sizes=\"(max-width: 808px) 100vw, 808px\"><\/p><p><img data-recalc-dims=\"1\" alt=\"\" decoding=\"async\" class=\"alignnone wp-image-5404\" src=\"https:\/\/i0.wp.com\/trendsbystylia.com\/wp-content\/uploads\/2025\/03\/image-39.webp?resize=809%2C1488&amp;ssl=1\" width=\"809\" height=\"1488\" srcset=\"https:\/\/i0.wp.com\/trendsbystylia.com\/wp-content\/uploads\/2025\/03\/image-39.webp?w=790&amp;ssl=1 790w, https:\/\/i0.wp.com\/trendsbystylia.com\/wp-content\/uploads\/2025\/03\/image-39.webp?resize=163%2C300&amp;ssl=1 163w, https:\/\/i0.wp.com\/trendsbystylia.com\/wp-content\/uploads\/2025\/03\/image-39.webp?resize=557%2C1024&amp;ssl=1 557w, https:\/\/i0.wp.com\/trendsbystylia.com\/wp-content\/uploads\/2025\/03\/image-39.webp?resize=768%2C1413&amp;ssl=1 768w, https:\/\/i0.wp.com\/trendsbystylia.com\/wp-content\/uploads\/2025\/03\/image-39.webp?resize=7%2C12&amp;ssl=1 7w, https:\/\/i0.wp.com\/trendsbystylia.com\/wp-content\/uploads\/2025\/03\/image-39.webp?resize=300%2C552&amp;ssl=1 300w, https:\/\/i0.wp.com\/trendsbystylia.com\/wp-content\/uploads\/2025\/03\/image-39.webp?resize=600%2C1104&amp;ssl=1 600w\" sizes=\"(max-width: 809px) 100vw, 809px\"><\/p><p><img data-recalc-dims=\"1\" alt=\"\" decoding=\"async\" class=\"alignnone wp-image-5405\" src=\"https:\/\/i0.wp.com\/trendsbystylia.com\/wp-content\/uploads\/2025\/03\/image-40.webp?resize=809%2C1344&amp;ssl=1\" width=\"809\" height=\"1344\" srcset=\"https:\/\/i0.wp.com\/trendsbystylia.com\/wp-content\/uploads\/2025\/03\/image-40.webp?w=790&amp;ssl=1 790w, https:\/\/i0.wp.com\/trendsbystylia.com\/wp-content\/uploads\/2025\/03\/image-40.webp?resize=181%2C300&amp;ssl=1 181w, https:\/\/i0.wp.com\/trendsbystylia.com\/wp-content\/uploads\/2025\/03\/image-40.webp?resize=617%2C1024&amp;ssl=1 617w, https:\/\/i0.wp.com\/trendsbystylia.com\/wp-content\/uploads\/2025\/03\/image-40.webp?resize=768%2C1275&amp;ssl=1 768w, https:\/\/i0.wp.com\/trendsbystylia.com\/wp-content\/uploads\/2025\/03\/image-40.webp?resize=7%2C12&amp;ssl=1 7w, https:\/\/i0.wp.com\/trendsbystylia.com\/wp-content\/uploads\/2025\/03\/image-40.webp?resize=300%2C498&amp;ssl=1 300w, https:\/\/i0.wp.com\/trendsbystylia.com\/wp-content\/uploads\/2025\/03\/image-40.webp?resize=600%2C996&amp;ssl=1 600w\" sizes=\"(max-width: 809px) 100vw, 809px\"><\/p><p><img data-recalc-dims=\"1\" alt=\"\" decoding=\"async\" class=\"alignnone wp-image-5406\" src=\"https:\/\/i0.wp.com\/trendsbystylia.com\/wp-content\/uploads\/2025\/03\/image-41.webp?resize=811%2C1218&amp;ssl=1\" width=\"811\" height=\"1218\" srcset=\"https:\/\/i0.wp.com\/trendsbystylia.com\/wp-content\/uploads\/2025\/03\/image-41.webp?w=790&amp;ssl=1 790w, https:\/\/i0.wp.com\/trendsbystylia.com\/wp-content\/uploads\/2025\/03\/image-41.webp?resize=200%2C300&amp;ssl=1 200w, https:\/\/i0.wp.com\/trendsbystylia.com\/wp-content\/uploads\/2025\/03\/image-41.webp?resize=682%2C1024&amp;ssl=1 682w, https:\/\/i0.wp.com\/trendsbystylia.com\/wp-content\/uploads\/2025\/03\/image-41.webp?resize=768%2C1153&amp;ssl=1 768w, https:\/\/i0.wp.com\/trendsbystylia.com\/wp-content\/uploads\/2025\/03\/image-41.webp?resize=8%2C12&amp;ssl=1 8w, https:\/\/i0.wp.com\/trendsbystylia.com\/wp-content\/uploads\/2025\/03\/image-41.webp?resize=300%2C450&amp;ssl=1 300w, https:\/\/i0.wp.com\/trendsbystylia.com\/wp-content\/uploads\/2025\/03\/image-41.webp?resize=600%2C901&amp;ssl=1 600w\" sizes=\"(max-width: 811px) 100vw, 811px\"><\/p><p><img data-recalc-dims=\"1\" alt=\"\" decoding=\"async\" class=\"alignnone wp-image-5407\" src=\"https:\/\/i0.wp.com\/trendsbystylia.com\/wp-content\/uploads\/2025\/03\/image-42.webp?resize=813%2C1581&amp;ssl=1\" width=\"813\" height=\"1581\" srcset=\"https:\/\/i0.wp.com\/trendsbystylia.com\/wp-content\/uploads\/2025\/03\/image-42.webp?w=790&amp;ssl=1 790w, https:\/\/i0.wp.com\/trendsbystylia.com\/wp-content\/uploads\/2025\/03\/image-42.webp?resize=154%2C300&amp;ssl=1 154w, https:\/\/i0.wp.com\/trendsbystylia.com\/wp-content\/uploads\/2025\/03\/image-42.webp?resize=527%2C1024&amp;ssl=1 527w, https:\/\/i0.wp.com\/trendsbystylia.com\/wp-content\/uploads\/2025\/03\/image-42.webp?resize=768%2C1493&amp;ssl=1 768w, https:\/\/i0.wp.com\/trendsbystylia.com\/wp-content\/uploads\/2025\/03\/image-42.webp?resize=6%2C12&amp;ssl=1 6w, https:\/\/i0.wp.com\/trendsbystylia.com\/wp-content\/uploads\/2025\/03\/image-42.webp?resize=300%2C583&amp;ssl=1 300w, https:\/\/i0.wp.com\/trendsbystylia.com\/wp-content\/uploads\/2025\/03\/image-42.webp?resize=600%2C1167&amp;ssl=1 600w\" sizes=\"(max-width: 813px) 100vw, 813px\"><\/p><p><img data-recalc-dims=\"1\" alt=\"\" decoding=\"async\" class=\"alignnone wp-image-5408\" src=\"https:\/\/i0.wp.com\/trendsbystylia.com\/wp-content\/uploads\/2025\/03\/image-43.webp?resize=813%2C1427&amp;ssl=1\" width=\"813\" height=\"1427\" srcset=\"https:\/\/i0.wp.com\/trendsbystylia.com\/wp-content\/uploads\/2025\/03\/image-43.webp?w=790&amp;ssl=1 790w, https:\/\/i0.wp.com\/trendsbystylia.com\/wp-content\/uploads\/2025\/03\/image-43.webp?resize=171%2C300&amp;ssl=1 171w, https:\/\/i0.wp.com\/trendsbystylia.com\/wp-content\/uploads\/2025\/03\/image-43.webp?resize=584%2C1024&amp;ssl=1 584w, https:\/\/i0.wp.com\/trendsbystylia.com\/wp-content\/uploads\/2025\/03\/image-43.webp?resize=768%2C1347&amp;ssl=1 768w, https:\/\/i0.wp.com\/trendsbystylia.com\/wp-content\/uploads\/2025\/03\/image-43.webp?resize=7%2C12&amp;ssl=1 7w, https:\/\/i0.wp.com\/trendsbystylia.com\/wp-content\/uploads\/2025\/03\/image-43.webp?resize=300%2C526&amp;ssl=1 300w, https:\/\/i0.wp.com\/trendsbystylia.com\/wp-content\/uploads\/2025\/03\/image-43.webp?resize=600%2C1053&amp;ssl=1 600w\" sizes=\"(max-width: 813px) 100vw, 813px\"><\/p><p><img data-recalc-dims=\"1\" alt=\"\" decoding=\"async\" class=\"alignleft wp-image-5420\" src=\"https:\/\/i0.wp.com\/trendsbystylia.com\/wp-content\/uploads\/2025\/03\/image-2-7.webp?resize=813%2C1559&amp;ssl=1\" width=\"813\" height=\"1559\" srcset=\"https:\/\/i0.wp.com\/trendsbystylia.com\/wp-content\/uploads\/2025\/03\/image-2-7.webp?w=790&amp;ssl=1 790w, https:\/\/i0.wp.com\/trendsbystylia.com\/wp-content\/uploads\/2025\/03\/image-2-7.webp?resize=156%2C300&amp;ssl=1 156w, https:\/\/i0.wp.com\/trendsbystylia.com\/wp-content\/uploads\/2025\/03\/image-2-7.webp?resize=534%2C1024&amp;ssl=1 534w, https:\/\/i0.wp.com\/trendsbystylia.com\/wp-content\/uploads\/2025\/03\/image-2-7.webp?resize=768%2C1473&amp;ssl=1 768w, https:\/\/i0.wp.com\/trendsbystylia.com\/wp-content\/uploads\/2025\/03\/image-2-7.webp?resize=6%2C12&amp;ssl=1 6w, https:\/\/i0.wp.com\/trendsbystylia.com\/wp-content\/uploads\/2025\/03\/image-2-7.webp?resize=300%2C575&amp;ssl=1 300w, https:\/\/i0.wp.com\/trendsbystylia.com\/wp-content\/uploads\/2025\/03\/image-2-7.webp?resize=600%2C1151&amp;ssl=1 600w\" sizes=\"(max-width: 813px) 100vw, 813px\"><\/p><p><img data-recalc-dims=\"1\" alt=\"\" decoding=\"async\" class=\"alignleft wp-image-5419\" src=\"https:\/\/i0.wp.com\/trendsbystylia.com\/wp-content\/uploads\/2025\/03\/image-33.webp?resize=814%2C1404&amp;ssl=1\" width=\"814\" height=\"1404\" srcset=\"https:\/\/i0.wp.com\/trendsbystylia.com\/wp-content\/uploads\/2025\/03\/image-33.webp?w=790&amp;ssl=1 790w, https:\/\/i0.wp.com\/trendsbystylia.com\/wp-content\/uploads\/2025\/03\/image-33.webp?resize=174%2C300&amp;ssl=1 174w, https:\/\/i0.wp.com\/trendsbystylia.com\/wp-content\/uploads\/2025\/03\/image-33.webp?resize=594%2C1024&amp;ssl=1 594w, https:\/\/i0.wp.com\/trendsbystylia.com\/wp-content\/uploads\/2025\/03\/image-33.webp?resize=768%2C1324&amp;ssl=1 768w, https:\/\/i0.wp.com\/trendsbystylia.com\/wp-content\/uploads\/2025\/03\/image-33.webp?resize=7%2C12&amp;ssl=1 7w, https:\/\/i0.wp.com\/trendsbystylia.com\/wp-content\/uploads\/2025\/03\/image-33.webp?resize=300%2C517&amp;ssl=1 300w, https:\/\/i0.wp.com\/trendsbystylia.com\/wp-content\/uploads\/2025\/03\/image-33.webp?resize=600%2C1034&amp;ssl=1 600w\" sizes=\"(max-width: 814px) 100vw, 814px\"><\/p><p><img data-recalc-dims=\"1\" alt=\"\" decoding=\"async\" class=\"alignleft wp-image-5421\" src=\"https:\/\/i0.wp.com\/trendsbystylia.com\/wp-content\/uploads\/2025\/03\/image-3-6.webp?resize=813%2C1831&amp;ssl=1\" width=\"813\" height=\"1831\" srcset=\"https:\/\/i0.wp.com\/trendsbystylia.com\/wp-content\/uploads\/2025\/03\/image-3-6.webp?w=790&amp;ssl=1 790w, https:\/\/i0.wp.com\/trendsbystylia.com\/wp-content\/uploads\/2025\/03\/image-3-6.webp?resize=133%2C300&amp;ssl=1 133w, https:\/\/i0.wp.com\/trendsbystylia.com\/wp-content\/uploads\/2025\/03\/image-3-6.webp?resize=455%2C1024&amp;ssl=1 455w, https:\/\/i0.wp.com\/trendsbystylia.com\/wp-content\/uploads\/2025\/03\/image-3-6.webp?resize=768%2C1729&amp;ssl=1 768w, https:\/\/i0.wp.com\/trendsbystylia.com\/wp-content\/uploads\/2025\/03\/image-3-6.webp?resize=682%2C1536&amp;ssl=1 682w, https:\/\/i0.wp.com\/trendsbystylia.com\/wp-content\/uploads\/2025\/03\/image-3-6.webp?resize=5%2C12&amp;ssl=1 5w, https:\/\/i0.wp.com\/trendsbystylia.com\/wp-content\/uploads\/2025\/03\/image-3-6.webp?resize=300%2C676&amp;ssl=1 300w, https:\/\/i0.wp.com\/trendsbystylia.com\/wp-content\/uploads\/2025\/03\/image-3-6.webp?resize=600%2C1351&amp;ssl=1 600w\" sizes=\"(max-width: 813px) 100vw, 813px\"><\/p><p><img data-recalc-dims=\"1\" alt=\"\" decoding=\"async\" class=\"alignleft wp-image-5422\" src=\"https:\/\/i0.wp.com\/trendsbystylia.com\/wp-content\/uploads\/2025\/03\/image-4-7.webp?resize=811%2C1366&amp;ssl=1\" width=\"811\" height=\"1366\" srcset=\"https:\/\/i0.wp.com\/trendsbystylia.com\/wp-content\/uploads\/2025\/03\/image-4-7.webp?w=790&amp;ssl=1 790w, https:\/\/i0.wp.com\/trendsbystylia.com\/wp-content\/uploads\/2025\/03\/image-4-7.webp?resize=178%2C300&amp;ssl=1 178w, https:\/\/i0.wp.com\/trendsbystylia.com\/wp-content\/uploads\/2025\/03\/image-4-7.webp?resize=608%2C1024&amp;ssl=1 608w, https:\/\/i0.wp.com\/trendsbystylia.com\/wp-content\/uploads\/2025\/03\/image-4-7.webp?resize=768%2C1294&amp;ssl=1 768w, https:\/\/i0.wp.com\/trendsbystylia.com\/wp-content\/uploads\/2025\/03\/image-4-7.webp?resize=7%2C12&amp;ssl=1 7w, https:\/\/i0.wp.com\/trendsbystylia.com\/wp-content\/uploads\/2025\/03\/image-4-7.webp?resize=300%2C505&amp;ssl=1 300w, https:\/\/i0.wp.com\/trendsbystylia.com\/wp-content\/uploads\/2025\/03\/image-4-7.webp?resize=600%2C1011&amp;ssl=1 600w\" sizes=\"(max-width: 811px) 100vw, 811px\"><\/p><p><img data-recalc-dims=\"1\" alt=\"\" decoding=\"async\" class=\"alignleft wp-image-5423\" src=\"https:\/\/i0.wp.com\/trendsbystylia.com\/wp-content\/uploads\/2025\/03\/image-5-7.webp?resize=810%2C1629&amp;ssl=1\" width=\"810\" height=\"1629\" srcset=\"https:\/\/i0.wp.com\/trendsbystylia.com\/wp-content\/uploads\/2025\/03\/image-5-7.webp?w=790&amp;ssl=1 790w, https:\/\/i0.wp.com\/trendsbystylia.com\/wp-content\/uploads\/2025\/03\/image-5-7.webp?resize=149%2C300&amp;ssl=1 149w, https:\/\/i0.wp.com\/trendsbystylia.com\/wp-content\/uploads\/2025\/03\/image-5-7.webp?resize=509%2C1024&amp;ssl=1 509w, https:\/\/i0.wp.com\/trendsbystylia.com\/wp-content\/uploads\/2025\/03\/image-5-7.webp?resize=768%2C1545&amp;ssl=1 768w, https:\/\/i0.wp.com\/trendsbystylia.com\/wp-content\/uploads\/2025\/03\/image-5-7.webp?resize=764%2C1536&amp;ssl=1 764w, https:\/\/i0.wp.com\/trendsbystylia.com\/wp-content\/uploads\/2025\/03\/image-5-7.webp?resize=6%2C12&amp;ssl=1 6w, https:\/\/i0.wp.com\/trendsbystylia.com\/wp-content\/uploads\/2025\/03\/image-5-7.webp?resize=300%2C603&amp;ssl=1 300w, https:\/\/i0.wp.com\/trendsbystylia.com\/wp-content\/uploads\/2025\/03\/image-5-7.webp?resize=600%2C1207&amp;ssl=1 600w\" sizes=\"(max-width: 810px) 100vw, 810px\"><\/p><p><img data-recalc-dims=\"1\" alt=\"\" decoding=\"async\" class=\"alignleft wp-image-5424 size-full\" src=\"https:\/\/i0.wp.com\/trendsbystylia.com\/wp-content\/uploads\/2025\/03\/image-6-7.webp?resize=790%2C1528&amp;ssl=1\" width=\"790\" height=\"1528\" srcset=\"https:\/\/i0.wp.com\/trendsbystylia.com\/wp-content\/uploads\/2025\/03\/image-6-7.webp?w=790&amp;ssl=1 790w, https:\/\/i0.wp.com\/trendsbystylia.com\/wp-content\/uploads\/2025\/03\/image-6-7.webp?resize=155%2C300&amp;ssl=1 155w, https:\/\/i0.wp.com\/trendsbystylia.com\/wp-content\/uploads\/2025\/03\/image-6-7.webp?resize=529%2C1024&amp;ssl=1 529w, https:\/\/i0.wp.com\/trendsbystylia.com\/wp-content\/uploads\/2025\/03\/image-6-7.webp?resize=768%2C1485&amp;ssl=1 768w, https:\/\/i0.wp.com\/trendsbystylia.com\/wp-content\/uploads\/2025\/03\/image-6-7.webp?resize=6%2C12&amp;ssl=1 6w, https:\/\/i0.wp.com\/trendsbystylia.com\/wp-content\/uploads\/2025\/03\/image-6-7.webp?resize=300%2C580&amp;ssl=1 300w, https:\/\/i0.wp.com\/trendsbystylia.com\/wp-content\/uploads\/2025\/03\/image-6-7.webp?resize=600%2C1161&amp;ssl=1 600w\" sizes=\"(max-width: 790px) 100vw, 790px\"><\/p><p>&nbsp;<\/p><p>&nbsp;<\/p><\/h3>","protected":false},"excerpt":{"rendered":"<p>Rob\u00f4 de varrimento inteligente, varrimento totalmente autom\u00e1tico, suc\u00e7\u00e3o e limpeza, carregamento autom\u00e1tico, controlo por voz por aplica\u00e7\u00e3o, transporte transfronteiri\u00e7o<\/p>","protected":false},"featured_media":5398,"comment_status":"open","ping_status":"closed","template":"","meta":{"_seopress_robots_primary_cat":"none","_seopress_titles_title":"","_seopress_titles_desc":"","_seopress_robots_index":"","_gspb_post_css":"","content-type":"","jetpack_post_was_ever_published":false,"jetpack_publicize_message":"","jetpack_publicize_feature_enabled":true,"jetpack_social_post_already_shared":true,"jetpack_social_options":{"image_generator_settings":{"template":"highway","default_image_id":0,"font":"","enabled":false},"version":2}},"location":[],"product_brand":[],"product_cat":[969],"product_tag":[],"class_list":{"0":"post-4468","1":"product","2":"type-product","3":"status-publish","4":"has-post-thumbnail","6":"product_cat-aspirateurs-robot-de-table","7":"product_shipping_class-hors-ue-standard","9":"first","10":"instock","11":"taxable","12":"shipping-taxable","13":"purchasable","14":"product-type-variable"},"jetpack_publicize_connections":[],"locations":[],"jetpack_sharing_enabled":true,"_links":{"self":[{"href":"https:\/\/trendsbystylia.com\/pt\/wp-json\/wp\/v2\/product\/4468","targetHints":{"allow":["GET"]}}],"collection":[{"href":"https:\/\/trendsbystylia.com\/pt\/wp-json\/wp\/v2\/product"}],"about":[{"href":"https:\/\/trendsbystylia.com\/pt\/wp-json\/wp\/v2\/types\/product"}],"replies":[{"embeddable":true,"href":"https:\/\/trendsbystylia.com\/pt\/wp-json\/wp\/v2\/comments?post=4468"}],"wp:featuredmedia":[{"embeddable":true,"href":"https:\/\/trendsbystylia.com\/pt\/wp-json\/wp\/v2\/media\/5398"}],"wp:attachment":[{"href":"https:\/\/trendsbystylia.com\/pt\/wp-json\/wp\/v2\/media?parent=4468"}],"wp:term":[{"taxonomy":"location","embeddable":true,"href":"https:\/\/trendsbystylia.com\/pt\/wp-json\/wp\/v2\/location?post=4468"},{"taxonomy":"product_brand","embeddable":true,"href":"https:\/\/trendsbystylia.com\/pt\/wp-json\/wp\/v2\/product_brand?post=4468"},{"taxonomy":"product_cat","embeddable":true,"href":"https:\/\/trendsbystylia.com\/pt\/wp-json\/wp\/v2\/product_cat?post=4468"},{"taxonomy":"product_tag","embeddable":true,"href":"https:\/\/trendsbystylia.com\/pt\/wp-json\/wp\/v2\/product_tag?post=4468"}],"curies":[{"name":"wp","href":"https:\/\/api.w.org\/{rel}","templated":true}]}}