{"id":4283,"date":"2025-03-07T16:15:39","date_gmt":"2025-03-07T16:15:39","guid":{"rendered":"https:\/\/trendsbystylia.com\/produit\/etui-de-protection-pour-casque-apple-airpodspro2-etui-de-protection-airpods3-en-daim-etui-tout-compris-resistant-aux-chutes\/"},"modified":"2025-04-06T18:48:57","modified_gmt":"2025-04-06T18:48:57","slug":"etui-de-protection-pour-casque-apple-airpodspro2-etui-de-protection-airpods3-en-daim-etui-tout-compris-resistant-aux-chutes","status":"publish","type":"product","link":"https:\/\/trendsbystylia.com\/pt\/produto\/etui-de-protection-pour-casque-apple-airpodspro2-etui-de-protection-airpods3-en-daim-etui-tout-compris-resistant-aux-chutes\/","title":{"rendered":"<p>Capacete de camur\u00e7a de aer\u00f3pode da Apple, Estojo Tudo Inclu\u00eddo Resistente a Quedas<\/p>"},"content":{"rendered":"<div id=\"offer-template-0\"><p><img data-recalc-dims=\"1\" alt=\"\" decoding=\"async\" class=\"alignnone wp-image-5477 size-full\" src=\"https:\/\/i0.wp.com\/trendsbystylia.com\/wp-content\/uploads\/2025\/03\/image-15-5.webp?resize=1136%2C1758&amp;ssl=1\" width=\"1136\" height=\"1758\" srcset=\"https:\/\/i0.wp.com\/trendsbystylia.com\/wp-content\/uploads\/2025\/03\/image-15-5.webp?w=1136&amp;ssl=1 1136w, https:\/\/i0.wp.com\/trendsbystylia.com\/wp-content\/uploads\/2025\/03\/image-15-5.webp?resize=194%2C300&amp;ssl=1 194w, https:\/\/i0.wp.com\/trendsbystylia.com\/wp-content\/uploads\/2025\/03\/image-15-5.webp?resize=662%2C1024&amp;ssl=1 662w, https:\/\/i0.wp.com\/trendsbystylia.com\/wp-content\/uploads\/2025\/03\/image-15-5.webp?resize=768%2C1189&amp;ssl=1 768w, https:\/\/i0.wp.com\/trendsbystylia.com\/wp-content\/uploads\/2025\/03\/image-15-5.webp?resize=993%2C1536&amp;ssl=1 993w, https:\/\/i0.wp.com\/trendsbystylia.com\/wp-content\/uploads\/2025\/03\/image-15-5.webp?resize=8%2C12&amp;ssl=1 8w, https:\/\/i0.wp.com\/trendsbystylia.com\/wp-content\/uploads\/2025\/03\/image-15-5.webp?resize=500%2C774&amp;ssl=1 500w, https:\/\/i0.wp.com\/trendsbystylia.com\/wp-content\/uploads\/2025\/03\/image-15-5.webp?resize=600%2C929&amp;ssl=1 600w\" sizes=\"(max-width: 1136px) 100vw, 1136px\"><\/p><p>&nbsp;<\/p><p><img data-recalc-dims=\"1\" alt=\"\" decoding=\"async\" class=\"alignnone wp-image-5478 size-full\" src=\"https:\/\/i0.wp.com\/trendsbystylia.com\/wp-content\/uploads\/2025\/03\/image-16-5.webp?resize=1136%2C1758&amp;ssl=1\" width=\"1136\" height=\"1758\" srcset=\"https:\/\/i0.wp.com\/trendsbystylia.com\/wp-content\/uploads\/2025\/03\/image-16-5.webp?w=1136&amp;ssl=1 1136w, https:\/\/i0.wp.com\/trendsbystylia.com\/wp-content\/uploads\/2025\/03\/image-16-5.webp?resize=194%2C300&amp;ssl=1 194w, https:\/\/i0.wp.com\/trendsbystylia.com\/wp-content\/uploads\/2025\/03\/image-16-5.webp?resize=662%2C1024&amp;ssl=1 662w, https:\/\/i0.wp.com\/trendsbystylia.com\/wp-content\/uploads\/2025\/03\/image-16-5.webp?resize=768%2C1189&amp;ssl=1 768w, https:\/\/i0.wp.com\/trendsbystylia.com\/wp-content\/uploads\/2025\/03\/image-16-5.webp?resize=993%2C1536&amp;ssl=1 993w, https:\/\/i0.wp.com\/trendsbystylia.com\/wp-content\/uploads\/2025\/03\/image-16-5.webp?resize=8%2C12&amp;ssl=1 8w, https:\/\/i0.wp.com\/trendsbystylia.com\/wp-content\/uploads\/2025\/03\/image-16-5.webp?resize=500%2C774&amp;ssl=1 500w, https:\/\/i0.wp.com\/trendsbystylia.com\/wp-content\/uploads\/2025\/03\/image-16-5.webp?resize=600%2C929&amp;ssl=1 600w\" sizes=\"(max-width: 1136px) 100vw, 1136px\"><\/p><p><img data-recalc-dims=\"1\" alt=\"\" decoding=\"async\" class=\"alignnone wp-image-5479 size-full\" src=\"https:\/\/i0.wp.com\/trendsbystylia.com\/wp-content\/uploads\/2025\/03\/image-17-4.webp?resize=1136%2C1758&amp;ssl=1\" width=\"1136\" height=\"1758\" srcset=\"https:\/\/i0.wp.com\/trendsbystylia.com\/wp-content\/uploads\/2025\/03\/image-17-4.webp?w=1136&amp;ssl=1 1136w, https:\/\/i0.wp.com\/trendsbystylia.com\/wp-content\/uploads\/2025\/03\/image-17-4.webp?resize=194%2C300&amp;ssl=1 194w, https:\/\/i0.wp.com\/trendsbystylia.com\/wp-content\/uploads\/2025\/03\/image-17-4.webp?resize=662%2C1024&amp;ssl=1 662w, https:\/\/i0.wp.com\/trendsbystylia.com\/wp-content\/uploads\/2025\/03\/image-17-4.webp?resize=768%2C1189&amp;ssl=1 768w, https:\/\/i0.wp.com\/trendsbystylia.com\/wp-content\/uploads\/2025\/03\/image-17-4.webp?resize=993%2C1536&amp;ssl=1 993w, https:\/\/i0.wp.com\/trendsbystylia.com\/wp-content\/uploads\/2025\/03\/image-17-4.webp?resize=8%2C12&amp;ssl=1 8w, https:\/\/i0.wp.com\/trendsbystylia.com\/wp-content\/uploads\/2025\/03\/image-17-4.webp?resize=500%2C774&amp;ssl=1 500w, https:\/\/i0.wp.com\/trendsbystylia.com\/wp-content\/uploads\/2025\/03\/image-17-4.webp?resize=600%2C929&amp;ssl=1 600w\" sizes=\"(max-width: 1136px) 100vw, 1136px\"><\/p><p><img data-recalc-dims=\"1\" alt=\"\" decoding=\"async\" class=\"alignnone wp-image-5480 size-full\" src=\"https:\/\/i0.wp.com\/trendsbystylia.com\/wp-content\/uploads\/2025\/03\/image-18-4.webp?resize=1136%2C1758&amp;ssl=1\" width=\"1136\" height=\"1758\" srcset=\"https:\/\/i0.wp.com\/trendsbystylia.com\/wp-content\/uploads\/2025\/03\/image-18-4.webp?w=1136&amp;ssl=1 1136w, https:\/\/i0.wp.com\/trendsbystylia.com\/wp-content\/uploads\/2025\/03\/image-18-4.webp?resize=194%2C300&amp;ssl=1 194w, https:\/\/i0.wp.com\/trendsbystylia.com\/wp-content\/uploads\/2025\/03\/image-18-4.webp?resize=662%2C1024&amp;ssl=1 662w, https:\/\/i0.wp.com\/trendsbystylia.com\/wp-content\/uploads\/2025\/03\/image-18-4.webp?resize=768%2C1189&amp;ssl=1 768w, https:\/\/i0.wp.com\/trendsbystylia.com\/wp-content\/uploads\/2025\/03\/image-18-4.webp?resize=993%2C1536&amp;ssl=1 993w, https:\/\/i0.wp.com\/trendsbystylia.com\/wp-content\/uploads\/2025\/03\/image-18-4.webp?resize=8%2C12&amp;ssl=1 8w, https:\/\/i0.wp.com\/trendsbystylia.com\/wp-content\/uploads\/2025\/03\/image-18-4.webp?resize=500%2C774&amp;ssl=1 500w, https:\/\/i0.wp.com\/trendsbystylia.com\/wp-content\/uploads\/2025\/03\/image-18-4.webp?resize=600%2C929&amp;ssl=1 600w\" sizes=\"(max-width: 1136px) 100vw, 1136px\"><\/p><p><img data-recalc-dims=\"1\" alt=\"\" decoding=\"async\" class=\"alignnone wp-image-5481 size-full\" src=\"https:\/\/i0.wp.com\/trendsbystylia.com\/wp-content\/uploads\/2025\/03\/image-19-3.webp?resize=1136%2C1758&amp;ssl=1\" width=\"1136\" height=\"1758\" srcset=\"https:\/\/i0.wp.com\/trendsbystylia.com\/wp-content\/uploads\/2025\/03\/image-19-3.webp?w=1136&amp;ssl=1 1136w, https:\/\/i0.wp.com\/trendsbystylia.com\/wp-content\/uploads\/2025\/03\/image-19-3.webp?resize=194%2C300&amp;ssl=1 194w, https:\/\/i0.wp.com\/trendsbystylia.com\/wp-content\/uploads\/2025\/03\/image-19-3.webp?resize=662%2C1024&amp;ssl=1 662w, https:\/\/i0.wp.com\/trendsbystylia.com\/wp-content\/uploads\/2025\/03\/image-19-3.webp?resize=768%2C1189&amp;ssl=1 768w, https:\/\/i0.wp.com\/trendsbystylia.com\/wp-content\/uploads\/2025\/03\/image-19-3.webp?resize=993%2C1536&amp;ssl=1 993w, https:\/\/i0.wp.com\/trendsbystylia.com\/wp-content\/uploads\/2025\/03\/image-19-3.webp?resize=8%2C12&amp;ssl=1 8w, https:\/\/i0.wp.com\/trendsbystylia.com\/wp-content\/uploads\/2025\/03\/image-19-3.webp?resize=500%2C774&amp;ssl=1 500w, https:\/\/i0.wp.com\/trendsbystylia.com\/wp-content\/uploads\/2025\/03\/image-19-3.webp?resize=600%2C929&amp;ssl=1 600w\" sizes=\"(max-width: 1136px) 100vw, 1136px\"><br>\n<img decoding=\"async\" style=\"display: block; width: 100.0%; height: auto;\" src=\"https:\/\/cbu01.alicdn.com\/img\/ibank\/O1CN01ghpQgk2MLx8935GhW_!!2214296909812-0-cib.jpg\" usemap=\"#_sdmap_7\"><\/p><p><img data-recalc-dims=\"1\" alt=\"\" decoding=\"async\" class=\"alignnone wp-image-5482 size-full\" src=\"https:\/\/i0.wp.com\/trendsbystylia.com\/wp-content\/uploads\/2025\/03\/image-20-4.webp?resize=1136%2C1758&amp;ssl=1\" width=\"1136\" height=\"1758\" srcset=\"https:\/\/i0.wp.com\/trendsbystylia.com\/wp-content\/uploads\/2025\/03\/image-20-4.webp?w=1136&amp;ssl=1 1136w, https:\/\/i0.wp.com\/trendsbystylia.com\/wp-content\/uploads\/2025\/03\/image-20-4.webp?resize=194%2C300&amp;ssl=1 194w, https:\/\/i0.wp.com\/trendsbystylia.com\/wp-content\/uploads\/2025\/03\/image-20-4.webp?resize=662%2C1024&amp;ssl=1 662w, https:\/\/i0.wp.com\/trendsbystylia.com\/wp-content\/uploads\/2025\/03\/image-20-4.webp?resize=768%2C1189&amp;ssl=1 768w, https:\/\/i0.wp.com\/trendsbystylia.com\/wp-content\/uploads\/2025\/03\/image-20-4.webp?resize=993%2C1536&amp;ssl=1 993w, https:\/\/i0.wp.com\/trendsbystylia.com\/wp-content\/uploads\/2025\/03\/image-20-4.webp?resize=8%2C12&amp;ssl=1 8w, https:\/\/i0.wp.com\/trendsbystylia.com\/wp-content\/uploads\/2025\/03\/image-20-4.webp?resize=500%2C774&amp;ssl=1 500w, https:\/\/i0.wp.com\/trendsbystylia.com\/wp-content\/uploads\/2025\/03\/image-20-4.webp?resize=600%2C929&amp;ssl=1 600w\" sizes=\"(max-width: 1136px) 100vw, 1136px\"><br>\n<img decoding=\"async\" style=\"display: block; width: 100.0%; height: auto;\" src=\"https:\/\/cbu01.alicdn.com\/img\/ibank\/O1CN011llwDg2MLx8Ljshwf_!!2214296909812-0-cib.jpg\" usemap=\"#_sdmap_9\"><\/p><p><img data-recalc-dims=\"1\" alt=\"\" decoding=\"async\" class=\"alignnone wp-image-5483 size-full\" src=\"https:\/\/i0.wp.com\/trendsbystylia.com\/wp-content\/uploads\/2025\/03\/image-21-3.webp?resize=1136%2C1758&amp;ssl=1\" width=\"1136\" height=\"1758\" srcset=\"https:\/\/i0.wp.com\/trendsbystylia.com\/wp-content\/uploads\/2025\/03\/image-21-3.webp?w=1136&amp;ssl=1 1136w, https:\/\/i0.wp.com\/trendsbystylia.com\/wp-content\/uploads\/2025\/03\/image-21-3.webp?resize=194%2C300&amp;ssl=1 194w, https:\/\/i0.wp.com\/trendsbystylia.com\/wp-content\/uploads\/2025\/03\/image-21-3.webp?resize=662%2C1024&amp;ssl=1 662w, https:\/\/i0.wp.com\/trendsbystylia.com\/wp-content\/uploads\/2025\/03\/image-21-3.webp?resize=768%2C1189&amp;ssl=1 768w, https:\/\/i0.wp.com\/trendsbystylia.com\/wp-content\/uploads\/2025\/03\/image-21-3.webp?resize=993%2C1536&amp;ssl=1 993w, https:\/\/i0.wp.com\/trendsbystylia.com\/wp-content\/uploads\/2025\/03\/image-21-3.webp?resize=8%2C12&amp;ssl=1 8w, https:\/\/i0.wp.com\/trendsbystylia.com\/wp-content\/uploads\/2025\/03\/image-21-3.webp?resize=500%2C774&amp;ssl=1 500w, https:\/\/i0.wp.com\/trendsbystylia.com\/wp-content\/uploads\/2025\/03\/image-21-3.webp?resize=600%2C929&amp;ssl=1 600w\" sizes=\"(max-width: 1136px) 100vw, 1136px\"><img decoding=\"async\" style=\"display: block; width: 100.0%; height: auto;\" src=\"https:\/\/cbu01.alicdn.com\/img\/ibank\/O1CN01g87gdk2MLx8KJzwCM_!!2214296909812-0-cib.jpg\" usemap=\"#_sdmap_11\"><\/p><p>&nbsp;<\/p><p>&nbsp;<\/p><p><img data-recalc-dims=\"1\" alt=\"\" decoding=\"async\" class=\"alignnone wp-image-5484 size-full\" src=\"https:\/\/i0.wp.com\/trendsbystylia.com\/wp-content\/uploads\/2025\/03\/image-22-3.webp?resize=1136%2C1758&amp;ssl=1\" width=\"1136\" height=\"1758\" srcset=\"https:\/\/i0.wp.com\/trendsbystylia.com\/wp-content\/uploads\/2025\/03\/image-22-3.webp?w=1136&amp;ssl=1 1136w, https:\/\/i0.wp.com\/trendsbystylia.com\/wp-content\/uploads\/2025\/03\/image-22-3.webp?resize=194%2C300&amp;ssl=1 194w, https:\/\/i0.wp.com\/trendsbystylia.com\/wp-content\/uploads\/2025\/03\/image-22-3.webp?resize=662%2C1024&amp;ssl=1 662w, https:\/\/i0.wp.com\/trendsbystylia.com\/wp-content\/uploads\/2025\/03\/image-22-3.webp?resize=768%2C1189&amp;ssl=1 768w, https:\/\/i0.wp.com\/trendsbystylia.com\/wp-content\/uploads\/2025\/03\/image-22-3.webp?resize=993%2C1536&amp;ssl=1 993w, https:\/\/i0.wp.com\/trendsbystylia.com\/wp-content\/uploads\/2025\/03\/image-22-3.webp?resize=8%2C12&amp;ssl=1 8w, https:\/\/i0.wp.com\/trendsbystylia.com\/wp-content\/uploads\/2025\/03\/image-22-3.webp?resize=500%2C774&amp;ssl=1 500w, https:\/\/i0.wp.com\/trendsbystylia.com\/wp-content\/uploads\/2025\/03\/image-22-3.webp?resize=600%2C929&amp;ssl=1 600w\" sizes=\"(max-width: 1136px) 100vw, 1136px\"><\/p><p>&nbsp;<\/p><p>&nbsp;<\/p><p><img decoding=\"async\" style=\"display: block; width: 100.0%; height: auto;\" src=\"https:\/\/cbu01.alicdn.com\/img\/ibank\/O1CN01l4dBaG2MLx8IuKjL4_!!2214296909812-0-cib.jpg\" usemap=\"#_sdmap_17\"><\/p><p><img decoding=\"async\" style=\"display: block; width: 100.0%; height: auto;\" src=\"https:\/\/cbu01.alicdn.com\/img\/ibank\/O1CN0112OAzR2MLx8GhQAvi_!!2214296909812-0-cib.jpg\" usemap=\"#_sdmap_18\"><\/p><p><img decoding=\"async\" style=\"display: block; width: 100.0%; height: auto;\" src=\"https:\/\/cbu01.alicdn.com\/img\/ibank\/O1CN01RzU8xI2MLx8GitGng_!!2214296909812-0-cib.jpg\" usemap=\"#_sdmap_19\"><\/p><p><img decoding=\"async\" style=\"display: block; width: 100.0%; height: auto;\" src=\"https:\/\/cbu01.alicdn.com\/img\/ibank\/O1CN01SpMZCE2MLx8HXlmzo_!!2214296909812-0-cib.jpg\" usemap=\"#_sdmap_20\"><\/p><p><img decoding=\"async\" style=\"display: block; width: 100.0%; height: auto;\" src=\"https:\/\/cbu01.alicdn.com\/img\/ibank\/O1CN01Z3mXkb2MLx8JxoxPe_!!2214296909812-0-cib.jpg\" usemap=\"#_sdmap_21\"><\/p><p><img decoding=\"async\" style=\"display: block; width: 100.0%; height: auto;\" src=\"https:\/\/cbu01.alicdn.com\/img\/ibank\/O1CN01928Pbf2MLx8L49XnU_!!2214296909812-0-cib.jpg\" usemap=\"#_sdmap_22\"><\/p><p><img decoding=\"async\" style=\"display: block; width: 100.0%; height: auto;\" src=\"https:\/\/cbu01.alicdn.com\/img\/ibank\/O1CN013CPYxc2MLx8J4go5L_!!2214296909812-0-cib.jpg\" usemap=\"#_sdmap_23\"><\/p><p><img decoding=\"async\" style=\"display: block; width: 100.0%; height: auto;\" src=\"https:\/\/cbu01.alicdn.com\/img\/ibank\/O1CN01Z7LQcZ2MLx8IuN0iq_!!2214296909812-0-cib.jpg\" usemap=\"#_sdmap_24\"><\/p><p><img decoding=\"async\" style=\"display: block; width: 100.0%; height: auto;\" src=\"https:\/\/cbu01.alicdn.com\/img\/ibank\/O1CN01KaDH7Y2MLx8GhRNpP_!!2214296909812-0-cib.jpg\" usemap=\"#_sdmap_25\"><\/p><p><img decoding=\"async\" style=\"display: block; width: 100.0%; height: auto;\" src=\"https:\/\/cbu01.alicdn.com\/img\/ibank\/O1CN01UXCnJ42MLx8ExMYYe_!!2214296909812-0-cib.jpg\" usemap=\"#_sdmap_26\"><\/p><p><img decoding=\"async\" style=\"display: block; width: 100.0%; height: auto;\" src=\"https:\/\/cbu01.alicdn.com\/img\/ibank\/O1CN010EvNTx2MLx8JxppY8_!!2214296909812-0-cib.jpg\" usemap=\"#_sdmap_27\"><\/p><p><img decoding=\"async\" style=\"display: block; width: 100.0%; height: auto;\" src=\"https:\/\/cbu01.alicdn.com\/img\/ibank\/O1CN01BW3M9S2MLx8GpXwOS_!!2214296909812-0-cib.jpg\" usemap=\"#_sdmap_28\"><\/p><p><img decoding=\"async\" style=\"display: block; width: 100.0%; height: auto;\" src=\"https:\/\/cbu01.alicdn.com\/img\/ibank\/O1CN01V1SPjy2MLx8EXiL5s_!!2214296909812-0-cib.jpg\" usemap=\"#_sdmap_29\"><\/p><p><img decoding=\"async\" style=\"display: block; width: 100.0%; height: auto;\" src=\"https:\/\/cbu01.alicdn.com\/img\/ibank\/O1CN01ghy2s52MLx8GpVzrQ_!!2214296909812-0-cib.jpg\" usemap=\"#_sdmap_30\"><\/p><p><img decoding=\"async\" style=\"display: block; width: 100.0%; height: auto;\" src=\"https:\/\/cbu01.alicdn.com\/img\/ibank\/O1CN01OPTxTK2MLx8IuQu1Y_!!2214296909812-0-cib.jpg\" usemap=\"#_sdmap_31\"><\/p><p><img decoding=\"async\" style=\"display: block; width: 100.0%; height: auto;\" src=\"https:\/\/cbu01.alicdn.com\/img\/ibank\/O1CN01i54Jgd2MLx8ExOVEV_!!2214296909812-0-cib.jpg\" usemap=\"#_sdmap_32\"><\/p><p><img decoding=\"async\" style=\"display: block; width: 100.0%; height: auto;\" src=\"https:\/\/cbu01.alicdn.com\/img\/ibank\/O1CN01GnoA2k2MLx8GhUXLr_!!2214296909812-0-cib.jpg\" usemap=\"#_sdmap_33\"><\/p><p>&nbsp;<\/p><\/div>","protected":false},"excerpt":{"rendered":"<p>Capa protetora para auscultadores Apple Airpodspro2, Capa protetora para AirPods3 de camur\u00e7a, Capa resistente a quedas com tudo inclu\u00eddo<\/p>","protected":false},"featured_media":4282,"comment_status":"open","ping_status":"closed","template":"","meta":{"_seopress_robots_primary_cat":"none","_seopress_titles_title":"\u00c9tui de protection pour casque Apple Airpod en daim","_seopress_titles_desc":"\u00c9tui de protection pour casque Apple Airpodspro2, \u00e9tui de protection AirPods3 en daim, \u00e9tui tout compris r\u00e9sistant aux chutes","_seopress_robots_index":"","_gspb_post_css":"","content-type":""},"product_brand":[],"product_cat":[1152,42],"product_tag":[],"class_list":{"0":"post-4283","1":"product","2":"type-product","3":"status-publish","4":"has-post-thumbnail","6":"product_cat-accessoires-audio","7":"product_cat-high-tech","8":"product_shipping_class-hors-ue-standard","10":"first","11":"instock","12":"taxable","13":"shipping-taxable","14":"purchasable","15":"product-type-variable"},"jetpack_sharing_enabled":true,"_links":{"self":[{"href":"https:\/\/trendsbystylia.com\/pt\/wp-json\/wp\/v2\/product\/4283","targetHints":{"allow":["GET"]}}],"collection":[{"href":"https:\/\/trendsbystylia.com\/pt\/wp-json\/wp\/v2\/product"}],"about":[{"href":"https:\/\/trendsbystylia.com\/pt\/wp-json\/wp\/v2\/types\/product"}],"replies":[{"embeddable":true,"href":"https:\/\/trendsbystylia.com\/pt\/wp-json\/wp\/v2\/comments?post=4283"}],"wp:featuredmedia":[{"embeddable":true,"href":"https:\/\/trendsbystylia.com\/pt\/wp-json\/wp\/v2\/media\/4282"}],"wp:attachment":[{"href":"https:\/\/trendsbystylia.com\/pt\/wp-json\/wp\/v2\/media?parent=4283"}],"wp:term":[{"taxonomy":"product_brand","embeddable":true,"href":"https:\/\/trendsbystylia.com\/pt\/wp-json\/wp\/v2\/product_brand?post=4283"},{"taxonomy":"product_cat","embeddable":true,"href":"https:\/\/trendsbystylia.com\/pt\/wp-json\/wp\/v2\/product_cat?post=4283"},{"taxonomy":"product_tag","embeddable":true,"href":"https:\/\/trendsbystylia.com\/pt\/wp-json\/wp\/v2\/product_tag?post=4283"}],"curies":[{"name":"wp","href":"https:\/\/api.w.org\/{rel}","templated":true}]}}