{"id":4250,"date":"2025-03-07T16:09:34","date_gmt":"2025-03-07T16:09:34","guid":{"rendered":"https:\/\/trendsbystylia.com\/produit\/dessous-de-verre-chauffant-intelligent-a-temperature-constante-55-degres-temperature-reglable-automatique-artefact-de-lait-chaud-dortoir-tasse-deau-chaude-dessous-de-verre-a-temperature-constant\/"},"modified":"2025-03-23T22:13:27","modified_gmt":"2025-03-23T22:13:27","slug":"dessous-de-verre-chauffant-intelligent-a-temperature-constante-55-degres-temperature-reglable-automatique-artefact-de-lait-chaud-dortoir-tasse-deau-chaude-dessous-de-verre-a-temperature-constant","status":"publish","type":"product","link":"https:\/\/trendsbystylia.com\/pt\/produto\/dessous-de-verre-chauffant-intelligent-a-temperature-constante-55-degres-temperature-reglable-automatique-artefact-de-lait-chaud-dortoir-tasse-deau-chaude-dessous-de-verre-a-temperature-constant\/","title":{"rendered":"<p>Aquecimento inteligente sob vidro a temperatura constante<\/p>"},"content":{"rendered":"<div id=\"offer-template-0\"><div><\/div><p><img data-recalc-dims=\"1\" alt=\"\" decoding=\"async\" class=\"alignnone wp-image-5498\" src=\"https:\/\/i0.wp.com\/trendsbystylia.com\/wp-content\/uploads\/2025\/03\/image-33-2.webp?resize=876%2C1752&amp;ssl=1\" width=\"876\" height=\"1752\" srcset=\"https:\/\/i0.wp.com\/trendsbystylia.com\/wp-content\/uploads\/2025\/03\/image-33-2.webp?w=790&amp;ssl=1 790w, https:\/\/i0.wp.com\/trendsbystylia.com\/wp-content\/uploads\/2025\/03\/image-33-2.webp?resize=150%2C300&amp;ssl=1 150w, https:\/\/i0.wp.com\/trendsbystylia.com\/wp-content\/uploads\/2025\/03\/image-33-2.webp?resize=512%2C1024&amp;ssl=1 512w, https:\/\/i0.wp.com\/trendsbystylia.com\/wp-content\/uploads\/2025\/03\/image-33-2.webp?resize=768%2C1536&amp;ssl=1 768w, https:\/\/i0.wp.com\/trendsbystylia.com\/wp-content\/uploads\/2025\/03\/image-33-2.webp?resize=6%2C12&amp;ssl=1 6w, https:\/\/i0.wp.com\/trendsbystylia.com\/wp-content\/uploads\/2025\/03\/image-33-2.webp?resize=500%2C1000&amp;ssl=1 500w, https:\/\/i0.wp.com\/trendsbystylia.com\/wp-content\/uploads\/2025\/03\/image-33-2.webp?resize=600%2C1200&amp;ssl=1 600w\" sizes=\"(max-width: 876px) 100vw, 876px\"><img data-recalc-dims=\"1\" alt=\"\" decoding=\"async\" class=\"alignnone wp-image-5501\" src=\"https:\/\/i0.wp.com\/trendsbystylia.com\/wp-content\/uploads\/2025\/03\/image-35_cleanup-png.webp?resize=873%2C1265&amp;ssl=1\" width=\"873\" height=\"1265\"><img data-recalc-dims=\"1\" alt=\"\" decoding=\"async\" class=\"alignnone wp-image-5502\" src=\"https:\/\/i0.wp.com\/trendsbystylia.com\/wp-content\/uploads\/2025\/03\/image-36-2.webp?resize=871%2C730&amp;ssl=1\" width=\"871\" height=\"730\" srcset=\"https:\/\/i0.wp.com\/trendsbystylia.com\/wp-content\/uploads\/2025\/03\/image-36-2.webp?w=790&amp;ssl=1 790w, https:\/\/i0.wp.com\/trendsbystylia.com\/wp-content\/uploads\/2025\/03\/image-36-2.webp?resize=300%2C251&amp;ssl=1 300w, https:\/\/i0.wp.com\/trendsbystylia.com\/wp-content\/uploads\/2025\/03\/image-36-2.webp?resize=768%2C644&amp;ssl=1 768w, https:\/\/i0.wp.com\/trendsbystylia.com\/wp-content\/uploads\/2025\/03\/image-36-2.webp?resize=14%2C12&amp;ssl=1 14w, https:\/\/i0.wp.com\/trendsbystylia.com\/wp-content\/uploads\/2025\/03\/image-36-2.webp?resize=500%2C419&amp;ssl=1 500w, https:\/\/i0.wp.com\/trendsbystylia.com\/wp-content\/uploads\/2025\/03\/image-36-2.webp?resize=600%2C503&amp;ssl=1 600w\" sizes=\"(max-width: 871px) 100vw, 871px\"><\/p><p>&nbsp;<\/p><p><img data-recalc-dims=\"1\" alt=\"\" decoding=\"async\" class=\"alignnone wp-image-5503\" src=\"https:\/\/i0.wp.com\/trendsbystylia.com\/wp-content\/uploads\/2025\/03\/image-37-2.webp?resize=869%2C1685&amp;ssl=1\" width=\"869\" height=\"1685\" srcset=\"https:\/\/i0.wp.com\/trendsbystylia.com\/wp-content\/uploads\/2025\/03\/image-37-2.webp?w=790&amp;ssl=1 790w, https:\/\/i0.wp.com\/trendsbystylia.com\/wp-content\/uploads\/2025\/03\/image-37-2.webp?resize=155%2C300&amp;ssl=1 155w, https:\/\/i0.wp.com\/trendsbystylia.com\/wp-content\/uploads\/2025\/03\/image-37-2.webp?resize=528%2C1024&amp;ssl=1 528w, https:\/\/i0.wp.com\/trendsbystylia.com\/wp-content\/uploads\/2025\/03\/image-37-2.webp?resize=768%2C1489&amp;ssl=1 768w, https:\/\/i0.wp.com\/trendsbystylia.com\/wp-content\/uploads\/2025\/03\/image-37-2.webp?resize=6%2C12&amp;ssl=1 6w, https:\/\/i0.wp.com\/trendsbystylia.com\/wp-content\/uploads\/2025\/03\/image-37-2.webp?resize=500%2C970&amp;ssl=1 500w, https:\/\/i0.wp.com\/trendsbystylia.com\/wp-content\/uploads\/2025\/03\/image-37-2.webp?resize=600%2C1164&amp;ssl=1 600w\" sizes=\"(max-width: 869px) 100vw, 869px\"><\/p><p><img data-recalc-dims=\"1\" alt=\"\" decoding=\"async\" class=\"alignnone wp-image-5504\" src=\"https:\/\/i0.wp.com\/trendsbystylia.com\/wp-content\/uploads\/2025\/03\/image-38-1.webp?resize=868%2C1515&amp;ssl=1\" width=\"868\" height=\"1515\" srcset=\"https:\/\/i0.wp.com\/trendsbystylia.com\/wp-content\/uploads\/2025\/03\/image-38-1.webp?w=790&amp;ssl=1 790w, https:\/\/i0.wp.com\/trendsbystylia.com\/wp-content\/uploads\/2025\/03\/image-38-1.webp?resize=172%2C300&amp;ssl=1 172w, https:\/\/i0.wp.com\/trendsbystylia.com\/wp-content\/uploads\/2025\/03\/image-38-1.webp?resize=587%2C1024&amp;ssl=1 587w, https:\/\/i0.wp.com\/trendsbystylia.com\/wp-content\/uploads\/2025\/03\/image-38-1.webp?resize=768%2C1341&amp;ssl=1 768w, https:\/\/i0.wp.com\/trendsbystylia.com\/wp-content\/uploads\/2025\/03\/image-38-1.webp?resize=7%2C12&amp;ssl=1 7w, https:\/\/i0.wp.com\/trendsbystylia.com\/wp-content\/uploads\/2025\/03\/image-38-1.webp?resize=500%2C873&amp;ssl=1 500w, https:\/\/i0.wp.com\/trendsbystylia.com\/wp-content\/uploads\/2025\/03\/image-38-1.webp?resize=600%2C1047&amp;ssl=1 600w\" sizes=\"(max-width: 868px) 100vw, 868px\"><\/p><p><img data-recalc-dims=\"1\" alt=\"\" decoding=\"async\" class=\"alignnone wp-image-5505\" src=\"https:\/\/i0.wp.com\/trendsbystylia.com\/wp-content\/uploads\/2025\/03\/image-39-1.webp?resize=868%2C1332&amp;ssl=1\" width=\"868\" height=\"1332\" srcset=\"https:\/\/i0.wp.com\/trendsbystylia.com\/wp-content\/uploads\/2025\/03\/image-39-1.webp?w=790&amp;ssl=1 790w, https:\/\/i0.wp.com\/trendsbystylia.com\/wp-content\/uploads\/2025\/03\/image-39-1.webp?resize=196%2C300&amp;ssl=1 196w, https:\/\/i0.wp.com\/trendsbystylia.com\/wp-content\/uploads\/2025\/03\/image-39-1.webp?resize=667%2C1024&amp;ssl=1 667w, https:\/\/i0.wp.com\/trendsbystylia.com\/wp-content\/uploads\/2025\/03\/image-39-1.webp?resize=768%2C1178&amp;ssl=1 768w, https:\/\/i0.wp.com\/trendsbystylia.com\/wp-content\/uploads\/2025\/03\/image-39-1.webp?resize=8%2C12&amp;ssl=1 8w, https:\/\/i0.wp.com\/trendsbystylia.com\/wp-content\/uploads\/2025\/03\/image-39-1.webp?resize=500%2C767&amp;ssl=1 500w, https:\/\/i0.wp.com\/trendsbystylia.com\/wp-content\/uploads\/2025\/03\/image-39-1.webp?resize=600%2C921&amp;ssl=1 600w\" sizes=\"(max-width: 868px) 100vw, 868px\"><\/p><p><img data-recalc-dims=\"1\" alt=\"\" decoding=\"async\" class=\"alignnone wp-image-5506\" src=\"https:\/\/i0.wp.com\/trendsbystylia.com\/wp-content\/uploads\/2025\/03\/image-40-1.webp?resize=870%2C1578&amp;ssl=1\" width=\"870\" height=\"1578\" srcset=\"https:\/\/i0.wp.com\/trendsbystylia.com\/wp-content\/uploads\/2025\/03\/image-40-1.webp?w=790&amp;ssl=1 790w, https:\/\/i0.wp.com\/trendsbystylia.com\/wp-content\/uploads\/2025\/03\/image-40-1.webp?resize=165%2C300&amp;ssl=1 165w, https:\/\/i0.wp.com\/trendsbystylia.com\/wp-content\/uploads\/2025\/03\/image-40-1.webp?resize=565%2C1024&amp;ssl=1 565w, https:\/\/i0.wp.com\/trendsbystylia.com\/wp-content\/uploads\/2025\/03\/image-40-1.webp?resize=768%2C1393&amp;ssl=1 768w, https:\/\/i0.wp.com\/trendsbystylia.com\/wp-content\/uploads\/2025\/03\/image-40-1.webp?resize=7%2C12&amp;ssl=1 7w, https:\/\/i0.wp.com\/trendsbystylia.com\/wp-content\/uploads\/2025\/03\/image-40-1.webp?resize=500%2C907&amp;ssl=1 500w, https:\/\/i0.wp.com\/trendsbystylia.com\/wp-content\/uploads\/2025\/03\/image-40-1.webp?resize=600%2C1088&amp;ssl=1 600w\" sizes=\"(max-width: 870px) 100vw, 870px\"><\/p><p><img data-recalc-dims=\"1\" alt=\"\" decoding=\"async\" class=\"alignnone wp-image-5507\" src=\"https:\/\/i0.wp.com\/trendsbystylia.com\/wp-content\/uploads\/2025\/03\/image-41-1.webp?resize=870%2C1471&amp;ssl=1\" width=\"870\" height=\"1471\" srcset=\"https:\/\/i0.wp.com\/trendsbystylia.com\/wp-content\/uploads\/2025\/03\/image-41-1.webp?w=790&amp;ssl=1 790w, https:\/\/i0.wp.com\/trendsbystylia.com\/wp-content\/uploads\/2025\/03\/image-41-1.webp?resize=177%2C300&amp;ssl=1 177w, https:\/\/i0.wp.com\/trendsbystylia.com\/wp-content\/uploads\/2025\/03\/image-41-1.webp?resize=606%2C1024&amp;ssl=1 606w, https:\/\/i0.wp.com\/trendsbystylia.com\/wp-content\/uploads\/2025\/03\/image-41-1.webp?resize=768%2C1299&amp;ssl=1 768w, https:\/\/i0.wp.com\/trendsbystylia.com\/wp-content\/uploads\/2025\/03\/image-41-1.webp?resize=7%2C12&amp;ssl=1 7w, https:\/\/i0.wp.com\/trendsbystylia.com\/wp-content\/uploads\/2025\/03\/image-41-1.webp?resize=500%2C846&amp;ssl=1 500w, https:\/\/i0.wp.com\/trendsbystylia.com\/wp-content\/uploads\/2025\/03\/image-41-1.webp?resize=600%2C1015&amp;ssl=1 600w\" sizes=\"(max-width: 870px) 100vw, 870px\"><\/p><p>&nbsp;<\/p><p><img data-recalc-dims=\"1\" alt=\"\" decoding=\"async\" class=\"alignnone wp-image-5508\" src=\"https:\/\/i0.wp.com\/trendsbystylia.com\/wp-content\/uploads\/2025\/03\/image-42-1.webp?resize=871%2C1600&amp;ssl=1\" width=\"871\" height=\"1600\" srcset=\"https:\/\/i0.wp.com\/trendsbystylia.com\/wp-content\/uploads\/2025\/03\/image-42-1.webp?w=790&amp;ssl=1 790w, https:\/\/i0.wp.com\/trendsbystylia.com\/wp-content\/uploads\/2025\/03\/image-42-1.webp?resize=163%2C300&amp;ssl=1 163w, https:\/\/i0.wp.com\/trendsbystylia.com\/wp-content\/uploads\/2025\/03\/image-42-1.webp?resize=558%2C1024&amp;ssl=1 558w, https:\/\/i0.wp.com\/trendsbystylia.com\/wp-content\/uploads\/2025\/03\/image-42-1.webp?resize=768%2C1411&amp;ssl=1 768w, https:\/\/i0.wp.com\/trendsbystylia.com\/wp-content\/uploads\/2025\/03\/image-42-1.webp?resize=7%2C12&amp;ssl=1 7w, https:\/\/i0.wp.com\/trendsbystylia.com\/wp-content\/uploads\/2025\/03\/image-42-1.webp?resize=500%2C918&amp;ssl=1 500w, https:\/\/i0.wp.com\/trendsbystylia.com\/wp-content\/uploads\/2025\/03\/image-42-1.webp?resize=600%2C1102&amp;ssl=1 600w\" sizes=\"(max-width: 871px) 100vw, 871px\"><\/p><\/div>","protected":false},"excerpt":{"rendered":"<p>Temperatura constante Aquecimento inteligente sob vidro 55 graus Temperatura autom\u00e1tica ajust\u00e1vel Leite quente Artifact Dorm Copo \u00e1gua quente Temperatura constante sob vidro<\/p>","protected":false},"featured_media":5494,"comment_status":"open","ping_status":"closed","template":"","meta":{"_seopress_robots_primary_cat":"none","_seopress_titles_title":"Dessous de verre chauffant intelligent \u00e0 temp\u00e9rature constante","_seopress_titles_desc":"","_seopress_robots_index":"","_gspb_post_css":"","content-type":""},"product_brand":[],"product_cat":[104,42],"product_tag":[],"class_list":{"0":"post-4250","1":"product","2":"type-product","3":"status-publish","4":"has-post-thumbnail","6":"product_cat-maison-cuisine","7":"product_cat-high-tech","8":"product_shipping_class-hors-ue-standard","10":"first","11":"instock","12":"taxable","13":"shipping-taxable","14":"purchasable","15":"product-type-variable"},"jetpack_sharing_enabled":true,"_links":{"self":[{"href":"https:\/\/trendsbystylia.com\/pt\/wp-json\/wp\/v2\/product\/4250","targetHints":{"allow":["GET"]}}],"collection":[{"href":"https:\/\/trendsbystylia.com\/pt\/wp-json\/wp\/v2\/product"}],"about":[{"href":"https:\/\/trendsbystylia.com\/pt\/wp-json\/wp\/v2\/types\/product"}],"replies":[{"embeddable":true,"href":"https:\/\/trendsbystylia.com\/pt\/wp-json\/wp\/v2\/comments?post=4250"}],"wp:featuredmedia":[{"embeddable":true,"href":"https:\/\/trendsbystylia.com\/pt\/wp-json\/wp\/v2\/media\/5494"}],"wp:attachment":[{"href":"https:\/\/trendsbystylia.com\/pt\/wp-json\/wp\/v2\/media?parent=4250"}],"wp:term":[{"taxonomy":"product_brand","embeddable":true,"href":"https:\/\/trendsbystylia.com\/pt\/wp-json\/wp\/v2\/product_brand?post=4250"},{"taxonomy":"product_cat","embeddable":true,"href":"https:\/\/trendsbystylia.com\/pt\/wp-json\/wp\/v2\/product_cat?post=4250"},{"taxonomy":"product_tag","embeddable":true,"href":"https:\/\/trendsbystylia.com\/pt\/wp-json\/wp\/v2\/product_tag?post=4250"}],"curies":[{"name":"wp","href":"https:\/\/api.w.org\/{rel}","templated":true}]}}