{"id":4186,"date":"2025-03-07T15:42:46","date_gmt":"2025-03-07T15:42:46","guid":{"rendered":"https:\/\/trendsbystylia.com\/produit\/led-creative-rechargeable-veilleuse-chambre-chevet-lampe-de-table-de-chevet-interrupteur-tactile-dimmable-lampe-portable\/"},"modified":"2025-04-06T17:03:37","modified_gmt":"2025-04-06T17:03:37","slug":"led-creative-rechargeable-veilleuse-chambre-chevet-lampe-de-table-de-chevet-interrupteur-tactile-dimmable-lampe-portable","status":"publish","type":"product","link":"https:\/\/trendsbystylia.com\/pt\/produto\/led-creative-rechargeable-veilleuse-chambre-chevet-lampe-de-table-de-chevet-interrupteur-tactile-dimmable-lampe-portable\/","title":{"rendered":"<p>Creative Port\u00e1til Rel\u00f3gio LED Recarreg\u00e1vel Touch Switch<\/p>"},"content":{"rendered":"<p><strong>DESCRI\u00c7\u00c3O:<\/strong><p>Nome do produto: lanterna recarreg\u00e1vel 8020<\/p><p>Modelo do produto: ny-8020<\/p><p>Tamanho do produto: 12*12*22cm<\/p><p>Material do produto: ABS<\/p><p>Peso bruto: 308G<\/p><p>Insumo do produto: 5 V\/1 A<\/p><p>Contas LED: 6, luz quente<\/p><p>Pot\u00eancia do produto: 3W<\/p><p>Capacidade da bateria: 1200 Ma<\/p><p>Quantidade de embalagem: 48pcs<\/p><p>Tamanho exterior da caixa: 75*50*47 cm<\/p><p>Peso do reservat\u00f3rio completo: 14,8\/16,2 kg<\/p><p>Acess\u00f3rios do produto: uma caixa cor Ingl\u00eas<\/p><p>&nbsp;<\/p><p><img data-recalc-dims=\"1\" decoding=\"async\" src=\"https:\/\/i0.wp.com\/img.mysourcify.com\/2021\/08\/14\/e0563511a2b3ed238df4353f9a9597a8.jpg?w=1290&amp;ssl=1\"><img data-recalc-dims=\"1\" decoding=\"async\" src=\"https:\/\/i0.wp.com\/img.mysourcify.com\/2021\/08\/14\/31c642dfcd59a68e5fd22637165bcc8b.jpg?w=1290&amp;ssl=1\"><\/p><\/p>","protected":false},"excerpt":{"rendered":"<p>LED criativo recarreg\u00e1vel dormir luz mesa de cabeceira L\u00e2mpada mesa de cabeceira Interruptor de toque L\u00e2mpada port\u00e1til regul\u00e1vel<\/p>","protected":false},"featured_media":4184,"comment_status":"open","ping_status":"closed","template":"","meta":{"_seopress_robots_primary_cat":"none","_seopress_titles_title":"Veilleuse LED Creative Portable Rechargeable Interrupteur Tactile","_seopress_titles_desc":"","_seopress_robots_index":"","_seopress_analysis_target_kw":"","_gspb_post_css":"","content-type":""},"product_brand":[],"product_cat":[41,1148,40],"product_tag":[],"class_list":{"0":"post-4186","1":"product","2":"type-product","3":"status-publish","4":"has-post-thumbnail","6":"product_cat-deco","7":"product_cat-lampes-a-poser","8":"product_cat-mobilier-maison","9":"product_shipping_class-hors-ue-standard","11":"first","12":"instock","13":"taxable","14":"shipping-taxable","15":"purchasable","16":"product-type-simple"},"jetpack_sharing_enabled":true,"_links":{"self":[{"href":"https:\/\/trendsbystylia.com\/pt\/wp-json\/wp\/v2\/product\/4186","targetHints":{"allow":["GET"]}}],"collection":[{"href":"https:\/\/trendsbystylia.com\/pt\/wp-json\/wp\/v2\/product"}],"about":[{"href":"https:\/\/trendsbystylia.com\/pt\/wp-json\/wp\/v2\/types\/product"}],"replies":[{"embeddable":true,"href":"https:\/\/trendsbystylia.com\/pt\/wp-json\/wp\/v2\/comments?post=4186"}],"wp:featuredmedia":[{"embeddable":true,"href":"https:\/\/trendsbystylia.com\/pt\/wp-json\/wp\/v2\/media\/4184"}],"wp:attachment":[{"href":"https:\/\/trendsbystylia.com\/pt\/wp-json\/wp\/v2\/media?parent=4186"}],"wp:term":[{"taxonomy":"product_brand","embeddable":true,"href":"https:\/\/trendsbystylia.com\/pt\/wp-json\/wp\/v2\/product_brand?post=4186"},{"taxonomy":"product_cat","embeddable":true,"href":"https:\/\/trendsbystylia.com\/pt\/wp-json\/wp\/v2\/product_cat?post=4186"},{"taxonomy":"product_tag","embeddable":true,"href":"https:\/\/trendsbystylia.com\/pt\/wp-json\/wp\/v2\/product_tag?post=4186"}],"curies":[{"name":"wp","href":"https:\/\/api.w.org\/{rel}","templated":true}]}}