{"id":41329,"date":"2025-03-30T23:56:33","date_gmt":"2025-03-30T23:56:33","guid":{"rendered":"https:\/\/trendsbystylia.com\/?post_type=product&#038;p=41329"},"modified":"2025-03-31T21:49:20","modified_gmt":"2025-03-31T21:49:20","slug":"asus-356cm-profess-pa148ctv-hdmi-ips-spk-90lm06e0-b01170","status":"publish","type":"product","link":"https:\/\/trendsbystylia.com\/pt\/produto\/asus-356cm-profess-pa148ctv-hdmi-ips-spk-90lm06e0-b01170\/","title":{"rendered":"<p>ASUS 35,6cm Profess. PA148CTV HDMI IPS Spk. 90LM06E0-B01170<\/p>"},"content":{"rendered":"<div id=\"HTML_SPEC\" class=\"ITSs\">\n<div class=\"ITSg\">Ecr\u00e3<\/div>\n<div class=\"ITSr0\">\n<div class=\"ITSn\">Dimens\u00e3o do ecr\u00e3<\/div>\n<div class=\"ITSv\">35.6 cm<\/div>\n<\/div>\n<div class=\"ITSr1\">\n<div class=\"ITSn\">Brilho do ecr\u00e3<\/div>\n<div class=\"ITSv\">300 cd\/m2<\/div>\n<\/div>\n<div class=\"ITSr0\">\n<div class=\"ITSn\">Resolu\u00e7\u00e3o do ecr\u00e3<\/div>\n<div class=\"ITSv\">1920 x 1080 p\u00edxeis<\/div>\n<\/div>\n<div class=\"ITSr1\">\n<div class=\"ITSn\">Tipo de painel<\/div>\n<div class=\"ITSv\">IPS<\/div>\n<\/div>\n<div class=\"ITSr0\">\n<div class=\"ITSn\">Tipo HD<\/div>\n<div class=\"ITSv\">Full HD<\/div>\n<\/div>\n<div class=\"ITSr1\">\n<div class=\"ITSn\">Tecnologia de visualiza\u00e7\u00e3o<\/div>\n<div class=\"ITSv\">LED<\/div>\n<\/div>\n<div class=\"ITSr0\">\n<div class=\"ITSn\">Formato da imagem<\/div>\n<div class=\"ITSv\">169<\/div>\n<\/div>\n<div class=\"ITSr1\">\n<div class=\"ITSn\">Forma do ecr\u00e3<\/div>\n<div class=\"ITSv\">Plana<\/div>\n<\/div>\n<div class=\"ITSr0\">\n<div class=\"ITSn\">Tempo de resposta<\/div>\n<div class=\"ITSv\">5 ms<\/div>\n<\/div>\n<div class=\"ITSr1\">\n<div class=\"ITSn\">Rela\u00e7\u00e3o de contraste<\/div>\n<div class=\"ITSv\">7001<\/div>\n<\/div>\n<div class=\"ITSr0\">\n<div class=\"ITSn\">Pas de pixel<\/div>\n<div class=\"ITSv\">0.16 x 0.16 mm<\/div>\n<\/div>\n<div class=\"ITSr1\">\n<div class=\"ITSn\">\u00c2ngulo de vis\u00e3o horizontal<\/div>\n<div class=\"ITSv\">178 \u00b0<\/div>\n<\/div>\n<div class=\"ITSr0\">\n<div class=\"ITSn\">\u00c2ngulo de vis\u00e3o vertical<\/div>\n<div class=\"ITSv\">178 \u00b0<\/div>\n<\/div>\n<div class=\"ITSr1\">\n<div class=\"ITSn\">Tipo retro<\/div>\n<div class=\"ITSv\">LED<\/div>\n<\/div>\n<div class=\"ITSr0\">\n<div class=\"ITSn\">Resolu\u00e7\u00f5es gr\u00e1ficas suportadas<\/div>\n<div class=\"ITSv\">1920 x 1080 (HD 1080)<\/div>\n<\/div>\n<div class=\"ITSr1\">\n<div class=\"ITSn\">Taille visualisable horizontale<\/div>\n<div class=\"ITSv\">30.9 cm<\/div>\n<\/div>\n<div class=\"ITSr0\">\n<div class=\"ITSn\">Taille visualisable verticale<\/div>\n<div class=\"ITSv\">17.4 cm<\/div>\n<\/div>\n<div class=\"ITSr1\">\n<div class=\"ITSn\">N\u00famero de cores exibidas<\/div>\n<div class=\"ITSv\">16,7 millions de couleurs<\/div>\n<\/div>\n<div class=\"ITSg\">Conectividade<\/div>\n<div class=\"ITSr0\">\n<div class=\"ITSn\">Concentrateur USB int&eacute;gr&eacute;<\/div>\n<div class=\"ITSv\">Sim<\/div>\n<\/div>\n<div class=\"ITSr1\">\n<div class=\"ITSn\">Nombre de ports amont<\/div>\n<div class=\"ITSv\">1<\/div>\n<\/div>\n<div class=\"ITSr0\">\n<div class=\"ITSn\">HDMI<\/div>\n<div class=\"ITSv\">N\u00e3o<\/div>\n<\/div>\n<div class=\"ITSr1\">\n<div class=\"ITSn\">Micro Quantit&eacute; de ports HDMI<\/div>\n<div class=\"ITSv\">1<\/div>\n<\/div>\n<div class=\"ITSr0\">\n<div class=\"ITSn\">Porto DVI<\/div>\n<div class=\"ITSv\">N\u00e3o<\/div>\n<\/div>\n<div class=\"ITSr1\">\n<div class=\"ITSn\">Mode alternatif de DisplayPort USB de type C<\/div>\n<div class=\"ITSv\">Sim<\/div>\n<\/div>\n<div class=\"ITSr0\">\n<div class=\"ITSn\">Sa\u00edda dos auscultadores<\/div>\n<div class=\"ITSv\">N\u00e3o<\/div>\n<\/div>\n<div class=\"ITSr1\">\n<div class=\"ITSn\">Entr&eacute;e audio<\/div>\n<div class=\"ITSv\">N\u00e3o<\/div>\n<\/div>\n<div class=\"ITSg\">representa\u00e7\u00e3o\/realiza\u00e7\u00e3o<\/div>\n<div class=\"ITSr0\">\n<div class=\"ITSn\">Tecnologia do toque<\/div>\n<div class=\"ITSv\">V\u00e1rias press\u00f5es<\/div>\n<\/div>\n<div class=\"ITSr1\">\n<div class=\"ITSn\">Tecnologia do ecr\u00e3 t\u00e1ctil<\/div>\n<div class=\"ITSv\">Technologie capacitive projet&eacute;e<\/div>\n<\/div>\n<div class=\"ITSr0\">\n<div class=\"ITSn\">Tipo de ecr\u00e3 t\u00e1ctil<\/div>\n<div class=\"ITSv\">Dessus de table<\/div>\n<\/div>\n<div class=\"ITSr1\">\n<div class=\"ITSn\">Altifalantes incorporados<\/div>\n<div class=\"ITSv\">Sim<\/div>\n<\/div>\n<div class=\"ITSr0\">\n<div class=\"ITSn\">RMS pot\u00eancia nominal<\/div>\n<div class=\"ITSv\">2 W<\/div>\n<\/div>\n<div class=\"ITSr1\">\n<div class=\"ITSn\">N\u00famero de oradores<\/div>\n<div class=\"ITSv\">1<\/div>\n<\/div>\n<div class=\"ITSr0\">\n<div class=\"ITSn\">C\u00e2mara incorporada<\/div>\n<div class=\"ITSv\">N\u00e3o<\/div>\n<\/div>\n<div class=\"ITSr1\">\n<div class=\"ITSn\">Microfone incorporado<\/div>\n<div class=\"ITSv\">N\u00e3o<\/div>\n<\/div>\n<div class=\"ITSr0\">\n<div class=\"ITSn\">Technologie Low-Blue-Light<\/div>\n<div class=\"ITSv\">Sim<\/div>\n<\/div>\n<div class=\"ITSr1\">\n<div class=\"ITSn\">Couverture sRGB (max)<\/div>\n<div class=\"ITSv\">100 %<\/div>\n<\/div>\n<div class=\"ITSg\">Conce\u00e7\u00e3o<\/div>\n<div class=\"ITSr0\">\n<div class=\"ITSn\">Cor do produto<\/div>\n<div class=\"ITSv\">Preto<\/div>\n<\/div>\n<div class=\"ITSr1\">\n<div class=\"ITSn\">Couleurs pieds<\/div>\n<div class=\"ITSv\">Preto<\/div>\n<\/div>\n<div class=\"ITSr0\">\n<div class=\"ITSn\">Ch&acirc;ssis avant<\/div>\n<div class=\"ITSv\">Preto<\/div>\n<\/div>\n<div class=\"ITSg\">Peso e dimens\u00f5es<\/div>\n<div class=\"ITSr0\">\n<div class=\"ITSn\">Largura do dispositivo (suporte inclu\u00eddo)<\/div>\n<div class=\"ITSv\">326.1 mm<\/div>\n<\/div>\n<div class=\"ITSr1\">\n<div class=\"ITSn\">Profundidade (suporte inclu\u00eddo)<\/div>\n<div class=\"ITSv\">12 mm<\/div>\n<\/div>\n<div class=\"ITSr0\">\n<div class=\"ITSn\">Altura (suporte inclu\u00eddo)<\/div>\n<div class=\"ITSv\">204.4 mm<\/div>\n<\/div>\n<div class=\"ITSr1\">\n<div class=\"ITSn\">Peso (com apoio)<\/div>\n<div class=\"ITSv\">740 g<\/div>\n<\/div>\n<div class=\"ITSg\">Ergonomia<\/div>\n<div class=\"ITSr0\">\n<div class=\"ITSn\">R&eacute;glage de la hauteur<\/div>\n<div class=\"ITSv\">N\u00e3o<\/div>\n<\/div>\n<div class=\"ITSr1\">\n<div class=\"ITSn\">Porta de cabo anti-roubo<\/div>\n<div class=\"ITSv\">Sim<\/div>\n<\/div>\n<div class=\"ITSr0\">\n<div class=\"ITSn\">Tipo de local de bloqueio do cabo<\/div>\n<div class=\"ITSv\">Kensington<\/div>\n<\/div>\n<div class=\"ITSg\">Conte\u00fado da embalagem<\/div>\n<div class=\"ITSr0\">\n<div class=\"ITSn\">Cabos inclu\u00eddos<\/div>\n<div class=\"ITSv\">Micro-HDMI, USB Type-C to USB Type-A<\/div>\n<\/div>\n<div class=\"ITSg\">Outras caracter\u00edsticas<\/div>\n<div class=\"ITSr0\">\n<div class=\"ITSn\">Tipo de embalagem<\/div>\n<div class=\"ITSv\">Caixa<\/div>\n<\/div>\n<div class=\"ITSr1\">\n<div class=\"ITSn\">posi\u00e7\u00e3o no mercado<\/div>\n<div class=\"ITSv\">Conception graphique<\/div>\n<\/div>\n<div class=\"ITSg\">Informa\u00e7\u00f5es sobre a embalagem<\/div>\n<div class=\"ITSr0\">\n<div class=\"ITSn\">Largura da embalagem<\/div>\n<div class=\"ITSv\">413 mm<\/div>\n<\/div>\n<div class=\"ITSr1\">\n<div class=\"ITSn\">Profundidade da embalagem<\/div>\n<div class=\"ITSv\">90 mm<\/div>\n<\/div>\n<div class=\"ITSr0\">\n<div class=\"ITSn\">Altura da embalagem<\/div>\n<div class=\"ITSv\">342 mm<\/div>\n<\/div>\n<div class=\"ITSr1\">\n<div class=\"ITSn\">Peso da embalagem<\/div>\n<div class=\"ITSv\">2.5 kg<\/div>\n<\/div>\n<\/div>","protected":false},"excerpt":{"rendered":"<p>ASUS PA148CTV. Taille de l&rsquo;&eacute;cran 35,6 cm (14), Luminosit&eacute; de l&rsquo;&eacute;cran 300 cd\/m&sup2;, Type HD Full HD. Couleur du produit Noir, Couleurs pieds Noir, Ch&acirc;ssis avant Noir. Technologie tactile Plusieurs pressions, Technologie &eacute;cran tactile Technologie capacitive projet&eacute;e, Type d&rsquo;&eacute;cran tactile Dessus de table. Type d&rsquo;emplacement de verrouillage de c&acirc;ble Kensington. Largeur appareil (support inclus) 326,1 mm, Profondeur (support inclus) 12 mm, Hauteur (support inclus) 204,4 mm<\/p>","protected":false},"featured_media":67848,"comment_status":"open","ping_status":"closed","template":"","meta":{"_seopress_robots_primary_cat":"","_seopress_titles_title":"","_seopress_titles_desc":"","_seopress_robots_index":"","_gspb_post_css":"","content-type":"","jetpack_post_was_ever_published":false,"jetpack_publicize_message":"","jetpack_publicize_feature_enabled":true,"jetpack_social_post_already_shared":true,"jetpack_social_options":{"image_generator_settings":{"template":"highway","default_image_id":0,"font":"","enabled":false},"version":2}},"product_brand":[735],"product_cat":[1132,1029],"product_tag":[],"class_list":{"0":"post-41329","1":"product","2":"type-product","3":"status-publish","4":"has-post-thumbnail","6":"product_brand-asus","7":"product_cat-ecrans","8":"product_cat-informatique-ecrans-max-20","9":"product_shipping_class-makant-standard","10":"pa_origine-dexpedition-union-europeenne-allemagne-2","12":"first","13":"instock","14":"taxable","15":"shipping-taxable","16":"purchasable","17":"product-type-simple"},"jetpack_publicize_connections":[],"jetpack_sharing_enabled":true,"_links":{"self":[{"href":"https:\/\/trendsbystylia.com\/pt\/wp-json\/wp\/v2\/product\/41329","targetHints":{"allow":["GET"]}}],"collection":[{"href":"https:\/\/trendsbystylia.com\/pt\/wp-json\/wp\/v2\/product"}],"about":[{"href":"https:\/\/trendsbystylia.com\/pt\/wp-json\/wp\/v2\/types\/product"}],"replies":[{"embeddable":true,"href":"https:\/\/trendsbystylia.com\/pt\/wp-json\/wp\/v2\/comments?post=41329"}],"wp:featuredmedia":[{"embeddable":true,"href":"https:\/\/trendsbystylia.com\/pt\/wp-json\/wp\/v2\/media\/67848"}],"wp:attachment":[{"href":"https:\/\/trendsbystylia.com\/pt\/wp-json\/wp\/v2\/media?parent=41329"}],"wp:term":[{"taxonomy":"product_brand","embeddable":true,"href":"https:\/\/trendsbystylia.com\/pt\/wp-json\/wp\/v2\/product_brand?post=41329"},{"taxonomy":"product_cat","embeddable":true,"href":"https:\/\/trendsbystylia.com\/pt\/wp-json\/wp\/v2\/product_cat?post=41329"},{"taxonomy":"product_tag","embeddable":true,"href":"https:\/\/trendsbystylia.com\/pt\/wp-json\/wp\/v2\/product_tag?post=41329"}],"curies":[{"name":"wp","href":"https:\/\/api.w.org\/{rel}","templated":true}]}}