{"id":39915,"date":"2025-03-30T23:57:49","date_gmt":"2025-03-30T23:57:49","guid":{"rendered":"https:\/\/trendsbystylia.com\/?post_type=product&#038;p=39915"},"modified":"2025-04-06T16:28:40","modified_gmt":"2025-04-06T16:28:40","slug":"wd-500gb-mypassport-usb-3-2-gen2-grau-wdbagf5000agy-wesn","status":"publish","type":"product","link":"https:\/\/trendsbystylia.com\/pt\/produto\/wd-500gb-mypassport-usb-3-2-gen2-grau-wdbagf5000agy-wesn\/","title":{"rendered":"<p>WD 500GB MyPassport USB 3.2 Gen2 Grau WDBAGF5000AGY-WESN<\/p>"},"content":{"rendered":"<div id=\"HTML_SPEC\" class=\"ITSs\">\n<div class=\"ITSg\">General<\/div>\n<div class=\"ITSr0\">\n<div class=\"ITSn\">Tipo<\/div>\n<div class=\"ITSv\">Disco de estado s\u00f3lido<\/div>\n<\/div>\n<div class=\"ITSr1\">\n<div class=\"ITSn\">Build type (internal\/external)<\/div>\n<div class=\"ITSv\">External<\/div>\n<\/div>\n<div class=\"ITSg\">Disco r\u00edgido<\/div>\n<div class=\"ITSr0\">\n<div class=\"ITSn\">HDD type<\/div>\n<div class=\"ITSv\">NVMe<\/div>\n<\/div>\n<div class=\"ITSg\">Interfaces\/Conectividade<\/div>\n<div class=\"ITSr0\">\n<div class=\"ITSn\">External interface<\/div>\n<div class=\"ITSv\">USB 3.0<\/div>\n<\/div>\n<div class=\"ITSg\">Especifica\u00e7\u00f5es t\u00e9cnicas<\/div>\n<div class=\"ITSr0\">\n<div class=\"ITSn\">Capacidade de mem\u00f3ria<\/div>\n<div class=\"ITSv\">500 GB<\/div>\n<\/div>\n<div class=\"ITSr1\">\n<div class=\"ITSn\">Transferrate<\/div>\n<div class=\"ITSv\">1050 MB\/s<\/div>\n<\/div>\n<\/div>","protected":false},"excerpt":{"rendered":"<p>MYPASSPORT SSD 500GB Space Gray &ndash; Solid State Disk &ndash; NVMe<\/p>","protected":false},"featured_media":67895,"comment_status":"open","ping_status":"closed","template":"","meta":{"_seopress_robots_primary_cat":"","_seopress_titles_title":"","_seopress_titles_desc":"","_seopress_robots_index":"","_gspb_post_css":"","content-type":"","jetpack_post_was_ever_published":false,"jetpack_publicize_message":"","jetpack_publicize_feature_enabled":true,"jetpack_social_post_already_shared":true,"jetpack_social_options":{"image_generator_settings":{"template":"highway","default_image_id":0,"font":"","enabled":false},"version":2}},"product_brand":[783],"product_cat":[793],"product_tag":[],"class_list":{"0":"post-39915","1":"product","2":"type-product","3":"status-publish","4":"has-post-thumbnail","6":"product_brand-western-digital","7":"product_cat-memoire-disques-durs-externe","8":"product_shipping_class-makant-standard","9":"pa_origine-dexpedition-union-europeenne-allemagne-2","11":"first","12":"instock","13":"taxable","14":"shipping-taxable","15":"purchasable","16":"product-type-simple"},"jetpack_publicize_connections":[],"jetpack_sharing_enabled":true,"_links":{"self":[{"href":"https:\/\/trendsbystylia.com\/pt\/wp-json\/wp\/v2\/product\/39915","targetHints":{"allow":["GET"]}}],"collection":[{"href":"https:\/\/trendsbystylia.com\/pt\/wp-json\/wp\/v2\/product"}],"about":[{"href":"https:\/\/trendsbystylia.com\/pt\/wp-json\/wp\/v2\/types\/product"}],"replies":[{"embeddable":true,"href":"https:\/\/trendsbystylia.com\/pt\/wp-json\/wp\/v2\/comments?post=39915"}],"wp:featuredmedia":[{"embeddable":true,"href":"https:\/\/trendsbystylia.com\/pt\/wp-json\/wp\/v2\/media\/67895"}],"wp:attachment":[{"href":"https:\/\/trendsbystylia.com\/pt\/wp-json\/wp\/v2\/media?parent=39915"}],"wp:term":[{"taxonomy":"product_brand","embeddable":true,"href":"https:\/\/trendsbystylia.com\/pt\/wp-json\/wp\/v2\/product_brand?post=39915"},{"taxonomy":"product_cat","embeddable":true,"href":"https:\/\/trendsbystylia.com\/pt\/wp-json\/wp\/v2\/product_cat?post=39915"},{"taxonomy":"product_tag","embeddable":true,"href":"https:\/\/trendsbystylia.com\/pt\/wp-json\/wp\/v2\/product_tag?post=39915"}],"curies":[{"name":"wp","href":"https:\/\/api.w.org\/{rel}","templated":true}]}}