{"id":38924,"date":"2025-03-30T23:58:33","date_gmt":"2025-03-30T23:58:33","guid":{"rendered":"https:\/\/trendsbystylia.com\/?post_type=product&#038;p=38924"},"modified":"2025-04-06T15:30:37","modified_gmt":"2025-04-06T15:30:37","slug":"sony-carte-memoire-sdxc-m-tough-series-256go-uhs-ii-class-10-u3-v60-sfm256t","status":"publish","type":"product","link":"https:\/\/trendsbystylia.com\/pt\/produto\/sony-carte-memoire-sdxc-m-tough-series-256go-uhs-ii-class-10-u3-v60-sfm256t\/","title":{"rendered":"<p>Sony SDXC M Tough series 256GB UHS-II Classe 10 U3 V60 cart\u00e3o de mem\u00f3ria \u2013 SFM256T<\/p>"},"content":{"rendered":"<div id=\"HTML_SPEC\" class=\"ITSs\">\n<div class=\"ITSg\">General<\/div>\n<div class=\"ITSr0\">\n<div class=\"ITSn\">Tipo<\/div>\n<div class=\"ITSv\">Capacidade estendida SD (SDXC)<\/div>\n<\/div>\n<div class=\"ITSr1\">\n<div class=\"ITSn\">Taxa de transfer\u00eancia de dados<\/div>\n<div class=\"ITSv\">150 MB\/s<\/div>\n<\/div>\n<div class=\"ITSg\">Especifica\u00e7\u00f5es t\u00e9cnicas<\/div>\n<div class=\"ITSr0\">\n<div class=\"ITSn\">Capacidade de mem\u00f3ria<\/div>\n<div class=\"ITSv\">256 GB<\/div>\n<\/div>\n<\/div>","protected":false},"excerpt":{"rendered":"<p>O cart\u00e3o de mem\u00f3ria Sony SFM256T SDXC, parte da s\u00e9rie M Tough, foi especialmente concebido para oferecer uma fiabilidade e robustez excecionais. A sua caixa refor\u00e7ada torna-a 18 vezes mais resistente \u00e0 flex\u00e3o do que as placas padr\u00e3o, proporcionando uma prote\u00e7\u00e3o fi\u00e1vel nos ambientes mais rigorosos. Certificado IP68, \u00e9 totalmente \u00e0 prova de poeira e \u00e0 prova de \u00e1gua, o que permite uma utiliza\u00e7\u00e3o confiante. Al\u00e9m disso, com velocidades de grava\u00e7\u00e3o de at\u00e9 150 MB\/s e velocidades de reprodu\u00e7\u00e3o de 277 MB\/s atrav\u00e9s da sua interface UHS-II, \u00e9 ideal para grava\u00e7\u00e3o de v\u00eddeo 4K e explos\u00f5es fotogr\u00e1ficas de alta resolu\u00e7\u00e3o. <p>Certificado Classe 10 UHS-II U3 V60, proporciona um desempenho ideal para v\u00eddeo 4K e transfer\u00eancias de dados intensivas, cumprindo os mais elevados padr\u00f5es. A sua generosa capacidade de 256 GB proporciona amplo espa\u00e7o de armazenamento para os seus ficheiros, enquanto o seu design robusto sem ranhuras nos contactos reduz o risco de arranh\u00f5es e danos, aumentando a sua fiabilidade e vida \u00fatil. Compat\u00edvel com uma vasta gama de c\u00e2maras, c\u00e2maras e outros dispositivos equipados com uma ranhura UHS-II SDXC, o SFM256T \u00e9 o acess\u00f3rio ideal para profissionais de fotografia, vide\u00f3grafos ou aventureiros que procuram um desempenho excecional e uma grande capacidade de armazenamento.<\/p><\/p>","protected":false},"featured_media":67932,"comment_status":"open","ping_status":"closed","template":"","meta":{"_seopress_robots_primary_cat":"","_seopress_titles_title":"","_seopress_titles_desc":"","_seopress_robots_index":"","_gspb_post_css":"","content-type":"","jetpack_post_was_ever_published":false,"jetpack_publicize_message":"","jetpack_publicize_feature_enabled":true,"jetpack_social_post_already_shared":true,"jetpack_social_options":{"image_generator_settings":{"template":"highway","default_image_id":0,"font":"","enabled":false},"version":2}},"product_brand":[772],"product_cat":[1056],"product_tag":[],"class_list":{"0":"post-38924","1":"product","2":"type-product","3":"status-publish","4":"has-post-thumbnail","6":"product_brand-sony","7":"product_cat-memoire-cartes-memoires","8":"product_shipping_class-makant-standard","9":"pa_origine-dexpedition-union-europeenne-allemagne-2","11":"first","12":"instock","13":"taxable","14":"shipping-taxable","15":"purchasable","16":"product-type-simple"},"jetpack_publicize_connections":[],"jetpack_sharing_enabled":true,"_links":{"self":[{"href":"https:\/\/trendsbystylia.com\/pt\/wp-json\/wp\/v2\/product\/38924","targetHints":{"allow":["GET"]}}],"collection":[{"href":"https:\/\/trendsbystylia.com\/pt\/wp-json\/wp\/v2\/product"}],"about":[{"href":"https:\/\/trendsbystylia.com\/pt\/wp-json\/wp\/v2\/types\/product"}],"replies":[{"embeddable":true,"href":"https:\/\/trendsbystylia.com\/pt\/wp-json\/wp\/v2\/comments?post=38924"}],"wp:featuredmedia":[{"embeddable":true,"href":"https:\/\/trendsbystylia.com\/pt\/wp-json\/wp\/v2\/media\/67932"}],"wp:attachment":[{"href":"https:\/\/trendsbystylia.com\/pt\/wp-json\/wp\/v2\/media?parent=38924"}],"wp:term":[{"taxonomy":"product_brand","embeddable":true,"href":"https:\/\/trendsbystylia.com\/pt\/wp-json\/wp\/v2\/product_brand?post=38924"},{"taxonomy":"product_cat","embeddable":true,"href":"https:\/\/trendsbystylia.com\/pt\/wp-json\/wp\/v2\/product_cat?post=38924"},{"taxonomy":"product_tag","embeddable":true,"href":"https:\/\/trendsbystylia.com\/pt\/wp-json\/wp\/v2\/product_tag?post=38924"}],"curies":[{"name":"wp","href":"https:\/\/api.w.org\/{rel}","templated":true}]}}