{"id":3855,"date":"2025-03-07T14:23:11","date_gmt":"2025-03-07T14:23:11","guid":{"rendered":"https:\/\/trendsbystylia.com\/produit\/sculpture-de-meuble-tv-de-poupee-schtroumpf-de-chambre-denfant-de-dessin-anime-moderne-bureau-de-vente-salon-entree-artisanat-ornements\/"},"modified":"2025-04-06T17:08:10","modified_gmt":"2025-04-06T17:08:10","slug":"sculpture-de-meuble-tv-de-poupee-schtroumpf-de-chambre-denfant-de-dessin-anime-moderne-bureau-de-vente-salon-entree-artisanat-ornements","status":"publish","type":"product","link":"https:\/\/trendsbystylia.com\/pt\/produto\/sculpture-de-meuble-tv-de-poupee-schtroumpf-de-chambre-denfant-de-dessin-anime-moderne-bureau-de-vente-salon-entree-artisanat-ornements\/","title":{"rendered":"<p>Escultura moderna da boneca do smurf dos desenhos animados<\/p>"},"content":{"rendered":"<div id=\"offer-template-0\"><div style=\"width: 790px;\"><img data-recalc-dims=\"1\" decoding=\"async\" src=\"https:\/\/i0.wp.com\/cbu01.alicdn.com\/img\/ibank\/O1CN01oB3OMe1ShNFBnArh1_%21%212211031512278-0-cib.jpg?w=1290&amp;ssl=1\" alt=\"sup\"> <img data-recalc-dims=\"1\" decoding=\"async\" src=\"https:\/\/i0.wp.com\/cbu01.alicdn.com\/img\/ibank\/O1CN01X2hB191ShNF2MoGds_%21%212211031512278-0-cib.jpg?w=1290&amp;ssl=1\" alt=\"sup\"> <img data-recalc-dims=\"1\" decoding=\"async\" src=\"https:\/\/i0.wp.com\/cbu01.alicdn.com\/img\/ibank\/O1CN018kfb6T1ShNF9S8WXX_%21%212211031512278-0-cib.jpg?w=1290&amp;ssl=1\" alt=\"sup\"> <img data-recalc-dims=\"1\" alt=\"\" decoding=\"async\" class=\"alignnone wp-image-5587 size-full\" src=\"https:\/\/i0.wp.com\/trendsbystylia.com\/wp-content\/uploads\/2025\/03\/image-102.webp?resize=1080%2C657&amp;ssl=1\" width=\"1080\" height=\"657\" srcset=\"https:\/\/i0.wp.com\/trendsbystylia.com\/wp-content\/uploads\/2025\/03\/image-102.webp?w=1080&amp;ssl=1 1080w, https:\/\/i0.wp.com\/trendsbystylia.com\/wp-content\/uploads\/2025\/03\/image-102.webp?resize=300%2C183&amp;ssl=1 300w, https:\/\/i0.wp.com\/trendsbystylia.com\/wp-content\/uploads\/2025\/03\/image-102.webp?resize=1024%2C623&amp;ssl=1 1024w, https:\/\/i0.wp.com\/trendsbystylia.com\/wp-content\/uploads\/2025\/03\/image-102.webp?resize=768%2C467&amp;ssl=1 768w, https:\/\/i0.wp.com\/trendsbystylia.com\/wp-content\/uploads\/2025\/03\/image-102.webp?resize=18%2C12&amp;ssl=1 18w, https:\/\/i0.wp.com\/trendsbystylia.com\/wp-content\/uploads\/2025\/03\/image-102.webp?resize=600%2C365&amp;ssl=1 600w\" sizes=\"(max-width: 1080px) 100vw, 1080px\">&nbsp;<img data-recalc-dims=\"1\" decoding=\"async\" src=\"https:\/\/i0.wp.com\/cbu01.alicdn.com\/img\/ibank\/O1CN01dQjNJx1ShNFA2ac64_%21%212211031512278-0-cib.jpg?w=1290&amp;ssl=1\" alt=\"sup\"> <img data-recalc-dims=\"1\" decoding=\"async\" src=\"https:\/\/i0.wp.com\/cbu01.alicdn.com\/img\/ibank\/O1CN01sZAehz1ShNF7fs9JJ_%21%212211031512278-0-cib.jpg?w=1290&amp;ssl=1\" alt=\"sup\"> <img data-recalc-dims=\"1\" decoding=\"async\" src=\"https:\/\/i0.wp.com\/cbu01.alicdn.com\/img\/ibank\/O1CN01aDWzE11ShNF7RsA5n_%21%212211031512278-0-cib.jpg?w=1290&amp;ssl=1\" alt=\"sup\"> <img data-recalc-dims=\"1\" decoding=\"async\" src=\"https:\/\/i0.wp.com\/cbu01.alicdn.com\/img\/ibank\/O1CN01PJ5ezn1ShNF8q7u7O_%21%212211031512278-0-cib.jpg?w=1290&amp;ssl=1\" alt=\"sup\"> <img data-recalc-dims=\"1\" decoding=\"async\" src=\"https:\/\/i0.wp.com\/cbu01.alicdn.com\/img\/ibank\/O1CN010tZeoT1ShNFCJb0WY_%21%212211031512278-0-cib.jpg?w=1290&amp;ssl=1\" alt=\"sup\"> <img data-recalc-dims=\"1\" decoding=\"async\" src=\"https:\/\/i0.wp.com\/cbu01.alicdn.com\/img\/ibank\/O1CN01qllakS1ShNF7RtZSn_%21%212211031512278-0-cib.jpg?w=1290&amp;ssl=1\" alt=\"sup\"> <img data-recalc-dims=\"1\" decoding=\"async\" src=\"https:\/\/i0.wp.com\/cbu01.alicdn.com\/img\/ibank\/O1CN01Lsj4aO1ShNF8xNdD0_%21%212211031512278-0-cib.jpg?w=1290&amp;ssl=1\" alt=\"sup\"><\/div><\/div>","protected":false},"excerpt":{"rendered":"<p>Escultura do moderno quarto de desenho animado para crian\u00e7as Arm\u00e1rio de bonecas Smurf TV, escrit\u00f3rio de vendas, sala de estar, entrada, artesanato, ornamentos<\/p>","protected":false},"featured_media":3906,"comment_status":"open","ping_status":"closed","template":"","meta":{"_seopress_robots_primary_cat":"none","_seopress_titles_title":"","_seopress_titles_desc":"","_seopress_robots_index":"","_gspb_post_css":"","content-type":"","jetpack_post_was_ever_published":false,"jetpack_publicize_message":"","jetpack_publicize_feature_enabled":true,"jetpack_social_post_already_shared":true,"jetpack_social_options":{"image_generator_settings":{"template":"highway","default_image_id":0,"font":"","enabled":false},"version":2}},"location":[],"product_brand":[],"product_cat":[41,1147],"product_tag":[],"class_list":{"0":"post-3855","1":"product","2":"type-product","3":"status-publish","4":"has-post-thumbnail","6":"product_cat-deco","7":"product_cat-objets","8":"product_shipping_class-hors-ue-standard","10":"first","11":"instock","12":"taxable","13":"shipping-taxable","14":"purchasable","15":"product-type-variable"},"jetpack_publicize_connections":[],"locations":[],"jetpack_sharing_enabled":true,"_links":{"self":[{"href":"https:\/\/trendsbystylia.com\/pt\/wp-json\/wp\/v2\/product\/3855","targetHints":{"allow":["GET"]}}],"collection":[{"href":"https:\/\/trendsbystylia.com\/pt\/wp-json\/wp\/v2\/product"}],"about":[{"href":"https:\/\/trendsbystylia.com\/pt\/wp-json\/wp\/v2\/types\/product"}],"replies":[{"embeddable":true,"href":"https:\/\/trendsbystylia.com\/pt\/wp-json\/wp\/v2\/comments?post=3855"}],"wp:featuredmedia":[{"embeddable":true,"href":"https:\/\/trendsbystylia.com\/pt\/wp-json\/wp\/v2\/media\/3906"}],"wp:attachment":[{"href":"https:\/\/trendsbystylia.com\/pt\/wp-json\/wp\/v2\/media?parent=3855"}],"wp:term":[{"taxonomy":"location","embeddable":true,"href":"https:\/\/trendsbystylia.com\/pt\/wp-json\/wp\/v2\/location?post=3855"},{"taxonomy":"product_brand","embeddable":true,"href":"https:\/\/trendsbystylia.com\/pt\/wp-json\/wp\/v2\/product_brand?post=3855"},{"taxonomy":"product_cat","embeddable":true,"href":"https:\/\/trendsbystylia.com\/pt\/wp-json\/wp\/v2\/product_cat?post=3855"},{"taxonomy":"product_tag","embeddable":true,"href":"https:\/\/trendsbystylia.com\/pt\/wp-json\/wp\/v2\/product_tag?post=3855"}],"curies":[{"name":"wp","href":"https:\/\/api.w.org\/{rel}","templated":true}]}}