{"id":38412,"date":"2025-03-31T00:00:00","date_gmt":"2025-03-31T00:00:00","guid":{"rendered":"https:\/\/trendsbystylia.com\/?post_type=product&#038;p=38412"},"modified":"2025-04-04T22:19:57","modified_gmt":"2025-04-04T22:19:57","slug":"tp-link-deco-m4-wlan-system-desktop-deco-m43-pack","status":"publish","type":"product","link":"https:\/\/trendsbystylia.com\/pt\/produto\/tp-link-deco-m4-wlan-system-desktop-deco-m43-pack\/","title":{"rendered":"<p>TP-Link DECO M4 WLAN-System Desktop DECO M4(3-PACK)<\/p>"},"content":{"rendered":"<div id=\"HTML_SPEC\" class=\"ITSs\">\n<div class=\"ITSg\">General<\/div>\n<div class=\"ITSr0\">\n<div class=\"ITSn\">Tipo<\/div>\n<div class=\"ITSv\">Access Point<\/div>\n<\/div>\n<div class=\"ITSr1\">\n<div class=\"ITSn\">Quantidade<\/div>\n<div class=\"ITSv\">3o<\/div>\n<\/div>\n<div class=\"ITSg\">Interfaces\/Conectividade<\/div>\n<div class=\"ITSr0\">\n<div class=\"ITSn\">Interfaces universais<\/div>\n<div class=\"ITSv\">Bluetooth<\/div>\n<\/div>\n<div class=\"ITSg\">Network<\/div>\n<div class=\"ITSr0\">\n<div class=\"ITSn\">network protocol<\/div>\n<div class=\"ITSv\">IPv6<\/div>\n<\/div>\n<div class=\"ITSr1\">\n<div class=\"ITSn\">Network standards<\/div>\n<div class=\"ITSv\">WLAN<\/div>\n<\/div>\n<div class=\"ITSr0\">\n<div class=\"ITSn\">Network ports<\/div>\n<div class=\"ITSv\">RJ-45<\/div>\n<\/div>\n<div class=\"ITSg\">Especifica\u00e7\u00f5es t\u00e9cnicas<\/div>\n<div class=\"ITSr0\">\n<div class=\"ITSn\">M\u00e9dia<\/div>\n<div class=\"ITSv\">WLAN<\/div>\n<\/div>\n<div class=\"ITSr1\">\n<div class=\"ITSn\">Transmission rate<\/div>\n<div class=\"ITSv\">0,867 Gbps<\/div>\n<\/div>\n<div class=\"ITSr0\">\n<div class=\"ITSn\">Wireless technologie<\/div>\n<div class=\"ITSv\">Sem fio<\/div>\n<\/div>\n<div class=\"ITSr1\">\n<div class=\"ITSn\">Sistemas operativos<\/div>\n<div class=\"ITSv\">Android 4.4 KitKat Android 5.0 Lollipop Android 6.0 Marshmallow Android 7.0 Nougat Android 8.0 Oreo Androis 9.0 Pie Apple iOS<\/div>\n<\/div>\n<div class=\"ITSg\">Compatibilidade<\/div>\n<div class=\"ITSr0\">\n<div class=\"ITSn\">Marcas compat\u00edveis<\/div>\n<div class=\"ITSv\">TP-LINK<\/div>\n<\/div>\n<div class=\"ITSg\">Measurements \/ weight<\/div>\n<div class=\"ITSr0\">\n<div class=\"ITSn\">Measurements<\/div>\n<div class=\"ITSv\">190,5 x 90,7 x 90,7 mm<\/div>\n<\/div>\n<\/div>","protected":false},"excerpt":{"rendered":"<p>Deco M4(3-pack) &ndash; Wi-Fi 5 (802.11ac) &ndash; Bi-bande (2,4 GHz \/ 5 GHz) &ndash; Ethernet\/LAN &ndash; Noir &ndash; Blanc &ndash; Routeur<\/p>","protected":false},"featured_media":67980,"comment_status":"open","ping_status":"closed","template":"","meta":{"_seopress_robots_primary_cat":"","_seopress_titles_title":"","_seopress_titles_desc":"","_seopress_robots_index":"","_gspb_post_css":"","content-type":"","jetpack_post_was_ever_published":false,"jetpack_publicize_message":"","jetpack_publicize_feature_enabled":true,"jetpack_social_post_already_shared":true,"jetpack_social_options":{"image_generator_settings":{"template":"highway","default_image_id":0,"font":"","enabled":false},"version":2}},"product_brand":[729],"product_cat":[725],"product_tag":[],"class_list":{"0":"post-38412","1":"product","2":"type-product","3":"status-publish","4":"has-post-thumbnail","6":"product_brand-tp-link","7":"product_cat-routeurs","8":"product_shipping_class-makant-standard","9":"pa_origine-dexpedition-union-europeenne-allemagne-2","11":"first","12":"instock","13":"taxable","14":"shipping-taxable","15":"purchasable","16":"product-type-simple"},"jetpack_publicize_connections":[],"jetpack_sharing_enabled":true,"_links":{"self":[{"href":"https:\/\/trendsbystylia.com\/pt\/wp-json\/wp\/v2\/product\/38412","targetHints":{"allow":["GET"]}}],"collection":[{"href":"https:\/\/trendsbystylia.com\/pt\/wp-json\/wp\/v2\/product"}],"about":[{"href":"https:\/\/trendsbystylia.com\/pt\/wp-json\/wp\/v2\/types\/product"}],"replies":[{"embeddable":true,"href":"https:\/\/trendsbystylia.com\/pt\/wp-json\/wp\/v2\/comments?post=38412"}],"wp:featuredmedia":[{"embeddable":true,"href":"https:\/\/trendsbystylia.com\/pt\/wp-json\/wp\/v2\/media\/67980"}],"wp:attachment":[{"href":"https:\/\/trendsbystylia.com\/pt\/wp-json\/wp\/v2\/media?parent=38412"}],"wp:term":[{"taxonomy":"product_brand","embeddable":true,"href":"https:\/\/trendsbystylia.com\/pt\/wp-json\/wp\/v2\/product_brand?post=38412"},{"taxonomy":"product_cat","embeddable":true,"href":"https:\/\/trendsbystylia.com\/pt\/wp-json\/wp\/v2\/product_cat?post=38412"},{"taxonomy":"product_tag","embeddable":true,"href":"https:\/\/trendsbystylia.com\/pt\/wp-json\/wp\/v2\/product_tag?post=38412"}],"curies":[{"name":"wp","href":"https:\/\/api.w.org\/{rel}","templated":true}]}}