{"id":36188,"date":"2025-03-31T00:01:12","date_gmt":"2025-03-31T00:01:12","guid":{"rendered":"https:\/\/trendsbystylia.com\/?post_type=product&#038;p=36188"},"modified":"2025-03-31T21:39:11","modified_gmt":"2025-03-31T21:39:11","slug":"eizo-68-0cm-27169-dvihdmi2xdpusb-ips-bl-ev2760-bk","status":"publish","type":"product","link":"https:\/\/trendsbystylia.com\/pt\/produto\/eizo-68-0cm-27169-dvihdmi2xdpusb-ips-bl-ev2760-bk\/","title":{"rendered":"<p>EIZO 68,0cm (27)169 DVI+HDMI+2xDP+USB IPS bl EV2760-BK<\/p>"},"content":{"rendered":"<div id=\"HTML_SPEC\" class=\"ITSs\">\n<div class=\"ITSg\">Informa\u00e7\u00f5es sobre a embalagem<\/div>\n<div class=\"ITSr0\">\n<div class=\"ITSn\">Cabos inclu\u00eddos<\/div>\n<div class=\"ITSv\">AC,DisplayPort,USB<\/div>\n<\/div>\n<div class=\"ITSg\">Conectividade<\/div>\n<div class=\"ITSr0\">\n<div class=\"ITSn\">Vers\u00e3o HDMI<\/div>\n<div class=\"ITSv\">1.4<\/div>\n<\/div>\n<div class=\"ITSr1\">\n<div class=\"ITSn\">Quantit&eacute; de ports DVI-D<\/div>\n<div class=\"ITSv\">1<\/div>\n<\/div>\n<div class=\"ITSr0\">\n<div class=\"ITSn\">HDCP<\/div>\n<div class=\"ITSv\">Sim<\/div>\n<\/div>\n<div class=\"ITSr1\">\n<div class=\"ITSn\">Entr&eacute;e audio<\/div>\n<div class=\"ITSv\">Sim<\/div>\n<\/div>\n<div class=\"ITSr0\">\n<div class=\"ITSn\">Quantidade de portas HDMI<\/div>\n<div class=\"ITSv\">1<\/div>\n<\/div>\n<div class=\"ITSr1\">\n<div class=\"ITSn\">Liga\u00e7\u00e3o para auscultadores<\/div>\n<div class=\"ITSv\">3,5 mm<\/div>\n<\/div>\n<div class=\"ITSr0\">\n<div class=\"ITSn\">Porto DVI<\/div>\n<div class=\"ITSv\">Sim<\/div>\n<\/div>\n<div class=\"ITSr1\">\n<div class=\"ITSn\">Type de porte USB amont<\/div>\n<div class=\"ITSv\">USB Type-B<\/div>\n<\/div>\n<div class=\"ITSr0\">\n<div class=\"ITSn\">Version du concentrateur USB<\/div>\n<div class=\"ITSv\">3.2 Gen 1 (3.1 Gen 1)<\/div>\n<\/div>\n<div class=\"ITSr1\">\n<div class=\"ITSn\">HDMI<\/div>\n<div class=\"ITSv\">Sim<\/div>\n<\/div>\n<div class=\"ITSr0\">\n<div class=\"ITSn\">Sa\u00edda dos auscultadores<\/div>\n<div class=\"ITSv\">Sim<\/div>\n<\/div>\n<div class=\"ITSr1\">\n<div class=\"ITSn\">Quantit&eacute; de ports avals USB de type A<\/div>\n<div class=\"ITSv\">4<\/div>\n<\/div>\n<div class=\"ITSr0\">\n<div class=\"ITSn\">Quantidade de interface DisplayPorts<\/div>\n<div class=\"ITSv\">2<\/div>\n<\/div>\n<div class=\"ITSr1\">\n<div class=\"ITSn\">Concentrateur USB int&eacute;gr&eacute;<\/div>\n<div class=\"ITSv\">Sim<\/div>\n<\/div>\n<div class=\"ITSr0\">\n<div class=\"ITSn\">Nombre de ports amont<\/div>\n<div class=\"ITSv\">1<\/div>\n<\/div>\n<div class=\"ITSg\">Pot\u00eancia<\/div>\n<div class=\"ITSr0\">\n<div class=\"ITSn\">Classe d&rsquo;efficacit&eacute; &eacute;nerg&eacute;tique<\/div>\n<div class=\"ITSv\">A+<\/div>\n<\/div>\n<div class=\"ITSr1\">\n<div class=\"ITSn\">Tens\u00e3o de entrada CA<\/div>\n<div class=\"ITSv\">100 \u2013 240 V<\/div>\n<\/div>\n<div class=\"ITSr0\">\n<div class=\"ITSn\">Consommation annuelle d&rsquo;&eacute;nergie<\/div>\n<div class=\"ITSv\">25 kWh<\/div>\n<\/div>\n<div class=\"ITSr1\">\n<div class=\"ITSn\">Consumo de energia (modo de vig\u00edlia)<\/div>\n<div class=\"ITSv\">0,5 W<\/div>\n<\/div>\n<div class=\"ITSr0\">\n<div class=\"ITSn\">Frequ\u00eancia de entrada CA<\/div>\n<div class=\"ITSv\">50\/60 Hz<\/div>\n<\/div>\n<div class=\"ITSr1\">\n<div class=\"ITSn\">Consumo t\u00edpico de energia<\/div>\n<div class=\"ITSv\">17 W<\/div>\n<\/div>\n<div class=\"ITSg\">Conce\u00e7\u00e3o<\/div>\n<div class=\"ITSr0\">\n<div class=\"ITSn\">Conformit&eacute; RoHS<\/div>\n<div class=\"ITSv\">Sim<\/div>\n<\/div>\n<div class=\"ITSr1\">\n<div class=\"ITSn\">Certifica\u00e7\u00e3o<\/div>\n<div class=\"ITSv\">CE, CB, TCO certified 8.0, EPA Energy Star, T&Uuml;V \/ GS, T&Uuml;V ergonomics tested (including ISO 9241-307), T&Uuml;V \/ Blue Low Light Content, T&Uuml;V \/ Flicker Free, EPEAT 2018 (US), cT&Uuml;Vus, T&Uuml;V \/ S , EAC, PSE, FCC-B, CAN ICES-3 (B), RCM, VCCI-B, BSMI, BIS, CCC, RoHS, China RoHS, India RoHS, WEEE<\/div>\n<\/div>\n<div class=\"ITSr0\">\n<div class=\"ITSn\">posi\u00e7\u00e3o no mercado<\/div>\n<div class=\"ITSv\">Professionnel<\/div>\n<\/div>\n<div class=\"ITSr1\">\n<div class=\"ITSn\">Cor do produto<\/div>\n<div class=\"ITSv\">Preto<\/div>\n<\/div>\n<div class=\"ITSg\">multim\u00e9dia<\/div>\n<div class=\"ITSr0\">\n<div class=\"ITSn\">C\u00e2mara incorporada<\/div>\n<div class=\"ITSv\">N\u00e3o<\/div>\n<\/div>\n<div class=\"ITSr1\">\n<div class=\"ITSn\">Altifalantes incorporados<\/div>\n<div class=\"ITSv\">Sim<\/div>\n<\/div>\n<div class=\"ITSg\">Ergonomia<\/div>\n<div class=\"ITSr0\">\n<div class=\"ITSn\">Ecr\u00e3 no ecr\u00e3 (OSD)<\/div>\n<div class=\"ITSv\">Sim<\/div>\n<\/div>\n<div class=\"ITSr1\">\n<div class=\"ITSn\">Montagem VESA<\/div>\n<div class=\"ITSv\">Sim<\/div>\n<\/div>\n<div class=\"ITSr0\">\n<div class=\"ITSn\">Porta de cabo anti-roubo<\/div>\n<div class=\"ITSv\">Sim<\/div>\n<\/div>\n<div class=\"ITSr1\">\n<div class=\"ITSn\">Norma VESA<\/div>\n<div class=\"ITSv\">100 x 100 mm<\/div>\n<\/div>\n<div class=\"ITSr0\">\n<div class=\"ITSn\">Plage de l&rsquo;angle d&rsquo;oscillation<\/div>\n<div class=\"ITSv\">-172 &ndash; 172 &deg;<\/div>\n<\/div>\n<div class=\"ITSr1\">\n<div class=\"ITSn\">\u00c2ngulo de rota\u00e7\u00e3o<\/div>\n<div class=\"ITSv\">-90 &ndash; 90 &deg;<\/div>\n<\/div>\n<div class=\"ITSr0\">\n<div class=\"ITSn\">Regula\u00e7\u00e3o da inclina\u00e7\u00e3o<\/div>\n<div class=\"ITSv\">Sim<\/div>\n<\/div>\n<div class=\"ITSr1\">\n<div class=\"ITSn\">Ecr\u00e3 multilingue no ecr\u00e3<\/div>\n<div class=\"ITSv\">German, English, Spanish, French, Italian, Swedish<\/div>\n<\/div>\n<div class=\"ITSr0\">\n<div class=\"ITSn\">Pivot<\/div>\n<div class=\"ITSv\">Sim<\/div>\n<\/div>\n<div class=\"ITSr1\">\n<div class=\"ITSn\">R&eacute;glage de la hauteur<\/div>\n<div class=\"ITSv\">16.9 cm<\/div>\n<\/div>\n<div class=\"ITSr0\">\n<div class=\"ITSn\">\u00c2ngulo do calcanhar<\/div>\n<div class=\"ITSv\">-5 &ndash; 35 &deg;<\/div>\n<\/div>\n<div class=\"ITSr1\">\n<div class=\"ITSn\">Pivotant<\/div>\n<div class=\"ITSv\">Sim<\/div>\n<\/div>\n<div class=\"ITSg\">representa\u00e7\u00e3o\/realiza\u00e7\u00e3o<\/div>\n<div class=\"ITSr0\">\n<div class=\"ITSn\">Technologie sans scintillement<\/div>\n<div class=\"ITSv\">Sim<\/div>\n<\/div>\n<div class=\"ITSr1\">\n<div class=\"ITSn\">AMD FreeSync<\/div>\n<div class=\"ITSv\">N\u00e3o<\/div>\n<\/div>\n<div class=\"ITSr0\">\n<div class=\"ITSn\">NVIDIA G-SYNC<\/div>\n<div class=\"ITSv\">N\u00e3o<\/div>\n<\/div>\n<div class=\"ITSg\">Ecr\u00e3<\/div>\n<div class=\"ITSr0\">\n<div class=\"ITSn\">N\u00famero de cores exibidas<\/div>\n<div class=\"ITSv\">16,78 milh\u00f5es de cores<\/div>\n<\/div>\n<div class=\"ITSr1\">\n<div class=\"ITSn\">Taille visualisable verticale<\/div>\n<div class=\"ITSv\">33.6 cm<\/div>\n<\/div>\n<div class=\"ITSr0\">\n<div class=\"ITSn\">Tipo de painel<\/div>\n<div class=\"ITSv\">IPS<\/div>\n<\/div>\n<div class=\"ITSr1\">\n<div class=\"ITSn\">Dimens\u00e3o do ecr\u00e3<\/div>\n<div class=\"ITSv\">68.6 cm<\/div>\n<\/div>\n<div class=\"ITSr0\">\n<div class=\"ITSn\">Taux de d&rsquo;actualisation maximal<\/div>\n<div class=\"ITSv\">60 Hz<\/div>\n<\/div>\n<div class=\"ITSr1\">\n<div class=\"ITSn\">\u00c2ngulo de vis\u00e3o horizontal<\/div>\n<div class=\"ITSv\">178 \u00b0<\/div>\n<\/div>\n<div class=\"ITSr0\">\n<div class=\"ITSn\">Tempo de resposta<\/div>\n<div class=\"ITSv\">5 ms<\/div>\n<\/div>\n<div class=\"ITSr1\">\n<div class=\"ITSn\">Taille visualisable horizontale<\/div>\n<div class=\"ITSv\">59.7 cm<\/div>\n<\/div>\n<div class=\"ITSr0\">\n<div class=\"ITSn\">Dom\u00ednio da digitaliza\u00e7\u00e3o horizontal<\/div>\n<div class=\"ITSv\">31 &ndash; 89 kHz<\/div>\n<\/div>\n<div class=\"ITSr1\">\n<div class=\"ITSn\">Formato da imagem<\/div>\n<div class=\"ITSv\">169<\/div>\n<\/div>\n<div class=\"ITSr0\">\n<div class=\"ITSn\">Brilho do ecr\u00e3 (t\u00edpico)<\/div>\n<div class=\"ITSv\">350 cd\/m2<\/div>\n<\/div>\n<div class=\"ITSr1\">\n<div class=\"ITSn\">Rela\u00e7\u00e3o de contraste<\/div>\n<div class=\"ITSv\">10001<\/div>\n<\/div>\n<div class=\"ITSr0\">\n<div class=\"ITSn\">sRGB<\/div>\n<div class=\"ITSv\">Sim<\/div>\n<\/div>\n<div class=\"ITSr1\">\n<div class=\"ITSn\">Tecnologia de visualiza\u00e7\u00e3o<\/div>\n<div class=\"ITSv\">LED<\/div>\n<\/div>\n<div class=\"ITSr0\">\n<div class=\"ITSn\">Resolu\u00e7\u00e3o do ecr\u00e3<\/div>\n<div class=\"ITSv\">2560 x 1440 p\u00edxeis<\/div>\n<\/div>\n<div class=\"ITSr1\">\n<div class=\"ITSn\">Frequ\u00eancia de varrimento vertical<\/div>\n<div class=\"ITSv\">59 &ndash; 61 Hz<\/div>\n<\/div>\n<div class=\"ITSr0\">\n<div class=\"ITSn\">Forma do ecr\u00e3<\/div>\n<div class=\"ITSv\">Plana<\/div>\n<\/div>\n<div class=\"ITSr1\">\n<div class=\"ITSn\">Compatibilidade 3D<\/div>\n<div class=\"ITSv\">N\u00e3o<\/div>\n<\/div>\n<div class=\"ITSr0\">\n<div class=\"ITSn\">Tipo HD<\/div>\n<div class=\"ITSv\">Quad HD<\/div>\n<\/div>\n<div class=\"ITSr1\">\n<div class=\"ITSn\">Resolu\u00e7\u00f5es gr\u00e1ficas suportadas<\/div>\n<div class=\"ITSv\">2560 x 1440<\/div>\n<\/div>\n<div class=\"ITSr0\">\n<div class=\"ITSn\">\u00c2ngulo de vis\u00e3o vertical<\/div>\n<div class=\"ITSv\">178 \u00b0<\/div>\n<\/div>\n<div class=\"ITSg\">Outras caracter\u00edsticas<\/div>\n<div class=\"ITSr0\">\n<div class=\"ITSn\">Bot\u00e3o de ligar\/desligar incorporado<\/div>\n<div class=\"ITSv\">Sim<\/div>\n<\/div>\n<div class=\"ITSr1\">\n<div class=\"ITSn\">Manual do utilizador<\/div>\n<div class=\"ITSv\">Sim<\/div>\n<\/div>\n<div class=\"ITSr0\">\n<div class=\"ITSn\">Consumo (m\u00e1x.)<\/div>\n<div class=\"ITSv\">67 W<\/div>\n<\/div>\n<div class=\"ITSr1\">\n<div class=\"ITSn\">Synthoniseur TV int&eacute;gr&eacute;<\/div>\n<div class=\"ITSv\">N\u00e3o<\/div>\n<\/div>\n<div class=\"ITSr0\">\n<div class=\"ITSn\">Guia de Introdu\u00e7\u00e3o R\u00e1pida<\/div>\n<div class=\"ITSv\">Sim<\/div>\n<\/div>\n<div class=\"ITSg\">Peso e dimens\u00f5es<\/div>\n<div class=\"ITSr0\">\n<div class=\"ITSn\">Peso<\/div>\n<div class=\"ITSv\">5.7 kg<\/div>\n<\/div>\n<div class=\"ITSr1\">\n<div class=\"ITSn\">Profundidade<\/div>\n<div class=\"ITSv\">53.7 mm<\/div>\n<\/div>\n<div class=\"ITSr0\">\n<div class=\"ITSn\">Altura<\/div>\n<div class=\"ITSv\">364.4 mm<\/div>\n<\/div>\n<div class=\"ITSr1\">\n<div class=\"ITSn\">Largura<\/div>\n<div class=\"ITSv\">611.7 mm<\/div>\n<\/div>\n<div class=\"ITSr0\">\n<div class=\"ITSn\">Profundidade (suporte inclu\u00eddo)<\/div>\n<div class=\"ITSv\">230 mm<\/div>\n<\/div>\n<div class=\"ITSr1\">\n<div class=\"ITSn\">Largura do dispositivo (suporte inclu\u00eddo)<\/div>\n<div class=\"ITSv\">611.7 mm<\/div>\n<\/div>\n<div class=\"ITSr0\">\n<div class=\"ITSn\">Peso (com apoio)<\/div>\n<div class=\"ITSv\">8.5 kg<\/div>\n<\/div>\n<div class=\"ITSr1\">\n<div class=\"ITSn\">Altura (suporte inclu\u00eddo)<\/div>\n<div class=\"ITSv\">376.3 mm<\/div>\n<\/div>\n<\/div>","protected":false},"excerpt":{"rendered":"<p>EIZO FlexScan EV2760-BK. Taille de l&rsquo;&eacute;cran 68,6 cm (27), R&eacute;solution de l&rsquo;&eacute;cran 2560 x 1440 pixels, Type HD Quad HD, Technologie d&rsquo;affichage LED, Temps de r&eacute;ponse 5 ms, Format d&rsquo;image 169, Angle de vision horizontal 178&deg;, Angle de vision vertical 178&deg;. Haut-parleurs int&eacute;gr&eacute;s. Concentrateur USB int&eacute;gr&eacute;, Version du concentrateur USB 3.2 Gen 1 (3.1 Gen 1). Montage VESA, R&eacute;glage de la hauteur. Couleur du produit Noir<\/p>","protected":false},"featured_media":68055,"comment_status":"open","ping_status":"closed","template":"","meta":{"_seopress_robots_primary_cat":"","_seopress_titles_title":"","_seopress_titles_desc":"","_seopress_robots_index":"","_gspb_post_css":"","content-type":"","jetpack_post_was_ever_published":false,"jetpack_publicize_message":"","jetpack_publicize_feature_enabled":true,"jetpack_social_post_already_shared":true,"jetpack_social_options":{"image_generator_settings":{"template":"highway","default_image_id":0,"font":"","enabled":false},"version":2}},"product_brand":[1084],"product_cat":[1132,736],"product_tag":[],"class_list":{"0":"post-36188","1":"product","2":"type-product","3":"status-publish","4":"has-post-thumbnail","6":"product_brand-eizo","7":"product_cat-ecrans","8":"product_cat-informatique-ecrans-27-29","9":"product_shipping_class-makant-standard","10":"pa_origine-dexpedition-union-europeenne-allemagne-2","12":"first","13":"instock","14":"taxable","15":"shipping-taxable","16":"purchasable","17":"product-type-simple"},"jetpack_publicize_connections":[],"jetpack_sharing_enabled":true,"_links":{"self":[{"href":"https:\/\/trendsbystylia.com\/pt\/wp-json\/wp\/v2\/product\/36188","targetHints":{"allow":["GET"]}}],"collection":[{"href":"https:\/\/trendsbystylia.com\/pt\/wp-json\/wp\/v2\/product"}],"about":[{"href":"https:\/\/trendsbystylia.com\/pt\/wp-json\/wp\/v2\/types\/product"}],"replies":[{"embeddable":true,"href":"https:\/\/trendsbystylia.com\/pt\/wp-json\/wp\/v2\/comments?post=36188"}],"wp:featuredmedia":[{"embeddable":true,"href":"https:\/\/trendsbystylia.com\/pt\/wp-json\/wp\/v2\/media\/68055"}],"wp:attachment":[{"href":"https:\/\/trendsbystylia.com\/pt\/wp-json\/wp\/v2\/media?parent=36188"}],"wp:term":[{"taxonomy":"product_brand","embeddable":true,"href":"https:\/\/trendsbystylia.com\/pt\/wp-json\/wp\/v2\/product_brand?post=36188"},{"taxonomy":"product_cat","embeddable":true,"href":"https:\/\/trendsbystylia.com\/pt\/wp-json\/wp\/v2\/product_cat?post=36188"},{"taxonomy":"product_tag","embeddable":true,"href":"https:\/\/trendsbystylia.com\/pt\/wp-json\/wp\/v2\/product_tag?post=36188"}],"curies":[{"name":"wp","href":"https:\/\/api.w.org\/{rel}","templated":true}]}}