{"id":3588,"date":"2025-03-06T21:38:00","date_gmt":"2025-03-06T21:38:00","guid":{"rendered":"https:\/\/trendsbystylia.com\/produit\/etui-de-protection-en-cuir-pour-casque-bluetooth-de-deuxieme-et-troisieme-generation\/"},"modified":"2025-04-06T18:48:58","modified_gmt":"2025-04-06T18:48:58","slug":"etui-de-protection-en-cuir-pour-casque-bluetooth-de-deuxieme-et-troisieme-generation","status":"publish","type":"product","link":"https:\/\/trendsbystylia.com\/pt\/produto\/etui-de-protection-en-cuir-pour-casque-bluetooth-de-deuxieme-et-troisieme-generation\/","title":{"rendered":"<p>Estojo protetor de couro para auscultadores Bluetooth de segunda e terceira gera\u00e7\u00e3o<\/p>"},"content":{"rendered":"<p><span style=\"vertical-align: inherit;\"> <span style=\"vertical-align: inherit;\">Informa\u00e7\u00f5es sobre o produto:<\/span> <\/span><p><span style=\"vertical-align: inherit;\"> <span style=\"vertical-align: inherit;\">Cor: cinzento, vermelho, preto, alaranjado, verde, amarelo, cor-de-rosa<\/span> <\/span><\/p><p><span style=\"vertical-align: inherit;\"> <span style=\"vertical-align: inherit;\">Marcas aplic\u00e1veis: v\u00e1rias marcas<\/span> <\/span><\/p><p><span style=\"vertical-align: inherit;\"> <span style=\"vertical-align: inherit;\">Modelo aplic\u00e1vel: ma\u00e7\u00e3s<\/span> <\/span><\/p><p><span style=\"vertical-align: inherit;\"> <span style=\"vertical-align: inherit;\">Material: imita\u00e7\u00e3o de couro<\/span> <\/span><\/p><p><span style=\"vertical-align: inherit;\"> <span style=\"vertical-align: inherit;\">Estilo: Tudo inclu\u00eddo<\/span> <\/span><\/p><p><span style=\"vertical-align: inherit;\"> <span style=\"vertical-align: inherit;\">Estilo: universal<\/span> <\/span><\/p><p><span style=\"vertical-align: inherit;\"> <span style=\"vertical-align: inherit;\">Artesanato: artesanal<\/span> <\/span><\/p><p><span style=\"vertical-align: inherit;\"> <span style=\"vertical-align: inherit;\">Conte\u00fado da embalagem:<\/span> <\/span><\/p><p><span style=\"vertical-align: inherit;\"> <span style=\"vertical-align: inherit;\">1 estojo de prote\u00e7\u00e3o<\/span> <\/span><\/p><p><span style=\"vertical-align: inherit;\"> <span style=\"vertical-align: inherit;\">Nota: Produtos de marca n\u00e3o-Apple, aplic\u00e1veis aos modelos Airpods. Airpods \u00e9 uma marca comercial da Apple Inc., que n\u00e3o \u00e9 afiliada \u00e0 CJDropshipping.com<\/span> <\/span><\/p><p><span style=\"vertical-align: inherit;\"> <span style=\"vertical-align: inherit;\">Imagem do produto:<\/span> <\/span><\/p><p><img data-recalc-dims=\"1\" decoding=\"async\" src=\"https:\/\/i0.wp.com\/cf.cjdropshipping.com\/ccfd099e-f343-4024-a277-f39e7197618b_trans.jpeg?w=1290&amp;ssl=1\"><\/p><p><img data-recalc-dims=\"1\" decoding=\"async\" src=\"https:\/\/i0.wp.com\/cf.cjdropshipping.com\/55936bac-cc28-452e-8af0-47e61e3021c8_trans.jpeg?w=1290&amp;ssl=1\"><\/p><p><img data-recalc-dims=\"1\" decoding=\"async\" src=\"https:\/\/i0.wp.com\/cf.cjdropshipping.com\/4baf8a01-1351-460b-aff1-3d95050e78ea_trans.jpeg?w=1290&amp;ssl=1\"><\/p><p><img data-recalc-dims=\"1\" decoding=\"async\" src=\"https:\/\/i0.wp.com\/cf.cjdropshipping.com\/e027a2d0-d40e-4e90-89be-c286c3ed07e3_trans.jpeg?w=1290&amp;ssl=1\"><\/p><p><img data-recalc-dims=\"1\" decoding=\"async\" src=\"https:\/\/i0.wp.com\/cf.cjdropshipping.com\/86d82e97-e624-4f09-9de8-ae4dd9179059_trans.jpeg?w=1290&amp;ssl=1\"><\/p><p><img data-recalc-dims=\"1\" decoding=\"async\" src=\"https:\/\/i0.wp.com\/cf.cjdropshipping.com\/a0ea363c-9bd5-4f3b-a74a-2d190f0ca45d_trans.jpeg?w=1290&amp;ssl=1\"><\/p><p><img data-recalc-dims=\"1\" decoding=\"async\" src=\"https:\/\/i0.wp.com\/cf.cjdropshipping.com\/8c31c69a-2712-472d-98cf-756e991ba437_trans.jpeg?w=1290&amp;ssl=1\"><\/p><p><img data-recalc-dims=\"1\" decoding=\"async\" src=\"https:\/\/i0.wp.com\/cf.cjdropshipping.com\/af456803-4664-4d6e-9605-afcfb70e229b_trans.jpeg?w=1290&amp;ssl=1\"><\/p><p><img data-recalc-dims=\"1\" decoding=\"async\" src=\"https:\/\/i0.wp.com\/cf.cjdropshipping.com\/f6d44bf7-2585-4178-b021-568ec91603b2_trans.jpeg?w=1290&amp;ssl=1\"><\/p><p><img data-recalc-dims=\"1\" decoding=\"async\" src=\"https:\/\/i0.wp.com\/cf.cjdropshipping.com\/5b21c8de-503b-4d08-851a-29e8051a4933_trans.jpeg?w=1290&amp;ssl=1\"><\/p><p><img data-recalc-dims=\"1\" decoding=\"async\" src=\"https:\/\/i0.wp.com\/cf.cjdropshipping.com\/3613768e-e782-4ada-9118-aa68007c68ca_trans.jpeg?w=1290&amp;ssl=1\"><\/p><p><img data-recalc-dims=\"1\" decoding=\"async\" src=\"https:\/\/i0.wp.com\/cf.cjdropshipping.com\/001a1abd-59e9-49ee-be19-8b69ac6e982a.jpg?w=1290&amp;ssl=1\"><\/p><p>&nbsp;<\/p><\/p>","protected":false},"excerpt":{"rendered":"<p>Informations sur le produit : Couleur : gris, rouge, noir, orange, vert, jaune, rose Marques applicables : diverses marques Mod&egrave;le applicable : Apple Mat&eacute;riau : similicuir Style : tout compris Style : universel Artisanat : fait &agrave; la main Contenu de l&rsquo;emballage : 1 &eacute;tui de protection Remarque : produits de marque autre qu&rsquo;Apple, applicables [&hellip;]<\/p>","protected":false},"featured_media":3578,"comment_status":"open","ping_status":"closed","template":"","meta":{"_seopress_robots_primary_cat":"none","_seopress_titles_title":"","_seopress_titles_desc":"","_seopress_robots_index":"","_gspb_post_css":"","content-type":"","jetpack_post_was_ever_published":false,"jetpack_publicize_message":"","jetpack_publicize_feature_enabled":true,"jetpack_social_post_already_shared":true,"jetpack_social_options":{"image_generator_settings":{"template":"highway","default_image_id":0,"font":"","enabled":false},"version":2}},"location":[],"product_brand":[],"product_cat":[1152],"product_tag":[],"class_list":{"0":"post-3588","1":"product","2":"type-product","3":"status-publish","4":"has-post-thumbnail","6":"product_cat-accessoires-audio","7":"product_shipping_class-hors-ue-standard","8":"pa_fournisseur-cjdropshipping","9":"pa_origine-dexpedition-chine","11":"first","12":"outofstock","13":"taxable","14":"shipping-taxable","15":"purchasable","16":"product-type-variable"},"jetpack_publicize_connections":[],"locations":[],"jetpack_sharing_enabled":true,"_links":{"self":[{"href":"https:\/\/trendsbystylia.com\/pt\/wp-json\/wp\/v2\/product\/3588","targetHints":{"allow":["GET"]}}],"collection":[{"href":"https:\/\/trendsbystylia.com\/pt\/wp-json\/wp\/v2\/product"}],"about":[{"href":"https:\/\/trendsbystylia.com\/pt\/wp-json\/wp\/v2\/types\/product"}],"replies":[{"embeddable":true,"href":"https:\/\/trendsbystylia.com\/pt\/wp-json\/wp\/v2\/comments?post=3588"}],"wp:featuredmedia":[{"embeddable":true,"href":"https:\/\/trendsbystylia.com\/pt\/wp-json\/wp\/v2\/media\/3578"}],"wp:attachment":[{"href":"https:\/\/trendsbystylia.com\/pt\/wp-json\/wp\/v2\/media?parent=3588"}],"wp:term":[{"taxonomy":"location","embeddable":true,"href":"https:\/\/trendsbystylia.com\/pt\/wp-json\/wp\/v2\/location?post=3588"},{"taxonomy":"product_brand","embeddable":true,"href":"https:\/\/trendsbystylia.com\/pt\/wp-json\/wp\/v2\/product_brand?post=3588"},{"taxonomy":"product_cat","embeddable":true,"href":"https:\/\/trendsbystylia.com\/pt\/wp-json\/wp\/v2\/product_cat?post=3588"},{"taxonomy":"product_tag","embeddable":true,"href":"https:\/\/trendsbystylia.com\/pt\/wp-json\/wp\/v2\/product_tag?post=3588"}],"curies":[{"name":"wp","href":"https:\/\/api.w.org\/{rel}","templated":true}]}}