{"id":35782,"date":"2025-03-31T00:01:39","date_gmt":"2025-03-31T00:01:39","guid":{"rendered":"https:\/\/trendsbystylia.com\/?post_type=product&#038;p=35782"},"modified":"2025-04-04T18:27:46","modified_gmt":"2025-04-04T18:27:46","slug":"corsair-mouse-ironclaw-rgb-wireless-rechargeable-gaming-mouse-ch-9317011-eu","status":"publish","type":"product","link":"https:\/\/trendsbystylia.com\/pt\/produto\/corsair-mouse-ironclaw-rgb-wireless-rechargeable-gaming-mouse-ch-9317011-eu\/","title":{"rendered":"<p>Corsair MOUSE IRONCLAW RGB WIRELESS Rato de Jogo Recarreg\u00e1vel CH-9317011-EU<\/p>"},"content":{"rendered":"<div id=\"HTML_SPEC\" class=\"ITSs\">\n<div class=\"ITSg\">Configura\u00e7\u00e3o m\u00ednima do sistema<\/div>\n<div class=\"ITSr0\">\n<div class=\"ITSn\">Suporte ao sistema operativo Windows<\/div>\n<div class=\"ITSv\">Windows 10,Windows 7,Windows 8<\/div>\n<\/div>\n<div class=\"ITSg\">Pot\u00eancia<\/div>\n<div class=\"ITSr0\">\n<div class=\"ITSn\">Fonte de alimenta\u00e7\u00e3o<\/div>\n<div class=\"ITSv\">Batteries\/Cable<\/div>\n<\/div>\n<div class=\"ITSr1\">\n<div class=\"ITSn\">Tecnologia da bateria<\/div>\n<div class=\"ITSv\">Pol\u00edmero de l\u00edtio (LiPo)<\/div>\n<\/div>\n<div class=\"ITSg\">Conce\u00e7\u00e3o<\/div>\n<div class=\"ITSr0\">\n<div class=\"ITSn\">Colora\u00e7\u00e3o de superf\u00edcies<\/div>\n<div class=\"ITSv\">Uniforme<\/div>\n<\/div>\n<div class=\"ITSr1\">\n<div class=\"ITSn\">Format<\/div>\n<div class=\"ITSv\">Droitier<\/div>\n<\/div>\n<div class=\"ITSr0\">\n<div class=\"ITSn\">Cor do produto<\/div>\n<div class=\"ITSv\">Preto<\/div>\n<\/div>\n<div class=\"ITSr1\">\n<div class=\"ITSn\">Ilumina\u00e7\u00e3o<\/div>\n<div class=\"ITSv\">Sim<\/div>\n<\/div>\n<div class=\"ITSr0\">\n<div class=\"ITSn\">Couleur de l&rsquo;&eacute;clairage<\/div>\n<div class=\"ITSv\">Multicolorido<\/div>\n<\/div>\n<div class=\"ITSg\">Souris<\/div>\n<div class=\"ITSr0\">\n<div class=\"ITSn\">Utilidade<\/div>\n<div class=\"ITSv\">Jogar<\/div>\n<\/div>\n<div class=\"ITSr1\">\n<div class=\"ITSn\">Technologie de d&eacute;tecteur de mouvement<\/div>\n<div class=\"ITSv\">Optique<\/div>\n<\/div>\n<div class=\"ITSr0\">\n<div class=\"ITSn\">Nombre de touches programmables<\/div>\n<div class=\"ITSv\">10<\/div>\n<\/div>\n<div class=\"ITSr1\">\n<div class=\"ITSn\">Interface do dispositivo<\/div>\n<div class=\"ITSv\">RF Wireless+Bluetooth+USB Type-A<\/div>\n<\/div>\n<div class=\"ITSr0\">\n<div class=\"ITSn\">Type Scroll<\/div>\n<div class=\"ITSv\">Roue<\/div>\n<\/div>\n<div class=\"ITSr1\">\n<div class=\"ITSn\">Nombre de modes de r&eacute;solution des mouvements<\/div>\n<div class=\"ITSv\">4<\/div>\n<\/div>\n<div class=\"ITSr0\">\n<div class=\"ITSn\">Banda de frequ\u00eancia<\/div>\n<div class=\"ITSv\">2,4 GHz<\/div>\n<\/div>\n<div class=\"ITSr1\">\n<div class=\"ITSn\">Nombre de roulettes de d&eacute;filement<\/div>\n<div class=\"ITSv\">1<\/div>\n<\/div>\n<div class=\"ITSr0\">\n<div class=\"ITSn\">Durabilit&eacute; des boutons (millions de clics)<\/div>\n<div class=\"ITSv\">50<\/div>\n<\/div>\n<div class=\"ITSr1\">\n<div class=\"ITSn\">R&eacute;solution de mouvement personnalisable<\/div>\n<div class=\"ITSv\">Sim<\/div>\n<\/div>\n<div class=\"ITSr0\">\n<div class=\"ITSn\">D&eacute;filement des directions<\/div>\n<div class=\"ITSv\">verticale<\/div>\n<\/div>\n<div class=\"ITSr1\">\n<div class=\"ITSn\">Boutons de souris programmables<\/div>\n<div class=\"ITSv\">Sim<\/div>\n<\/div>\n<div class=\"ITSr0\">\n<div class=\"ITSn\">Type de boutons<\/div>\n<div class=\"ITSv\">Boutons poussoirs<\/div>\n<\/div>\n<div class=\"ITSr1\">\n<div class=\"ITSn\">R&eacute;solution en mouvement<\/div>\n<div class=\"ITSv\">18000 DPI<\/div>\n<\/div>\n<div class=\"ITSr0\">\n<div class=\"ITSn\">Taux d&rsquo;interrogation<\/div>\n<div class=\"ITSv\">125,250,500,1000 Hz<\/div>\n<\/div>\n<div class=\"ITSr1\">\n<div class=\"ITSn\">Quantidade de bot\u00f5es program\u00e1veis<\/div>\n<div class=\"ITSv\">10<\/div>\n<\/div>\n<div class=\"ITSg\">Ergonomia<\/div>\n<div class=\"ITSr0\">\n<div class=\"ITSn\">Comprimento do cabo<\/div>\n<div class=\"ITSv\">1,8 m<\/div>\n<\/div>\n<div class=\"ITSg\">Peso e dimens\u00f5es<\/div>\n<div class=\"ITSr0\">\n<div class=\"ITSn\">Peso<\/div>\n<div class=\"ITSv\">130 g<\/div>\n<\/div>\n<\/div>","protected":false},"excerpt":{"rendered":"<p>Corsair IRONCLAW RGB. Format Droitier. Technologie de d&eacute;tecteur de mouvement Optique, Interface de l&rsquo;appareil RF Wireless+Bluetooth+USB Type-A, R&eacute;solution en mouvement 18000 DPI, Type de boutons Boutons poussoirs, Quantit&eacute; de boutons programmables 10, Type Scroll Roue. Couleur de l&rsquo;&eacute;clairage Multicolore. Source d&rsquo;alimentation Batteries\/Cable. Couleur du produit Noir<\/p>","protected":false},"featured_media":68082,"comment_status":"open","ping_status":"closed","template":"","meta":{"_seopress_robots_primary_cat":"","_seopress_titles_title":"","_seopress_titles_desc":"","_seopress_robots_index":"","_gspb_post_css":"","content-type":"","jetpack_post_was_ever_published":false,"jetpack_publicize_message":"","jetpack_publicize_feature_enabled":true,"jetpack_social_post_already_shared":true,"jetpack_social_options":{"image_generator_settings":{"template":"highway","default_image_id":0,"font":"","enabled":false},"version":2}},"product_brand":[1039],"product_cat":[880],"product_tag":[],"class_list":{"0":"post-35782","1":"product","2":"type-product","3":"status-publish","4":"has-post-thumbnail","6":"product_brand-corsair","7":"product_cat-souris-gaming","8":"product_shipping_class-makant-standard","9":"pa_origine-dexpedition-union-europeenne-allemagne-2","11":"first","12":"instock","13":"taxable","14":"shipping-taxable","15":"purchasable","16":"product-type-simple"},"jetpack_publicize_connections":[],"jetpack_sharing_enabled":true,"_links":{"self":[{"href":"https:\/\/trendsbystylia.com\/pt\/wp-json\/wp\/v2\/product\/35782","targetHints":{"allow":["GET"]}}],"collection":[{"href":"https:\/\/trendsbystylia.com\/pt\/wp-json\/wp\/v2\/product"}],"about":[{"href":"https:\/\/trendsbystylia.com\/pt\/wp-json\/wp\/v2\/types\/product"}],"replies":[{"embeddable":true,"href":"https:\/\/trendsbystylia.com\/pt\/wp-json\/wp\/v2\/comments?post=35782"}],"wp:featuredmedia":[{"embeddable":true,"href":"https:\/\/trendsbystylia.com\/pt\/wp-json\/wp\/v2\/media\/68082"}],"wp:attachment":[{"href":"https:\/\/trendsbystylia.com\/pt\/wp-json\/wp\/v2\/media?parent=35782"}],"wp:term":[{"taxonomy":"product_brand","embeddable":true,"href":"https:\/\/trendsbystylia.com\/pt\/wp-json\/wp\/v2\/product_brand?post=35782"},{"taxonomy":"product_cat","embeddable":true,"href":"https:\/\/trendsbystylia.com\/pt\/wp-json\/wp\/v2\/product_cat?post=35782"},{"taxonomy":"product_tag","embeddable":true,"href":"https:\/\/trendsbystylia.com\/pt\/wp-json\/wp\/v2\/product_tag?post=35782"}],"curies":[{"name":"wp","href":"https:\/\/api.w.org\/{rel}","templated":true}]}}