{"id":34853,"date":"2025-03-31T00:02:15","date_gmt":"2025-03-31T00:02:15","guid":{"rendered":"https:\/\/trendsbystylia.com\/?post_type=product&#038;p=34853"},"modified":"2025-04-04T22:19:27","modified_gmt":"2025-04-04T22:19:27","slug":"tp-link-archer-mr400-wireless-router-archer-mr400","status":"publish","type":"product","link":"https:\/\/trendsbystylia.com\/pt\/produto\/tp-link-archer-mr400-wireless-router-archer-mr400\/","title":{"rendered":"<p>TP-LINK Archer MR400 Wireless Router ARCHER MR400<\/p>"},"content":{"rendered":"<div id=\"HTML_SPEC\" class=\"ITSs\">\n<div class=\"ITSg\">Configura\u00e7\u00e3o m\u00ednima do sistema<\/div>\n<div class=\"ITSr0\">\n<div class=\"ITSn\">Suporte ao sistema operativo Mac<\/div>\n<div class=\"ITSv\">Sim<\/div>\n<\/div>\n<div class=\"ITSr1\">\n<div class=\"ITSn\">Prise en charge du syst&egrave;me d&rsquo;exploitation Linux<\/div>\n<div class=\"ITSv\">Sim<\/div>\n<\/div>\n<div class=\"ITSr0\">\n<div class=\"ITSn\">Suporte ao sistema operativo Windows<\/div>\n<div class=\"ITSv\">Windows 2000,Windows 7,Windows 8,Windows 8.1,Windows 98SE,Windows NT,Windows Vista,Windows XP Home,Windows XP Home x64,Windows XP Professional,Windows XP Professional x64<\/div>\n<\/div>\n<div class=\"ITSg\">Informa\u00e7\u00f5es sobre a embalagem<\/div>\n<div class=\"ITSr0\">\n<div class=\"ITSn\">Cabos inclu\u00eddos<\/div>\n<div class=\"ITSv\">LAN (RJ-45)<\/div>\n<\/div>\n<div class=\"ITSr1\">\n<div class=\"ITSn\">Tipo de embalagem<\/div>\n<div class=\"ITSv\">Caixa<\/div>\n<\/div>\n<div class=\"ITSr0\">\n<div class=\"ITSn\">Guide d&rsquo;installation rapide<\/div>\n<div class=\"ITSv\">Sim<\/div>\n<\/div>\n<div class=\"ITSr1\">\n<div class=\"ITSn\">Adaptador da C.A. fornecido<\/div>\n<div class=\"ITSv\">Sim<\/div>\n<\/div>\n<div class=\"ITSg\">Conectividade<\/div>\n<div class=\"ITSr0\">\n<div class=\"ITSn\">Porta USB<\/div>\n<div class=\"ITSv\">N\u00e3o<\/div>\n<\/div>\n<div class=\"ITSr1\">\n<div class=\"ITSn\">Entrada CC<\/div>\n<div class=\"ITSv\">Sim<\/div>\n<\/div>\n<div class=\"ITSr0\">\n<div class=\"ITSn\">N\u00famero de portas Ethernet LAN (RJ-45)<\/div>\n<div class=\"ITSv\">3<\/div>\n<\/div>\n<div class=\"ITSg\">Pot\u00eancia<\/div>\n<div class=\"ITSr0\">\n<div class=\"ITSn\">Corrente de sa\u00edda<\/div>\n<div class=\"ITSv\">1.5 A<\/div>\n<\/div>\n<div class=\"ITSr1\">\n<div class=\"ITSn\">Tens\u00e3o de sa\u00edda<\/div>\n<div class=\"ITSv\">12 V<\/div>\n<\/div>\n<div class=\"ITSr0\">\n<div class=\"ITSn\">Tipo de fonte de energia<\/div>\n<div class=\"ITSv\">CC<\/div>\n<\/div>\n<div class=\"ITSg\">Liga\u00e7\u00e3o WAN<\/div>\n<div class=\"ITSr0\">\n<div class=\"ITSn\">WAN da DSL<\/div>\n<div class=\"ITSv\">N\u00e3o<\/div>\n<\/div>\n<div class=\"ITSr1\">\n<div class=\"ITSn\">WAN da Ethernet<\/div>\n<div class=\"ITSv\">Sim<\/div>\n<\/div>\n<div class=\"ITSr0\">\n<div class=\"ITSn\">Localiza\u00e7\u00e3o do cart\u00e3o SIM<\/div>\n<div class=\"ITSv\">Sim<\/div>\n<\/div>\n<div class=\"ITSr1\">\n<div class=\"ITSn\">Compatibilidade do modem 3G\/4G USB<\/div>\n<div class=\"ITSv\">N\u00e3o<\/div>\n<\/div>\n<div class=\"ITSg\">Caracter\u00edsticas de gest\u00e3o<\/div>\n<div class=\"ITSr0\">\n<div class=\"ITSn\">Bot\u00e3o de reposi\u00e7\u00e3o<\/div>\n<div class=\"ITSv\">Sim<\/div>\n<\/div>\n<div class=\"ITSr1\">\n<div class=\"ITSn\">Qualidade de Servi\u00e7o (QoS)<\/div>\n<div class=\"ITSv\">Sim<\/div>\n<\/div>\n<div class=\"ITSr0\">\n<div class=\"ITSn\">Gest\u00e3o baseada na Web<\/div>\n<div class=\"ITSv\">Sim<\/div>\n<\/div>\n<div class=\"ITSr1\">\n<div class=\"ITSn\">S&eacute;curit&eacute; pair Bouton de commande WPS<\/div>\n<div class=\"ITSv\">Sim<\/div>\n<\/div>\n<div class=\"ITSg\">Rede<\/div>\n<div class=\"ITSr0\">\n<div class=\"ITSn\">Serveur interm&eacute;diaire VPN<\/div>\n<div class=\"ITSv\">Sim<\/div>\n<\/div>\n<div class=\"ITSr1\">\n<div class=\"ITSn\">Normas de rede<\/div>\n<div class=\"ITSv\">IEEE 802.11a,IEEE 802.11ac,IEEE 802.11b,IEEE 802.11g,IEEE 802.11n<\/div>\n<\/div>\n<div class=\"ITSr0\">\n<div class=\"ITSn\">Redirection de port<\/div>\n<div class=\"ITSv\">Sim<\/div>\n<\/div>\n<div class=\"ITSr1\">\n<div class=\"ITSn\">Taxa de transfer\u00eancia de dados LAN Ethernet<\/div>\n<div class=\"ITSv\">10,100 Mbit\/s<\/div>\n<\/div>\n<div class=\"ITSr0\">\n<div class=\"ITSn\">Suporte a VPN<\/div>\n<div class=\"ITSv\">PPTP, L2TP, IPSec<\/div>\n<\/div>\n<div class=\"ITSr1\">\n<div class=\"ITSn\">Sensibilit&eacute; du r&eacute;cepteur<\/div>\n<div class=\"ITSv\">5GHz 11a 54M -74dBm, 11ac HT20 -67dBm, 11ac HT40 -64dBm, 11ac HT80  -60dBm, 11n HT20 -71dBm, 11n HT40 -70dBm, 2.4G 11g 54M -76dBm, 11n HT20 -73dBm, 11n HT40 -67dBm<\/div>\n<\/div>\n<div class=\"ITSr0\">\n<div class=\"ITSn\">Tipo de interface LAN Ethernet<\/div>\n<div class=\"ITSv\">Ethernet r\u00e1pida<\/div>\n<\/div>\n<div class=\"ITSr1\">\n<div class=\"ITSn\">Ethernet\/LAN<\/div>\n<div class=\"ITSv\">Sim<\/div>\n<\/div>\n<div class=\"ITSr0\">\n<div class=\"ITSn\">Quantidade de t\u00faneis VPN<\/div>\n<div class=\"ITSv\">10<\/div>\n<\/div>\n<div class=\"ITSg\">Caracter\u00edsticas<\/div>\n<div class=\"ITSr0\">\n<div class=\"ITSn\">Certifica\u00e7\u00e3o<\/div>\n<div class=\"ITSv\">CE, RoHS<\/div>\n<\/div>\n<div class=\"ITSg\">Conce\u00e7\u00e3o<\/div>\n<div class=\"ITSr0\">\n<div class=\"ITSn\">Tipo de produto<\/div>\n<div class=\"ITSv\">Routeur<\/div>\n<\/div>\n<div class=\"ITSr1\">\n<div class=\"ITSn\">Bot\u00e3o de ligar\/desligar incorporado<\/div>\n<div class=\"ITSv\">Sim<\/div>\n<\/div>\n<div class=\"ITSr0\">\n<div class=\"ITSn\">Cor do produto<\/div>\n<div class=\"ITSv\">Preto<\/div>\n<\/div>\n<div class=\"ITSg\">redes m\u00f3veis<\/div>\n<div class=\"ITSr0\">\n<div class=\"ITSn\">Normes 3G<\/div>\n<div class=\"ITSv\">DC-HSPA+,HSPA,HSPA+,UMTS<\/div>\n<\/div>\n<div class=\"ITSr1\">\n<div class=\"ITSn\">Norme 4G<\/div>\n<div class=\"ITSv\">LTE<\/div>\n<\/div>\n<div class=\"ITSr0\">\n<div class=\"ITSn\">Normes 2G<\/div>\n<div class=\"ITSv\">EDGE,GPRS,GSM<\/div>\n<\/div>\n<div class=\"ITSr1\">\n<div class=\"ITSn\">Bandes UMTS<\/div>\n<div class=\"ITSv\">900,2100 MHz<\/div>\n<\/div>\n<div class=\"ITSr0\">\n<div class=\"ITSn\">4G<\/div>\n<div class=\"ITSv\">Sim<\/div>\n<\/div>\n<div class=\"ITSr1\">\n<div class=\"ITSn\">3G<\/div>\n<div class=\"ITSv\">Sim<\/div>\n<\/div>\n<div class=\"ITSr0\">\n<div class=\"ITSn\">4G prise en charge<\/div>\n<div class=\"ITSv\">800,900,1800,2100,2600 MHz<\/div>\n<\/div>\n<div class=\"ITSr1\">\n<div class=\"ITSn\">Bandes GSM support&eacute;es<\/div>\n<div class=\"ITSv\">850,900,1800,1900 MHz<\/div>\n<\/div>\n<div class=\"ITSg\">Caracter\u00edsticas LAN sem fio<\/div>\n<div class=\"ITSr0\">\n<div class=\"ITSn\">Taxa de transfer\u00eancia de dados WLAN (banda principal)<\/div>\n<div class=\"ITSv\">450 Mbit\/s<\/div>\n<\/div>\n<div class=\"ITSr1\">\n<div class=\"ITSn\">Taxa de transfer\u00eancia de dados WLAN (m\u00e1x.)<\/div>\n<div class=\"ITSv\">867 Mbit\/s<\/div>\n<\/div>\n<div class=\"ITSr0\">\n<div class=\"ITSn\">Padr\u00e3o Wi-Fi<\/div>\n<div class=\"ITSv\">Wi-Fi 5 (802.11ac)<\/div>\n<\/div>\n<div class=\"ITSr1\">\n<div class=\"ITSn\">Padr\u00f5es Wi-Fi<\/div>\n<div class=\"ITSv\">802.11a,Wi-Fi 5 (802.11ac),802.11b,802.11g,Wi-Fi 4 (802.11n)<\/div>\n<\/div>\n<div class=\"ITSr0\">\n<div class=\"ITSn\">Banda Wi-Fi<\/div>\n<div class=\"ITSv\">Bi-banda (2,4 GHz\/5 GHz)<\/div>\n<\/div>\n<div class=\"ITSr1\">\n<div class=\"ITSn\">Taxa de transfer\u00eancia de dados WLAN (segunda banda)<\/div>\n<div class=\"ITSv\">867 Mbit\/s<\/div>\n<\/div>\n<div class=\"ITSg\">Protocoles<\/div>\n<div class=\"ITSr0\">\n<div class=\"ITSn\">Protocolos de rede suportados<\/div>\n<div class=\"ITSv\">IPv4, IPv6<\/div>\n<\/div>\n<div class=\"ITSr1\">\n<div class=\"ITSn\">Client DHCP<\/div>\n<div class=\"ITSv\">Sim<\/div>\n<\/div>\n<div class=\"ITSr0\">\n<div class=\"ITSn\">Serveur DHCP<\/div>\n<div class=\"ITSv\">Sim<\/div>\n<\/div>\n<div class=\"ITSg\">Condi\u00e7\u00f5es ambientais<\/div>\n<div class=\"ITSr0\">\n<div class=\"ITSn\">Humidade relativa (armazenamento)<\/div>\n<div class=\"ITSv\">5 &ndash; 90 %<\/div>\n<\/div>\n<div class=\"ITSr1\">\n<div class=\"ITSn\">Temperatura fora de servi\u00e7o<\/div>\n<div class=\"ITSv\">-40 \u2013 70 \u00b0C<\/div>\n<\/div>\n<div class=\"ITSr0\">\n<div class=\"ITSn\">Humidade de funcionamento<\/div>\n<div class=\"ITSv\">10 \u2013 90 %<\/div>\n<\/div>\n<div class=\"ITSr1\">\n<div class=\"ITSn\">Temperatura de funcionamento<\/div>\n<div class=\"ITSv\">0 \u2013 40 \u00b0C<\/div>\n<\/div>\n<div class=\"ITSg\">Seguran\u00e7a<\/div>\n<div class=\"ITSr0\">\n<div class=\"ITSn\">Pare-feu<\/div>\n<div class=\"ITSv\">Sim<\/div>\n<\/div>\n<div class=\"ITSr1\">\n<div class=\"ITSn\">Algoritmo de seguran\u00e7a suportado<\/div>\n<div class=\"ITSv\">64-bit WEP,128-bit WEP,WPA,WPA-PSK,WPA2,WPA2-PSK<\/div>\n<\/div>\n<div class=\"ITSr0\">\n<div class=\"ITSn\">Pr&eacute;vention contre les attaques Dos (Deni de service))<\/div>\n<div class=\"ITSv\">Sim<\/div>\n<\/div>\n<div class=\"ITSr1\">\n<div class=\"ITSn\">Stateful Packet Inspection (SPI)<\/div>\n<div class=\"ITSv\">Sim<\/div>\n<\/div>\n<div class=\"ITSr0\">\n<div class=\"ITSn\">Acesso dos h\u00f3spedes<\/div>\n<div class=\"ITSv\">Sim<\/div>\n<\/div>\n<div class=\"ITSg\">Antena<\/div>\n<div class=\"ITSr0\">\n<div class=\"ITSn\">Antenne amovible (s)<\/div>\n<div class=\"ITSv\">Sim<\/div>\n<\/div>\n<div class=\"ITSr1\">\n<div class=\"ITSn\">Puissance de transmission<\/div>\n<div class=\"ITSv\">20 dBmW<\/div>\n<\/div>\n<div class=\"ITSr0\">\n<div class=\"ITSn\">Quantit&eacute; d&rsquo;antenne<\/div>\n<div class=\"ITSv\">5<\/div>\n<\/div>\n<div class=\"ITSr1\">\n<div class=\"ITSn\">Tipo de antena<\/div>\n<div class=\"ITSv\">Interne et externe<\/div>\n<\/div>\n<div class=\"ITSg\">Peso e dimens\u00f5es<\/div>\n<div class=\"ITSr0\">\n<div class=\"ITSn\">Profundidade<\/div>\n<div class=\"ITSv\">141 mm<\/div>\n<\/div>\n<div class=\"ITSr1\">\n<div class=\"ITSn\">Altura<\/div>\n<div class=\"ITSv\">33.6 mm<\/div>\n<\/div>\n<div class=\"ITSr0\">\n<div class=\"ITSn\">Largura<\/div>\n<div class=\"ITSv\">202 mm<\/div>\n<\/div>\n<\/div>","protected":false},"excerpt":{"rendered":"<p>TP-LINK ARCHER MR400. Bande Wi-Fi Bi-bande (2,4 GHz \/ 5 GHz), Norme Wi-Fi Wi-Fi 5 (802.11ac), D&eacute;bit de transfert des donn&eacute;es WLAN (max) 867 Mbit\/s. Type d&rsquo;interface LAN Ethernet Fast Ethernet, Standards r&eacute;seau IEEE 802.11a,IEEE 802.11ac,IEEE 802.11b,IEEE 802.11g,IEEE 802.11n, LAN Ethernet  taux de transfert des donn&eacute;es 10,100 Mbit\/s. Normes 2G EDGE,GPRS,GSM, Normes 3G DC-HSPA+,HSPA,HSPA+,UMTS, Norme 4G LTE. Algorithme de s&eacute;curit&eacute; soutenu 64-bit WEP,128-bit WEP,WPA,WPA-PSK,WPA2,WPA2-PSK. Protocoles r&eacute;seau pris en charge IPv4, IPv6<\/p>","protected":false},"featured_media":68102,"comment_status":"open","ping_status":"closed","template":"","meta":{"_seopress_robots_primary_cat":"","_seopress_titles_title":"","_seopress_titles_desc":"","_seopress_robots_index":"","_gspb_post_css":"","content-type":"","jetpack_post_was_ever_published":false,"jetpack_publicize_message":"","jetpack_publicize_feature_enabled":true,"jetpack_social_post_already_shared":true,"jetpack_social_options":{"image_generator_settings":{"template":"highway","default_image_id":0,"font":"","enabled":false},"version":2}},"product_brand":[729],"product_cat":[725],"product_tag":[],"class_list":{"0":"post-34853","1":"product","2":"type-product","3":"status-publish","4":"has-post-thumbnail","6":"product_brand-tp-link","7":"product_cat-routeurs","8":"product_shipping_class-makant-standard","9":"pa_origine-dexpedition-union-europeenne-allemagne-2","11":"first","12":"instock","13":"taxable","14":"shipping-taxable","15":"purchasable","16":"product-type-simple"},"jetpack_publicize_connections":[],"jetpack_sharing_enabled":true,"_links":{"self":[{"href":"https:\/\/trendsbystylia.com\/pt\/wp-json\/wp\/v2\/product\/34853","targetHints":{"allow":["GET"]}}],"collection":[{"href":"https:\/\/trendsbystylia.com\/pt\/wp-json\/wp\/v2\/product"}],"about":[{"href":"https:\/\/trendsbystylia.com\/pt\/wp-json\/wp\/v2\/types\/product"}],"replies":[{"embeddable":true,"href":"https:\/\/trendsbystylia.com\/pt\/wp-json\/wp\/v2\/comments?post=34853"}],"wp:featuredmedia":[{"embeddable":true,"href":"https:\/\/trendsbystylia.com\/pt\/wp-json\/wp\/v2\/media\/68102"}],"wp:attachment":[{"href":"https:\/\/trendsbystylia.com\/pt\/wp-json\/wp\/v2\/media?parent=34853"}],"wp:term":[{"taxonomy":"product_brand","embeddable":true,"href":"https:\/\/trendsbystylia.com\/pt\/wp-json\/wp\/v2\/product_brand?post=34853"},{"taxonomy":"product_cat","embeddable":true,"href":"https:\/\/trendsbystylia.com\/pt\/wp-json\/wp\/v2\/product_cat?post=34853"},{"taxonomy":"product_tag","embeddable":true,"href":"https:\/\/trendsbystylia.com\/pt\/wp-json\/wp\/v2\/product_tag?post=34853"}],"curies":[{"name":"wp","href":"https:\/\/api.w.org\/{rel}","templated":true}]}}