{"id":3459,"date":"2025-03-06T21:16:41","date_gmt":"2025-03-06T21:16:41","guid":{"rendered":"https:\/\/trendsbystylia.com\/produit\/chargeur-de-manette-de-jeu\/"},"modified":"2025-03-23T22:25:04","modified_gmt":"2025-03-23T22:25:04","slug":"chargeur-de-manette-de-jeu","status":"publish","type":"product","link":"https:\/\/trendsbystylia.com\/pt\/produto\/chargeur-de-manette-de-jeu\/","title":{"rendered":"<p>Gamepad Charger para PS5<\/p>"},"content":{"rendered":"<p>Produto aplic\u00e1vel:\u00a0aplic\u00e1vel ao SP5<p>Classifica\u00e7\u00e3o dos videojogos:\u00a0n\u00edvel de entrada, n\u00edvel de febre, n\u00edvel de elite, n\u00edvel de cinzas \u00f3sseas<\/p><p>Adequado para ocasi\u00f5es de presente:\u00a0casamento, anivers\u00e1rio, festival, mudan\u00e7a, feira comercial, promo\u00e7\u00e3o publicit\u00e1ria, bem-estar dos funcion\u00e1rios, celebra\u00e7\u00e3o de anivers\u00e1rio, presente de neg\u00f3cios, cerim\u00f3nia de abertura, cerim\u00f3nia de entrega de pr\u00e9mios, planeamento de rela\u00e7\u00f5es p\u00fablicas<\/p><p>Material:\u00a0ABS<\/p><p><img data-recalc-dims=\"1\" decoding=\"async\" src=\"https:\/\/i0.wp.com\/cf.cjdropshipping.com\/17143488\/2404291209100325100.jpg?w=1290&amp;ssl=1\"> <img data-recalc-dims=\"1\" decoding=\"async\" src=\"https:\/\/i0.wp.com\/cf.cjdropshipping.com\/17143488\/2404291209100328700.jpg?w=1290&amp;ssl=1\"> <img data-recalc-dims=\"1\" decoding=\"async\" src=\"https:\/\/i0.wp.com\/cf.cjdropshipping.com\/17143488\/2404291209110322500.jpg?w=1290&amp;ssl=1\"> <img data-recalc-dims=\"1\" decoding=\"async\" src=\"https:\/\/i0.wp.com\/cf.cjdropshipping.com\/17143488\/2404291209110324000.jpg?w=1290&amp;ssl=1\"> <img data-recalc-dims=\"1\" decoding=\"async\" src=\"https:\/\/i0.wp.com\/cf.cjdropshipping.com\/17143488\/2404291209110327000.jpg?w=1290&amp;ssl=1\"><\/p><p>&nbsp;<\/p><\/p>","protected":false},"excerpt":{"rendered":"<p>Produit&nbsp;applicable&nbsp;:&nbsp;applicable&nbsp;&agrave;&nbsp;la&nbsp;PS5 Classification&nbsp;du&nbsp;jeu&nbsp;vid&eacute;o&nbsp;:&nbsp;niveau&nbsp;d&rsquo;entr&eacute;e,&nbsp;niveau&nbsp;de&nbsp;fi&egrave;vre,&nbsp;niveau&nbsp;d&rsquo;&eacute;lite,&nbsp;niveau&nbsp;de&nbsp;cendre&nbsp;osseuse Convient&nbsp;aux&nbsp;occasions&nbsp;de&nbsp;cadeaux&nbsp;:&nbsp;mariage,&nbsp;anniversaire,&nbsp;festival,&nbsp;d&eacute;m&eacute;nagement,&nbsp;salon&nbsp;professionnel,&nbsp;promotion&nbsp;publicitaire,&nbsp;bien-&ecirc;tre&nbsp;des&nbsp;employ&eacute;s,&nbsp;c&eacute;l&eacute;bration&nbsp;d&rsquo;anniversaire,&nbsp;cadeau&nbsp;d&rsquo;affaires,&nbsp;c&eacute;r&eacute;monie&nbsp;d&rsquo;ouverture,&nbsp;c&eacute;r&eacute;monie&nbsp;de&nbsp;remise&nbsp;de&nbsp;prix,&nbsp;planification&nbsp;des&nbsp;relations&nbsp;publiques Mat&eacute;riau&nbsp;:&nbsp;ABS &nbsp;<\/p>","protected":false},"featured_media":3454,"comment_status":"open","ping_status":"closed","template":"","meta":{"_seopress_robots_primary_cat":"none","_seopress_titles_title":"Chargeur de manettes de jeu pour PS5","_seopress_titles_desc":"Chargeur de manettes de jeu pour PS5","_seopress_robots_index":"","_gspb_post_css":"","content-type":"","jetpack_post_was_ever_published":false,"jetpack_publicize_message":"","jetpack_publicize_feature_enabled":true,"jetpack_social_post_already_shared":true,"jetpack_social_options":{"image_generator_settings":{"template":"highway","default_image_id":0,"font":"","enabled":false},"version":2}},"location":[],"product_brand":[],"product_cat":[101],"product_tag":[],"class_list":{"0":"post-3459","1":"product","2":"type-product","3":"status-publish","4":"has-post-thumbnail","6":"product_cat-high-tech-gaming","7":"product_shipping_class-hors-ue-standard","8":"pa_fournisseur-cjdropshipping","9":"pa_origine-dexpedition-chine","11":"first","12":"outofstock","13":"taxable","14":"shipping-taxable","15":"purchasable","16":"product-type-variable"},"jetpack_publicize_connections":[],"locations":[],"jetpack_sharing_enabled":true,"_links":{"self":[{"href":"https:\/\/trendsbystylia.com\/pt\/wp-json\/wp\/v2\/product\/3459","targetHints":{"allow":["GET"]}}],"collection":[{"href":"https:\/\/trendsbystylia.com\/pt\/wp-json\/wp\/v2\/product"}],"about":[{"href":"https:\/\/trendsbystylia.com\/pt\/wp-json\/wp\/v2\/types\/product"}],"replies":[{"embeddable":true,"href":"https:\/\/trendsbystylia.com\/pt\/wp-json\/wp\/v2\/comments?post=3459"}],"wp:featuredmedia":[{"embeddable":true,"href":"https:\/\/trendsbystylia.com\/pt\/wp-json\/wp\/v2\/media\/3454"}],"wp:attachment":[{"href":"https:\/\/trendsbystylia.com\/pt\/wp-json\/wp\/v2\/media?parent=3459"}],"wp:term":[{"taxonomy":"location","embeddable":true,"href":"https:\/\/trendsbystylia.com\/pt\/wp-json\/wp\/v2\/location?post=3459"},{"taxonomy":"product_brand","embeddable":true,"href":"https:\/\/trendsbystylia.com\/pt\/wp-json\/wp\/v2\/product_brand?post=3459"},{"taxonomy":"product_cat","embeddable":true,"href":"https:\/\/trendsbystylia.com\/pt\/wp-json\/wp\/v2\/product_cat?post=3459"},{"taxonomy":"product_tag","embeddable":true,"href":"https:\/\/trendsbystylia.com\/pt\/wp-json\/wp\/v2\/product_tag?post=3459"}],"curies":[{"name":"wp","href":"https:\/\/api.w.org\/{rel}","templated":true}]}}