{"id":3126,"date":"2025-03-05T15:40:30","date_gmt":"2025-03-05T15:40:30","guid":{"rendered":"https:\/\/trendsbystylia.com\/produit\/lampe-de-table-led-portable-sans-fil-1-piece-avec-gradation-continue-3-temperatures-de-couleur-commande-tactile-batterie-rechargeable-design-moder\/"},"modified":"2025-04-06T17:05:10","modified_gmt":"2025-04-06T17:05:10","slug":"lampe-de-table-led-portable-sans-fil-1-piece-avec-gradation-continue-3-temperatures-de-couleur-commande-tactile-batterie-rechargeable-design-moder","status":"publish","type":"product","link":"https:\/\/trendsbystylia.com\/pt\/produto\/lampe-de-table-led-portable-sans-fil-1-piece-avec-gradation-continue-3-temperatures-de-couleur-commande-tactile-batterie-rechargeable-design-moder\/","title":{"rendered":"<p>L\u00e2mpada de mesa LED port\u00e1til sem fio com escurecimento cont\u00ednuo<\/p>"},"content":{"rendered":"<h3><strong>&nbsp;3 temperaturas da cor, controlo do toque, bateria recarreg\u00e1vel, projeto moderno<\/strong><p>&nbsp;<\/p><p>Tens\u00e3o: ? 36 V (V)<\/p><p>Material para abajur: ferro<\/p><p>Dimens\u00f5es externas: 110*370 (mil\u00edmetros)<\/p><p>Tipo de comutador: t\u00e1ctil<\/p><p>&nbsp;<\/p><p style=\"margin-top: 0px; margin-bottom: 0px; padding: 0px; font-size: 12px; line-height: 1.42;\"><img decoding=\"async\" class=\"desc-img-loaded\" src=\"https:\/\/cbu01.alicdn.com\/img\/ibank\/O1CN019N4RWN1SymAk31DkT_!!2215718672316-0-cib.jpg?__r__=1696520770200\" alt=\"1\"><\/p><p><img decoding=\"async\" class=\"desc-img-loaded\" src=\"https:\/\/cbu01.alicdn.com\/img\/ibank\/O1CN01UHCqd71SymAmJ9yAF_!!2215718672316-0-cib.jpg?__r__=1696520770200\" alt=\"2\"><\/p><p><img decoding=\"async\" class=\"desc-img-loaded\" src=\"https:\/\/cbu01.alicdn.com\/img\/ibank\/O1CN01pm3khL1Sym9Bwj8z8_!!2215718672316-0-cib.jpg?__r__=1696520770200\" alt=\"5\"><\/p><p><img decoding=\"async\" class=\"desc-img-loaded\" src=\"https:\/\/cbu01.alicdn.com\/img\/ibank\/O1CN01I6Syja1Sym9B6qSmU_!!2215718672316-0-cib.jpg?__r__=1696520770200\" alt=\"4\"><\/p><p><img decoding=\"async\" class=\"desc-img-loaded\" src=\"https:\/\/cbu01.alicdn.com\/img\/ibank\/O1CN01vJkoJZ1Sym9B6qGKE_!!2215718672316-0-cib.jpg?__r__=1696520770200\" alt=\"1\"><\/p><p>&nbsp;<\/p><p>&nbsp;<\/p><p>&nbsp;<\/p><p>&nbsp;<\/p><p>&nbsp;<\/p><p>&nbsp;<\/p><p>&nbsp;<\/p><\/h3>","protected":false},"excerpt":{"rendered":"<p>&nbsp;3 temp&eacute;ratures de couleur, commande tactile, batterie rechargeable, design moderne &nbsp; Tension : ? 36 V (V) Mat&eacute;riau de l&rsquo;abat-jour : fer Dimensions ext&eacute;rieures : 110 * 370 (mm) Type d&rsquo;interrupteur : tactile &nbsp; &nbsp; &nbsp; &nbsp; &nbsp; &nbsp; &nbsp; &nbsp;<\/p>","protected":false},"featured_media":3120,"comment_status":"open","ping_status":"closed","template":"","meta":{"_seopress_robots_primary_cat":"none","_seopress_titles_title":"","_seopress_titles_desc":"","_seopress_robots_index":"","_seopress_analysis_target_kw":"","_gspb_post_css":"","content-type":""},"product_brand":[],"product_cat":[41,1148,40],"product_tag":[],"class_list":{"0":"post-3126","1":"product","2":"type-product","3":"status-publish","4":"has-post-thumbnail","6":"product_cat-deco","7":"product_cat-lampes-a-poser","8":"product_cat-mobilier-maison","9":"product_shipping_class-hors-ue-standard","11":"first","12":"instock","13":"taxable","14":"shipping-taxable","15":"purchasable","16":"product-type-variable"},"jetpack_sharing_enabled":true,"_links":{"self":[{"href":"https:\/\/trendsbystylia.com\/pt\/wp-json\/wp\/v2\/product\/3126","targetHints":{"allow":["GET"]}}],"collection":[{"href":"https:\/\/trendsbystylia.com\/pt\/wp-json\/wp\/v2\/product"}],"about":[{"href":"https:\/\/trendsbystylia.com\/pt\/wp-json\/wp\/v2\/types\/product"}],"replies":[{"embeddable":true,"href":"https:\/\/trendsbystylia.com\/pt\/wp-json\/wp\/v2\/comments?post=3126"}],"wp:featuredmedia":[{"embeddable":true,"href":"https:\/\/trendsbystylia.com\/pt\/wp-json\/wp\/v2\/media\/3120"}],"wp:attachment":[{"href":"https:\/\/trendsbystylia.com\/pt\/wp-json\/wp\/v2\/media?parent=3126"}],"wp:term":[{"taxonomy":"product_brand","embeddable":true,"href":"https:\/\/trendsbystylia.com\/pt\/wp-json\/wp\/v2\/product_brand?post=3126"},{"taxonomy":"product_cat","embeddable":true,"href":"https:\/\/trendsbystylia.com\/pt\/wp-json\/wp\/v2\/product_cat?post=3126"},{"taxonomy":"product_tag","embeddable":true,"href":"https:\/\/trendsbystylia.com\/pt\/wp-json\/wp\/v2\/product_tag?post=3126"}],"curies":[{"name":"wp","href":"https:\/\/api.w.org\/{rel}","templated":true}]}}