{"id":3093,"date":"2025-03-05T15:15:31","date_gmt":"2025-03-05T15:15:31","guid":{"rendered":"https:\/\/trendsbystylia.com\/produit\/lampes-de-bureau-led-xiaomi-mijia-lampe-de-table-intelligente-controle-par-application-pour-smartphone-4-modes-declairage-avec-kc-iec-bsm\/"},"modified":"2025-04-06T17:05:11","modified_gmt":"2025-04-06T17:05:11","slug":"lampes-de-bureau-led-xiaomi-mijia-lampe-de-table-intelligente-controle-par-application-pour-smartphone-4-modes-declairage-avec-kc-iec-bsm","status":"publish","type":"product","link":"https:\/\/trendsbystylia.com\/pt\/produto\/lampes-de-bureau-led-xiaomi-mijia-lampe-de-table-intelligente-controle-par-application-pour-smartphone-4-modes-declairage-avec-kc-iec-bsm\/","title":{"rendered":"<p>L\u00e2mpadas mesa LED Xiaomi Mijia L\u00e2mpada mesa inteligente<\/p>"},"content":{"rendered":"<p>Original Xiaomi Mijia L\u00e2mpada de mesa LED L\u00e2mpada de mesa inteligente L\u00e2mpada de mesa Smartphone App Support Control 4 Modos de ilumina\u00e7\u00e3o Liga\u00e7\u00e3o Wi-Fi<p>Cor: branco<\/p><p>Dimens\u00e3o da embalagem: 159 mm * 159 mm * 490 mm<\/p><p>Peso total do produto: 1450 g<\/p><p>Peso do produto 800 g<\/p><p>Par\u00e2metro<\/p><p>Gama de temperaturas de cor: 2700 K-6500 K<\/p><p>Intervalo de brilho: 1 % -100 %<\/p><p>Fluxo: 300 l\u00famenes<\/p><p>Pot\u00eancia de entrada: 6 W<\/p><p>IRC: 83<\/p><p>Dura\u00e7\u00e3o: aproximadamente 25 000 horas<\/p><p>Adaptador de entrada nominal: 100-240 V ~ 50\/60 Hz 0,2 A<\/p><p>Liga\u00e7\u00e3o sem fios: Wi-Fi IEEE 802.11 b\/g\/n 2,4 GHz<\/p><p>O pacote inclui: L\u00e2mpadas Mi, adaptador, manual do utilizador<\/p><p>Requisitos de candidatura<\/p><p>iOS iOS 7.0 ou posterior i4S e superior<\/p><p>AndroidAndroid4.0 e superior sistema de telem\u00f3vel<\/p><p>Conte\u00fado da embalagem:<\/p><p>L\u00e2mpada LED inteligente Mijia<\/p><p>1 x manual do utilizador (manual apenas em chin\u00eas)<\/p><p><img decoding=\"async\" src=\"https:\/\/ae01.alicdn.com\/kf\/HTB12wzgKXXXXXXIXFXXq6xXFXXXc\/110066411\/HTB12wzgKXXXXXXIXFXXq6xXFXXXc.jpg\" alt=\"01\" width=\"1000\" height=\"638\"><\/p><p>&nbsp;<\/p><p><img decoding=\"async\" src=\"https:\/\/ae01.alicdn.com\/kf\/HTB1dyYgKXXXXXc7XpXXq6xXFXXXh\/110066411\/HTB1dyYgKXXXXXc7XpXXq6xXFXXXh.jpg\" alt=\"02\" width=\"1000\" height=\"428\"><\/p><p>&nbsp;<\/p><p><img decoding=\"async\" src=\"https:\/\/ae01.alicdn.com\/kf\/HTB1ey5UKXXXXXbEaXXXq6xXFXXXb\/110066411\/HTB1ey5UKXXXXXbEaXXXq6xXFXXXb.jpg\" alt=\"03\" width=\"1000\" height=\"412\"><\/p><p>&nbsp;<\/p><p><img decoding=\"async\" src=\"https:\/\/ae01.alicdn.com\/kf\/HTB1adbyKXXXXXanXXXXq6xXFXXXW\/110066411\/HTB1adbyKXXXXXanXXXXq6xXFXXXW.jpg\" alt=\"04\" width=\"1000\" height=\"502\"><\/p><p>&nbsp;<\/p><p><img decoding=\"async\" src=\"https:\/\/ae01.alicdn.com\/kf\/HTB1viu9KXXXXXXnXVXXq6xXFXXXj\/110066411\/HTB1viu9KXXXXXXnXVXXq6xXFXXXj.jpg\" alt=\"05\" width=\"1000\" height=\"541\"><\/p><p>&nbsp;<\/p><p><img decoding=\"async\" src=\"https:\/\/ae01.alicdn.com\/kf\/HTB1kf58KXXXXXarXVXXq6xXFXXXf\/110066411\/HTB1kf58KXXXXXarXVXXq6xXFXXXf.jpg\" alt=\"06\" width=\"1000\" height=\"495\"><\/p><p>&nbsp;<\/p><p><img decoding=\"async\" src=\"https:\/\/ae01.alicdn.com\/kf\/HTB1DiOSKXXXXXcKaXXXq6xXFXXXU\/110066411\/HTB1DiOSKXXXXXcKaXXXq6xXFXXXU.jpg\" alt=\"07\" width=\"1000\" height=\"488\"><\/p><p>&nbsp;<\/p><p><img decoding=\"async\" src=\"https:\/\/ae01.alicdn.com\/kf\/HTB1rRGSKXXXXXccaXXXq6xXFXXXs\/110066411\/HTB1rRGSKXXXXXccaXXXq6xXFXXXs.jpg\" alt=\"09\" width=\"1000\" height=\"603\"><\/p><p>&nbsp;<\/p><p><img decoding=\"async\" src=\"https:\/\/ae01.alicdn.com\/kf\/HTB1kgrnKXXXXXbwXpXXq6xXFXXXm\/110066411\/HTB1kgrnKXXXXXbwXpXXq6xXFXXXm.jpg\" alt=\"10\" width=\"1000\" height=\"321\"><\/p><p>&nbsp;<\/p><p><img decoding=\"async\" src=\"https:\/\/ae01.alicdn.com\/kf\/HTB1dUm3KXXXXXcXXVXXq6xXFXXXi\/110066411\/HTB1dUm3KXXXXXcXXVXXq6xXFXXXi.jpg\" alt=\"11\" width=\"1000\" height=\"319\"><\/p><p>&nbsp;<\/p><p><img decoding=\"async\" src=\"https:\/\/ae01.alicdn.com\/kf\/HTB12bu8KXXXXXcJXFXXq6xXFXXXd\/110066411\/HTB12bu8KXXXXXcJXFXXq6xXFXXXd.jpg\" alt=\"12\" width=\"1000\" height=\"391\"><\/p><p>&nbsp;<\/p><p>&nbsp;<\/p><p><img decoding=\"async\" src=\"https:\/\/ae01.alicdn.com\/kf\/HTB10bTyKXXXXXakXXXXq6xXFXXXq\/110066411\/HTB10bTyKXXXXXakXXXXq6xXFXXXq.jpg\" alt=\"13\" width=\"1000\" height=\"457\"><\/p><p>&nbsp;<\/p><p><img decoding=\"async\" src=\"https:\/\/ae01.alicdn.com\/kf\/HTB1SJC.KXXXXXa8XFXXq6xXFXXXh\/110066411\/HTB1SJC.KXXXXXa8XFXXq6xXFXXXh.jpg\" alt=\"14\" width=\"1000\" height=\"501\"><\/p><\/p>","protected":false},"excerpt":{"rendered":"<p>Lampe de bureau LED Xiaomi Mijia originale Lampes de table intelligentes Lampe de bureau Prise en charge de l&rsquo;application pour smartphone Contr&ocirc;le 4 modes d&rsquo;&eacute;clairage Connexion Wi-Fi Couleur : blanc Taille de l&rsquo;emballage : 159 mm * 159 mm * 490 mm Poids total du produit : 1450 g Poids du produit 800 g Param&egrave;tre [&hellip;]<\/p>","protected":false},"featured_media":3087,"comment_status":"open","ping_status":"closed","template":"","meta":{"_seopress_robots_primary_cat":"none","_seopress_titles_title":"","_seopress_titles_desc":"","_seopress_robots_index":"","_gspb_post_css":"","content-type":"","jetpack_post_was_ever_published":false,"jetpack_publicize_message":"","jetpack_publicize_feature_enabled":true,"jetpack_social_post_already_shared":true,"jetpack_social_options":{"image_generator_settings":{"template":"highway","default_image_id":0,"font":"","enabled":false},"version":2}},"product_brand":[],"product_cat":[1148,1134],"product_tag":[],"class_list":{"0":"post-3093","1":"product","2":"type-product","3":"status-publish","4":"has-post-thumbnail","6":"product_cat-lampes-a-poser","7":"product_cat-smart-home","8":"product_shipping_class-hors-ue-standard","10":"first","11":"instock","12":"purchasable","13":"product-type-simple"},"jetpack_publicize_connections":[],"jetpack_sharing_enabled":true,"_links":{"self":[{"href":"https:\/\/trendsbystylia.com\/pt\/wp-json\/wp\/v2\/product\/3093","targetHints":{"allow":["GET"]}}],"collection":[{"href":"https:\/\/trendsbystylia.com\/pt\/wp-json\/wp\/v2\/product"}],"about":[{"href":"https:\/\/trendsbystylia.com\/pt\/wp-json\/wp\/v2\/types\/product"}],"replies":[{"embeddable":true,"href":"https:\/\/trendsbystylia.com\/pt\/wp-json\/wp\/v2\/comments?post=3093"}],"wp:featuredmedia":[{"embeddable":true,"href":"https:\/\/trendsbystylia.com\/pt\/wp-json\/wp\/v2\/media\/3087"}],"wp:attachment":[{"href":"https:\/\/trendsbystylia.com\/pt\/wp-json\/wp\/v2\/media?parent=3093"}],"wp:term":[{"taxonomy":"product_brand","embeddable":true,"href":"https:\/\/trendsbystylia.com\/pt\/wp-json\/wp\/v2\/product_brand?post=3093"},{"taxonomy":"product_cat","embeddable":true,"href":"https:\/\/trendsbystylia.com\/pt\/wp-json\/wp\/v2\/product_cat?post=3093"},{"taxonomy":"product_tag","embeddable":true,"href":"https:\/\/trendsbystylia.com\/pt\/wp-json\/wp\/v2\/product_tag?post=3093"}],"curies":[{"name":"wp","href":"https:\/\/api.w.org\/{rel}","templated":true}]}}