{"id":2176,"date":"2025-02-26T23:07:42","date_gmt":"2025-02-26T23:07:42","guid":{"rendered":"https:\/\/trendsbystylia.com\/produit\/haut-parleur-long-ordinateur-portable-telephone-mobile-ordinateur-de-bureau-audio\/"},"modified":"2025-03-23T22:46:22","modified_gmt":"2025-03-23T22:46:22","slug":"haut-parleur-long-ordinateur-portable-telephone-mobile-ordinateur-de-bureau-audio","status":"publish","type":"product","link":"https:\/\/trendsbystylia.com\/pt\/produto\/haut-parleur-long-ordinateur-portable-telephone-mobile-ordinateur-de-bureau-audio\/","title":{"rendered":"<p>Telefone m\u00f3vel longo do port\u00e1til do alto-falante \u00e1udio<\/p>"},"content":{"rendered":"<p>Tipo; altifalante de computador<p>M\u00e9todo de liga\u00e7\u00e3o; Macaco de \u00e1udio 3.5MM<\/p><p>Tipo de interface; USB<\/p><p>Resposta em frequ\u00eancia; 40Hz-20KHz<\/p><p>Pot\u00eancia de sa\u00edda; 3w<\/p><p>Rela\u00e7\u00e3o sinal\/ru\u00eddo; ?75dB<\/p><p>Canal; 2<\/p><p>Armazenagem extensiva; n\u00e3o apoiado<\/p><p>protocolo Bluetooth; n\u00e3o apoiado<\/p><p>N\u00famero de altifalantes; 2<\/p><p>Modo de funcionamento; bot\u00e3o<\/p><p>Pessoas em causa; utiliza\u00e7\u00e3o geral<\/p><p>Ecr\u00e3 de visualiza\u00e7\u00e3o<\/p><p>Material do casco; pl\u00e1stico<\/p><p>Apoio ao APA; n\u00e3o<\/p><p>M\u00e9todo de regula\u00e7\u00e3o dos altifalantes; bot\u00e3o<\/p><p>H\u00e1 uma fun\u00e7\u00e3o de r\u00e1dio?<\/p><p>Material de alojamento: pl\u00e1stico<\/p><p>Dimens\u00e3o do aparelho; 516*95*80mm<\/p><p><img data-recalc-dims=\"1\" decoding=\"async\" style=\"font-size: 14px; max-width: 100%;\" src=\"https:\/\/i0.wp.com\/cf.cjdropshipping.com\/15669216\/868844150388.png?w=1290&amp;ssl=1\"><\/p><p><img data-recalc-dims=\"1\" decoding=\"async\" style=\"max-width: 100%;\" src=\"https:\/\/i0.wp.com\/cf.cjdropshipping.com\/15669216\/393816608922.jpg?w=1290&amp;ssl=1\"><\/p><p><img data-recalc-dims=\"1\" decoding=\"async\" style=\"max-width: 100%;\" src=\"https:\/\/i0.wp.com\/cf.cjdropshipping.com\/15669216\/2278841903426.jpg?w=1290&amp;ssl=1\"><\/p><p><img data-recalc-dims=\"1\" decoding=\"async\" style=\"max-width: 100%;\" src=\"https:\/\/i0.wp.com\/cf.cjdropshipping.com\/15669216\/2379849671776.jpg?w=1290&amp;ssl=1\"><\/p><\/p>","protected":false},"excerpt":{"rendered":"<p>Type ; haut-parleur d&rsquo;ordinateur M&eacute;thode de connexion ; prise audio 3,5MM Type d&rsquo;interface ; USB R&eacute;ponse en fr&eacute;quence ; 40Hz-20KHz Puissance de sortie ; 3w Rapport signal\/bruit ; ?75dB Canal ; 2 Stockage &eacute;tendu ; non pris en charge Protocole Bluetooth ; non pris en charge Nombre de haut-parleurs ; 2 Mode de fonctionnement ; [&hellip;]<\/p>","protected":false},"featured_media":2174,"comment_status":"open","ping_status":"closed","template":"","meta":{"_seopress_robots_primary_cat":"none","_seopress_titles_title":"","_seopress_titles_desc":"","_seopress_robots_index":"","_gspb_post_css":"","content-type":"","jetpack_post_was_ever_published":false,"jetpack_publicize_message":"","jetpack_publicize_feature_enabled":true,"jetpack_social_post_already_shared":true,"jetpack_social_options":{"image_generator_settings":{"template":"highway","default_image_id":0,"font":"","enabled":false},"version":2}},"location":[],"product_brand":[],"product_cat":[100],"product_tag":[],"class_list":{"0":"post-2176","1":"product","2":"type-product","3":"status-publish","4":"has-post-thumbnail","6":"product_cat-high-tech-audio-et-video","7":"product_shipping_class-hors-ue-standard","8":"pa_fournisseur-cjdropshipping","9":"pa_origine-dexpedition-chine","11":"first","12":"outofstock","13":"taxable","14":"shipping-taxable","15":"purchasable","16":"product-type-variable"},"jetpack_publicize_connections":[],"locations":[],"jetpack_sharing_enabled":true,"_links":{"self":[{"href":"https:\/\/trendsbystylia.com\/pt\/wp-json\/wp\/v2\/product\/2176","targetHints":{"allow":["GET"]}}],"collection":[{"href":"https:\/\/trendsbystylia.com\/pt\/wp-json\/wp\/v2\/product"}],"about":[{"href":"https:\/\/trendsbystylia.com\/pt\/wp-json\/wp\/v2\/types\/product"}],"replies":[{"embeddable":true,"href":"https:\/\/trendsbystylia.com\/pt\/wp-json\/wp\/v2\/comments?post=2176"}],"wp:featuredmedia":[{"embeddable":true,"href":"https:\/\/trendsbystylia.com\/pt\/wp-json\/wp\/v2\/media\/2174"}],"wp:attachment":[{"href":"https:\/\/trendsbystylia.com\/pt\/wp-json\/wp\/v2\/media?parent=2176"}],"wp:term":[{"taxonomy":"location","embeddable":true,"href":"https:\/\/trendsbystylia.com\/pt\/wp-json\/wp\/v2\/location?post=2176"},{"taxonomy":"product_brand","embeddable":true,"href":"https:\/\/trendsbystylia.com\/pt\/wp-json\/wp\/v2\/product_brand?post=2176"},{"taxonomy":"product_cat","embeddable":true,"href":"https:\/\/trendsbystylia.com\/pt\/wp-json\/wp\/v2\/product_cat?post=2176"},{"taxonomy":"product_tag","embeddable":true,"href":"https:\/\/trendsbystylia.com\/pt\/wp-json\/wp\/v2\/product_tag?post=2176"}],"curies":[{"name":"wp","href":"https:\/\/api.w.org\/{rel}","templated":true}]}}