{"id":1924,"date":"2025-02-24T16:38:13","date_gmt":"2025-02-24T16:38:13","guid":{"rendered":"https:\/\/trendsbystylia.com\/produit\/pantalon-droit-en-laine-epais-vetements-de-sport-decontractes\/"},"modified":"2025-03-23T22:46:41","modified_gmt":"2025-03-23T22:46:41","slug":"pantalon-droit-en-laine-epais-vetements-de-sport-decontractes","status":"publish","type":"product","link":"https:\/\/trendsbystylia.com\/pt\/produto\/pantalon-droit-en-laine-epais-vetements-de-sport-decontractes\/","title":{"rendered":"<p>Cal\u00e7as de l\u00e3 grossa reta \u2014 Vestu\u00e1rio de desporto casual<\/p>"},"content":{"rendered":"<p>Informa\u00e7\u00f5es sobre o produto:<p>Cor:\u00a0azul escuro, cinzento claro, cinzento escuro, roxo de caxemira<\/p><p>El\u00e1stico:\u00a0el\u00e1stico m\u00e9dio<\/p><p>Comprimento das cal\u00e7as:\u00a0cal\u00e7as<\/p><p>Dimens\u00e3o:\u00a0S,M,L,XL,XXL<\/p><p>Estilo:\u00a0Cal\u00e7as compridas na perna direita<\/p><p>Espessura:\u00a0espessamento<\/p><p>Tecido:\u00a0L\u00e3 L\u00e3<\/p><p>Composi\u00e7\u00e3o principal do tecido:\u00a0L\u00e3<\/p><p>Sexo aplic\u00e1vel:\u00a0Masculino<\/p><p>Tipo de cal\u00e7as:\u00a0Tipo correto<\/p><p>Dimens\u00e3o:<\/p><p><img decoding=\"async\" src=\"https:\/\/cf.cjdropshipping.com\/17088192\/2402250738060320900.jpg\"><\/p><p>Nota:<\/p><p>1.\u00a0Os tamanhos asi\u00e1ticos s\u00e3o de 1 a 2 tamanhos menores do que os tamanhos europeus e americanos.\u00a0Escolhe o tamanho maior se o teu tamanho estiver entre dois tamanhos.\u00a0Por favor, tenha em conta uma diferen\u00e7a de 2-3 cm devido a medi\u00e7\u00f5es manuais.\u00a02.\u00a0Se n\u00e3o souber como escolher o seu tamanho, por favor contacte o nosso servi\u00e7o de apoio ao cliente.\u00a03) Como \u00e9 sabido, os computadores exibem cores de forma diferente, a cor do item real pode variar ligeiramente em compara\u00e7\u00e3o com as seguintes imagens.<\/p><p>Lista de embalagem:<\/p><p>1* Cal\u00e7as<\/p><p>Imagem do produto:<\/p><p><img decoding=\"async\" src=\"https:\/\/cf.cjdropshipping.com\/17088192\/2402250738060321000.jpg\"><\/p><p><img decoding=\"async\" src=\"https:\/\/cf.cjdropshipping.com\/17088192\/2402250738060321400.jpg\"><\/p><p><img decoding=\"async\" src=\"https:\/\/cf.cjdropshipping.com\/17088192\/2402250738060321600.jpg\"><\/p><p><img decoding=\"async\" src=\"https:\/\/cf.cjdropshipping.com\/17088192\/2402250738060322000.jpg\"><\/p><p><img decoding=\"async\" src=\"https:\/\/cf.cjdropshipping.com\/17088192\/2402250738060322400.jpg\"><\/p><p><img decoding=\"async\" src=\"https:\/\/cf.cjdropshipping.com\/17088192\/2402250738060322800.jpg\"><\/p><p><img decoding=\"async\" src=\"https:\/\/cf.cjdropshipping.com\/17088192\/2402250738060323200.jpg\"><\/p><p><img decoding=\"async\" src=\"https:\/\/cf.cjdropshipping.com\/17088192\/2402250738060323500.jpg\"><\/p><p><img decoding=\"async\" src=\"https:\/\/cf.cjdropshipping.com\/17088192\/2402250738060323900.jpg\"><\/p><p><img decoding=\"async\" src=\"https:\/\/cf.cjdropshipping.com\/17088192\/2402250738060324400.jpg\"><\/p><p>&nbsp;<\/p><\/p>","protected":false},"excerpt":{"rendered":"<p>Informations&nbsp;sur&nbsp;le&nbsp;produit&nbsp;: Couleur&nbsp;:&nbsp;bleu&nbsp;fonc&eacute;,&nbsp;gris&nbsp;clair,&nbsp;gris&nbsp;fonc&eacute;,&nbsp;violet&nbsp;cachemire &Eacute;lastique&nbsp;:&nbsp;&eacute;lastique&nbsp;moyen Longueur&nbsp;du&nbsp;pantalon&nbsp;:&nbsp;pantalon Taille&nbsp;:&nbsp;S,M,L,XL,XXL Style&nbsp;:&nbsp;pantalon&nbsp;long&nbsp;&agrave;&nbsp;jambe&nbsp;droite &Eacute;paisseur&nbsp;:&nbsp;&eacute;paississement Tissu&nbsp;:&nbsp;laine&nbsp;Laine Composition&nbsp;principale&nbsp;du&nbsp;tissu&nbsp;:&nbsp;Laine Sexe&nbsp;applicable&nbsp;:&nbsp;Homme Type&nbsp;de&nbsp;pantalon&nbsp;:&nbsp;Type&nbsp;droit Taille&nbsp;: Note&nbsp;: 1.&nbsp;Les&nbsp;tailles&nbsp;asiatiques&nbsp;sont&nbsp;1&nbsp;&agrave;&nbsp;2&nbsp;tailles&nbsp;plus&nbsp;petites&nbsp;que&nbsp;les&nbsp;tailles&nbsp;europ&eacute;ennes&nbsp;et&nbsp;am&eacute;ricaines.&nbsp;Choisissez&nbsp;la&nbsp;taille&nbsp;la&nbsp;plus&nbsp;grande&nbsp;si&nbsp;votre&nbsp;taille&nbsp;se&nbsp;situe&nbsp;entre&nbsp;deux&nbsp;tailles.&nbsp;Veuillez&nbsp;tenir&nbsp;compte&nbsp;d&rsquo;une&nbsp;diff&eacute;rence&nbsp;de&nbsp;2&nbsp;&agrave;&nbsp;3&nbsp;cm&nbsp;due&nbsp;aux&nbsp;mesures&nbsp;manuelles.&nbsp;2.&nbsp;Si&nbsp;vous&nbsp;ne&nbsp;savez&nbsp;pas&nbsp;comment&nbsp;choisir&nbsp;votre&nbsp;taille,&nbsp;veuillez&nbsp;contacter&nbsp;notre&nbsp;service&nbsp;client&egrave;le.&nbsp;3)&nbsp;Comme&nbsp;vous&nbsp;le&nbsp;savez,&nbsp;les&nbsp;ordinateurs&nbsp;affichent&nbsp;les&nbsp;couleurs&nbsp;diff&eacute;remment,&nbsp;la&nbsp;couleur&nbsp;de&nbsp;l&rsquo;article&nbsp;r&eacute;el&nbsp;peut&nbsp;varier&nbsp;l&eacute;g&egrave;rement&nbsp;par&nbsp;rapport&nbsp;aux&nbsp;images&nbsp;suivantes. Liste&nbsp;d&rsquo;emballage&nbsp;: 1*&nbsp;Pantalon Image&nbsp;du&nbsp;produit&nbsp;: &nbsp;<\/p>","protected":false},"featured_media":1914,"comment_status":"open","ping_status":"closed","template":"","meta":{"_seopress_robots_primary_cat":"none","_seopress_titles_title":"Pantalon droit en laine \u00e9pais - V\u00eatements de sport d\u00e9contract\u00e9s","_seopress_titles_desc":"","_seopress_robots_index":"","_gspb_post_css":"","content-type":""},"product_brand":[],"product_cat":[80],"product_tag":[],"class_list":{"0":"post-1924","1":"product","2":"type-product","3":"status-publish","4":"has-post-thumbnail","6":"product_cat-mode-homme","7":"product_shipping_class-hors-ue-standard","8":"pa_fournisseur-cjdropshipping","9":"pa_origine-dexpedition-chine","11":"first","12":"instock","13":"taxable","14":"shipping-taxable","15":"purchasable","16":"product-type-variable"},"jetpack_sharing_enabled":true,"_links":{"self":[{"href":"https:\/\/trendsbystylia.com\/pt\/wp-json\/wp\/v2\/product\/1924","targetHints":{"allow":["GET"]}}],"collection":[{"href":"https:\/\/trendsbystylia.com\/pt\/wp-json\/wp\/v2\/product"}],"about":[{"href":"https:\/\/trendsbystylia.com\/pt\/wp-json\/wp\/v2\/types\/product"}],"replies":[{"embeddable":true,"href":"https:\/\/trendsbystylia.com\/pt\/wp-json\/wp\/v2\/comments?post=1924"}],"wp:featuredmedia":[{"embeddable":true,"href":"https:\/\/trendsbystylia.com\/pt\/wp-json\/wp\/v2\/media\/1914"}],"wp:attachment":[{"href":"https:\/\/trendsbystylia.com\/pt\/wp-json\/wp\/v2\/media?parent=1924"}],"wp:term":[{"taxonomy":"product_brand","embeddable":true,"href":"https:\/\/trendsbystylia.com\/pt\/wp-json\/wp\/v2\/product_brand?post=1924"},{"taxonomy":"product_cat","embeddable":true,"href":"https:\/\/trendsbystylia.com\/pt\/wp-json\/wp\/v2\/product_cat?post=1924"},{"taxonomy":"product_tag","embeddable":true,"href":"https:\/\/trendsbystylia.com\/pt\/wp-json\/wp\/v2\/product_tag?post=1924"}],"curies":[{"name":"wp","href":"https:\/\/api.w.org\/{rel}","templated":true}]}}