{"id":886,"date":"2025-02-19T23:32:12","date_gmt":"2025-02-19T23:32:12","guid":{"rendered":"https:\/\/trendsbystylia.com\/?page_id=886"},"modified":"2025-03-21T14:02:23","modified_gmt":"2025-03-21T14:02:23","slug":"a-propos","status":"publish","type":"page","link":"https:\/\/trendsbystylia.com\/pt\/a-propos\/","title":{"rendered":"<p>Sobre<\/p>"},"content":{"rendered":"<p><p><\/p><p><strong>Bem-vindos \u00e0s Tend\u00eancias da Stylia: O seu destino \u00fanico para um estilo de vida moderno, de casa aos seus animais de estima\u00e7\u00e3o!<\/strong><\/p><p>Est\u00e1 \u00e0 procura das \u00faltimas tend\u00eancias em&nbsp;<strong>mobili\u00e1rio e decora\u00e7\u00e3o<\/strong>,&nbsp;<strong>modo<\/strong>,&nbsp;<strong>alta tecnologia<\/strong>,&nbsp;<strong>Lifestyle<\/strong>,&nbsp;<strong>brinquedos<\/strong>, artigos para o seu&nbsp;<strong>animais<\/strong>&nbsp;e elementos para embelezar o teu&nbsp;<strong>decora\u00e7\u00e3o<\/strong>&nbsp;? N\u00e3o procure mais! A Trends by Stylia \u00e9 a sua loja online para descobrir uma sele\u00e7\u00e3o cuidadosamente escolhida de artigos que tornar\u00e3o o seu dia-a-dia e o dos seus companheiros de quatro patas num espa\u00e7o \u00fanico de express\u00e3o.<\/p><p><\/p><p><\/p><p><strong>Por que escolher a Trends by Stylia?<\/strong><\/p><ul class=\"wp-block-list\">\n<li><strong>Tend\u00eancias selecionadas:<\/strong>&nbsp;Os nossos especialistas viajam pelo mundo para lhe oferecer as \u00faltimas tend\u00eancias e os produtos mais elegantes, incluindo para os seus animais de estima\u00e7\u00e3o e a sua decora\u00e7\u00e3o.<\/li>\n\n\n\n<li><strong>Qualidade garantida:<\/strong>&nbsp;Trabalhamos em estreita colabora\u00e7\u00e3o com marcas e fornecedores de confian\u00e7a para garantir produtos de qualidade para si, para os seus animais de estima\u00e7\u00e3o e para a sua casa.<\/li>\n\n\n\n<li><strong>Pre\u00e7os competitivos:<\/strong>&nbsp;Oferecemos pre\u00e7os acess\u00edveis para que a tend\u00eancia seja acess\u00edvel a todos, incluindo cuidar dos seus animais e embelezar a sua casa sem ultrapassar os limites.<\/li>\n\n\n\n<li><strong>Servi\u00e7o de apoio ao cliente excecional:<\/strong>&nbsp;A nossa equipa est\u00e1 \u00e0 sua disposi\u00e7\u00e3o para responder a todas as suas quest\u00f5es e oferecer-lhe uma experi\u00eancia de compra agrad\u00e1vel, seja para si, para os seus animais de estima\u00e7\u00e3o ou para a sua decora\u00e7\u00e3o.<\/li>\n\n\n\n<li><strong>Entrega r\u00e1pida e fi\u00e1vel:<\/strong>&nbsp;Fazemos entregas de forma r\u00e1pida e segura, onde quer que esteja, para que possa desfrutar rapidamente das suas compras para si, para os seus animais de estima\u00e7\u00e3o e para a sua casa.<\/li>\n<\/ul><\/p>","protected":false},"excerpt":{"rendered":"<p>Bienvenue chez Trends by Stylia : Votre destination unique pour un style de vie tendance, de la maison &agrave; vos animaux de compagnie ! &Ecirc;tes-vous &agrave; la recherche des derni&egrave;res tendances en mati&egrave;re de&nbsp;mobilier et d&eacute;coration,&nbsp;mode,&nbsp;high-tech,&nbsp;lifestyle,&nbsp;jouets, d&rsquo;articles pour vos&nbsp;animaux&nbsp;et d&rsquo;&eacute;l&eacute;ments pour embellir votre&nbsp;d&eacute;coration&nbsp;? Ne cherchez pas plus loin ! Trends by Stylia est votre boutique [&hellip;]<\/p>","protected":false},"author":1,"featured_media":0,"parent":0,"menu_order":0,"comment_status":"closed","ping_status":"closed","template":"","meta":{"_seopress_robots_primary_cat":"","_seopress_titles_title":"\u00c0 propos","_seopress_titles_desc":"Bienvenue chez Trends by Stylia : Votre destination unique pour un style de vie tendance, de la maison \u00e0 vos animaux de compagnie !","_seopress_robots_index":"","_gspb_post_css":"","content-type":"","footnotes":""},"class_list":["post-886","page","type-page","status-publish","hentry"],"blocksy_meta":[],"jetpack_sharing_enabled":true,"_links":{"self":[{"href":"https:\/\/trendsbystylia.com\/pt\/wp-json\/wp\/v2\/pages\/886","targetHints":{"allow":["GET"]}}],"collection":[{"href":"https:\/\/trendsbystylia.com\/pt\/wp-json\/wp\/v2\/pages"}],"about":[{"href":"https:\/\/trendsbystylia.com\/pt\/wp-json\/wp\/v2\/types\/page"}],"author":[{"embeddable":true,"href":"https:\/\/trendsbystylia.com\/pt\/wp-json\/wp\/v2\/users\/1"}],"replies":[{"embeddable":true,"href":"https:\/\/trendsbystylia.com\/pt\/wp-json\/wp\/v2\/comments?post=886"}],"version-history":[{"count":0,"href":"https:\/\/trendsbystylia.com\/pt\/wp-json\/wp\/v2\/pages\/886\/revisions"}],"wp:attachment":[{"href":"https:\/\/trendsbystylia.com\/pt\/wp-json\/wp\/v2\/media?parent=886"}],"curies":[{"name":"wp","href":"https:\/\/api.w.org\/{rel}","templated":true}]}}