{"id":294,"date":"2025-02-04T21:15:04","date_gmt":"2025-02-04T21:15:04","guid":{"rendered":"https:\/\/trendsbystylia.com\/?page_id=294"},"modified":"2025-02-23T23:25:21","modified_gmt":"2025-02-23T23:25:21","slug":"mentions-legales-protection-des-donnees-personnelles-rgpd","status":"publish","type":"page","link":"https:\/\/trendsbystylia.com\/pt\/mentions-legales-protection-des-donnees-personnelles-rgpd\/","title":{"rendered":"<p>Mentions l&eacute;gales &ndash; Protection des donn&eacute;es personnelles (RGPD)<\/p>"},"content":{"rendered":"<p><strong>Pol\u00edtica de Privacidade (RGPD)&nbsp;<\/strong><p>Em conformidade com o Regulamento Geral sobre a Prote\u00e7\u00e3o de Dados (RGPD) e a Lei n.o 2018-493, de 20 de junho de 2018, relativa \u00e0 prote\u00e7\u00e3o de dados pessoais, informamos o seguinte relativamente \u00e0 recolha e tratamento dos seus dados pessoais no website TrendsbyStylia.com (doravante \"o Site\"):&nbsp;&nbsp;&nbsp;<\/p><p><strong>Respons\u00e1vel pelo tratamento dos dados:<\/strong><\/p><ul class=\"wp-block-list\">\n<li>Denoyes Thibault, auto-empreendedor<\/li>\n\n\n\n<li>N\u00famero SIRET: 94003340000018<\/li>\n\n\n\n<li>Endere\u00e7o eletr\u00f3nico: contact@trendsbystylia.com<\/li>\n<\/ul><p><strong>Dados pessoais recolhidos:<\/strong><\/p><p>Podemos recolher os seguintes dados pessoais:<\/p><ul class=\"wp-block-list\">\n<li>Apelido e nome pr\u00f3prio<\/li>\n\n\n\n<li>Endere\u00e7o postal<\/li>\n\n\n\n<li>Endere\u00e7o de correio eletr\u00f3nico<\/li>\n\n\n\n<li>N\u00famero de telefone (facultativo)<\/li>\n\n\n\n<li>Informa\u00e7\u00f5es do pedido (produtos comprados, data do pedido, etc.)<\/li>\n\n\n\n<li>Dados de navega\u00e7\u00e3o (endere\u00e7os IP, cookies, etc.)<\/li>\n<\/ul><p><strong>Finalidades do tratamento de dados:<\/strong><\/p><p>Os dados pessoais recolhidos s\u00e3o utilizados para os seguintes fins:<\/p><ul class=\"wp-block-list\">\n<li>Gest\u00e3o de encomendas e entregas&nbsp;&nbsp;&nbsp;<\/li>\n\n\n\n<li>Gest\u00e3o da rela\u00e7\u00e3o com o cliente (servi\u00e7o ao cliente, seguimento de encomendas, etc.)<\/li>\n\n\n\n<li>Envio de informa\u00e7\u00f5es comerciais (newsletters, ofertas promocionais, etc.), sujeito ao seu consentimento pr\u00e9vio<\/li>\n\n\n\n<li>Melhoria do S\u00edtio e dos servi\u00e7os oferecidos<\/li>\n\n\n\n<li>Cumprimento das obriga\u00e7\u00f5es legais e regulamentares<\/li>\n<\/ul><p><strong>Destinat\u00e1rios dos dados:<\/strong><\/p><p>Os dados pessoais recolhidos podem ser transmitidos aos seguintes destinat\u00e1rios:<\/p><ul class=\"wp-block-list\">\n<li>Prestadores de servi\u00e7os (anfitri\u00f5es de s\u00edtios Web, prestadores de servi\u00e7os de pagamento, transportadores, etc.)<\/li>\n\n\n\n<li>Parceiros comerciais (sujeito ao seu consentimento pr\u00e9vio)<\/li>\n\n\n\n<li>Autoridades competentes (em caso de pedido legal)<\/li>\n<\/ul><p><strong>Per\u00edodo de conserva\u00e7\u00e3o dos dados:<\/strong><\/p><p>Os dados pessoais s\u00e3o conservados durante o per\u00edodo necess\u00e1rio para as finalidades para as quais s\u00e3o recolhidos.<sup><\/sup>&nbsp;s\u00e3o recolhidos, em conformidade com as obriga\u00e7\u00f5es legais e regulamentares.&nbsp;&nbsp;&nbsp;<\/p><p><strong>Os seus direitos:<\/strong><\/p><p>De acordo com o RGPD, tem os seguintes direitos:<\/p><ul class=\"wp-block-list\">\n<li>Direito de acesso: pode obter a confirma\u00e7\u00e3o de que os seus dados pessoais est\u00e3o a ser tratados e obter uma c\u00f3pia desses dados.<\/li>\n\n\n\n<li>Direito de retifica\u00e7\u00e3o: pode solicitar a retifica\u00e7\u00e3o dos seus dados pessoais inexatos ou incompletos.<\/li>\n\n\n\n<li>Direito de apagamento: em certos casos, pode solicitar o apagamento dos seus dados pessoais.<\/li>\n\n\n\n<li>Direito de limitar o tratamento: pode solicitar a limita\u00e7\u00e3o do tratamento dos seus dados pessoais em determinados casos.<\/li>\n\n\n\n<li>Direito \u00e0 portabilidade dos dados: pode pedir para receber os seus dados pessoais num formato estruturado, de uso corrente e de leitura autom\u00e1tica, ou para os transmitir a outro respons\u00e1vel pelo tratamento.&nbsp;&nbsp;&nbsp;<\/li>\n\n\n\n<li>Direito de oposi\u00e7\u00e3o: Pode opor-se ao tratamento dos seus dados pessoais para fins de marketing direto a qualquer momento.&nbsp;&nbsp;&nbsp;<\/li>\n\n\n\n<li>Direito de retirar o consentimento: pode retirar o seu consentimento para o tratamento dos seus dados pessoais a qualquer momento.&nbsp;&nbsp;&nbsp;<\/li>\n<\/ul><p><strong>Exercer os seus direitos:<\/strong><\/p><p>Pode exercer os seus direitos contactando-nos atrav\u00e9s do seguinte endere\u00e7o de e-mail: contact@trendsbystylia.com<\/p><p><strong>Den\u00fancia \u00e0 CNIL:<\/strong><\/p><p>Se considerar que os seus direitos em mat\u00e9ria de prote\u00e7\u00e3o de dados pessoais n\u00e3o s\u00e3o respeitados,<sup><\/sup>&nbsp;Pode apresentar uma queixa \u00e0 Commission Nationale de l\u2019Informatique et des Libert\u00e9s<sup><\/sup>&nbsp;(CNIL).&nbsp;&nbsp;&nbsp;<\/p><p><strong>Informa\u00e7\u00f5es adicionais:<\/strong><\/p><ul class=\"wp-block-list\">\n<li>Implementamos medidas de seguran\u00e7a adequadas para proteger os seus dados pessoais de acesso n\u00e3o autorizado, mau uso, divulga\u00e7\u00e3o, altera\u00e7\u00e3o ou destrui\u00e7\u00e3o.&nbsp;&nbsp;&nbsp;<\/li>\n\n\n\n<li>Informamo-lo de qualquer viola\u00e7\u00e3o de dados pessoais que possa representar um risco para os seus direitos e liberdades.<\/li>\n<\/ul><p>N\u00e3o hesite em contactar-nos se tiver alguma d\u00favida sobre a prote\u00e7\u00e3o dos seus dados pessoais.<\/p><\/p>","protected":false},"excerpt":{"rendered":"<p>Politique de Confidentialit&eacute; (RGPD)&nbsp; Conform&eacute;ment au R&egrave;glement&nbsp;G&eacute;n&eacute;ral sur la Protection des Donn&eacute;es (RGPD) et &agrave; la loi n&deg; 2018-493 du 20 juin 2018 relative &agrave; la protection des donn&eacute;es personnelles,&nbsp;nous vous informons des &eacute;l&eacute;ments suivants concernant la collecte et le traitement de vos donn&eacute;es personnelles sur le site web TrendsbyStylia.com (ci-apr&egrave;s &laquo;&nbsp;le Site&nbsp;&raquo;) :&nbsp;&nbsp;&nbsp; Responsable [&hellip;]<\/p>","protected":false},"author":1,"featured_media":0,"parent":0,"menu_order":0,"comment_status":"closed","ping_status":"closed","template":"","meta":{"_seopress_robots_primary_cat":"","_seopress_titles_title":"","_seopress_titles_desc":"","_seopress_robots_index":"","_gspb_post_css":"","content-type":"","footnotes":""},"class_list":["post-294","page","type-page","status-publish","hentry"],"blocksy_meta":[],"jetpack_sharing_enabled":true,"_links":{"self":[{"href":"https:\/\/trendsbystylia.com\/pt\/wp-json\/wp\/v2\/pages\/294","targetHints":{"allow":["GET"]}}],"collection":[{"href":"https:\/\/trendsbystylia.com\/pt\/wp-json\/wp\/v2\/pages"}],"about":[{"href":"https:\/\/trendsbystylia.com\/pt\/wp-json\/wp\/v2\/types\/page"}],"author":[{"embeddable":true,"href":"https:\/\/trendsbystylia.com\/pt\/wp-json\/wp\/v2\/users\/1"}],"replies":[{"embeddable":true,"href":"https:\/\/trendsbystylia.com\/pt\/wp-json\/wp\/v2\/comments?post=294"}],"version-history":[{"count":0,"href":"https:\/\/trendsbystylia.com\/pt\/wp-json\/wp\/v2\/pages\/294\/revisions"}],"wp:attachment":[{"href":"https:\/\/trendsbystylia.com\/pt\/wp-json\/wp\/v2\/media?parent=294"}],"curies":[{"name":"wp","href":"https:\/\/api.w.org\/{rel}","templated":true}]}}