{"id":73487,"date":"2026-04-27T11:02:22","date_gmt":"2026-04-27T11:02:22","guid":{"rendered":"https:\/\/trendsbystylia.com\/produit\/systeme-wi-fi-mesh-tp-link-deco-x50-5g-ax3000\/"},"modified":"2026-04-27T17:07:10","modified_gmt":"2026-04-27T17:07:10","slug":"systeme-wi-fi-mesh-tp-link-deco-x50-5g-ax3000","status":"publish","type":"product","link":"https:\/\/trendsbystylia.com\/es\/producto\/systeme-wi-fi-mesh-tp-link-deco-x50-5g-ax3000\/","title":{"rendered":"<p>Syst&egrave;me Wi-Fi mesh TP-Link Deco X50 &ndash; 5G AX3000<\/p>"},"content":{"rendered":"<p>Deco X50-5G<br>Syst&egrave;me Wi-Fi 6 Mesh AI AX3000 Deco X50-5G<p>Connexion 5G ultra-rapide. La technologie 5G Sub-6 GHz offre des d&eacute;bits jusqu&rsquo;&agrave; 5 Gbit\/s**.<br>Wi-Fi 6 double bande AX3000. Jusqu&rsquo;&agrave; 2&nbsp;402 Mbit\/s sur 5 GHz et 574 Mbit\/s sur 2,4 GHz.(1)<br>Ports multi-gigabits 2,5 Gbit\/s. Connectez vos appareils gr&acirc;ce &agrave; un port 2,5 Gbit\/s et un port Gigabit.(2)<br>Wi-Fi 6 Mesh Deco. La technologie Deco cr&eacute;e un signal Wi-Fi stable dans toute votre maison avec un seul nom de r&eacute;seau et un seul mot de passe.(3)<br>Compatible 5G. Acc&egrave;s Internet fixe.<br>Installation facile. Ins&eacute;rez la carte SIM et contr&ocirc;lez l&rsquo;int&eacute;gralit&eacute; de votre syst&egrave;me Wi-Fi 6 Mesh en quelques &eacute;tapes seulement gr&acirc;ce &agrave; l&rsquo;application Deco.<br>Configuration simplifi&eacute;e&nbsp;: configurez et g&eacute;rez facilement votre r&eacute;seau avec l&rsquo;application TP-Link Deco.<br>S&eacute;curit&eacute; avanc&eacute;e&nbsp;: prot&eacute;gez votre r&eacute;seau, vos appareils connect&eacute;s et toutes leurs donn&eacute;es gr&acirc;ce &agrave; TP-Link HomeShield et au chiffrement WPA3.*<br>Latence 5&nbsp;GHz ultra-faible. Cr&eacute;ez des connexions rapides avec une latence de seulement 1 ms, id&eacute;ale pour les jeux.**<\/p><p>Inal\u00e1mbrico<br>Normes Wi-Fi 6<br>IEEE 802.11ax\/ac\/n\/a 5 GHz<br>IEEE 802.11ax\/n\/b\/g 2,4 GHz<br>Vitesses Wi-Fi AX3000<br>5 GHz&nbsp;: 2&nbsp;402 Mbit\/s (802.11ax)<br>2,4 GHz&nbsp;: 574 Mbit\/s (802.11ax)<br>Port&eacute;e Wi-Fi&nbsp;: Maisons de 1 &agrave; 3 chambres (1 unit&eacute;) Technologie Mesh TP-Link<br>La liaison Ethernet optionnelle fonctionne avec les unit&eacute;s Deco pour une couverture optimale.<\/p><p>4 antennes LTE\/5G internes + 2 antennes Wi-Fi internes<br>+ 2 interfaces d&rsquo;antenne externes RP-SMA-F<br>Les antennes multiples forment un r&eacute;seau d&rsquo;amplificateurs de signal pour une couverture &eacute;tendue. Directions et zones &eacute;tendues<\/p><p>Format de carte SIM&nbsp;: Nano-SIM<br>Wi-Fi haute performance, double bande<br>R&eacute;partition des appareils sur diff&eacute;rentes bandes pour des performances optimales<\/p><p>MU-MIMO<br>Communication simultan&eacute;e avec plusieurs clients MU-MIMO<\/p><p>OFDMA<br>Communication simultan&eacute;e avec plusieurs clients Wi-Fi 6<\/p><p>4 flux<br>Bande passante largement suffisante pour les appareils connect&eacute;s<br>Modes de fonctionnement&nbsp;: Routeur 5G\/4G, routeur, point d&rsquo;acc&egrave;s<br>S&Eacute;CURIT&Eacute;<br>S&eacute;curit&eacute; r&eacute;seau&nbsp;: Pare-feu SPI<br>Contr&ocirc;le d&rsquo;acc&egrave;s<\/p><p>S&eacute;curit&eacute; HomeShield<br>Protection IoT en temps r&eacute;el<br>Blocage des sites malveillants<br>Syst&egrave;me de pr&eacute;vention des intrusions<br>Pr&eacute;vention des attaques DDoS<br>Analyseur de r&eacute;seau domestique<br>R&eacute;seau invit&eacute;&nbsp;: 1 r&eacute;seau invit&eacute; 5&nbsp;GHz<br>1 r&eacute;seau invit&eacute; 2,4&nbsp;GHz<br>Wi-Fi Chiffrement&nbsp;: WPA-Personnel<br>WPA2-Personnel<br>WPA3-Personnel<br>MAT&Eacute;RIEL<br>Ports et connexions&nbsp;: 1 port 2,5&nbsp;Gigabit + 2 ports 1&nbsp;Gigabit<br>(D&eacute;tection automatique WAN\/LAN)<br>&gt;<br>Compatibilidad<br>5G&nbsp;: N1\/N3\/N5\/N7\/N8\/N20\/N28\/N38\/N40\/N41\/N77\/N78<br>4G FDD-LTE&nbsp;: B1\/B3\/B5\/B7\/B8\/B20\/B28<br>4G TDD-LTE&nbsp;: B38\/B40\/B41\/B42\/B43<br>3G&nbsp;: B1\/B5\/B8<br>LOGICIEL<br>Protocoles IPv4<br>IPv6<br>Kit de service HomeShield<br>Types WAN&nbsp;: Dynamique IP<br>IP statique<br>PPPoE<br>L2TP<br>PPTP<br>Qualit&eacute; de service HomeShield&nbsp;: QoS par appareil<br>Service de stockage cloud&nbsp;: Mise &agrave; jour du firmware OTA<br>Identification de TP-Link<br>DDNS<br>Redirection NAT, redirection de ports<br>UPnP<br>Proxy IGMP IPTV<br>Observation IGMP<br>Pont<br>&Eacute;tiquette VLAN<br>R&eacute;servation d&rsquo;adresse DHCP<br>Liste des clients DHCP<br>Serveur<br>DDNS TP-Link<br>Gestion de l&rsquo;application Deco<br>DONN&Eacute;ES DE TEST<br>Puissance d&rsquo;&eacute;mission Wi-Fi CE&nbsp;:<br>20&nbsp;dBm (2,4&nbsp;GHz),<br>23&nbsp;dBm (5&nbsp;GHz)<br>CARACT&Eacute;RISTIQUES PHYSIQUES<br>Dimensions (L&nbsp;&times;&nbsp;P&nbsp;&times;&nbsp;H)&nbsp;: 210,5&nbsp;&times;&nbsp;130&nbsp;&times;&nbsp;122&nbsp;mm 123 mm)<br>Autres<br>Certifications RoHS, CE, RCM<br>Contenu de l&rsquo;emballage&nbsp;: 1 emballage<br>1 unit&eacute; Deco X50-5G<br>1 c&acirc;ble Ethernet RJ45<br>1 adaptateur secteur<br>Gu\u00eda de instalaci\u00f3n r\u00e1pida<br>Conditions environnementales&nbsp;: Temp&eacute;rature de fonctionnement&nbsp;: 0&nbsp;&deg;C &agrave; 40&nbsp;&deg;C (32&nbsp;&deg;F &agrave; 104&nbsp;&deg;F)<br>Temp&eacute;rature de stockage&nbsp;: -40&nbsp;&deg;C &agrave; 60&nbsp;&deg;C (-40&nbsp;&deg;F &agrave; 140&nbsp;&deg;F)<br>Humidit&eacute; de fonctionnement&nbsp;: 10&nbsp;% &agrave; 90&nbsp;% HR<br>Humidit&eacute; de stockage&nbsp;: 5&nbsp;% &agrave; 90&nbsp;% HR<\/p><\/p>","protected":false},"excerpt":{"rendered":"<p>Syst&egrave;me Wi-Fi mesh TP-Link Deco X50 &ndash; 5G AX3000<\/p>","protected":false},"featured_media":75929,"comment_status":"open","ping_status":"open","template":"","meta":{"_seopress_robots_primary_cat":"","_seopress_titles_title":"","_seopress_titles_desc":"","_seopress_robots_index":"","_gspb_post_css":"","content-type":"","jetpack_post_was_ever_published":false},"product_brand":[729],"product_cat":[1249,42,1174,1150],"product_tag":[],"class_list":{"0":"post-73487","1":"product","2":"type-product","3":"status-publish","4":"has-post-thumbnail","6":"product_brand-tp-link","7":"product_cat-a-classer","8":"product_cat-high-tech","9":"product_cat-reseau-serveur-high-tech","10":"product_cat-reseau-serveur","11":"pa_fournisseur-mgs","12":"pa_origine-dexpedition-union-europeenne","13":"pa_reseau-4g","14":"pa_reseau-5g","15":"pa_reseau-wi-fi","17":"first","18":"instock","19":"purchasable","20":"product-type-simple"},"jetpack_sharing_enabled":true,"_links":{"self":[{"href":"https:\/\/trendsbystylia.com\/es\/wp-json\/wp\/v2\/product\/73487","targetHints":{"allow":["GET"]}}],"collection":[{"href":"https:\/\/trendsbystylia.com\/es\/wp-json\/wp\/v2\/product"}],"about":[{"href":"https:\/\/trendsbystylia.com\/es\/wp-json\/wp\/v2\/types\/product"}],"replies":[{"embeddable":true,"href":"https:\/\/trendsbystylia.com\/es\/wp-json\/wp\/v2\/comments?post=73487"}],"wp:featuredmedia":[{"embeddable":true,"href":"https:\/\/trendsbystylia.com\/es\/wp-json\/wp\/v2\/media\/75929"}],"wp:attachment":[{"href":"https:\/\/trendsbystylia.com\/es\/wp-json\/wp\/v2\/media?parent=73487"}],"wp:term":[{"taxonomy":"product_brand","embeddable":true,"href":"https:\/\/trendsbystylia.com\/es\/wp-json\/wp\/v2\/product_brand?post=73487"},{"taxonomy":"product_cat","embeddable":true,"href":"https:\/\/trendsbystylia.com\/es\/wp-json\/wp\/v2\/product_cat?post=73487"},{"taxonomy":"product_tag","embeddable":true,"href":"https:\/\/trendsbystylia.com\/es\/wp-json\/wp\/v2\/product_tag?post=73487"}],"curies":[{"name":"wp","href":"https:\/\/api.w.org\/{rel}","templated":true}]}}