{"id":72722,"date":"2026-04-24T22:39:19","date_gmt":"2026-04-24T22:39:19","guid":{"rendered":"https:\/\/trendsbystylia.com\/produit\/chariot-de-voyage-portable-targus-corporate-traveller-16-pouces\/"},"modified":"2026-04-24T22:39:48","modified_gmt":"2026-04-24T22:39:48","slug":"chariot-de-voyage-portable-targus-corporate-traveller-16-pouces","status":"publish","type":"product","link":"https:\/\/trendsbystylia.com\/es\/producto\/chariot-de-voyage-portable-targus-corporate-traveller-16-pouces\/","title":{"rendered":"<p>Chariot de voyage portable Targus Corporate Traveller 16 pouces<\/p>"},"content":{"rendered":"<p>TARGUS CORPORATE TRAVELLER 16&Prime; NOIR PORTABLE TROLLEY<p>En vedette<\/p><p>Mallette &agrave; roulettes noire de 16&Prime; (40,6 cm)<br>Poign&eacute;e de transport<br>4,11 kg<\/p><p>Targus CUCT04R. Type de valise : Mallette &agrave; roulettes, Taille maximale de l&rsquo;&eacute;cran : 40,6 cm (16&Prime;), Poign&eacute;e de transport. Poids : 4,11 kg. Coloris : Monochrome<\/p><p>Peso y dimensiones<br>Altura<br>460 mm<br>Anchura<br>290 mm<br>Peso<br>4,11 kg<br>Profundidad<br>390 mm<br>Volume<br>33 L<br>Datos log\u00edsticos<br>Altura del cart\u00f3n principal<br>590 mm<br>Anchura del cart\u00f3n principal<br>290 mm<br>Code SH<br>84733080<br>Quantit&eacute; par carton<br>1 pi&egrave;ce<br>Longueur du carton<br>390 mm<br>Poids du colis complet<br>6,21 kg<\/p><p>Caracter\u00edsticas<br>Transport Poign&eacute;e<br>S\u00ed<br>Poche avant<br>S\u00ed<br>Couleur principale du produit<br>Negro<br>Coloris de surface<br>Monochrome<br>Extensible<br>No<br>Taille d&rsquo;&eacute;cran maximale<br>40,6 cm (16&Prime;)<br>Tipo de caso<br>Mallette &agrave; roulettes<\/p><\/p>","protected":false},"excerpt":{"rendered":"<p>Chariot de voyage portable Targus Corporate Traveller 16 pouces, noir<\/p>","protected":false},"featured_media":72723,"comment_status":"open","ping_status":"open","template":"","meta":{"_seopress_robots_primary_cat":"","_seopress_titles_title":"","_seopress_titles_desc":"","_seopress_robots_index":"","_gspb_post_css":"","content-type":"","jetpack_post_was_ever_published":false,"jetpack_publicize_message":"","jetpack_publicize_feature_enabled":true,"jetpack_social_post_already_shared":false,"jetpack_social_options":{"image_generator_settings":{"template":"highway","default_image_id":0,"font":"","enabled":false},"version":2}},"product_brand":[1239],"product_cat":[1249],"product_tag":[],"class_list":{"0":"post-72722","1":"product","2":"type-product","3":"status-publish","4":"has-post-thumbnail","6":"product_brand-targus","7":"product_cat-a-classer","8":"pa_couleur-noir","9":"pa_fournisseur-mgs","10":"pa_origine-dexpedition-union-europeenne","12":"first","13":"instock","14":"purchasable","15":"product-type-simple"},"jetpack_publicize_connections":[],"jetpack_sharing_enabled":true,"_links":{"self":[{"href":"https:\/\/trendsbystylia.com\/es\/wp-json\/wp\/v2\/product\/72722","targetHints":{"allow":["GET"]}}],"collection":[{"href":"https:\/\/trendsbystylia.com\/es\/wp-json\/wp\/v2\/product"}],"about":[{"href":"https:\/\/trendsbystylia.com\/es\/wp-json\/wp\/v2\/types\/product"}],"replies":[{"embeddable":true,"href":"https:\/\/trendsbystylia.com\/es\/wp-json\/wp\/v2\/comments?post=72722"}],"wp:featuredmedia":[{"embeddable":true,"href":"https:\/\/trendsbystylia.com\/es\/wp-json\/wp\/v2\/media\/72723"}],"wp:attachment":[{"href":"https:\/\/trendsbystylia.com\/es\/wp-json\/wp\/v2\/media?parent=72722"}],"wp:term":[{"taxonomy":"product_brand","embeddable":true,"href":"https:\/\/trendsbystylia.com\/es\/wp-json\/wp\/v2\/product_brand?post=72722"},{"taxonomy":"product_cat","embeddable":true,"href":"https:\/\/trendsbystylia.com\/es\/wp-json\/wp\/v2\/product_cat?post=72722"},{"taxonomy":"product_tag","embeddable":true,"href":"https:\/\/trendsbystylia.com\/es\/wp-json\/wp\/v2\/product_tag?post=72722"}],"curies":[{"name":"wp","href":"https:\/\/api.w.org\/{rel}","templated":true}]}}