{"id":72470,"date":"2026-04-27T10:42:17","date_gmt":"2026-04-27T10:42:17","guid":{"rendered":"https:\/\/trendsbystylia.com\/produit\/armoire-rack-lanberg-19-pouces-37u-800x800\/"},"modified":"2026-04-27T10:42:23","modified_gmt":"2026-04-27T10:42:23","slug":"armoire-rack-lanberg-19-pouces-37u-800x800","status":"publish","type":"product","link":"https:\/\/trendsbystylia.com\/es\/producto\/armoire-rack-lanberg-19-pouces-37u-800x800\/","title":{"rendered":"<p>Armoire rack Lanberg 19 pouces 37u 800&times;800<\/p>"},"content":{"rendered":"<p>Lanberg FF01-8837-12B. Type&nbsp;: Baie ou baie autonome, Capacit&eacute;&nbsp;: 37U, Charge maximale&nbsp;: 800&nbsp;kg, Verrouillage clavier, Pieds r&eacute;glables, Rails de montage, Indice de protection&nbsp;: IP20, Roulettes. Poids&nbsp;: 131&nbsp;kg. Couleur du produit&nbsp;: Noir<p>Peso y dimensiones<br>Altura<br>1826 mm<br>Anchura<br>800 mm<br>Peso<br>131 kg<br>Profundidad<br>800 mm<br>Profondeur d&rsquo;encastrement (max.)<br>72 cm<br>Taille (imp&eacute;riale)<br>48,3 cm (19&Prime;)<br>Contr&ocirc;le de l&rsquo;alimentation<br>Tension d&rsquo;entr&eacute;e CA<br>230 V<\/p><p>Caracter\u00edsticas<br>Verrouillage du clavier<br>S\u00ed<br>Capacit&eacute; du rack<br>37U<br>Capacidad de carga m\u00e1xima<br>800 kg<br>Certifications<br>ANSI\/EIA RS-310-D, DIN 41491\/PARTIE 1, DIN 41494\/PARTIE 2, ETSI, IEC297-2:1982<br>Color del producto<br>Negro<br>Indice de protection IP (International) Protection)<br>IP20<br>Structure de la porte arri&egrave;re<br>Acero<br>Structure de la porte avant<br>Verre tremp&eacute;<br>Structure des panneaux lat&eacute;raux<br>M&eacute;tal<br>&Eacute;paisseur des rails de rack<br>2 mm<br>Nombre de ventilateurs<br>4 ventilateur(s)<br>Panneau(s) lat&eacute;ral(aux) verrouillable(s)<br>S\u00ed<br>Panneaux lat&eacute;raux amovibles<br>S\u00ed<br>Panneaux lat&eacute;raux inclus<br>S\u00ed<br>Pieds r&eacute;glables<br>S\u00ed<br>Porte arri&egrave;re verrouillable<br>S\u00ed<br>Porte avant verrouillable<br>S\u00ed<br>Rails de rack<br>S\u00ed<br>Caisse<br>S\u00ed<br>Tipo<br>Rack autoportant<br>Type de ch&acirc;ssis<br>Ferm&eacute;<br>Type de refroidissement<br>Activos<br>Emball&eacute;<br>&Eacute;crous inclus<br>S\u00ed<br>Manual de usuario<br>S\u00ed<\/p><\/p>","protected":false},"excerpt":{"rendered":"<p>Baie de brassage Lanberg 19 pouces 37U 800&times;800 noire<\/p>","protected":false},"featured_media":75380,"comment_status":"open","ping_status":"open","template":"","meta":{"_seopress_robots_primary_cat":"","_seopress_titles_title":"","_seopress_titles_desc":"","_seopress_robots_index":"","_gspb_post_css":"","content-type":"","jetpack_post_was_ever_published":false},"product_brand":[1164],"product_cat":[1249],"product_tag":[],"class_list":{"0":"post-72470","1":"product","2":"type-product","3":"status-publish","4":"has-post-thumbnail","6":"product_brand-lanberg","7":"product_cat-a-classer","8":"pa_couleur-noir","9":"pa_fournisseur-mgs","10":"pa_origine-dexpedition-union-europeenne","12":"first","13":"instock","14":"purchasable","15":"product-type-simple"},"jetpack_sharing_enabled":true,"_links":{"self":[{"href":"https:\/\/trendsbystylia.com\/es\/wp-json\/wp\/v2\/product\/72470","targetHints":{"allow":["GET"]}}],"collection":[{"href":"https:\/\/trendsbystylia.com\/es\/wp-json\/wp\/v2\/product"}],"about":[{"href":"https:\/\/trendsbystylia.com\/es\/wp-json\/wp\/v2\/types\/product"}],"replies":[{"embeddable":true,"href":"https:\/\/trendsbystylia.com\/es\/wp-json\/wp\/v2\/comments?post=72470"}],"wp:featuredmedia":[{"embeddable":true,"href":"https:\/\/trendsbystylia.com\/es\/wp-json\/wp\/v2\/media\/75380"}],"wp:attachment":[{"href":"https:\/\/trendsbystylia.com\/es\/wp-json\/wp\/v2\/media?parent=72470"}],"wp:term":[{"taxonomy":"product_brand","embeddable":true,"href":"https:\/\/trendsbystylia.com\/es\/wp-json\/wp\/v2\/product_brand?post=72470"},{"taxonomy":"product_cat","embeddable":true,"href":"https:\/\/trendsbystylia.com\/es\/wp-json\/wp\/v2\/product_cat?post=72470"},{"taxonomy":"product_tag","embeddable":true,"href":"https:\/\/trendsbystylia.com\/es\/wp-json\/wp\/v2\/product_tag?post=72470"}],"curies":[{"name":"wp","href":"https:\/\/api.w.org\/{rel}","templated":true}]}}