{"id":72397,"date":"2026-04-27T10:40:31","date_gmt":"2026-04-27T10:40:31","guid":{"rendered":"https:\/\/trendsbystylia.com\/produit\/armoire-rack-au-sol-lanberg-32u-600x600x1603\/"},"modified":"2026-04-27T10:40:38","modified_gmt":"2026-04-27T10:40:38","slug":"armoire-rack-au-sol-lanberg-32u-600x600x1603","status":"publish","type":"product","link":"https:\/\/trendsbystylia.com\/es\/producto\/armoire-rack-au-sol-lanberg-32u-600x600x1603\/","title":{"rendered":"<p>Armoire rack au sol Lanberg 32U 600x600x1603<\/p>"},"content":{"rendered":"<p>Lanberg FF01-6632-12B. Type&nbsp;: Baie ou ch&acirc;ssis autonome, Capacit&eacute; de la baie&nbsp;: 32U, Charge maximale admissible&nbsp;: 800&nbsp;kg, Indice de protection&nbsp;: IP20, Installation requise, Roulettes. Poids&nbsp;: 18&nbsp;kg. Couleur du produit&nbsp;: Noir<p>Peso y dimensiones<br>Altura<br>1603 mm<br>Anchura<br>600 mm<br>Peso<br>18 kg<br>Profundidad<br>600 mm<br>Dimensions (imp&eacute;riales)<br>48,3 cm (19&Prime;)<\/p><p>Caracter\u00edsticas<br>Capacit&eacute; de rack<br>32U<br>Charge maximale admissible<br>800 kg<br>Certifications<br>ANSI\/EIA RS-310D, IEC297-2, DIN41494, PARTIE 1 &ndash; PARTIE 7, ETSI<br>Color del producto<br>Negro<br>Indice de protection (IP)<br>IP20<br>Structure de la porte arri&egrave;re<br>Acero<br>Structure de la porte avant<br>Verre tremp&eacute;<br>Structure des panneaux lat&eacute;raux<br>Acero<br>Installation Requis<br>S\u00ed<br>Material<br>Acero<br>Nombre de ventilateurs<br>2 Ventilateur(s)<br>Porte arri&egrave;re verrouillable<br>S\u00ed<br>Porte avant verrouillable<br>S\u00ed<br>Roue de relais<br>S\u00ed<br>Tipo<br>B&acirc;ti ou ch&acirc;ssis autoportant<br>Type de ch&acirc;ssis<br>Ferm&eacute;<\/p><\/p>","protected":false},"excerpt":{"rendered":"<p>Baie de montage au sol Lanberg 32U &ndash; 600 x 600 x 1603 mm, 19 pouces, livr&eacute;e &agrave; plat, noire<\/p>","protected":false},"featured_media":75340,"comment_status":"open","ping_status":"open","template":"","meta":{"_seopress_robots_primary_cat":"","_seopress_titles_title":"","_seopress_titles_desc":"","_seopress_robots_index":"","_gspb_post_css":"","content-type":"","jetpack_post_was_ever_published":false},"product_brand":[1164],"product_cat":[1249],"product_tag":[],"class_list":{"0":"post-72397","1":"product","2":"type-product","3":"status-publish","4":"has-post-thumbnail","6":"product_brand-lanberg","7":"product_cat-a-classer","8":"pa_couleur-noir","9":"pa_fournisseur-mgs","10":"pa_origine-dexpedition-union-europeenne","12":"first","13":"instock","14":"purchasable","15":"product-type-simple"},"jetpack_sharing_enabled":true,"_links":{"self":[{"href":"https:\/\/trendsbystylia.com\/es\/wp-json\/wp\/v2\/product\/72397","targetHints":{"allow":["GET"]}}],"collection":[{"href":"https:\/\/trendsbystylia.com\/es\/wp-json\/wp\/v2\/product"}],"about":[{"href":"https:\/\/trendsbystylia.com\/es\/wp-json\/wp\/v2\/types\/product"}],"replies":[{"embeddable":true,"href":"https:\/\/trendsbystylia.com\/es\/wp-json\/wp\/v2\/comments?post=72397"}],"wp:featuredmedia":[{"embeddable":true,"href":"https:\/\/trendsbystylia.com\/es\/wp-json\/wp\/v2\/media\/75340"}],"wp:attachment":[{"href":"https:\/\/trendsbystylia.com\/es\/wp-json\/wp\/v2\/media?parent=72397"}],"wp:term":[{"taxonomy":"product_brand","embeddable":true,"href":"https:\/\/trendsbystylia.com\/es\/wp-json\/wp\/v2\/product_brand?post=72397"},{"taxonomy":"product_cat","embeddable":true,"href":"https:\/\/trendsbystylia.com\/es\/wp-json\/wp\/v2\/product_cat?post=72397"},{"taxonomy":"product_tag","embeddable":true,"href":"https:\/\/trendsbystylia.com\/es\/wp-json\/wp\/v2\/product_tag?post=72397"}],"curies":[{"name":"wp","href":"https:\/\/api.w.org\/{rel}","templated":true}]}}