{"id":72370,"date":"2026-04-27T10:39:48","date_gmt":"2026-04-27T10:39:48","guid":{"rendered":"https:\/\/trendsbystylia.com\/produit\/serveur-rack-dell-r350-xeon-600-go\/"},"modified":"2026-04-27T17:07:19","modified_gmt":"2026-04-27T17:07:19","slug":"serveur-rack-dell-r350-xeon-600-go","status":"publish","type":"product","link":"https:\/\/trendsbystylia.com\/es\/producto\/serveur-rack-dell-r350-xeon-600-go\/","title":{"rendered":"<p>Serveur rack Dell R350 Xeon 600 Go<\/p>"},"content":{"rendered":"<p>DESCRIPTION<br>Un serveur puissant &agrave; processeur unique. R&eacute;pondez aux exigences croissantes de l&rsquo;informatique gr&acirc;ce &agrave; un serveur rackable facile &agrave; g&eacute;rer, con&ccedil;u pour les entreprises recherchant des fonctionnalit&eacute;s de niveau professionnel &agrave; un prix abordable.<br>CARACT&Eacute;RISTIQUES TECHNIQUES<p>Memoria<br>Configuration de la m&eacute;moire<br>1 x 16 Go<br>ECC<br>S\u00ed<br>Memoria interna<br>16 Go<br>M&eacute;moire interne maximale<br>64 GB<br>Emplacements m&eacute;moire<br>4 x DIMM<br>Tipo de memoria interna<br>DDR4-SDRAM<br>Type de m&eacute;moire tamponn&eacute;e<br>Non enregistr&eacute;e (non tamponn&eacute;e)<br>Fr&eacute;quence d&rsquo;horloge de la m&eacute;moire<br>3200 MHz<br>Processeur<br>Bit de d&eacute;sactivation d&rsquo;ex&eacute;cution<br>S\u00ed<br>Cache du processeur<br>8 Mo<br>&Eacute;tats d&rsquo;inactivit&eacute;<br>S\u00ed<br>Fabricant du processeur<br>Intel<br>Famille de processeurs<br>Intel Xeon E<br>Processeur Fr&eacute;quence<br>3,4 GHz<br>Fr&eacute;quence du processeur turbo<br>4,8 GHz<br>Mod&egrave;le du processeur<br>E-2334<br>Nombre de processeurs install&eacute;s<br>1<br>Ports et interfaces<br>Nombre de ports USB 3.2 Gen 1 (3.1 Gen 1) Type-A<br>1<br>Nombre de ports USB 2.0<br>2<br>Nombre de ports Ethernet LAN (RJ-45)<br>2<br>N\u00famero de puertos VGA (D-Sub)<br>1<br>Connexion<br>Contr&ocirc;leur LAN<br>Broadcom 5720<br>Ethernet<br>S\u00ed<br>Technologie de c&acirc;blage<br>10\/100\/1000Base-T (X)<br>Tipo de interfaz Ethernet<br>Ethernet de Gigabit<br>Contr&ocirc;le de l&rsquo;alimentation<br>Connecteur du cordon d&rsquo;alimentation 1<br>C13 Coupleur<br>Connecteur du cordon d&rsquo;alimentation 2<br>Coupleur C14<br>Courant du cordon d&rsquo;alimentation<br>10 A<br>Alimentation<br>600 W<br>Longitud del cable<br>2 m<br>Nombre d&rsquo;alimentations redondantes install&eacute;es<br>2<br>Prise en charge des alimentations redondantes (RPS)<br>S\u00ed<br>Condiciones ambientales<br>Altitude de fonctionnement<br>0 &ndash; 3048 m<br>Altitude de non-fonctionnement<br>0 &ndash; 12000 m<br>Plage de temp&eacute;rature de stockage<br>-40 &ndash; 65 &deg;C<br>Plage d&rsquo;humidit&eacute; relative pendant le stockage<br>5 &ndash; 95 %<\/p><p>Supports de stockage<br>Capacit&eacute; de stockage totale<br>600 Go<br>Capacit&eacute; du disque dur<br>600 Go<br>Prise en charge RAID<br>No<br>Prise en charge du branchement &agrave; chaud<br>S\u00ed<br>RAID pris en charge Contr&ocirc;leurs<br>PERC H355<br>Interface disque dur<br>SAS (Serial Attached SCSI)<br>Vitesse de rotation du disque dur<br>10&nbsp;000 tr\/min<br>Taille du disque dur<br>2,5&Prime;<br>Nombre de disques durs install&eacute;s<br>1<br>Type de lecteur optique<br>No<br>Performances<br>Gestion &agrave; distance<br>iDRAC9 Express 15G<br>Code SH (Syst&egrave;me harmonis&eacute;)<br>84714100<br>Conception<br>Color del producto<br>Negro<br>Montage en rack<br>S\u00ed<br>Rails de rack<br>S\u00ed<br>Type de ch&acirc;ssis<br>Rack (1U)<br>Logiciels<br>Syst&egrave;me d&rsquo;exploitation install&eacute;<br>No<br>Syst&egrave;mes d&rsquo;exploitation compatibles<br>Canonical Ubuntu Server LTS, Citrix Hypervisor, Microsoft Windows Server avec Hyper-V, Red Hat Enterprise Linux, SUSE Linux Enterprise Server<br>Processeur sp&eacute;cial Caract&eacute;ristiques<br>Intel 64<br>S\u00ed<br>Configuration du processeur (maximum)<br>1<br>Technologie de virtualisation Intel pour les E\/S directes (VT-d)<br>S\u00ed<br>Intel VT-x avec tables de pages &eacute;tendues (EPT)<br>S\u00ed<br>Technologie d&rsquo;ex&eacute;cution s&eacute;curis&eacute;e Intel<br>S\u00ed<br>Extensions de protection logicielle Intel (Intel SGX)<br>S\u00ed<br>Technologie Intel Enhanced SpeedStep<br>S\u00ed<br>Technologie de virtualisation Intel (VT-x)<br>S\u00ed<\/p><\/p>","protected":false},"excerpt":{"rendered":"<p>Serveur rack Dell R350 Xeon 600 Go &ndash; 16 Go DDR4 &ndash; SAS<\/p>","protected":false},"featured_media":75324,"comment_status":"open","ping_status":"open","template":"","meta":{"_seopress_robots_primary_cat":"","_seopress_titles_title":"","_seopress_titles_desc":"","_seopress_robots_index":"","_seopress_analysis_target_kw":"","_gspb_post_css":"","content-type":""},"product_brand":[950],"product_cat":[42,1150,1174],"product_tag":[],"class_list":{"0":"post-72370","1":"product","2":"type-product","3":"status-publish","4":"has-post-thumbnail","6":"product_brand-dell","7":"product_cat-high-tech","8":"product_cat-reseau-serveur","9":"product_cat-reseau-serveur-high-tech","10":"pa_couleur-noir","11":"pa_fournisseur-mgs","12":"pa_memoire-64-go","13":"pa_origine-dexpedition-union-europeenne","15":"first","16":"instock","17":"purchasable","18":"product-type-simple"},"jetpack_sharing_enabled":true,"_links":{"self":[{"href":"https:\/\/trendsbystylia.com\/es\/wp-json\/wp\/v2\/product\/72370","targetHints":{"allow":["GET"]}}],"collection":[{"href":"https:\/\/trendsbystylia.com\/es\/wp-json\/wp\/v2\/product"}],"about":[{"href":"https:\/\/trendsbystylia.com\/es\/wp-json\/wp\/v2\/types\/product"}],"replies":[{"embeddable":true,"href":"https:\/\/trendsbystylia.com\/es\/wp-json\/wp\/v2\/comments?post=72370"}],"wp:featuredmedia":[{"embeddable":true,"href":"https:\/\/trendsbystylia.com\/es\/wp-json\/wp\/v2\/media\/75324"}],"wp:attachment":[{"href":"https:\/\/trendsbystylia.com\/es\/wp-json\/wp\/v2\/media?parent=72370"}],"wp:term":[{"taxonomy":"product_brand","embeddable":true,"href":"https:\/\/trendsbystylia.com\/es\/wp-json\/wp\/v2\/product_brand?post=72370"},{"taxonomy":"product_cat","embeddable":true,"href":"https:\/\/trendsbystylia.com\/es\/wp-json\/wp\/v2\/product_cat?post=72370"},{"taxonomy":"product_tag","embeddable":true,"href":"https:\/\/trendsbystylia.com\/es\/wp-json\/wp\/v2\/product_tag?post=72370"}],"curies":[{"name":"wp","href":"https:\/\/api.w.org\/{rel}","templated":true}]}}