{"id":72310,"date":"2026-04-27T10:38:35","date_gmt":"2026-04-27T10:38:35","guid":{"rendered":"https:\/\/trendsbystylia.com\/produit\/toner-magenta-hp-655a\/"},"modified":"2026-04-27T10:38:45","modified_gmt":"2026-04-27T10:38:45","slug":"toner-magenta-hp-655a","status":"publish","type":"product","link":"https:\/\/trendsbystylia.com\/es\/producto\/toner-magenta-hp-655a\/","title":{"rendered":"<p>Toner magenta HP 655A<\/p>"},"content":{"rendered":"<p>DESCRIPTION<br>Id&eacute;al pour 10 &agrave; 30 travailleurs imprimant entre 2 000 et 14 000 pages par mois et qui ont besoin de rapidit&eacute;, d&rsquo;efficacit&eacute; &eacute;nerg&eacute;tique et d&rsquo;une s&eacute;curit&eacute; &eacute;lev&eacute;e. Profitez des cartouches de toner HP authentiques avec JetIntelligence pour imprimer plus de pages que jamais &agrave; haute vitesse[1], ainsi que des options haute capacit&eacute; abordables[2] et une technologie anti-fraude innovante pour garantir la qualit&eacute; constante que vous attendez de HP.<br>CARACT&Eacute;RISTIQUES TECHNIQUES<p>Peso y dimensiones<br>Altura<br>192 mm<br>Hauteur de l&rsquo;emballage<br>192 mm<br>Anchura<br>378 mm<br>Largeur de l&rsquo;emballage<br>378 mm<br>Peso<br>1,03 kg<br>Poids de l&rsquo;emballage<br>1,47 kg<br>Profundidad<br>163 mm<br>Profondeur de l&rsquo;emballage<br>163 mm<br>Condiciones ambientales<br>Plage de temp&eacute;rature de fonctionnement<br>15 &ndash; 30 &deg;C<br>Plage de temp&eacute;rature de stockage<br>-20 \u2013 40 \u00b0C<br>Plage d&rsquo;humidit&eacute; relative pendant le stockage<br>10 a 90 %<\/p><p>Caracter\u00edsticas<br>Quantit&eacute; par paquet<br>1 cartouche<br>Colores de impresi\u00f3n<br>Magenta<br>Compatibilidad<br>Les cartouches de toner HP 655 sont compatibles avec les imprimantes HP LaserJet Enterprise M652, M653, M681 et M682.<br>C\u00f3digo OEM<br>CF453A<br>Secteur HP<br>Professionnel, Entreprise<br>Marque compatible<br>HP<br>Pa\u00eds de origen<br>Japon<br>Rendement d&rsquo;impression du toner couleur<br>10&nbsp;500 pages<br>Tipo<br>Original<br>Tipo de cartucho de tinta<br>Eficiencia est\u00e1ndar<br>Otras caracter\u00edsticas<br>Tecnolog\u00eda de impresi\u00f3n<br>Impresi\u00f3n por l\u00e1ser<\/p><\/p>","protected":false},"excerpt":{"rendered":"<p>Toner magenta HP 655A<\/p>","protected":false},"featured_media":75292,"comment_status":"open","ping_status":"open","template":"","meta":{"_seopress_robots_primary_cat":"","_seopress_titles_title":"","_seopress_titles_desc":"","_seopress_robots_index":"","_gspb_post_css":"","content-type":"","jetpack_post_was_ever_published":false},"product_brand":[856],"product_cat":[1274,42,1252],"product_tag":[],"class_list":{"0":"post-72310","1":"product","2":"type-product","3":"status-publish","4":"has-post-thumbnail","6":"product_brand-hp","7":"product_cat-cartouches-toners","8":"product_cat-high-tech","9":"product_cat-impression","10":"pa_fournisseur-mgs","11":"pa_origine-dexpedition-union-europeenne","13":"first","14":"instock","15":"purchasable","16":"product-type-simple"},"jetpack_sharing_enabled":true,"_links":{"self":[{"href":"https:\/\/trendsbystylia.com\/es\/wp-json\/wp\/v2\/product\/72310","targetHints":{"allow":["GET"]}}],"collection":[{"href":"https:\/\/trendsbystylia.com\/es\/wp-json\/wp\/v2\/product"}],"about":[{"href":"https:\/\/trendsbystylia.com\/es\/wp-json\/wp\/v2\/types\/product"}],"replies":[{"embeddable":true,"href":"https:\/\/trendsbystylia.com\/es\/wp-json\/wp\/v2\/comments?post=72310"}],"wp:featuredmedia":[{"embeddable":true,"href":"https:\/\/trendsbystylia.com\/es\/wp-json\/wp\/v2\/media\/75292"}],"wp:attachment":[{"href":"https:\/\/trendsbystylia.com\/es\/wp-json\/wp\/v2\/media?parent=72310"}],"wp:term":[{"taxonomy":"product_brand","embeddable":true,"href":"https:\/\/trendsbystylia.com\/es\/wp-json\/wp\/v2\/product_brand?post=72310"},{"taxonomy":"product_cat","embeddable":true,"href":"https:\/\/trendsbystylia.com\/es\/wp-json\/wp\/v2\/product_cat?post=72310"},{"taxonomy":"product_tag","embeddable":true,"href":"https:\/\/trendsbystylia.com\/es\/wp-json\/wp\/v2\/product_tag?post=72310"}],"curies":[{"name":"wp","href":"https:\/\/api.w.org\/{rel}","templated":true}]}}