{"id":72300,"date":"2026-04-27T10:38:35","date_gmt":"2026-04-27T10:38:35","guid":{"rendered":"https:\/\/trendsbystylia.com\/produit\/toner-jaune-hp-651a\/"},"modified":"2026-04-27T10:38:35","modified_gmt":"2026-04-27T10:38:35","slug":"toner-jaune-hp-651a","status":"publish","type":"product","link":"https:\/\/trendsbystylia.com\/es\/producto\/toner-jaune-hp-651a\/","title":{"rendered":"<p>Toner jaune HP 651a<\/p>"},"content":{"rendered":"<p>DESCRIPTION<br>Id&eacute;al pour les groupes de travail d&rsquo;entreprise disposant d&rsquo;environnements d&rsquo;impression g&eacute;r&eacute;s et pour les petites et moyennes entreprises qui g&egrave;rent elles-m&ecirc;mes leur marketing. Les cartouches de toner jaune HP 651A LaserJet produisent des documents professionnels d&rsquo;une qualit&eacute; exceptionnelle, avec des couleurs &eacute;clatantes et proches de celles des photos. Maintenez une productivit&eacute; &eacute;lev&eacute;e et &eacute;vitez les pertes de temps et de consommables gr&acirc;ce aux cartouches de toner HP authentiques et fiables.<br>CARACT&Eacute;RISTIQUES TECHNIQUES<p>Peso y dimensiones<br>Altura<br>225 mm<br>Hauteur de l&rsquo;emballage<br>225 mm<br>Anchura<br>492 mm<br>Largeur de l&rsquo;emballage<br>492 mm<br>Poids de l&rsquo;emballage<br>2,72 kg<br>Profundidad<br>188 mm<br>Profondeur de l&rsquo;emballage<br>188 mm<br>Tipo de embalaje<br>Caja<br>Condiciones ambientales<br>Plage de temp&eacute;rature de fonctionnement<br>10 &ndash; 40 &deg;C<br>Plage d&rsquo;humidit&eacute; relative de fonctionnement<br>20 &ndash; 80 %<br>Plage de temp&eacute;rature de stockage<br>-20 \u2013 40 \u00b0C<br>Plage d&rsquo;humidit&eacute; relative de stockage<br>10 \u2013 80 %<\/p><p>Caracter\u00edsticas<br>Quantit&eacute; par paquet<br>1 pi&egrave;ce<br>Colores de impresi\u00f3n<br>Amarillo<br>Compatibilidad<br>Les cartouches de toner HP 651 sont compatibles avec&nbsp;: HP LaserJet Enterprise<br>Code OEM M775<br>CE342A<br>Gamme HP<br>Entreprise<br>Marque compatible<br>HP<br>Pourcentage de mat&eacute;riaux recycl&eacute;s<br>17 %<br>Rendement d&rsquo;impression du toner couleur<br>16&nbsp;000 pages<br>Tipo<br>Original<br>Tipo de cartucho de tinta<br>Eficiencia est\u00e1ndar<br>Otras caracter\u00edsticas<br>Color<br>S\u00ed<br>Color del producto<br>Negro<br>Pied de page avec rendement en pages<br>ISO\/IEC 19798<br>Tecnolog\u00eda de impresi\u00f3n<br>Impresi\u00f3n por l\u00e1ser<\/p><\/p>","protected":false},"excerpt":{"rendered":"<p>Toner jaune HP 651a<\/p>","protected":false},"featured_media":75287,"comment_status":"open","ping_status":"open","template":"","meta":{"_seopress_robots_primary_cat":"","_seopress_titles_title":"","_seopress_titles_desc":"","_seopress_robots_index":"","_gspb_post_css":"","content-type":"","jetpack_post_was_ever_published":false},"product_brand":[856],"product_cat":[1274,42,1252],"product_tag":[],"class_list":{"0":"post-72300","1":"product","2":"type-product","3":"status-publish","4":"has-post-thumbnail","6":"product_brand-hp","7":"product_cat-cartouches-toners","8":"product_cat-high-tech","9":"product_cat-impression","10":"pa_couleur-noir","11":"pa_fournisseur-mgs","12":"pa_origine-dexpedition-union-europeenne","14":"first","15":"instock","16":"purchasable","17":"product-type-simple"},"jetpack_sharing_enabled":true,"_links":{"self":[{"href":"https:\/\/trendsbystylia.com\/es\/wp-json\/wp\/v2\/product\/72300","targetHints":{"allow":["GET"]}}],"collection":[{"href":"https:\/\/trendsbystylia.com\/es\/wp-json\/wp\/v2\/product"}],"about":[{"href":"https:\/\/trendsbystylia.com\/es\/wp-json\/wp\/v2\/types\/product"}],"replies":[{"embeddable":true,"href":"https:\/\/trendsbystylia.com\/es\/wp-json\/wp\/v2\/comments?post=72300"}],"wp:featuredmedia":[{"embeddable":true,"href":"https:\/\/trendsbystylia.com\/es\/wp-json\/wp\/v2\/media\/75287"}],"wp:attachment":[{"href":"https:\/\/trendsbystylia.com\/es\/wp-json\/wp\/v2\/media?parent=72300"}],"wp:term":[{"taxonomy":"product_brand","embeddable":true,"href":"https:\/\/trendsbystylia.com\/es\/wp-json\/wp\/v2\/product_brand?post=72300"},{"taxonomy":"product_cat","embeddable":true,"href":"https:\/\/trendsbystylia.com\/es\/wp-json\/wp\/v2\/product_cat?post=72300"},{"taxonomy":"product_tag","embeddable":true,"href":"https:\/\/trendsbystylia.com\/es\/wp-json\/wp\/v2\/product_tag?post=72300"}],"curies":[{"name":"wp","href":"https:\/\/api.w.org\/{rel}","templated":true}]}}