{"id":72289,"date":"2026-04-27T10:37:47","date_gmt":"2026-04-27T10:37:47","guid":{"rendered":"https:\/\/trendsbystylia.com\/produit\/pack-multiple-de-toner-hp-128a-cyan-magenta\/"},"modified":"2026-04-27T10:37:51","modified_gmt":"2026-04-27T10:37:51","slug":"pack-multiple-de-toner-hp-128a-cyan-magenta","status":"publish","type":"product","link":"https:\/\/trendsbystylia.com\/es\/producto\/pack-multiple-de-toner-hp-128a-cyan-magenta\/","title":{"rendered":"<p>Pack multiple de toner HP 128a cyan magenta<\/p>"},"content":{"rendered":"<p>DESCRIPTION<br>Id&eacute;ales pour une impression de qualit&eacute; professionnelle &agrave; domicile ou dans une petite entreprise, ces cartouches de toner HP authentiques offrent des r&eacute;sultats constants et de haute qualit&eacute;. Les cartouches de toner HP 128A LaserJet vous permettent d&rsquo;imprimer davantage et de r&eacute;aliser des &eacute;conomies, sans compromettre la fiabilit&eacute; et la simplicit&eacute; d&rsquo;impression des produits HP authentiques. Con&ccedil;us pour l&rsquo;impression professionnelle en grand volume et de haute qualit&eacute;, les packs de trois sont une solution pratique et &eacute;conomique.<br>CARACT&Eacute;RISTIQUES TECHNIQUES<p>Peso y dimensiones<br>Altura<br>110 mm<br>Hauteur de l&rsquo;emballage<br>110 mm<br>Anchura<br>365 mm<br>Largeur de l&rsquo;emballage<br>365 mm<br>Peso<br>1,8 kg<br>Poids de l&rsquo;emballage<br>2,4 kg<br>Profundidad<br>300 mm<br>Profondeur de l&rsquo;emballage<br>300 mm<br>Condiciones ambientales<br>Plage de temp&eacute;rature de fonctionnement<br>10 \u2013 30 \u00b0C<br>Plage d&rsquo;humidit&eacute; relative de fonctionnement<br>20 &ndash; 80 %<br>Plage de temp&eacute;rature de stockage<br>-20 \u2013 40 \u00b0C<br>Plage d&rsquo;humidit&eacute; relative de stockage<br>10 &ndash; 60 %<\/p><p>Caracter\u00edsticas<br>Quantit&eacute; par paquet<br>3 cartouches<br>Quantit&eacute; par bo&icirc;te<br>1 cartouche<br>Colores de impresi\u00f3n<br>Cyan, Magenta, Jaune<br>Compatibilidad<br>HP LaserJet Pro CM1415, CP1525<br>C\u00f3digo OEM<br>CF371AM<br>Secteur HP<br>Domicile, Bureau &agrave; domicile<br>Marque compatible<br>HP<br>Pa\u00eds de origen<br>Japon<br>Rendement d&rsquo;impression du toner couleur<br>1&nbsp;300 pages<br>Tipo<br>Original<br>Tipo de cartucho de tinta<br>Eficiencia est\u00e1ndar<br>Otras caracter\u00edsticas<br>Tecnolog\u00eda de impresi\u00f3n<br>Impresi\u00f3n por l\u00e1ser<\/p><\/p>","protected":false},"excerpt":{"rendered":"<p>Pack multiple de toner HP 128a cyan magenta jaune<\/p>","protected":false},"featured_media":75281,"comment_status":"open","ping_status":"open","template":"","meta":{"_seopress_robots_primary_cat":"","_seopress_titles_title":"","_seopress_titles_desc":"","_seopress_robots_index":"","_gspb_post_css":"","content-type":"","jetpack_post_was_ever_published":false},"product_brand":[856],"product_cat":[1274,42,1252],"product_tag":[],"class_list":{"0":"post-72289","1":"product","2":"type-product","3":"status-publish","4":"has-post-thumbnail","6":"product_brand-hp","7":"product_cat-cartouches-toners","8":"product_cat-high-tech","9":"product_cat-impression","10":"pa_couleur-jaune","11":"pa_fournisseur-mgs","12":"pa_origine-dexpedition-union-europeenne","14":"first","15":"instock","16":"purchasable","17":"product-type-simple"},"jetpack_sharing_enabled":true,"_links":{"self":[{"href":"https:\/\/trendsbystylia.com\/es\/wp-json\/wp\/v2\/product\/72289","targetHints":{"allow":["GET"]}}],"collection":[{"href":"https:\/\/trendsbystylia.com\/es\/wp-json\/wp\/v2\/product"}],"about":[{"href":"https:\/\/trendsbystylia.com\/es\/wp-json\/wp\/v2\/types\/product"}],"replies":[{"embeddable":true,"href":"https:\/\/trendsbystylia.com\/es\/wp-json\/wp\/v2\/comments?post=72289"}],"wp:featuredmedia":[{"embeddable":true,"href":"https:\/\/trendsbystylia.com\/es\/wp-json\/wp\/v2\/media\/75281"}],"wp:attachment":[{"href":"https:\/\/trendsbystylia.com\/es\/wp-json\/wp\/v2\/media?parent=72289"}],"wp:term":[{"taxonomy":"product_brand","embeddable":true,"href":"https:\/\/trendsbystylia.com\/es\/wp-json\/wp\/v2\/product_brand?post=72289"},{"taxonomy":"product_cat","embeddable":true,"href":"https:\/\/trendsbystylia.com\/es\/wp-json\/wp\/v2\/product_cat?post=72289"},{"taxonomy":"product_tag","embeddable":true,"href":"https:\/\/trendsbystylia.com\/es\/wp-json\/wp\/v2\/product_tag?post=72289"}],"curies":[{"name":"wp","href":"https:\/\/api.w.org\/{rel}","templated":true}]}}