{"id":72283,"date":"2026-04-27T10:37:47","date_gmt":"2026-04-27T10:37:47","guid":{"rendered":"https:\/\/trendsbystylia.com\/produit\/toner-noir-dorigine-hp-laserjet-83a\/"},"modified":"2026-05-10T12:04:43","modified_gmt":"2026-05-10T12:04:43","slug":"toner-noir-dorigine-hp-laserjet-83a","status":"publish","type":"product","link":"https:\/\/trendsbystylia.com\/es\/producto\/toner-noir-dorigine-hp-laserjet-83a\/","title":{"rendered":"<p>Toner noir d&rsquo;origine HP LaserJet 83a<\/p>"},"content":{"rendered":"<p>DESCRIPTION<br>Id&eacute;ale pour les petites et moyennes entreprises qui recherchent une cartouche de toner offrant des performances d&rsquo;impression fiables et efficaces, ainsi que des documents de qualit&eacute; professionnelle, impression apr&egrave;s impression, pour un fonctionnement optimal du bureau. Donnez une allure professionnelle &agrave; vos documents professionnels en imprimant avec les cartouches de toner HP LaserJet authentiques. Gagnez en productivit&eacute; sans gaspiller de temps ni de consommables. Ces cartouches fiables sont sp&eacute;cialement con&ccedil;ues pour l&rsquo;imprimante multifonction HP LaserJet Pro.<br>CARACT&Eacute;RISTIQUES TECHNIQUES<p>Peso y dimensiones<br>Altura<br>125 mm<br>Hauteur de l&rsquo;emballage<br>125 mm<br>Anchura<br>375 mm<br>Largeur de l&rsquo;emballage<br>375 mm<br>Peso<br>1,24 kg<br>Poids de l&rsquo;emballage<br>1,66 kg<br>Profundidad<br>226 mm<br>Profondeur de l&rsquo;emballage<br>226 mm<br>Caracter\u00edsticas<br>Quantit&eacute; par emballage<br>2 cartouches<br>Colores de impresi\u00f3n<br>Negro<br>Compatibilidad<br>HP LaserJet Pro M125, M127, M201, M202, M225, M226<br>OEM Code<br>CF283AD<br>Segmento de HP<br>Professionnel<br>Marque compatible<br>HP<br>Rendement d&rsquo;impression du toner noir<br>1500 p\u00e1ginas<br>Tipo<br>Original<br>Tipo de cartucho de tinta<br>Eficiencia est\u00e1ndar<br>&gt;<br>Otras caracter\u00edsticas<br>Tecnolog\u00eda de impresi\u00f3n<br>Impresi\u00f3n por l\u00e1ser<\/p><\/p>","protected":false},"excerpt":{"rendered":"<p>Toner HP LaserJet 83a noir d&rsquo;origine &ndash; Pack de 2 CF283AD<\/p>","protected":false},"featured_media":75278,"comment_status":"open","ping_status":"open","template":"","meta":{"_seopress_robots_primary_cat":"","_seopress_titles_title":"","_seopress_titles_desc":"","_seopress_robots_index":"","_seopress_analysis_target_kw":"","_gspb_post_css":"","content-type":""},"product_brand":[856],"product_cat":[1274,42,1252],"product_tag":[],"class_list":{"0":"post-72283","1":"product","2":"type-product","3":"status-publish","4":"has-post-thumbnail","6":"product_brand-hp","7":"product_cat-cartouches-toners","8":"product_cat-high-tech","9":"product_cat-impression","10":"pa_couleur-noir","11":"pa_fournisseur-mgs","12":"pa_origine-dexpedition-union-europeenne","14":"first","15":"instock","16":"purchasable","17":"product-type-simple"},"jetpack_sharing_enabled":true,"_links":{"self":[{"href":"https:\/\/trendsbystylia.com\/es\/wp-json\/wp\/v2\/product\/72283","targetHints":{"allow":["GET"]}}],"collection":[{"href":"https:\/\/trendsbystylia.com\/es\/wp-json\/wp\/v2\/product"}],"about":[{"href":"https:\/\/trendsbystylia.com\/es\/wp-json\/wp\/v2\/types\/product"}],"replies":[{"embeddable":true,"href":"https:\/\/trendsbystylia.com\/es\/wp-json\/wp\/v2\/comments?post=72283"}],"wp:featuredmedia":[{"embeddable":true,"href":"https:\/\/trendsbystylia.com\/es\/wp-json\/wp\/v2\/media\/75278"}],"wp:attachment":[{"href":"https:\/\/trendsbystylia.com\/es\/wp-json\/wp\/v2\/media?parent=72283"}],"wp:term":[{"taxonomy":"product_brand","embeddable":true,"href":"https:\/\/trendsbystylia.com\/es\/wp-json\/wp\/v2\/product_brand?post=72283"},{"taxonomy":"product_cat","embeddable":true,"href":"https:\/\/trendsbystylia.com\/es\/wp-json\/wp\/v2\/product_cat?post=72283"},{"taxonomy":"product_tag","embeddable":true,"href":"https:\/\/trendsbystylia.com\/es\/wp-json\/wp\/v2\/product_tag?post=72283"}],"curies":[{"name":"wp","href":"https:\/\/api.w.org\/{rel}","templated":true}]}}