{"id":69832,"date":"2025-04-21T15:50:22","date_gmt":"2025-04-21T15:50:22","guid":{"rendered":"https:\/\/trendsbystylia.com\/produit\/support-de-telephone-creatif-pour-voiture-rotatif-et-reglable-pour-grille-daeration-en-abs-et-silicone\/"},"modified":"2025-04-21T17:05:13","modified_gmt":"2025-04-21T17:05:13","slug":"support-de-telephone-creatif-pour-voiture-rotatif-et-reglable-pour-grille-daeration-en-abs-et-silicone","status":"publish","type":"product","link":"https:\/\/trendsbystylia.com\/es\/producto\/support-de-telephone-creatif-pour-voiture-rotatif-et-reglable-pour-grille-daeration-en-abs-et-silicone\/","title":{"rendered":"<p>Soporte creativo para tel\u00e9fono de coche, giratorio y ajustable, para rejilla de ventilaci\u00f3n, hecho de ABS y silicona<\/p>"},"content":{"rendered":"<div class=\"container\">\n<ul class=\"sell-point\">\n<li>Este soporte para tel\u00e9fono de coche cuenta con un dise\u00f1o transversal \u00fanico, por lo que es el regalo perfecto para los automovilistas creativos.<br>Soporte de coche: Dise\u00f1ado espec\u00edficamente para autom\u00f3viles, este soporte ofrece un accesorio robusto y seguro para su dispositivo, asegurando su estabilidad incluso en carreteras dif\u00edciles.<br>Integraci\u00f3n de navegaci\u00f3n: El soporte se integra perfectamente con el sistema de navegaci\u00f3n de su veh\u00edculo, proporcionando un acceso c\u00f3modo a las rutas y la informaci\u00f3n durante la conducci\u00f3n.<br>Instalaci\u00f3n en una red de ventilaci\u00f3n: Gracias a su fijaci\u00f3n a la rejilla de ventilaci\u00f3n, este soporte se puede instalar f\u00e1cilmente en el salpicadero de su autom\u00f3vil, para aumentar el espacio y la comodidad.<br>Soporte rotativo fijo: El soporte giratorio fijo le permite ajustar el \u00e1ngulo de visi\u00f3n de su dispositivo para una navegaci\u00f3n o entretenimiento \u00f3ptimos.<br>Principales regiones de ventas: Este producto se vende principalmente en el mercado nacional de comercio electr\u00f3nico, lo que garantiza su relevancia e idoneidad para los clientes locales.<\/li>\n<\/ul>\n<p><img decoding=\"async\" src=\"https:\/\/cbu01.alicdn.com\/img\/ibank\/O1CN01hnZnA21Bs3270mCvx_!!0-0-cib.jpg\" alt=\"sup\"><img decoding=\"async\" src=\"https:\/\/cbu01.alicdn.com\/img\/ibank\/O1CN01C3Y3xR1Bs326OKnPz_!!0-0-cib.jpg\" alt=\"sup\"><img decoding=\"async\" src=\"https:\/\/cbu01.alicdn.com\/img\/ibank\/O1CN01lbt2FW1Bs323PdNQx_!!0-0-cib.jpg\" alt=\"sup\"><img decoding=\"async\" src=\"https:\/\/cbu01.alicdn.com\/img\/ibank\/O1CN01bznbdh1Bs323Pah1f_!!0-0-cib.jpg\" alt=\"sup\"><img decoding=\"async\" src=\"https:\/\/cbu01.alicdn.com\/img\/ibank\/O1CN01yfK3iE1Bs31z4hsd9_!!0-0-cib.jpg\" alt=\"sup\"><img decoding=\"async\" src=\"https:\/\/cbu01.alicdn.com\/img\/ibank\/O1CN01bB0FDP1Bs325CpxmV_!!0-0-cib.jpg\" alt=\"sup\"><img decoding=\"async\" src=\"https:\/\/cbu01.alicdn.com\/img\/ibank\/O1CN01aoBaao1Bs3266630I_!!0-0-cib.jpg\" alt=\"sup\"><img decoding=\"async\" src=\"https:\/\/cbu01.alicdn.com\/img\/ibank\/O1CN01nOiqDa1Bs3245qgNr_!!0-0-cib.jpg\" alt=\"sup\"><img decoding=\"async\" src=\"https:\/\/cbu01.alicdn.com\/img\/ibank\/O1CN01sLjA3g1Bs31z4hg9j_!!0-0-cib.jpg\" alt=\"sup\"><\/p><\/div>","protected":false},"excerpt":{"rendered":"<p>Soporte creativo para tel\u00e9fono de coche, giratorio y ajustable, para rejilla de ventilaci\u00f3n, hecho de ABS y silicona<\/p>","protected":false},"featured_media":69827,"comment_status":"open","ping_status":"closed","template":"","meta":{"_seopress_robots_primary_cat":"","_seopress_titles_title":"","_seopress_titles_desc":"","_seopress_robots_index":"","_gspb_post_css":"","content-type":"","jetpack_post_was_ever_published":false,"jetpack_publicize_message":"","jetpack_publicize_feature_enabled":true,"jetpack_social_post_already_shared":true,"jetpack_social_options":{"image_generator_settings":{"template":"highway","default_image_id":0,"font":"","enabled":false},"version":2}},"product_brand":[],"product_cat":[838],"product_tag":[],"class_list":{"0":"post-69832","1":"product","2":"type-product","3":"status-publish","4":"has-post-thumbnail","6":"product_cat-accessoires-smartphones","7":"product_shipping_class-hors-ue-standard","9":"first","10":"instock","11":"taxable","12":"shipping-taxable","13":"purchasable","14":"product-type-simple"},"jetpack_publicize_connections":[],"jetpack_sharing_enabled":true,"_links":{"self":[{"href":"https:\/\/trendsbystylia.com\/es\/wp-json\/wp\/v2\/product\/69832","targetHints":{"allow":["GET"]}}],"collection":[{"href":"https:\/\/trendsbystylia.com\/es\/wp-json\/wp\/v2\/product"}],"about":[{"href":"https:\/\/trendsbystylia.com\/es\/wp-json\/wp\/v2\/types\/product"}],"replies":[{"embeddable":true,"href":"https:\/\/trendsbystylia.com\/es\/wp-json\/wp\/v2\/comments?post=69832"}],"wp:featuredmedia":[{"embeddable":true,"href":"https:\/\/trendsbystylia.com\/es\/wp-json\/wp\/v2\/media\/69827"}],"wp:attachment":[{"href":"https:\/\/trendsbystylia.com\/es\/wp-json\/wp\/v2\/media?parent=69832"}],"wp:term":[{"taxonomy":"product_brand","embeddable":true,"href":"https:\/\/trendsbystylia.com\/es\/wp-json\/wp\/v2\/product_brand?post=69832"},{"taxonomy":"product_cat","embeddable":true,"href":"https:\/\/trendsbystylia.com\/es\/wp-json\/wp\/v2\/product_cat?post=69832"},{"taxonomy":"product_tag","embeddable":true,"href":"https:\/\/trendsbystylia.com\/es\/wp-json\/wp\/v2\/product_tag?post=69832"}],"curies":[{"name":"wp","href":"https:\/\/api.w.org\/{rel}","templated":true}]}}