{"id":61501,"date":"2025-03-30T23:03:34","date_gmt":"2025-03-30T23:03:34","guid":{"rendered":"https:\/\/trendsbystylia.com\/?post_type=product&#038;p=61501"},"modified":"2025-03-30T23:03:34","modified_gmt":"2025-03-30T23:03:34","slug":"delonghi-dinamica-plus-machine-a-cafe-automatique-ecam380-85-sb","status":"publish","type":"product","link":"https:\/\/trendsbystylia.com\/es\/producto\/delonghi-dinamica-plus-machine-a-cafe-automatique-ecam380-85-sb\/","title":{"rendered":"<p>M\u00e1quina de caf\u00e9 autom\u00e1tica DeLonghi Dinamica Plus ECAM380.85.SB<\/p>"},"content":{"rendered":"<div id=\"HTML_SPEC\" class=\"ITSs\">\n<div class=\"ITSg\">de car\u00e1cter general<\/div>\n<div class=\"ITSr0\">\n<div class=\"ITSn\">Tipo<\/div>\n<div class=\"ITSv\">Other Household Small Appliance<\/div>\n<\/div>\n<div class=\"ITSr1\">\n<div class=\"ITSn\">Material<\/div>\n<div class=\"ITSv\">Pl\u00e1stico<\/div>\n<\/div>\n<div class=\"ITSr0\">\n<div class=\"ITSn\">Color<\/div>\n<div class=\"ITSv\">Argent Noir<\/div>\n<\/div>\n<\/div>","protected":false},"excerpt":{"rendered":"<p>DeLonghi Dinamica Plus machine &agrave; caf&eacute; ECAM380.85.SB<\/p>","protected":false},"featured_media":65612,"comment_status":"open","ping_status":"closed","template":"","meta":{"_seopress_robots_primary_cat":"","_seopress_titles_title":"","_seopress_titles_desc":"","_seopress_robots_index":"","_gspb_post_css":"","content-type":"","jetpack_post_was_ever_published":false,"jetpack_publicize_message":"","jetpack_publicize_feature_enabled":true,"jetpack_social_post_already_shared":true,"jetpack_social_options":{"image_generator_settings":{"template":"highway","default_image_id":0,"font":"","enabled":false},"version":2}},"product_brand":[727],"product_cat":[728],"product_tag":[],"class_list":{"0":"post-61501","1":"product","2":"type-product","3":"status-publish","4":"has-post-thumbnail","6":"product_brand-delonghi","7":"product_cat-machines-a-cafe","8":"pa_origine-dexpedition-union-europeenne-allemagne-2","10":"first","11":"instock","12":"taxable","13":"shipping-taxable","14":"purchasable","15":"product-type-simple"},"jetpack_publicize_connections":[],"jetpack_sharing_enabled":true,"_links":{"self":[{"href":"https:\/\/trendsbystylia.com\/es\/wp-json\/wp\/v2\/product\/61501","targetHints":{"allow":["GET"]}}],"collection":[{"href":"https:\/\/trendsbystylia.com\/es\/wp-json\/wp\/v2\/product"}],"about":[{"href":"https:\/\/trendsbystylia.com\/es\/wp-json\/wp\/v2\/types\/product"}],"replies":[{"embeddable":true,"href":"https:\/\/trendsbystylia.com\/es\/wp-json\/wp\/v2\/comments?post=61501"}],"wp:featuredmedia":[{"embeddable":true,"href":"https:\/\/trendsbystylia.com\/es\/wp-json\/wp\/v2\/media\/65612"}],"wp:attachment":[{"href":"https:\/\/trendsbystylia.com\/es\/wp-json\/wp\/v2\/media?parent=61501"}],"wp:term":[{"taxonomy":"product_brand","embeddable":true,"href":"https:\/\/trendsbystylia.com\/es\/wp-json\/wp\/v2\/product_brand?post=61501"},{"taxonomy":"product_cat","embeddable":true,"href":"https:\/\/trendsbystylia.com\/es\/wp-json\/wp\/v2\/product_cat?post=61501"},{"taxonomy":"product_tag","embeddable":true,"href":"https:\/\/trendsbystylia.com\/es\/wp-json\/wp\/v2\/product_tag?post=61501"}],"curies":[{"name":"wp","href":"https:\/\/api.w.org\/{rel}","templated":true}]}}