{"id":58722,"date":"2025-03-30T23:13:21","date_gmt":"2025-03-30T23:13:21","guid":{"rendered":"https:\/\/trendsbystylia.com\/?post_type=product&#038;p=58722"},"modified":"2025-04-04T16:48:55","modified_gmt":"2025-04-04T16:48:55","slug":"sennheiser-impact-sc-230-casque-arceau-1000514","status":"publish","type":"product","link":"https:\/\/trendsbystylia.com\/es\/producto\/sennheiser-impact-sc-230-casque-arceau-1000514\/","title":{"rendered":"<p>SENNHEISER IMPACT SC 230 &ndash; Casque &ndash; Arceau &ndash; 1000514<\/p>"},"content":{"rendered":"<div id=\"HTML_SPEC\" class=\"ITSs\">\n<div class=\"ITSg\">representaci\u00f3n \/ realizaci\u00f3n<\/div>\n<div class=\"ITSr0\">\n<div class=\"ITSn\">Tipo de producto<\/div>\n<div class=\"ITSv\">Casco<\/div>\n<\/div>\n<div class=\"ITSr1\">\n<div class=\"ITSn\">Estilo de auriculares port\u00e1tiles<\/div>\n<div class=\"ITSv\">Arceau<\/div>\n<\/div>\n<div class=\"ITSr0\">\n<div class=\"ITSn\">Uso recomendado<\/div>\n<div class=\"ITSv\">Oficina\/Centro de llamadas<\/div>\n<\/div>\n<div class=\"ITSr1\">\n<div class=\"ITSn\">Tipo de casco<\/div>\n<div class=\"ITSv\">monof\u00f3nico<\/div>\n<\/div>\n<div class=\"ITSr0\">\n<div class=\"ITSn\">Color del producto<\/div>\n<div class=\"ITSv\">Negro, plata<\/div>\n<\/div>\n<div class=\"ITSr1\">\n<div class=\"ITSn\">Longitud del cable<\/div>\n<div class=\"ITSv\">1 m<\/div>\n<\/div>\n<div class=\"ITSr0\">\n<div class=\"ITSn\">Color del cable<\/div>\n<div class=\"ITSv\">Negro<\/div>\n<\/div>\n<div class=\"ITSr1\">\n<div class=\"ITSn\">Nivel de presi\u00f3n ac\u00fastica (m\u00e1x.)<\/div>\n<div class=\"ITSv\">103 dB<\/div>\n<\/div>\n<div class=\"ITSg\">Conectividad<\/div>\n<div class=\"ITSr0\">\n<div class=\"ITSn\">Tecnolog\u00eda de conectividad<\/div>\n<div class=\"ITSv\">Con el alambre<\/div>\n<\/div>\n<div class=\"ITSr1\">\n<div class=\"ITSn\">Conector de 3,5 mm<\/div>\n<div class=\"ITSv\">No<\/div>\n<\/div>\n<div class=\"ITSr0\">\n<div class=\"ITSn\">Conectividad USB<\/div>\n<div class=\"ITSv\">No<\/div>\n<\/div>\n<div class=\"ITSr1\">\n<div class=\"ITSn\">Bluetooth<\/div>\n<div class=\"ITSv\">No<\/div>\n<\/div>\n<div class=\"ITSg\">Micr\u00f3fono<\/div>\n<div class=\"ITSr0\">\n<div class=\"ITSn\">Tipo de micr\u00f3fono<\/div>\n<div class=\"ITSv\">Boom<\/div>\n<\/div>\n<div class=\"ITSr1\">\n<div class=\"ITSn\">Frecuencia del micr\u00f3fono<\/div>\n<div class=\"ITSv\">150 &ndash; 6800 Hz<\/div>\n<\/div>\n<div class=\"ITSr0\">\n<div class=\"ITSn\">Microphone pliable<\/div>\n<div class=\"ITSv\">S\u00ed<\/div>\n<\/div>\n<div class=\"ITSr1\">\n<div class=\"ITSn\">Microphone &agrave; suppression de bruit<\/div>\n<div class=\"ITSv\">S\u00ed<\/div>\n<\/div>\n<div class=\"ITSr0\">\n<div class=\"ITSn\">Desactivaci\u00f3n del micr\u00f3fono<\/div>\n<div class=\"ITSv\">S\u00ed<\/div>\n<\/div>\n<div class=\"ITSg\">Auriculares\/Auriculares<\/div>\n<div class=\"ITSr0\">\n<div class=\"ITSn\">Acoplamiento del o\u00eddo<\/div>\n<div class=\"ITSv\">Supra-aural<\/div>\n<\/div>\n<div class=\"ITSr1\">\n<div class=\"ITSn\">Syst&egrave;me acoustique<\/div>\n<div class=\"ITSv\">Ouvert<\/div>\n<\/div>\n<div class=\"ITSr0\">\n<div class=\"ITSn\">Frecuencia de los auriculares<\/div>\n<div class=\"ITSv\">50 &ndash; 18000 Hz<\/div>\n<\/div>\n<div class=\"ITSr1\">\n<div class=\"ITSn\">Supresi\u00f3n del ruido<\/div>\n<div class=\"ITSv\">S\u00ed<\/div>\n<\/div>\n<div class=\"ITSg\">Peso y dimensiones<\/div>\n<div class=\"ITSr0\">\n<div class=\"ITSn\">Peso<\/div>\n<div class=\"ITSv\">58 g<\/div>\n<\/div>\n<div class=\"ITSg\">Contenido del envase<\/div>\n<div class=\"ITSr0\">\n<div class=\"ITSn\">Gu\u00eda de inicio r\u00e1pido<\/div>\n<div class=\"ITSv\">S\u00ed<\/div>\n<\/div>\n<div class=\"ITSr1\">\n<div class=\"ITSn\">Ficha de datos de seguridad<\/div>\n<div class=\"ITSv\">S\u00ed<\/div>\n<\/div>\n<div class=\"ITSr0\">\n<div class=\"ITSn\">Caso<\/div>\n<div class=\"ITSv\">S\u00ed<\/div>\n<\/div>\n<div class=\"ITSr1\">\n<div class=\"ITSn\">Oreillettes<\/div>\n<div class=\"ITSv\">S\u00ed<\/div>\n<\/div>\n<div class=\"ITSr0\">\n<div class=\"ITSn\">Material del coj\u00edn del o\u00eddo<\/div>\n<div class=\"ITSv\">Leatherette<\/div>\n<\/div>\n<div class=\"ITSr1\">\n<div class=\"ITSn\">Cantidad<\/div>\n<div class=\"ITSv\">1<\/div>\n<\/div>\n<div class=\"ITSg\">Bater\u00eda<\/div>\n<div class=\"ITSr0\">\n<div class=\"ITSn\">Bater\u00eda recargable<\/div>\n<div class=\"ITSv\">No<\/div>\n<\/div>\n<div class=\"ITSg\">Condiciones ambientales<\/div>\n<div class=\"ITSr0\">\n<div class=\"ITSn\">Temperatura de funcionamiento<\/div>\n<div class=\"ITSv\">5 &ndash; 45 &deg;C<\/div>\n<\/div>\n<div class=\"ITSr1\">\n<div class=\"ITSn\">Humedad relativa de funcionamiento (H-H)<\/div>\n<div class=\"ITSv\">20 &ndash; 85 %<\/div>\n<\/div>\n<div class=\"ITSr0\">\n<div class=\"ITSn\">Temperatura fuera de funcionamiento<\/div>\n<div class=\"ITSv\">-20 \u2013 70 \u00b0C<\/div>\n<\/div>\n<div class=\"ITSr1\">\n<div class=\"ITSn\">Humedad relativa (almacenamiento)<\/div>\n<div class=\"ITSv\">10 \u2013 95 %<\/div>\n<\/div>\n<div class=\"ITSg\">Datos log\u00edsticos<\/div>\n<div class=\"ITSr0\">\n<div class=\"ITSn\">C\u00f3digo del Sistema Armonizado<\/div>\n<div class=\"ITSv\">85183000<\/div>\n<\/div>\n<div class=\"ITSr1\">\n<div class=\"ITSn\">Ancho del armario principal (externo)<\/div>\n<div class=\"ITSv\">420 mm<\/div>\n<\/div>\n<div class=\"ITSr0\">\n<div class=\"ITSn\">Longitud del armario principal (externo)<\/div>\n<div class=\"ITSv\">620 mm<\/div>\n<\/div>\n<div class=\"ITSr1\">\n<div class=\"ITSn\">Altura del armario principal (externo)<\/div>\n<div class=\"ITSv\">185 mm<\/div>\n<\/div>\n<div class=\"ITSr0\">\n<div class=\"ITSn\">Peso bruto del armario principal (externo)<\/div>\n<div class=\"ITSv\">4.45 kg<\/div>\n<\/div>\n<div class=\"ITSr1\">\n<div class=\"ITSn\">Producido por el armario principal (externo)<\/div>\n<div class=\"ITSv\">20 pi&egrave;ce(s)<\/div>\n<\/div>\n<div class=\"ITSr0\">\n<div class=\"ITSn\">Largeur du carton d&rsquo;exp&eacute;dition<\/div>\n<div class=\"ITSv\">12.2 cm<\/div>\n<\/div>\n<div class=\"ITSr1\">\n<div class=\"ITSn\">Longueur du carton d&rsquo;exp&eacute;dition<\/div>\n<div class=\"ITSv\">15.5 cm<\/div>\n<\/div>\n<div class=\"ITSr0\">\n<div class=\"ITSn\">Hauteur du carton d&rsquo;exp&eacute;dition<\/div>\n<div class=\"ITSv\">6 cm<\/div>\n<\/div>\n<div class=\"ITSg\">Otras caracter\u00edsticas<\/div>\n<div class=\"ITSr0\">\n<div class=\"ITSn\">Connecteur(s)<\/div>\n<div class=\"ITSv\">Easy Disconnect<\/div>\n<\/div>\n<div class=\"ITSr1\">\n<div class=\"ITSn\">Contenido del envase<\/div>\n<div class=\"ITSv\">Acoustic leatherette ear pad\/s mounted on headset, cable\/clothing clip mounted, carry pouch, quick guide, safety guide<\/div>\n<\/div>\n<div class=\"ITSg\">Informaci\u00f3n de embalaje<\/div>\n<div class=\"ITSr0\">\n<div class=\"ITSn\">Ancho del paquete<\/div>\n<div class=\"ITSv\">122 mm<\/div>\n<\/div>\n<div class=\"ITSr1\">\n<div class=\"ITSn\">Profundidad del paquete<\/div>\n<div class=\"ITSv\">155 mm<\/div>\n<\/div>\n<div class=\"ITSr0\">\n<div class=\"ITSn\">Altura del paquete<\/div>\n<div class=\"ITSv\">60 mm<\/div>\n<\/div>\n<div class=\"ITSr1\">\n<div class=\"ITSn\">Peso del paquete<\/div>\n<div class=\"ITSv\">177 g<\/div>\n<\/div>\n<div class=\"ITSg\">Caract&eacute;ristiques du fournisseur<\/div>\n<div class=\"ITSr0\">\n<div class=\"ITSn\">Volumen ajustable<\/div>\n<div class=\"ITSv\">S\u00ed<\/div>\n<\/div>\n<\/div>","protected":false},"excerpt":{"rendered":"<p>EPOS IMPACT SC 230. Type de produit Casque. Technologie de connectivit&eacute; Avec fil. Utilisation recommand&eacute;e Bureau\/Centre d&rsquo;appels. Fr&eacute;quence des &eacute;couteurs 50 &ndash; 18000 Hz. Longueur de c&acirc;ble 1 m. Poids 58 g. Couleur du produit Noir, Argent<\/p>","protected":false},"featured_media":66277,"comment_status":"open","ping_status":"closed","template":"","meta":{"_seopress_robots_primary_cat":"","_seopress_titles_title":"","_seopress_titles_desc":"","_seopress_robots_index":"","_gspb_post_css":"","content-type":"","jetpack_post_was_ever_published":false,"jetpack_publicize_message":"","jetpack_publicize_feature_enabled":true,"jetpack_social_post_already_shared":true,"jetpack_social_options":{"image_generator_settings":{"template":"highway","default_image_id":0,"font":"","enabled":false},"version":2}},"location":[],"product_brand":[797],"product_cat":[763],"product_tag":[],"class_list":{"0":"post-58722","1":"product","2":"type-product","3":"status-publish","4":"has-post-thumbnail","6":"product_brand-sennheiser","7":"product_cat-casques-gaming","8":"product_shipping_class-makant-standard","9":"pa_origine-dexpedition-union-europeenne-allemagne-2","11":"first","12":"outofstock","13":"taxable","14":"shipping-taxable","15":"purchasable","16":"product-type-simple"},"jetpack_publicize_connections":[],"locations":[],"jetpack_sharing_enabled":true,"_links":{"self":[{"href":"https:\/\/trendsbystylia.com\/es\/wp-json\/wp\/v2\/product\/58722","targetHints":{"allow":["GET"]}}],"collection":[{"href":"https:\/\/trendsbystylia.com\/es\/wp-json\/wp\/v2\/product"}],"about":[{"href":"https:\/\/trendsbystylia.com\/es\/wp-json\/wp\/v2\/types\/product"}],"replies":[{"embeddable":true,"href":"https:\/\/trendsbystylia.com\/es\/wp-json\/wp\/v2\/comments?post=58722"}],"wp:featuredmedia":[{"embeddable":true,"href":"https:\/\/trendsbystylia.com\/es\/wp-json\/wp\/v2\/media\/66277"}],"wp:attachment":[{"href":"https:\/\/trendsbystylia.com\/es\/wp-json\/wp\/v2\/media?parent=58722"}],"wp:term":[{"taxonomy":"location","embeddable":true,"href":"https:\/\/trendsbystylia.com\/es\/wp-json\/wp\/v2\/location?post=58722"},{"taxonomy":"product_brand","embeddable":true,"href":"https:\/\/trendsbystylia.com\/es\/wp-json\/wp\/v2\/product_brand?post=58722"},{"taxonomy":"product_cat","embeddable":true,"href":"https:\/\/trendsbystylia.com\/es\/wp-json\/wp\/v2\/product_cat?post=58722"},{"taxonomy":"product_tag","embeddable":true,"href":"https:\/\/trendsbystylia.com\/es\/wp-json\/wp\/v2\/product_tag?post=58722"}],"curies":[{"name":"wp","href":"https:\/\/api.w.org\/{rel}","templated":true}]}}