{"id":58193,"date":"2025-03-30T23:14:27","date_gmt":"2025-03-30T23:14:27","guid":{"rendered":"https:\/\/trendsbystylia.com\/?post_type=product&#038;p=58193"},"modified":"2025-04-03T15:44:26","modified_gmt":"2025-04-03T15:44:26","slug":"google-pixel-watch-41mm-de-matt-black-ga03119-de","status":"publish","type":"product","link":"https:\/\/trendsbystylia.com\/es\/producto\/google-pixel-watch-41mm-de-matt-black-ga03119-de\/","title":{"rendered":"<p>Google Pixel Watch 41mm DE Matt black GA03119-DE<\/p>"},"content":{"rendered":"<div id=\"HTML_SPEC\" class=\"ITSs\">\n<div class=\"ITSg\">Conectividad<\/div>\n<div class=\"ITSr0\">\n<div class=\"ITSn\">Puerto USB<\/div>\n<div class=\"ITSv\">No<\/div>\n<\/div>\n<div class=\"ITSr1\">\n<div class=\"ITSn\">Wifi<\/div>\n<div class=\"ITSv\">S\u00ed<\/div>\n<\/div>\n<div class=\"ITSr0\">\n<div class=\"ITSn\">Est\u00e1ndares de Wi-Fi<\/div>\n<div class=\"ITSv\">802.11b, 802.11g, Wi-Fi 4 (802.11n)<\/div>\n<\/div>\n<div class=\"ITSr1\">\n<div class=\"ITSn\">Modelo de Bluetooth<\/div>\n<div class=\"ITSv\">5.0<\/div>\n<\/div>\n<div class=\"ITSr0\">\n<div class=\"ITSn\">Bluetooth<\/div>\n<div class=\"ITSv\">S\u00ed<\/div>\n<\/div>\n<div class=\"ITSr1\">\n<div class=\"ITSn\">Pago sin contacto<\/div>\n<div class=\"ITSv\">S\u00ed<\/div>\n<\/div>\n<div class=\"ITSr0\">\n<div class=\"ITSn\">Casque connection<\/div>\n<div class=\"ITSv\">Bluetooth<\/div>\n<\/div>\n<div class=\"ITSg\">Dise\u00f1o<\/div>\n<div class=\"ITSr0\">\n<div class=\"ITSn\">posici\u00f3n en el mercado<\/div>\n<div class=\"ITSv\">Smartwatch<\/div>\n<\/div>\n<div class=\"ITSr1\">\n<div class=\"ITSn\">Dimension du bo&icirc;tier de montre<\/div>\n<div class=\"ITSv\">41 mm<\/div>\n<\/div>\n<div class=\"ITSr0\">\n<div class=\"ITSn\">Couleur du bo&icirc;tier de montre<\/div>\n<div class=\"ITSv\">Negro<\/div>\n<\/div>\n<div class=\"ITSr1\">\n<div class=\"ITSn\">Mat&eacute;riau du bo&icirc;tier de montre<\/div>\n<div class=\"ITSv\">Acero inoxidable<\/div>\n<\/div>\n<div class=\"ITSr0\">\n<div class=\"ITSn\">Couleur du bracelet<\/div>\n<div class=\"ITSv\">Negro<\/div>\n<\/div>\n<div class=\"ITSr1\">\n<div class=\"ITSn\">Mati&egrave;re de la bande<\/div>\n<div class=\"ITSv\">Fluoro&eacute;lastom&egrave;re<\/div>\n<\/div>\n<div class=\"ITSr0\">\n<div class=\"ITSn\">Taille du bracelet<\/div>\n<div class=\"ITSv\">S\/L<\/div>\n<\/div>\n<div class=\"ITSr1\">\n<div class=\"ITSn\">Forma<\/div>\n<div class=\"ITSv\">Ronda<\/div>\n<\/div>\n<div class=\"ITSr0\">\n<div class=\"ITSn\">Sexe sugg&eacute;r&eacute;<\/div>\n<div class=\"ITSv\">Unisexe<\/div>\n<\/div>\n<div class=\"ITSr1\">\n<div class=\"ITSn\">Nombre del color<\/div>\n<div class=\"ITSv\">Matte Black\/Obsidian<\/div>\n<\/div>\n<div class=\"ITSr0\">\n<div class=\"ITSn\">Nom de la couleur du bracelet<\/div>\n<div class=\"ITSv\">Obsidian<\/div>\n<\/div>\n<div class=\"ITSr1\">\n<div class=\"ITSn\">Funciones de protecci\u00f3n<\/div>\n<div class=\"ITSv\">R&eacute;sistant &agrave; l?eau<\/div>\n<\/div>\n<div class=\"ITSr0\">\n<div class=\"ITSn\">Sangle amovible<\/div>\n<div class=\"ITSv\">S\u00ed<\/div>\n<\/div>\n<div class=\"ITSr1\">\n<div class=\"ITSn\">Connecteur de chargement magn&eacute;tique<\/div>\n<div class=\"ITSv\">S\u00ed<\/div>\n<\/div>\n<div class=\"ITSr0\">\n<div class=\"ITSn\">R&eacute;sistance &agrave; l&rsquo;eau<\/div>\n<div class=\"ITSv\">5 DAB<\/div>\n<\/div>\n<div class=\"ITSg\">Pantalla<\/div>\n<div class=\"ITSr0\">\n<div class=\"ITSn\">Tipo de pantalla<\/div>\n<div class=\"ITSv\">Digital<\/div>\n<\/div>\n<div class=\"ITSr1\">\n<div class=\"ITSn\">Technologie d&rsquo;affichage<\/div>\n<div class=\"ITSv\">AMOLED<\/div>\n<\/div>\n<div class=\"ITSr0\">\n<div class=\"ITSn\">Brillo de la pantalla<\/div>\n<div class=\"ITSv\">1000 cd\/m&sup2;<\/div>\n<\/div>\n<div class=\"ITSr1\">\n<div class=\"ITSn\">Densit&eacute; en pixels<\/div>\n<div class=\"ITSv\">320 pixels par pouce<\/div>\n<\/div>\n<div class=\"ITSr0\">\n<div class=\"ITSn\">&Eacute;cran toujours actif<\/div>\n<div class=\"ITSv\">S\u00ed<\/div>\n<\/div>\n<div class=\"ITSr1\">\n<div class=\"ITSn\">Exhibici\u00f3n del color<\/div>\n<div class=\"ITSv\">S\u00ed<\/div>\n<\/div>\n<div class=\"ITSr0\">\n<div class=\"ITSn\">Coins d&rsquo;&eacute;cran arrondis<\/div>\n<div class=\"ITSv\">S\u00ed<\/div>\n<\/div>\n<div class=\"ITSr1\">\n<div class=\"ITSn\">Type de verre de montre<\/div>\n<div class=\"ITSv\">Corning Gorilla Glass 5<\/div>\n<\/div>\n<div class=\"ITSg\">representaci\u00f3n \/ realizaci\u00f3n<\/div>\n<div class=\"ITSr0\">\n<div class=\"ITSn\">Micr\u00f3fono incorporado<\/div>\n<div class=\"ITSv\">S\u00ed<\/div>\n<\/div>\n<div class=\"ITSr1\">\n<div class=\"ITSn\">Altavoces incorporados<\/div>\n<div class=\"ITSv\">S\u00ed<\/div>\n<\/div>\n<div class=\"ITSr0\">\n<div class=\"ITSn\">C\u00e1mara incorporada<\/div>\n<div class=\"ITSv\">No<\/div>\n<\/div>\n<div class=\"ITSr1\">\n<div class=\"ITSn\">Radio FM<\/div>\n<div class=\"ITSv\">No<\/div>\n<\/div>\n<div class=\"ITSr0\">\n<div class=\"ITSn\">Sistema m\u00f3vil soportado<\/div>\n<div class=\"ITSv\">Android 10, Android 10.0, Android 11.0, Android 12.0, Android 8.0, Android 8.1, Android 9.0<\/div>\n<\/div>\n<div class=\"ITSr1\">\n<div class=\"ITSn\">Syst&egrave;me d&rsquo;exploitation install&eacute;<\/div>\n<div class=\"ITSv\">Wear OS<\/div>\n<\/div>\n<div class=\"ITSr0\">\n<div class=\"ITSn\">Capacit&eacute; de la RAM<\/div>\n<div class=\"ITSv\">2000 Mo<\/div>\n<\/div>\n<div class=\"ITSr1\">\n<div class=\"ITSn\">Memoire flash<\/div>\n<div class=\"ITSv\">32 Go<\/div>\n<\/div>\n<div class=\"ITSr0\">\n<div class=\"ITSn\">Fabricante del procesador<\/div>\n<div class=\"ITSv\">Samsung<\/div>\n<\/div>\n<div class=\"ITSr1\">\n<div class=\"ITSn\">Mod&egrave;le de processeur<\/div>\n<div class=\"ITSv\">Exynos 9110<\/div>\n<\/div>\n<div class=\"ITSg\">Caracter\u00edsticas<\/div>\n<div class=\"ITSr0\">\n<div class=\"ITSn\">Moniteur de fr&eacute;quence cardiaque<\/div>\n<div class=\"ITSv\">S\u00ed<\/div>\n<\/div>\n<div class=\"ITSr1\">\n<div class=\"ITSn\">Type de capteur de fr&eacute;quence cardiaque<\/div>\n<div class=\"ITSv\">Optique<\/div>\n<\/div>\n<div class=\"ITSr0\">\n<div class=\"ITSn\">Capteur d?oxyg&egrave;ne dans le sang<\/div>\n<div class=\"ITSv\">S\u00ed<\/div>\n<\/div>\n<div class=\"ITSr1\">\n<div class=\"ITSn\">Podom&egrave;tre int&eacute;gr&eacute;<\/div>\n<div class=\"ITSv\">S\u00ed<\/div>\n<\/div>\n<div class=\"ITSr0\">\n<div class=\"ITSn\">Calories br&ucirc;l&eacute;es<\/div>\n<div class=\"ITSv\">S\u00ed<\/div>\n<\/div>\n<div class=\"ITSr1\">\n<div class=\"ITSn\">Aceler\u00f3metro<\/div>\n<div class=\"ITSv\">S\u00ed<\/div>\n<\/div>\n<div class=\"ITSr0\">\n<div class=\"ITSn\">Giroscopio<\/div>\n<div class=\"ITSv\">S\u00ed<\/div>\n<\/div>\n<div class=\"ITSr1\">\n<div class=\"ITSn\">Tracker d?activit&eacute;<\/div>\n<div class=\"ITSv\">S\u00ed<\/div>\n<\/div>\n<div class=\"ITSr0\">\n<div class=\"ITSn\">Objectifs personnels<\/div>\n<div class=\"ITSv\">S\u00ed<\/div>\n<\/div>\n<div class=\"ITSr1\">\n<div class=\"ITSn\">Qualit&eacute; du sommeil<\/div>\n<div class=\"ITSv\">S\u00ed<\/div>\n<\/div>\n<div class=\"ITSr0\">\n<div class=\"ITSn\">Fonction d&rsquo;alerte SOS<\/div>\n<div class=\"ITSv\">S\u00ed<\/div>\n<\/div>\n<div class=\"ITSr1\">\n<div class=\"ITSn\">Sensor de luz ambiental<\/div>\n<div class=\"ITSv\">S\u00ed<\/div>\n<\/div>\n<div class=\"ITSr0\">\n<div class=\"ITSn\">Asistente virtual<\/div>\n<div class=\"ITSv\">Asistente de Google<\/div>\n<\/div>\n<div class=\"ITSr1\">\n<div class=\"ITSn\">Notifications intelligentes<\/div>\n<div class=\"ITSv\">S\u00ed<\/div>\n<\/div>\n<div class=\"ITSr0\">\n<div class=\"ITSn\">Retour facile<\/div>\n<div class=\"ITSv\">S\u00ed<\/div>\n<\/div>\n<div class=\"ITSr1\">\n<div class=\"ITSn\">Notifications du calendrier<\/div>\n<div class=\"ITSv\">S\u00ed<\/div>\n<\/div>\n<div class=\"ITSr0\">\n<div class=\"ITSn\">Notifications par SMS<\/div>\n<div class=\"ITSv\">S\u00ed<\/div>\n<\/div>\n<div class=\"ITSr1\">\n<div class=\"ITSn\">Reconditionn&eacute;<\/div>\n<div class=\"ITSv\">No<\/div>\n<\/div>\n<div class=\"ITSr0\">\n<div class=\"ITSn\">Boussole &eacute;lectronique<\/div>\n<div class=\"ITSv\">S\u00ed<\/div>\n<\/div>\n<div class=\"ITSr1\">\n<div class=\"ITSn\">Fonction de surveillance du stress<\/div>\n<div class=\"ITSv\">S\u00ed<\/div>\n<\/div>\n<div class=\"ITSr0\">\n<div class=\"ITSn\">Commande de musique<\/div>\n<div class=\"ITSv\">S\u00ed<\/div>\n<\/div>\n<div class=\"ITSr1\">\n<div class=\"ITSn\">Fonction Trouver mon t&eacute;l&eacute;phone<\/div>\n<div class=\"ITSv\">S\u00ed<\/div>\n<\/div>\n<div class=\"ITSr0\">\n<div class=\"ITSn\">Suivi d&rsquo;entra&icirc;nement<\/div>\n<div class=\"ITSv\">S\u00ed<\/div>\n<\/div>\n<div class=\"ITSr1\">\n<div class=\"ITSn\">Notifications d&rsquo;appel<\/div>\n<div class=\"ITSv\">S\u00ed<\/div>\n<\/div>\n<div class=\"ITSr0\">\n<div class=\"ITSn\">Altim&egrave;tre<\/div>\n<div class=\"ITSv\">S\u00ed<\/div>\n<\/div>\n<div class=\"ITSg\">Red<\/div>\n<div class=\"ITSr0\">\n<div class=\"ITSn\">Connexion au r&eacute;seau mobile<\/div>\n<div class=\"ITSv\">No<\/div>\n<\/div>\n<div class=\"ITSr1\">\n<div class=\"ITSn\">GPS (satellite)<\/div>\n<div class=\"ITSv\">S\u00ed<\/div>\n<\/div>\n<div class=\"ITSr0\">\n<div class=\"ITSn\">BeiDou<\/div>\n<div class=\"ITSv\">S\u00ed<\/div>\n<\/div>\n<div class=\"ITSr1\">\n<div class=\"ITSn\">GLONASS<\/div>\n<div class=\"ITSv\">S\u00ed<\/div>\n<\/div>\n<div class=\"ITSr0\">\n<div class=\"ITSn\">Galileo<\/div>\n<div class=\"ITSv\">S\u00ed<\/div>\n<\/div>\n<div class=\"ITSg\">Poder<\/div>\n<div class=\"ITSr0\">\n<div class=\"ITSn\">Tipo de bater\u00eda<\/div>\n<div class=\"ITSv\">Bater\u00eda incorporada<\/div>\n<\/div>\n<div class=\"ITSr1\">\n<div class=\"ITSn\">Tecnolog\u00eda de bater\u00edas<\/div>\n<div class=\"ITSv\">Litio-Ion (Li-Ion)<\/div>\n<\/div>\n<div class=\"ITSr0\">\n<div class=\"ITSn\">Capacidad de la bater\u00eda<\/div>\n<div class=\"ITSv\">294 mAh<\/div>\n<\/div>\n<div class=\"ITSr1\">\n<div class=\"ITSn\">Duraci\u00f3n m\u00e1xima de la bater\u00eda<\/div>\n<div class=\"ITSv\">24 h<\/div>\n<\/div>\n<div class=\"ITSr0\">\n<div class=\"ITSn\">Tiempo de carga<\/div>\n<div class=\"ITSv\">1.3 h<\/div>\n<\/div>\n<div class=\"ITSr1\">\n<div class=\"ITSn\">Dur&eacute;e de rechargement de la batterie (80%)<\/div>\n<div class=\"ITSv\">0.9 h<\/div>\n<\/div>\n<div class=\"ITSg\">Peso y dimensiones<\/div>\n<div class=\"ITSr0\">\n<div class=\"ITSn\">Anchura<\/div>\n<div class=\"ITSv\">41 mm<\/div>\n<\/div>\n<div class=\"ITSr1\">\n<div class=\"ITSn\">Espesor<\/div>\n<div class=\"ITSv\">1.23 cm<\/div>\n<\/div>\n<div class=\"ITSg\">Contenido del envase<\/div>\n<div class=\"ITSr0\">\n<div class=\"ITSn\">Cargador<\/div>\n<div class=\"ITSv\">S\u00ed<\/div>\n<\/div>\n<div class=\"ITSr1\">\n<div class=\"ITSn\">Gu\u00eda de instalaci\u00f3n r\u00e1pida<\/div>\n<div class=\"ITSv\">S\u00ed<\/div>\n<\/div>\n<\/div>","protected":false},"excerpt":{"rendered":"<p>Google Pixel Watch. Technologie d&rsquo;affichage AMOLED. Capacit&eacute; de la RAM 2000 Mo, Memoire flash 32 Go. Wifi. GPS (satellite). Capacit&eacute; de la batterie 294 mAh. Mati&egrave;re de la bande Fluoro&eacute;lastom&egrave;re, Couleur du bracelet Noir, Taille du bracelet S\/L. Syst&egrave;me d&rsquo;exploitation install&eacute; Wear OS<\/p>","protected":false},"featured_media":66353,"comment_status":"open","ping_status":"closed","template":"","meta":{"_seopress_robots_primary_cat":"","_seopress_titles_title":"","_seopress_titles_desc":"","_seopress_robots_index":"","_gspb_post_css":"","content-type":"","jetpack_post_was_ever_published":false,"jetpack_publicize_message":"","jetpack_publicize_feature_enabled":true,"jetpack_social_post_already_shared":true,"jetpack_social_options":{"image_generator_settings":{"template":"highway","default_image_id":0,"font":"","enabled":false},"version":2}},"product_brand":[733],"product_cat":[776],"product_tag":[],"class_list":{"0":"post-58193","1":"product","2":"type-product","3":"status-publish","4":"has-post-thumbnail","6":"product_brand-google","7":"product_cat-smartwatches","8":"product_shipping_class-makant-standard","9":"pa_origine-dexpedition-union-europeenne-allemagne-2","11":"first","12":"instock","13":"taxable","14":"shipping-taxable","15":"purchasable","16":"product-type-simple"},"jetpack_publicize_connections":[],"jetpack_sharing_enabled":true,"_links":{"self":[{"href":"https:\/\/trendsbystylia.com\/es\/wp-json\/wp\/v2\/product\/58193","targetHints":{"allow":["GET"]}}],"collection":[{"href":"https:\/\/trendsbystylia.com\/es\/wp-json\/wp\/v2\/product"}],"about":[{"href":"https:\/\/trendsbystylia.com\/es\/wp-json\/wp\/v2\/types\/product"}],"replies":[{"embeddable":true,"href":"https:\/\/trendsbystylia.com\/es\/wp-json\/wp\/v2\/comments?post=58193"}],"wp:featuredmedia":[{"embeddable":true,"href":"https:\/\/trendsbystylia.com\/es\/wp-json\/wp\/v2\/media\/66353"}],"wp:attachment":[{"href":"https:\/\/trendsbystylia.com\/es\/wp-json\/wp\/v2\/media?parent=58193"}],"wp:term":[{"taxonomy":"product_brand","embeddable":true,"href":"https:\/\/trendsbystylia.com\/es\/wp-json\/wp\/v2\/product_brand?post=58193"},{"taxonomy":"product_cat","embeddable":true,"href":"https:\/\/trendsbystylia.com\/es\/wp-json\/wp\/v2\/product_cat?post=58193"},{"taxonomy":"product_tag","embeddable":true,"href":"https:\/\/trendsbystylia.com\/es\/wp-json\/wp\/v2\/product_tag?post=58193"}],"curies":[{"name":"wp","href":"https:\/\/api.w.org\/{rel}","templated":true}]}}