{"id":57253,"date":"2025-03-30T23:17:47","date_gmt":"2025-03-30T23:17:47","guid":{"rendered":"https:\/\/trendsbystylia.com\/?post_type=product&#038;p=57253"},"modified":"2025-04-03T17:36:26","modified_gmt":"2025-04-03T17:36:26","slug":"jbl-enceinte-bluetooth-charge-5-gris-jblcharge5gry","status":"publish","type":"product","link":"https:\/\/trendsbystylia.com\/es\/producto\/jbl-enceinte-bluetooth-charge-5-gris-jblcharge5gry\/","title":{"rendered":"<p>Carga del altavoz Bluetooth JBL 5 Gris- JBLCHARGE5GRY<\/p>"},"content":{"rendered":"<div id=\"HTML_SPEC\" class=\"ITSs\">\n<div class=\"ITSg\">Conectividad<\/div>\n<div class=\"ITSr0\">\n<div class=\"ITSn\">Tecnolog\u00eda de conectividad<\/div>\n<div class=\"ITSv\">Con el alambre &amp;wireless<\/div>\n<\/div>\n<div class=\"ITSr1\">\n<div class=\"ITSn\">Wifi<\/div>\n<div class=\"ITSv\">No<\/div>\n<\/div>\n<div class=\"ITSr0\">\n<div class=\"ITSn\">Bluetooth<\/div>\n<div class=\"ITSv\">S\u00ed<\/div>\n<\/div>\n<div class=\"ITSr1\">\n<div class=\"ITSn\">Modelo de Bluetooth<\/div>\n<div class=\"ITSv\">5.1<\/div>\n<\/div>\n<div class=\"ITSr0\">\n<div class=\"ITSn\">Conectividad USB<\/div>\n<div class=\"ITSv\">S\u00ed<\/div>\n<\/div>\n<div class=\"ITSr1\">\n<div class=\"ITSn\">Pago sin contacto<\/div>\n<div class=\"ITSv\">No<\/div>\n<\/div>\n<div class=\"ITSr0\">\n<div class=\"ITSn\">Tiempo a\u00e9reo<\/div>\n<div class=\"ITSv\">No<\/div>\n<\/div>\n<div class=\"ITSr1\">\n<div class=\"ITSn\">Longitud del cable<\/div>\n<div class=\"ITSv\">1,2 m<\/div>\n<\/div>\n<div class=\"ITSg\">representaci\u00f3n \/ realizaci\u00f3n<\/div>\n<div class=\"ITSr0\">\n<div class=\"ITSn\">Uso recomendado<\/div>\n<div class=\"ITSv\">Universal<\/div>\n<\/div>\n<div class=\"ITSr1\">\n<div class=\"ITSn\">Lector de tarjetas de memoria incorporado<\/div>\n<div class=\"ITSv\">No<\/div>\n<\/div>\n<div class=\"ITSr0\">\n<div class=\"ITSn\">Ecualizador<\/div>\n<div class=\"ITSv\">S\u00ed<\/div>\n<\/div>\n<div class=\"ITSr1\">\n<div class=\"ITSn\">Pa\u00eds de origen<\/div>\n<div class=\"ITSv\">China<\/div>\n<\/div>\n<div class=\"ITSr0\">\n<div class=\"ITSn\">Sistema m\u00f3vil soportado<\/div>\n<div class=\"ITSv\">Android y iOS<\/div>\n<\/div>\n<div class=\"ITSg\">Dise\u00f1o<\/div>\n<div class=\"ITSr0\">\n<div class=\"ITSn\">Tipo de producto<\/div>\n<div class=\"ITSv\">Altavoz est\u00e9reo port\u00e1til<\/div>\n<\/div>\n<div class=\"ITSr1\">\n<div class=\"ITSn\">Color del producto<\/div>\n<div class=\"ITSv\">gris<\/div>\n<\/div>\n<div class=\"ITSr0\">\n<div class=\"ITSn\">Material de la carcasa\/cuerpo<\/div>\n<div class=\"ITSv\">Pl\u00e1stico<\/div>\n<\/div>\n<div class=\"ITSr1\">\n<div class=\"ITSn\">Control de volumen<\/div>\n<div class=\"ITSv\">Botones<\/div>\n<\/div>\n<div class=\"ITSr0\">\n<div class=\"ITSn\">Bot\u00f3n de encendido\/apagado incorporado<\/div>\n<div class=\"ITSv\">S\u00ed<\/div>\n<\/div>\n<div class=\"ITSr1\">\n<div class=\"ITSn\">Funciones de protecci\u00f3n<\/div>\n<div class=\"ITSv\">Dust resistant, Water resistant<\/div>\n<\/div>\n<div class=\"ITSr0\">\n<div class=\"ITSn\">C\u00f3digo (IP) Protecci\u00f3n Internacional<\/div>\n<div class=\"ITSv\">IP67<\/div>\n<\/div>\n<div class=\"ITSr1\">\n<div class=\"ITSn\">Luces de visi\u00f3n<\/div>\n<div class=\"ITSv\">S\u00ed<\/div>\n<\/div>\n<div class=\"ITSg\">Audio<\/div>\n<div class=\"ITSr0\">\n<div class=\"ITSn\">Potencia nominal RMS<\/div>\n<div class=\"ITSv\">30 W<\/div>\n<\/div>\n<div class=\"ITSr1\">\n<div class=\"ITSn\">Rango de frecuencia<\/div>\n<div class=\"ITSv\">60-20000 Hz<\/div>\n<\/div>\n<div class=\"ITSr0\">\n<div class=\"ITSn\">Potencia m\u00e1xima de salida (PMPO)<\/div>\n<div class=\"ITSv\">30 W<\/div>\n<\/div>\n<div class=\"ITSg\">Oradores<\/div>\n<div class=\"ITSr0\">\n<div class=\"ITSn\">N\u00famero de oradores<\/div>\n<div class=\"ITSv\">1<\/div>\n<\/div>\n<div class=\"ITSr1\">\n<div class=\"ITSn\">Nombre de radiateurs passifs<\/div>\n<div class=\"ITSv\">2<\/div>\n<\/div>\n<div class=\"ITSr0\">\n<div class=\"ITSn\">Tweeter<\/div>\n<div class=\"ITSv\">S\u00ed<\/div>\n<\/div>\n<div class=\"ITSr1\">\n<div class=\"ITSn\">Di\u00e1metro del altavoz agudo (imperial)<\/div>\n<div class=\"ITSv\">1.91 cm<\/div>\n<\/div>\n<div class=\"ITSr0\">\n<div class=\"ITSn\">Di\u00e1metro del altavoz de tono alto<\/div>\n<div class=\"ITSv\">2 cm<\/div>\n<\/div>\n<div class=\"ITSr1\">\n<div class=\"ITSn\">Di\u00e1metro del woofer (imperial)<\/div>\n<div class=\"ITSv\">10.2 cm<\/div>\n<\/div>\n<div class=\"ITSr0\">\n<div class=\"ITSn\">Di\u00e1metro del woofer<\/div>\n<div class=\"ITSv\">9 cm<\/div>\n<\/div>\n<div class=\"ITSg\">Poder<\/div>\n<div class=\"ITSr0\">\n<div class=\"ITSn\">Tipo de bater\u00eda<\/div>\n<div class=\"ITSv\">Bater\u00eda incorporada<\/div>\n<\/div>\n<div class=\"ITSr1\">\n<div class=\"ITSn\">Tecnolog\u00eda de bater\u00edas<\/div>\n<div class=\"ITSv\">Pol\u00edmero de litio (LiPo)<\/div>\n<\/div>\n<div class=\"ITSr0\">\n<div class=\"ITSn\">Capacidad de la bater\u00eda<\/div>\n<div class=\"ITSv\">27 Wh<\/div>\n<\/div>\n<div class=\"ITSr1\">\n<div class=\"ITSn\">Duraci\u00f3n m\u00e1xima de la bater\u00eda<\/div>\n<div class=\"ITSv\">20 h<\/div>\n<\/div>\n<div class=\"ITSg\">Contenido del envase<\/div>\n<div class=\"ITSr0\">\n<div class=\"ITSn\">Cantidad<\/div>\n<div class=\"ITSv\">1 pieza(s)<\/div>\n<\/div>\n<div class=\"ITSr1\">\n<div class=\"ITSn\">Control remoto proporcionado<\/div>\n<div class=\"ITSv\">No<\/div>\n<\/div>\n<div class=\"ITSr0\">\n<div class=\"ITSn\">Gu\u00eda de inicio r\u00e1pido<\/div>\n<div class=\"ITSv\">S\u00ed<\/div>\n<\/div>\n<div class=\"ITSg\">Peso y dimensiones<\/div>\n<div class=\"ITSr0\">\n<div class=\"ITSn\">Anchura<\/div>\n<div class=\"ITSv\">223 mm<\/div>\n<\/div>\n<div class=\"ITSr1\">\n<div class=\"ITSn\">Profundidad<\/div>\n<div class=\"ITSv\">94 mm<\/div>\n<\/div>\n<div class=\"ITSr0\">\n<div class=\"ITSn\">Altura<\/div>\n<div class=\"ITSv\">96.5 mm<\/div>\n<\/div>\n<div class=\"ITSr1\">\n<div class=\"ITSn\">Peso<\/div>\n<div class=\"ITSv\">960 g<\/div>\n<\/div>\n<div class=\"ITSr0\">\n<div class=\"ITSn\">Ancho del paquete<\/div>\n<div class=\"ITSv\">130 mm<\/div>\n<\/div>\n<div class=\"ITSr1\">\n<div class=\"ITSn\">Profundidad del paquete<\/div>\n<div class=\"ITSv\">120 mm<\/div>\n<\/div>\n<div class=\"ITSr0\">\n<div class=\"ITSn\">Altura del paquete<\/div>\n<div class=\"ITSv\">257 mm<\/div>\n<\/div>\n<div class=\"ITSr1\">\n<div class=\"ITSn\">Peso del paquete<\/div>\n<div class=\"ITSv\">1.6 kg<\/div>\n<\/div>\n<div class=\"ITSg\">Detalles t\u00e9cnicos<\/div>\n<div class=\"ITSr0\">\n<div class=\"ITSn\">GTIN del palet (EAN\/UPC)<\/div>\n<div class=\"ITSv\">6925281982118<\/div>\n<\/div>\n<div class=\"ITSr1\">\n<div class=\"ITSn\">Peso neto de la paleta<\/div>\n<div class=\"ITSv\">469.1 kg<\/div>\n<\/div>\n<div class=\"ITSg\">Datos log\u00edsticos<\/div>\n<div class=\"ITSr0\">\n<div class=\"ITSn\">Productos por capa de palet<\/div>\n<div class=\"ITSv\">24 pi&egrave;ce(s)<\/div>\n<\/div>\n<div class=\"ITSr1\">\n<div class=\"ITSn\">N\u00famero de Clasificaci\u00f3n de Control de Exportaciones (ECCN)<\/div>\n<div class=\"ITSv\">China<\/div>\n<\/div>\n<div class=\"ITSr0\">\n<div class=\"ITSn\">Longitud bruta de la paleta<\/div>\n<div class=\"ITSv\">120 cm<\/div>\n<\/div>\n<div class=\"ITSr1\">\n<div class=\"ITSn\">Armario principal (externo) por palet<\/div>\n<div class=\"ITSv\">66 pi&egrave;ce(s)<\/div>\n<\/div>\n<div class=\"ITSr0\">\n<div class=\"ITSn\">Capas por palet<\/div>\n<div class=\"ITSv\">11 pi&egrave;ce(s)<\/div>\n<\/div>\n<div class=\"ITSr1\">\n<div class=\"ITSn\">Productos por palet<\/div>\n<div class=\"ITSv\">264 pi&egrave;ce(s)<\/div>\n<\/div>\n<div class=\"ITSr0\">\n<div class=\"ITSn\">Ancho del armario principal (externo)<\/div>\n<div class=\"ITSv\">27.4 cm<\/div>\n<\/div>\n<div class=\"ITSr1\">\n<div class=\"ITSn\">Longitud del armario principal (externo)<\/div>\n<div class=\"ITSv\">50.3 cm<\/div>\n<\/div>\n<div class=\"ITSr0\">\n<div class=\"ITSn\">Altura del armario principal (externo)<\/div>\n<div class=\"ITSv\">16.3 cm<\/div>\n<\/div>\n<div class=\"ITSr1\">\n<div class=\"ITSn\">Peso bruto del armario principal (externo)<\/div>\n<div class=\"ITSv\">7.11 kg<\/div>\n<\/div>\n<div class=\"ITSr0\">\n<div class=\"ITSn\">Volumen del armario principal (externo)<\/div>\n<div class=\"ITSv\">0.022 cm&sup3;<\/div>\n<\/div>\n<div class=\"ITSr1\">\n<div class=\"ITSn\">GTIN de la caja principal (EAN\/UPC)<\/div>\n<div class=\"ITSv\">6925281982118<\/div>\n<\/div>\n<\/div>","protected":false},"excerpt":{"rendered":"<p>Emmenez la f&ecirc;te avec vous, quelle que soit la m&eacute;t&eacute;o. L?enceinte JBL Charge 5 offre un Son Pro Original JBL puissant, avec son haut-parleur d?&eacute;coute longue port&eacute;e optimis&eacute;, son haut-parleur haute fr&eacute;quence s&eacute;par&eacute; et ses deux radiateurs de basses JBL. Jusqu?&agrave; 20 heures d?autonomie et un chargeur portable pratique pour que vos appareils soient toujours charg&eacute;s et que vous puissiez faire la f&ecirc;te jusqu?au bout de la nuit. Pluie ? Boissons renvers&eacute;es ? Sable ? Con&ccedil;ue selon la norme IP67, la Charge 5 r&eacute;siste &agrave; l?eau et &agrave; la poussi&egrave;re et survit &agrave; tout ce qui se pr&eacute;sente sur son chemin. <p>Gr&acirc;ce &agrave; PartyBoost, vous pouvez connecter plusieurs enceintes compatibles JBL PartyBoost, pour un son assez puissant pour toutes les foules. Avec de toutes nouvelles couleurs inspir&eacute;es des derni&egrave;res tendances urbaines, elle est aussi belle que le son qu?elle produit.<\/p><\/p>","protected":false},"featured_media":66580,"comment_status":"open","ping_status":"closed","template":"","meta":{"_seopress_robots_primary_cat":"","_seopress_titles_title":"","_seopress_titles_desc":"","_seopress_robots_index":"","_gspb_post_css":"","content-type":"","jetpack_post_was_ever_published":false,"jetpack_publicize_message":"","jetpack_publicize_feature_enabled":true,"jetpack_social_post_already_shared":true,"jetpack_social_options":{"image_generator_settings":{"template":"highway","default_image_id":0,"font":"","enabled":false},"version":2}},"product_brand":[779],"product_cat":[998],"product_tag":[],"class_list":{"0":"post-57253","1":"product","2":"type-product","3":"status-publish","4":"has-post-thumbnail","6":"product_brand-jbl","7":"product_cat-haut-parleurs-et-barres-de-son","8":"product_shipping_class-makant-standard","9":"pa_origine-dexpedition-union-europeenne-allemagne-2","11":"first","12":"instock","13":"taxable","14":"shipping-taxable","15":"purchasable","16":"product-type-simple"},"jetpack_publicize_connections":[],"jetpack_sharing_enabled":true,"_links":{"self":[{"href":"https:\/\/trendsbystylia.com\/es\/wp-json\/wp\/v2\/product\/57253","targetHints":{"allow":["GET"]}}],"collection":[{"href":"https:\/\/trendsbystylia.com\/es\/wp-json\/wp\/v2\/product"}],"about":[{"href":"https:\/\/trendsbystylia.com\/es\/wp-json\/wp\/v2\/types\/product"}],"replies":[{"embeddable":true,"href":"https:\/\/trendsbystylia.com\/es\/wp-json\/wp\/v2\/comments?post=57253"}],"wp:featuredmedia":[{"embeddable":true,"href":"https:\/\/trendsbystylia.com\/es\/wp-json\/wp\/v2\/media\/66580"}],"wp:attachment":[{"href":"https:\/\/trendsbystylia.com\/es\/wp-json\/wp\/v2\/media?parent=57253"}],"wp:term":[{"taxonomy":"product_brand","embeddable":true,"href":"https:\/\/trendsbystylia.com\/es\/wp-json\/wp\/v2\/product_brand?post=57253"},{"taxonomy":"product_cat","embeddable":true,"href":"https:\/\/trendsbystylia.com\/es\/wp-json\/wp\/v2\/product_cat?post=57253"},{"taxonomy":"product_tag","embeddable":true,"href":"https:\/\/trendsbystylia.com\/es\/wp-json\/wp\/v2\/product_tag?post=57253"}],"curies":[{"name":"wp","href":"https:\/\/api.w.org\/{rel}","templated":true}]}}