{"id":56939,"date":"2025-03-30T23:18:34","date_gmt":"2025-03-30T23:18:34","guid":{"rendered":"https:\/\/trendsbystylia.com\/?post_type=product&#038;p=56939"},"modified":"2025-04-03T15:43:44","modified_gmt":"2025-04-03T15:43:44","slug":"samsung-galaxy-watch6-43mm-bluetooth-black-sm-r950nzkadbt","status":"publish","type":"product","link":"https:\/\/trendsbystylia.com\/es\/producto\/samsung-galaxy-watch6-43mm-bluetooth-black-sm-r950nzkadbt\/","title":{"rendered":"<p>Samsung Galaxy Watch6 43mm Bluetooth Black SM-R950NZKADBT<\/p>"},"content":{"rendered":"<div id=\"HTML_SPEC\" class=\"ITSs\">\n<div class=\"ITSg\">Conectividad<\/div>\n<div class=\"ITSr0\">\n<div class=\"ITSn\">Puerto USB<\/div>\n<div class=\"ITSv\">No<\/div>\n<\/div>\n<div class=\"ITSr1\">\n<div class=\"ITSn\">Wifi<\/div>\n<div class=\"ITSv\">S\u00ed<\/div>\n<\/div>\n<div class=\"ITSr0\">\n<div class=\"ITSn\">Modelo de Bluetooth<\/div>\n<div class=\"ITSv\">5.3<\/div>\n<\/div>\n<div class=\"ITSr1\">\n<div class=\"ITSn\">Bluetooth<\/div>\n<div class=\"ITSv\">S\u00ed<\/div>\n<\/div>\n<div class=\"ITSr0\">\n<div class=\"ITSn\">Pago sin contacto<\/div>\n<div class=\"ITSv\">S\u00ed<\/div>\n<\/div>\n<div class=\"ITSr1\">\n<div class=\"ITSn\">Casque connection<\/div>\n<div class=\"ITSv\">Bluetooth<\/div>\n<\/div>\n<div class=\"ITSg\">Dise\u00f1o<\/div>\n<div class=\"ITSr0\">\n<div class=\"ITSn\">posici\u00f3n en el mercado<\/div>\n<div class=\"ITSv\">Smartwatch<\/div>\n<\/div>\n<div class=\"ITSr1\">\n<div class=\"ITSn\">Dimension du bo&icirc;tier de montre<\/div>\n<div class=\"ITSv\">43 mm<\/div>\n<\/div>\n<div class=\"ITSr0\">\n<div class=\"ITSn\">Couleur du bo&icirc;tier de montre<\/div>\n<div class=\"ITSv\">Negro<\/div>\n<\/div>\n<div class=\"ITSr1\">\n<div class=\"ITSn\">Mat&eacute;riau du bo&icirc;tier de montre<\/div>\n<div class=\"ITSv\">Acero inoxidable<\/div>\n<\/div>\n<div class=\"ITSr0\">\n<div class=\"ITSn\">Couleur du bracelet<\/div>\n<div class=\"ITSv\">Negro<\/div>\n<\/div>\n<div class=\"ITSr1\">\n<div class=\"ITSn\">Taille du bracelet<\/div>\n<div class=\"ITSv\">S\/M<\/div>\n<\/div>\n<div class=\"ITSr0\">\n<div class=\"ITSn\">Forma<\/div>\n<div class=\"ITSv\">Ronda<\/div>\n<\/div>\n<div class=\"ITSr1\">\n<div class=\"ITSn\">C\u00f3digo (IP) Protecci\u00f3n Internacional<\/div>\n<div class=\"ITSv\">IP68<\/div>\n<\/div>\n<div class=\"ITSr0\">\n<div class=\"ITSn\">Sangle amovible<\/div>\n<div class=\"ITSv\">S\u00ed<\/div>\n<\/div>\n<div class=\"ITSr1\">\n<div class=\"ITSn\">R&eacute;sistance &agrave; l&rsquo;eau<\/div>\n<div class=\"ITSv\">5 DAB<\/div>\n<\/div>\n<div class=\"ITSg\">Pantalla<\/div>\n<div class=\"ITSr0\">\n<div class=\"ITSn\">Tipo de pantalla<\/div>\n<div class=\"ITSv\">Digital<\/div>\n<\/div>\n<div class=\"ITSr1\">\n<div class=\"ITSn\">Resoluci\u00f3n de pantalla<\/div>\n<div class=\"ITSv\">432 x 432 pixels<\/div>\n<\/div>\n<div class=\"ITSr0\">\n<div class=\"ITSn\">Pantalla t\u00e1ctil<\/div>\n<div class=\"ITSv\">S\u00ed<\/div>\n<\/div>\n<div class=\"ITSr1\">\n<div class=\"ITSn\">Tama\u00f1o de la pantalla<\/div>\n<div class=\"ITSv\">3.3 cm<\/div>\n<\/div>\n<div class=\"ITSr0\">\n<div class=\"ITSn\">Technologie d&rsquo;affichage<\/div>\n<div class=\"ITSv\">Super AMOLED<\/div>\n<\/div>\n<div class=\"ITSr1\">\n<div class=\"ITSn\">Brillo de la pantalla<\/div>\n<div class=\"ITSv\">600 cd\/m&sup2;<\/div>\n<\/div>\n<div class=\"ITSr0\">\n<div class=\"ITSn\">Densit&eacute; en pixels<\/div>\n<div class=\"ITSv\">330 pixels par pouce<\/div>\n<\/div>\n<div class=\"ITSr1\">\n<div class=\"ITSn\">&Eacute;cran toujours actif<\/div>\n<div class=\"ITSv\">S\u00ed<\/div>\n<\/div>\n<div class=\"ITSr0\">\n<div class=\"ITSn\">Exhibici\u00f3n del color<\/div>\n<div class=\"ITSv\">S\u00ed<\/div>\n<\/div>\n<div class=\"ITSr1\">\n<div class=\"ITSn\">Afficher diam&egrave;tre<\/div>\n<div class=\"ITSv\">33.3 cm<\/div>\n<\/div>\n<div class=\"ITSr0\">\n<div class=\"ITSn\">Type de verre de montre<\/div>\n<div class=\"ITSv\">Saphir<\/div>\n<\/div>\n<div class=\"ITSg\">representaci\u00f3n \/ realizaci\u00f3n<\/div>\n<div class=\"ITSr0\">\n<div class=\"ITSn\">Micr\u00f3fono incorporado<\/div>\n<div class=\"ITSv\">S\u00ed<\/div>\n<\/div>\n<div class=\"ITSr1\">\n<div class=\"ITSn\">Altavoces incorporados<\/div>\n<div class=\"ITSv\">S\u00ed<\/div>\n<\/div>\n<div class=\"ITSr0\">\n<div class=\"ITSn\">C\u00e1mara incorporada<\/div>\n<div class=\"ITSv\">No<\/div>\n<\/div>\n<div class=\"ITSr1\">\n<div class=\"ITSn\">Radio FM<\/div>\n<div class=\"ITSv\">No<\/div>\n<\/div>\n<div class=\"ITSr0\">\n<div class=\"ITSn\">Sistema m\u00f3vil soportado<\/div>\n<div class=\"ITSv\">Android<\/div>\n<\/div>\n<div class=\"ITSr1\">\n<div class=\"ITSn\">Syst&egrave;me d&rsquo;exploitation install&eacute;<\/div>\n<div class=\"ITSv\">Wear OS<\/div>\n<\/div>\n<div class=\"ITSr0\">\n<div class=\"ITSn\">Capacit&eacute; de la RAM<\/div>\n<div class=\"ITSv\">2000 Mo<\/div>\n<\/div>\n<div class=\"ITSr1\">\n<div class=\"ITSn\">Memoire flash<\/div>\n<div class=\"ITSv\">16 Go<\/div>\n<\/div>\n<div class=\"ITSr0\">\n<div class=\"ITSn\">Fabricante del procesador<\/div>\n<div class=\"ITSv\">Samsung<\/div>\n<\/div>\n<div class=\"ITSr1\">\n<div class=\"ITSn\">Nombre de coeurs de processeurs<\/div>\n<div class=\"ITSv\">2<\/div>\n<\/div>\n<div class=\"ITSg\">Caracter\u00edsticas<\/div>\n<div class=\"ITSr0\">\n<div class=\"ITSn\">Moniteur de fr&eacute;quence cardiaque<\/div>\n<div class=\"ITSv\">S\u00ed<\/div>\n<\/div>\n<div class=\"ITSr1\">\n<div class=\"ITSn\">Mesure du rythme cardiaque<\/div>\n<div class=\"ITSv\">Autom\u00e1tico<\/div>\n<\/div>\n<div class=\"ITSr0\">\n<div class=\"ITSn\">Tensiom&egrave;tre<\/div>\n<div class=\"ITSv\">S\u00ed<\/div>\n<\/div>\n<div class=\"ITSr1\">\n<div class=\"ITSn\">Podom&egrave;tre int&eacute;gr&eacute;<\/div>\n<div class=\"ITSv\">S\u00ed<\/div>\n<\/div>\n<div class=\"ITSr0\">\n<div class=\"ITSn\">Aceler\u00f3metro<\/div>\n<div class=\"ITSv\">S\u00ed<\/div>\n<\/div>\n<div class=\"ITSr1\">\n<div class=\"ITSn\">Giroscopio<\/div>\n<div class=\"ITSv\">S\u00ed<\/div>\n<\/div>\n<div class=\"ITSr0\">\n<div class=\"ITSn\">Mode Multisport<\/div>\n<div class=\"ITSv\">S\u00ed<\/div>\n<\/div>\n<div class=\"ITSr1\">\n<div class=\"ITSn\">Qualit&eacute; du sommeil<\/div>\n<div class=\"ITSv\">S\u00ed<\/div>\n<\/div>\n<div class=\"ITSr0\">\n<div class=\"ITSn\">Fonction d&rsquo;alerte SOS<\/div>\n<div class=\"ITSv\">S\u00ed<\/div>\n<\/div>\n<div class=\"ITSr1\">\n<div class=\"ITSn\">Sensor de luz ambiental<\/div>\n<div class=\"ITSv\">S\u00ed<\/div>\n<\/div>\n<div class=\"ITSr0\">\n<div class=\"ITSn\">Activation vocale<\/div>\n<div class=\"ITSv\">S\u00ed<\/div>\n<\/div>\n<div class=\"ITSr1\">\n<div class=\"ITSn\">Minuteur<\/div>\n<div class=\"ITSv\">S\u00ed<\/div>\n<\/div>\n<div class=\"ITSr0\">\n<div class=\"ITSn\">Boussole &eacute;lectronique<\/div>\n<div class=\"ITSv\">S\u00ed<\/div>\n<\/div>\n<div class=\"ITSr1\">\n<div class=\"ITSn\">Lecteur de musique<\/div>\n<div class=\"ITSv\">S\u00ed<\/div>\n<\/div>\n<div class=\"ITSr0\">\n<div class=\"ITSn\">Capteur g&eacute;omagn&eacute;tique<\/div>\n<div class=\"ITSv\">S\u00ed<\/div>\n<\/div>\n<div class=\"ITSr1\">\n<div class=\"ITSn\">Fonction de surveillance du stress<\/div>\n<div class=\"ITSv\">S\u00ed<\/div>\n<\/div>\n<div class=\"ITSr0\">\n<div class=\"ITSn\">R&eacute;veil<\/div>\n<div class=\"ITSv\">S\u00ed<\/div>\n<\/div>\n<div class=\"ITSr1\">\n<div class=\"ITSn\">Calendrier<\/div>\n<div class=\"ITSv\">S\u00ed<\/div>\n<\/div>\n<div class=\"ITSr0\">\n<div class=\"ITSn\">Appareil de chronometrage<\/div>\n<div class=\"ITSv\">S\u00ed<\/div>\n<\/div>\n<div class=\"ITSr1\">\n<div class=\"ITSn\">Commande de musique<\/div>\n<div class=\"ITSv\">S\u00ed<\/div>\n<\/div>\n<div class=\"ITSr0\">\n<div class=\"ITSn\">Barom&egrave;tre<\/div>\n<div class=\"ITSv\">S\u00ed<\/div>\n<\/div>\n<div class=\"ITSr1\">\n<div class=\"ITSn\">Standard militaire<\/div>\n<div class=\"ITSv\">MIL-STD-810H<\/div>\n<\/div>\n<div class=\"ITSg\">Red<\/div>\n<div class=\"ITSr0\">\n<div class=\"ITSn\">Connexion au r&eacute;seau mobile<\/div>\n<div class=\"ITSv\">No<\/div>\n<\/div>\n<div class=\"ITSr1\">\n<div class=\"ITSn\">GPS (satellite)<\/div>\n<div class=\"ITSv\">S\u00ed<\/div>\n<\/div>\n<div class=\"ITSr0\">\n<div class=\"ITSn\">BeiDou<\/div>\n<div class=\"ITSv\">S\u00ed<\/div>\n<\/div>\n<div class=\"ITSr1\">\n<div class=\"ITSn\">GLONASS<\/div>\n<div class=\"ITSv\">S\u00ed<\/div>\n<\/div>\n<div class=\"ITSr0\">\n<div class=\"ITSn\">Galileo<\/div>\n<div class=\"ITSv\">S\u00ed<\/div>\n<\/div>\n<div class=\"ITSg\">Poder<\/div>\n<div class=\"ITSr0\">\n<div class=\"ITSn\">Tipo de bater\u00eda<\/div>\n<div class=\"ITSv\">Bater\u00eda incorporada<\/div>\n<\/div>\n<div class=\"ITSr1\">\n<div class=\"ITSn\">Capacidad de la bater\u00eda<\/div>\n<div class=\"ITSv\">300 mAh<\/div>\n<\/div>\n<div class=\"ITSr0\">\n<div class=\"ITSn\">Duraci\u00f3n m\u00e1xima de la bater\u00eda<\/div>\n<div class=\"ITSv\">40 h<\/div>\n<\/div>\n<div class=\"ITSr1\">\n<div class=\"ITSn\">Recharge sans fil<\/div>\n<div class=\"ITSv\">S\u00ed<\/div>\n<\/div>\n<div class=\"ITSr0\">\n<div class=\"ITSn\">Tiempo de carga<\/div>\n<div class=\"ITSv\">1.3 h<\/div>\n<\/div>\n<div class=\"ITSg\">Peso y dimensiones<\/div>\n<div class=\"ITSr0\">\n<div class=\"ITSn\">Anchura<\/div>\n<div class=\"ITSv\">42.5 mm<\/div>\n<\/div>\n<div class=\"ITSr1\">\n<div class=\"ITSn\">Profundidad<\/div>\n<div class=\"ITSv\">42.5 mm<\/div>\n<\/div>\n<div class=\"ITSr0\">\n<div class=\"ITSn\">Espesor<\/div>\n<div class=\"ITSv\">1.09 cm<\/div>\n<\/div>\n<div class=\"ITSr1\">\n<div class=\"ITSn\">Peso<\/div>\n<div class=\"ITSv\">52 g<\/div>\n<\/div>\n<div class=\"ITSg\">Contenido del envase<\/div>\n<div class=\"ITSr0\">\n<div class=\"ITSn\">Manual de usuario<\/div>\n<div class=\"ITSv\">S\u00ed<\/div>\n<\/div>\n<div class=\"ITSr1\">\n<div class=\"ITSn\">Cargador<\/div>\n<div class=\"ITSv\">S\u00ed<\/div>\n<\/div>\n<\/div>","protected":false},"excerpt":{"rendered":"<p>Samsung Galaxy Watch6 Classic SM-R950NZKADBT. Taille de l&rsquo;&eacute;cran 3,3 cm (1.3), Technologie d&rsquo;affichage Super AMOLED, R&eacute;solution de l&rsquo;&eacute;cran 432 x 432 pixels, &Eacute;cran tactile. Capacit&eacute; de la RAM 2000 Mo, Memoire flash 16 Go. Wifi. GPS (satellite). Capacit&eacute; de la batterie 300 mAh. Poids 52 g. Couleur du bracelet Noir, Taille du bracelet S\/M. (Hybrid-Eco-Leder) Syst&egrave;me d&rsquo;exploitation install&eacute; Wear OS<\/p>","protected":false},"featured_media":66635,"comment_status":"open","ping_status":"closed","template":"","meta":{"_seopress_robots_primary_cat":"","_seopress_titles_title":"","_seopress_titles_desc":"","_seopress_robots_index":"","_gspb_post_css":"","content-type":"","jetpack_post_was_ever_published":false,"jetpack_publicize_message":"","jetpack_publicize_feature_enabled":true,"jetpack_social_post_already_shared":true,"jetpack_social_options":{"image_generator_settings":{"template":"highway","default_image_id":0,"font":"","enabled":false},"version":2}},"product_brand":[768],"product_cat":[776],"product_tag":[],"class_list":{"0":"post-56939","1":"product","2":"type-product","3":"status-publish","4":"has-post-thumbnail","6":"product_brand-samsung","7":"product_cat-smartwatches","8":"product_shipping_class-makant-standard","9":"pa_origine-dexpedition-union-europeenne-allemagne-2","11":"first","12":"instock","13":"taxable","14":"shipping-taxable","15":"purchasable","16":"product-type-simple"},"jetpack_publicize_connections":[],"jetpack_sharing_enabled":true,"_links":{"self":[{"href":"https:\/\/trendsbystylia.com\/es\/wp-json\/wp\/v2\/product\/56939","targetHints":{"allow":["GET"]}}],"collection":[{"href":"https:\/\/trendsbystylia.com\/es\/wp-json\/wp\/v2\/product"}],"about":[{"href":"https:\/\/trendsbystylia.com\/es\/wp-json\/wp\/v2\/types\/product"}],"replies":[{"embeddable":true,"href":"https:\/\/trendsbystylia.com\/es\/wp-json\/wp\/v2\/comments?post=56939"}],"wp:featuredmedia":[{"embeddable":true,"href":"https:\/\/trendsbystylia.com\/es\/wp-json\/wp\/v2\/media\/66635"}],"wp:attachment":[{"href":"https:\/\/trendsbystylia.com\/es\/wp-json\/wp\/v2\/media?parent=56939"}],"wp:term":[{"taxonomy":"product_brand","embeddable":true,"href":"https:\/\/trendsbystylia.com\/es\/wp-json\/wp\/v2\/product_brand?post=56939"},{"taxonomy":"product_cat","embeddable":true,"href":"https:\/\/trendsbystylia.com\/es\/wp-json\/wp\/v2\/product_cat?post=56939"},{"taxonomy":"product_tag","embeddable":true,"href":"https:\/\/trendsbystylia.com\/es\/wp-json\/wp\/v2\/product_tag?post=56939"}],"curies":[{"name":"wp","href":"https:\/\/api.w.org\/{rel}","templated":true}]}}