{"id":56436,"date":"2025-03-30T23:19:58","date_gmt":"2025-03-30T23:19:58","guid":{"rendered":"https:\/\/trendsbystylia.com\/?post_type=product&#038;p=56436"},"modified":"2025-04-03T15:42:34","modified_gmt":"2025-04-03T15:42:34","slug":"apple-watch-s9-alu-41mm-gpscellular-product-red-sport-band-m-l-mry83qf-a","status":"publish","type":"product","link":"https:\/\/trendsbystylia.com\/es\/producto\/apple-watch-s9-alu-41mm-gpscellular-product-red-sport-band-m-l-mry83qf-a\/","title":{"rendered":"<p>Apple Watch S9 Alu. 41mm GPS+Cellular Product Red Sport Band M\/L MRY83QF\/A<\/p>"},"content":{"rendered":"<div id=\"HTML_SPEC\" class=\"ITSs\">\n<div class=\"ITSg\">Conectividad<\/div>\n<div class=\"ITSr0\">\n<div class=\"ITSn\">Puerto USB<\/div>\n<div class=\"ITSv\">No<\/div>\n<\/div>\n<div class=\"ITSr1\">\n<div class=\"ITSn\">Wifi<\/div>\n<div class=\"ITSv\">S\u00ed<\/div>\n<\/div>\n<div class=\"ITSr0\">\n<div class=\"ITSn\">Est\u00e1ndares de Wi-Fi<\/div>\n<div class=\"ITSv\">Wi-Fi 4 (802.11n)<\/div>\n<\/div>\n<div class=\"ITSr1\">\n<div class=\"ITSn\">Modelo de Bluetooth<\/div>\n<div class=\"ITSv\">5.3<\/div>\n<\/div>\n<div class=\"ITSr0\">\n<div class=\"ITSn\">Bluetooth<\/div>\n<div class=\"ITSv\">S\u00ed<\/div>\n<\/div>\n<div class=\"ITSr1\">\n<div class=\"ITSn\">Pago sin contacto<\/div>\n<div class=\"ITSv\">S\u00ed<\/div>\n<\/div>\n<div class=\"ITSr0\">\n<div class=\"ITSn\">Casque connection<\/div>\n<div class=\"ITSv\">Bluetooth<\/div>\n<\/div>\n<div class=\"ITSg\">Dise\u00f1o<\/div>\n<div class=\"ITSr0\">\n<div class=\"ITSn\">posici\u00f3n en el mercado<\/div>\n<div class=\"ITSv\">Smartwatch<\/div>\n<\/div>\n<div class=\"ITSr1\">\n<div class=\"ITSn\">Dimension du bo&icirc;tier de montre<\/div>\n<div class=\"ITSv\">41 mm<\/div>\n<\/div>\n<div class=\"ITSr0\">\n<div class=\"ITSn\">Couleur du bo&icirc;tier de montre<\/div>\n<div class=\"ITSv\">Rojo<\/div>\n<\/div>\n<div class=\"ITSr1\">\n<div class=\"ITSn\">Mat&eacute;riau du bo&icirc;tier de montre<\/div>\n<div class=\"ITSv\">Aluminio<\/div>\n<\/div>\n<div class=\"ITSr0\">\n<div class=\"ITSn\">Couleur du bracelet<\/div>\n<div class=\"ITSv\">Rojo<\/div>\n<\/div>\n<div class=\"ITSr1\">\n<div class=\"ITSn\">Taille du bracelet<\/div>\n<div class=\"ITSv\">M\/L<\/div>\n<\/div>\n<div class=\"ITSr0\">\n<div class=\"ITSn\">Forma<\/div>\n<div class=\"ITSv\">Rectangulaire<\/div>\n<\/div>\n<div class=\"ITSr1\">\n<div class=\"ITSn\">Retour mat&eacute;riau<\/div>\n<div class=\"ITSv\">Ceramic, Sapphire glass<\/div>\n<\/div>\n<div class=\"ITSr0\">\n<div class=\"ITSn\">Funciones de protecci\u00f3n<\/div>\n<div class=\"ITSv\">Dust resistant, Water resistant, Waterproof<\/div>\n<\/div>\n<div class=\"ITSr1\">\n<div class=\"ITSn\">C\u00f3digo (IP) Protecci\u00f3n Internacional<\/div>\n<div class=\"ITSv\">IP6X<\/div>\n<\/div>\n<div class=\"ITSr0\">\n<div class=\"ITSn\">Sangle amovible<\/div>\n<div class=\"ITSv\">S\u00ed<\/div>\n<\/div>\n<div class=\"ITSr1\">\n<div class=\"ITSn\">Connecteur de chargement magn&eacute;tique<\/div>\n<div class=\"ITSv\">S\u00ed<\/div>\n<\/div>\n<div class=\"ITSr0\">\n<div class=\"ITSn\">Humidit&eacute;  &eacute;tanche jusqu&rsquo;&agrave;<\/div>\n<div class=\"ITSv\">50 m<\/div>\n<\/div>\n<div class=\"ITSg\">Pantalla<\/div>\n<div class=\"ITSr0\">\n<div class=\"ITSn\">Tipo de pantalla<\/div>\n<div class=\"ITSv\">Digital<\/div>\n<\/div>\n<div class=\"ITSr1\">\n<div class=\"ITSn\">Resoluci\u00f3n de pantalla<\/div>\n<div class=\"ITSv\">352 x 430 pixels<\/div>\n<\/div>\n<div class=\"ITSr0\">\n<div class=\"ITSn\">Pantalla t\u00e1ctil<\/div>\n<div class=\"ITSv\">S\u00ed<\/div>\n<\/div>\n<div class=\"ITSr1\">\n<div class=\"ITSn\">Brillo de la pantalla<\/div>\n<div class=\"ITSv\">2000 cd\/m&sup2;<\/div>\n<\/div>\n<div class=\"ITSr0\">\n<div class=\"ITSn\">&Eacute;cran toujours actif<\/div>\n<div class=\"ITSv\">S\u00ed<\/div>\n<\/div>\n<div class=\"ITSr1\">\n<div class=\"ITSn\">Coins d&rsquo;&eacute;cran arrondis<\/div>\n<div class=\"ITSv\">S\u00ed<\/div>\n<\/div>\n<div class=\"ITSg\">representaci\u00f3n \/ realizaci\u00f3n<\/div>\n<div class=\"ITSr0\">\n<div class=\"ITSn\">Micr\u00f3fono incorporado<\/div>\n<div class=\"ITSv\">S\u00ed<\/div>\n<\/div>\n<div class=\"ITSr1\">\n<div class=\"ITSn\">Altavoces incorporados<\/div>\n<div class=\"ITSv\">S\u00ed<\/div>\n<\/div>\n<div class=\"ITSr0\">\n<div class=\"ITSn\">C\u00e1mara incorporada<\/div>\n<div class=\"ITSv\">No<\/div>\n<\/div>\n<div class=\"ITSr1\">\n<div class=\"ITSn\">Radio FM<\/div>\n<div class=\"ITSv\">No<\/div>\n<\/div>\n<div class=\"ITSr0\">\n<div class=\"ITSn\">Sistema m\u00f3vil soportado<\/div>\n<div class=\"ITSv\">iOS<\/div>\n<\/div>\n<div class=\"ITSr1\">\n<div class=\"ITSn\">Syst&egrave;me d&rsquo;exploitation install&eacute;<\/div>\n<div class=\"ITSv\">watchOS 10<\/div>\n<\/div>\n<div class=\"ITSr0\">\n<div class=\"ITSn\">Memoire flash<\/div>\n<div class=\"ITSv\">64 GB<\/div>\n<\/div>\n<div class=\"ITSr1\">\n<div class=\"ITSn\">Fabricante del procesador<\/div>\n<div class=\"ITSv\">Apple<\/div>\n<\/div>\n<div class=\"ITSr0\">\n<div class=\"ITSn\">Mod&egrave;le de processeur<\/div>\n<div class=\"ITSv\">S9<\/div>\n<\/div>\n<div class=\"ITSr1\">\n<div class=\"ITSn\">Nombre de coeurs de processeurs<\/div>\n<div class=\"ITSv\">2<\/div>\n<\/div>\n<div class=\"ITSr0\">\n<div class=\"ITSn\">Informatique 64 bits<\/div>\n<div class=\"ITSv\">S\u00ed<\/div>\n<\/div>\n<div class=\"ITSr1\">\n<div class=\"ITSn\">Puce sans fil<\/div>\n<div class=\"ITSv\">W3<\/div>\n<\/div>\n<div class=\"ITSr0\">\n<div class=\"ITSn\">D&eacute;tection de collision<\/div>\n<div class=\"ITSv\">S\u00ed<\/div>\n<\/div>\n<div class=\"ITSr1\">\n<div class=\"ITSn\">D&eacute;tection de chute<\/div>\n<div class=\"ITSv\">S\u00ed<\/div>\n<\/div>\n<div class=\"ITSg\">Caracter\u00edsticas<\/div>\n<div class=\"ITSr0\">\n<div class=\"ITSn\">Moniteur de fr&eacute;quence cardiaque<\/div>\n<div class=\"ITSv\">S\u00ed<\/div>\n<\/div>\n<div class=\"ITSr1\">\n<div class=\"ITSn\">Type de capteur de fr&eacute;quence cardiaque<\/div>\n<div class=\"ITSv\">Electrical, Optical<\/div>\n<\/div>\n<div class=\"ITSr0\">\n<div class=\"ITSn\">Capteur d?oxyg&egrave;ne dans le sang<\/div>\n<div class=\"ITSv\">S\u00ed<\/div>\n<\/div>\n<div class=\"ITSr1\">\n<div class=\"ITSn\">Aceler\u00f3metro<\/div>\n<div class=\"ITSv\">S\u00ed<\/div>\n<\/div>\n<div class=\"ITSr0\">\n<div class=\"ITSn\">Giroscopio<\/div>\n<div class=\"ITSv\">S\u00ed<\/div>\n<\/div>\n<div class=\"ITSr1\">\n<div class=\"ITSn\">Tracker d?activit&eacute;<\/div>\n<div class=\"ITSv\">S\u00ed<\/div>\n<\/div>\n<div class=\"ITSr0\">\n<div class=\"ITSn\">Double tap gesture<\/div>\n<div class=\"ITSv\">S\u00ed<\/div>\n<\/div>\n<div class=\"ITSr1\">\n<div class=\"ITSn\">Precision Finding<\/div>\n<div class=\"ITSv\">S\u00ed<\/div>\n<\/div>\n<div class=\"ITSr0\">\n<div class=\"ITSn\">Irregular rhythm notifications<\/div>\n<div class=\"ITSv\">S\u00ed<\/div>\n<\/div>\n<div class=\"ITSr1\">\n<div class=\"ITSn\">Low cardio notifications<\/div>\n<div class=\"ITSv\">S\u00ed<\/div>\n<\/div>\n<div class=\"ITSr0\">\n<div class=\"ITSn\">Fonction d&rsquo;alerte SOS<\/div>\n<div class=\"ITSv\">S\u00ed<\/div>\n<\/div>\n<div class=\"ITSr1\">\n<div class=\"ITSn\">Sensor de luz ambiental<\/div>\n<div class=\"ITSv\">S\u00ed<\/div>\n<\/div>\n<div class=\"ITSr0\">\n<div class=\"ITSn\">Correo electr\u00f3nico<\/div>\n<div class=\"ITSv\">S\u00ed<\/div>\n<\/div>\n<div class=\"ITSr1\">\n<div class=\"ITSn\">Asistente virtual<\/div>\n<div class=\"ITSv\">Siri de manzana<\/div>\n<\/div>\n<div class=\"ITSr0\">\n<div class=\"ITSn\">Retour facile<\/div>\n<div class=\"ITSv\">S\u00ed<\/div>\n<\/div>\n<div class=\"ITSr1\">\n<div class=\"ITSn\">Boussole &eacute;lectronique<\/div>\n<div class=\"ITSv\">S\u00ed<\/div>\n<\/div>\n<div class=\"ITSr0\">\n<div class=\"ITSn\">Capteur de temp&eacute;rature de la peau<\/div>\n<div class=\"ITSv\">S\u00ed<\/div>\n<\/div>\n<div class=\"ITSr1\">\n<div class=\"ITSn\">Altim&egrave;tre<\/div>\n<div class=\"ITSv\">S\u00ed<\/div>\n<\/div>\n<div class=\"ITSg\">Red<\/div>\n<div class=\"ITSr0\">\n<div class=\"ITSn\">Connexion au r&eacute;seau mobile<\/div>\n<div class=\"ITSv\">S\u00ed<\/div>\n<\/div>\n<div class=\"ITSr1\">\n<div class=\"ITSn\">G&eacute;n&eacute;ration de r&eacute;seau mobile<\/div>\n<div class=\"ITSv\">4G<\/div>\n<\/div>\n<div class=\"ITSr0\">\n<div class=\"ITSn\">Norme 4G<\/div>\n<div class=\"ITSv\">LTE<\/div>\n<\/div>\n<div class=\"ITSr1\">\n<div class=\"ITSn\">GPS (satellite)<\/div>\n<div class=\"ITSv\">S\u00ed<\/div>\n<\/div>\n<div class=\"ITSr0\">\n<div class=\"ITSn\">BeiDou<\/div>\n<div class=\"ITSv\">S\u00ed<\/div>\n<\/div>\n<div class=\"ITSr1\">\n<div class=\"ITSn\">GLONASS<\/div>\n<div class=\"ITSv\">S\u00ed<\/div>\n<\/div>\n<div class=\"ITSr0\">\n<div class=\"ITSn\">Galileo<\/div>\n<div class=\"ITSv\">S\u00ed<\/div>\n<\/div>\n<div class=\"ITSr1\">\n<div class=\"ITSn\">Syst&egrave;me QZSS (Quasi-Zenith Satellite System)<\/div>\n<div class=\"ITSv\">S\u00ed<\/div>\n<\/div>\n<div class=\"ITSg\">Poder<\/div>\n<div class=\"ITSr0\">\n<div class=\"ITSn\">Tipo de bater\u00eda<\/div>\n<div class=\"ITSv\">Bater\u00eda incorporada<\/div>\n<\/div>\n<div class=\"ITSr1\">\n<div class=\"ITSn\">Tecnolog\u00eda de bater\u00edas<\/div>\n<div class=\"ITSv\">Litio-Ion (Li-Ion)<\/div>\n<\/div>\n<div class=\"ITSr0\">\n<div class=\"ITSn\">Duraci\u00f3n m\u00e1xima de la bater\u00eda<\/div>\n<div class=\"ITSv\">36 h<\/div>\n<\/div>\n<div class=\"ITSr1\">\n<div class=\"ITSn\">Recharge sans fil<\/div>\n<div class=\"ITSv\">S\u00ed<\/div>\n<\/div>\n<div class=\"ITSg\">Peso y dimensiones<\/div>\n<div class=\"ITSr0\">\n<div class=\"ITSn\">Anchura<\/div>\n<div class=\"ITSv\">41 mm<\/div>\n<\/div>\n<div class=\"ITSr1\">\n<div class=\"ITSn\">Profundidad<\/div>\n<div class=\"ITSv\">10.7 mm<\/div>\n<\/div>\n<div class=\"ITSr0\">\n<div class=\"ITSn\">Espesor<\/div>\n<div class=\"ITSv\">3,5 cm<\/div>\n<\/div>\n<div class=\"ITSr1\">\n<div class=\"ITSn\">Peso<\/div>\n<div class=\"ITSv\">32.1 g<\/div>\n<\/div>\n<div class=\"ITSg\">Sostenibilidad<\/div>\n<div class=\"ITSr0\">\n<div class=\"ITSn\">Certificados de sostenibilidad<\/div>\n<div class=\"ITSv\">CarbonNeutral<\/div>\n<\/div>\n<div class=\"ITSr1\">\n<div class=\"ITSn\">Ne contient pas<\/div>\n<div class=\"ITSv\">Arsenic, BFR, Beryllium, Mercury, PVC<\/div>\n<\/div>\n<\/div>","protected":false},"excerpt":{"rendered":"<p>Apple Watch Series 9 . R&eacute;solution de l&rsquo;&eacute;cran 352 x 430 pixels, &Eacute;cran tactile. Memoire flash 64 Go. Wifi. GPS (satellite). Poids 32,1 g. Humidit&eacute;  &eacute;tanche jusqu&rsquo;&agrave; 50 m, Couleur du bracelet Rouge, Taille du bracelet M\/L. Syst&egrave;me d&rsquo;exploitation install&eacute; watchOS 10<\/p>","protected":false},"featured_media":66733,"comment_status":"open","ping_status":"closed","template":"","meta":{"_seopress_robots_primary_cat":"","_seopress_titles_title":"","_seopress_titles_desc":"","_seopress_robots_index":"","_gspb_post_css":"","content-type":"","jetpack_post_was_ever_published":false,"jetpack_publicize_message":"","jetpack_publicize_feature_enabled":true,"jetpack_social_post_already_shared":true,"jetpack_social_options":{"image_generator_settings":{"template":"highway","default_image_id":0,"font":"","enabled":false},"version":2}},"product_brand":[737],"product_cat":[776],"product_tag":[],"class_list":{"0":"post-56436","1":"product","2":"type-product","3":"status-publish","4":"has-post-thumbnail","6":"product_brand-apple","7":"product_cat-smartwatches","8":"product_shipping_class-makant-standard","9":"pa_origine-dexpedition-union-europeenne-allemagne-2","11":"first","12":"instock","13":"taxable","14":"shipping-taxable","15":"purchasable","16":"product-type-simple"},"jetpack_publicize_connections":[],"jetpack_sharing_enabled":true,"_links":{"self":[{"href":"https:\/\/trendsbystylia.com\/es\/wp-json\/wp\/v2\/product\/56436","targetHints":{"allow":["GET"]}}],"collection":[{"href":"https:\/\/trendsbystylia.com\/es\/wp-json\/wp\/v2\/product"}],"about":[{"href":"https:\/\/trendsbystylia.com\/es\/wp-json\/wp\/v2\/types\/product"}],"replies":[{"embeddable":true,"href":"https:\/\/trendsbystylia.com\/es\/wp-json\/wp\/v2\/comments?post=56436"}],"wp:featuredmedia":[{"embeddable":true,"href":"https:\/\/trendsbystylia.com\/es\/wp-json\/wp\/v2\/media\/66733"}],"wp:attachment":[{"href":"https:\/\/trendsbystylia.com\/es\/wp-json\/wp\/v2\/media?parent=56436"}],"wp:term":[{"taxonomy":"product_brand","embeddable":true,"href":"https:\/\/trendsbystylia.com\/es\/wp-json\/wp\/v2\/product_brand?post=56436"},{"taxonomy":"product_cat","embeddable":true,"href":"https:\/\/trendsbystylia.com\/es\/wp-json\/wp\/v2\/product_cat?post=56436"},{"taxonomy":"product_tag","embeddable":true,"href":"https:\/\/trendsbystylia.com\/es\/wp-json\/wp\/v2\/product_tag?post=56436"}],"curies":[{"name":"wp","href":"https:\/\/api.w.org\/{rel}","templated":true}]}}