{"id":5608,"date":"2025-03-14T00:09:18","date_gmt":"2025-03-14T00:09:18","guid":{"rendered":"https:\/\/trendsbystylia.com\/produit\/boite-de-rangement-pour-capsules-de-cafe-nespresso-en-verre-type-tiroir-60-capsules\/"},"modified":"2025-03-23T21:57:51","modified_gmt":"2025-03-23T21:57:51","slug":"boite-de-rangement-pour-capsules-de-cafe-nespresso-en-verre-type-tiroir-60-capsules","status":"publish","type":"product","link":"https:\/\/trendsbystylia.com\/es\/producto\/boite-de-rangement-pour-capsules-de-cafe-nespresso-en-verre-type-tiroir-60-capsules\/","title":{"rendered":"<p>Caja de almacenamiento para c\u00e1psulas de caf\u00e9 Nespresso de vidrio, tipo caj\u00f3n, 60 c\u00e1psulas<\/p>"},"content":{"rendered":"<div id=\"offer-template-0\"><div style=\"width: 790px;\">&nbsp;<img decoding=\"async\" src=\"https:\/\/cbu01.alicdn.com\/img\/ibank\/O1CN01OjSUbP2EIjUWSa1zW_!!2212875188722-0-cib.jpg\" alt=\"sup\"> <img decoding=\"async\" src=\"https:\/\/cbu01.alicdn.com\/img\/ibank\/O1CN01svCfgT2EIjUVN47bf_!!2212875188722-0-cib.jpg\" alt=\"sup\"> <img decoding=\"async\" src=\"https:\/\/cbu01.alicdn.com\/img\/ibank\/O1CN01kCU24k2EIjUXeJI6j_!!2212875188722-0-cib.jpg\" alt=\"sup\"> <img decoding=\"async\" src=\"https:\/\/cbu01.alicdn.com\/img\/ibank\/O1CN01gDPpPD2EIjUWc1JUy_!!2212875188722-0-cib.jpg\" alt=\"sup\"> <img decoding=\"async\" src=\"https:\/\/cbu01.alicdn.com\/img\/ibank\/O1CN01F1QPYD2EIjUUHARbg_!!2212875188722-0-cib.jpg\" alt=\"sup\"><\/div><\/div>","protected":false},"excerpt":{"rendered":"<p>Caja de almacenamiento para c\u00e1psulas de caf\u00e9 Nespresso de vidrio, tipo caj\u00f3n, 60 c\u00e1psulas<\/p>","protected":false},"featured_media":5603,"comment_status":"open","ping_status":"closed","template":"","meta":{"_seopress_robots_primary_cat":"none","_seopress_titles_title":"","_seopress_titles_desc":"","_seopress_robots_index":"","_gspb_post_css":"","content-type":"","jetpack_post_was_ever_published":false,"jetpack_publicize_message":"","jetpack_publicize_feature_enabled":true,"jetpack_social_post_already_shared":true,"jetpack_social_options":{"image_generator_settings":{"template":"highway","default_image_id":0,"font":"","enabled":false},"version":2}},"product_brand":[],"product_cat":[104,40],"product_tag":[],"class_list":{"0":"post-5608","1":"product","2":"type-product","3":"status-publish","4":"has-post-thumbnail","6":"product_cat-maison-cuisine","7":"product_cat-mobilier-maison","8":"product_shipping_class-hors-ue-standard","10":"first","11":"instock","12":"taxable","13":"shipping-taxable","14":"purchasable","15":"product-type-simple"},"jetpack_publicize_connections":[],"jetpack_sharing_enabled":true,"_links":{"self":[{"href":"https:\/\/trendsbystylia.com\/es\/wp-json\/wp\/v2\/product\/5608","targetHints":{"allow":["GET"]}}],"collection":[{"href":"https:\/\/trendsbystylia.com\/es\/wp-json\/wp\/v2\/product"}],"about":[{"href":"https:\/\/trendsbystylia.com\/es\/wp-json\/wp\/v2\/types\/product"}],"replies":[{"embeddable":true,"href":"https:\/\/trendsbystylia.com\/es\/wp-json\/wp\/v2\/comments?post=5608"}],"wp:featuredmedia":[{"embeddable":true,"href":"https:\/\/trendsbystylia.com\/es\/wp-json\/wp\/v2\/media\/5603"}],"wp:attachment":[{"href":"https:\/\/trendsbystylia.com\/es\/wp-json\/wp\/v2\/media?parent=5608"}],"wp:term":[{"taxonomy":"product_brand","embeddable":true,"href":"https:\/\/trendsbystylia.com\/es\/wp-json\/wp\/v2\/product_brand?post=5608"},{"taxonomy":"product_cat","embeddable":true,"href":"https:\/\/trendsbystylia.com\/es\/wp-json\/wp\/v2\/product_cat?post=5608"},{"taxonomy":"product_tag","embeddable":true,"href":"https:\/\/trendsbystylia.com\/es\/wp-json\/wp\/v2\/product_tag?post=5608"}],"curies":[{"name":"wp","href":"https:\/\/api.w.org\/{rel}","templated":true}]}}