{"id":55880,"date":"2025-03-30T23:21:25","date_gmt":"2025-03-30T23:21:25","guid":{"rendered":"https:\/\/trendsbystylia.com\/?post_type=product&#038;p=55880"},"modified":"2025-04-03T15:41:59","modified_gmt":"2025-04-03T15:41:59","slug":"garmin-forerunner-255-4gb-dark-blue-black-010-02641-11","status":"publish","type":"product","link":"https:\/\/trendsbystylia.com\/es\/producto\/garmin-forerunner-255-4gb-dark-blue-black-010-02641-11\/","title":{"rendered":"<p>Garmin Forerunner 255 4GB Dark Blue\/Black 010-02641-11<\/p>"},"content":{"rendered":"<div id=\"HTML_SPEC\" class=\"ITSs\">\n<div class=\"ITSg\">Conectividad<\/div>\n<div class=\"ITSr0\">\n<div class=\"ITSn\">Puerto USB<\/div>\n<div class=\"ITSv\">No<\/div>\n<\/div>\n<div class=\"ITSr1\">\n<div class=\"ITSn\">Wifi<\/div>\n<div class=\"ITSv\">S\u00ed<\/div>\n<\/div>\n<div class=\"ITSr0\">\n<div class=\"ITSn\">Bluetooth<\/div>\n<div class=\"ITSv\">S\u00ed<\/div>\n<\/div>\n<div class=\"ITSr1\">\n<div class=\"ITSn\">Pago sin contacto<\/div>\n<div class=\"ITSv\">No<\/div>\n<\/div>\n<div class=\"ITSr0\">\n<div class=\"ITSn\">Casque connection<\/div>\n<div class=\"ITSv\">Bluetooth<\/div>\n<\/div>\n<div class=\"ITSg\">Dise\u00f1o<\/div>\n<div class=\"ITSr0\">\n<div class=\"ITSn\">posici\u00f3n en el mercado<\/div>\n<div class=\"ITSv\">Montre de sport<\/div>\n<\/div>\n<div class=\"ITSr1\">\n<div class=\"ITSn\">Dimension du bo&icirc;tier de montre<\/div>\n<div class=\"ITSv\">46 mm<\/div>\n<\/div>\n<div class=\"ITSr0\">\n<div class=\"ITSn\">Couleur du bo&icirc;tier de montre<\/div>\n<div class=\"ITSv\">Azul<\/div>\n<\/div>\n<div class=\"ITSr1\">\n<div class=\"ITSn\">Mat&eacute;riau du bo&icirc;tier de montre<\/div>\n<div class=\"ITSv\">Polym&egrave;re renforc&eacute; en fibre de carbone (CFRP)<\/div>\n<\/div>\n<div class=\"ITSr0\">\n<div class=\"ITSn\">Couleur du bracelet<\/div>\n<div class=\"ITSv\">Azul<\/div>\n<\/div>\n<div class=\"ITSr1\">\n<div class=\"ITSn\">Mati&egrave;re de la bande<\/div>\n<div class=\"ITSv\">Silicone<\/div>\n<\/div>\n<div class=\"ITSr0\">\n<div class=\"ITSn\">Taille du bracelet<\/div>\n<div class=\"ITSv\">Taille unique<\/div>\n<\/div>\n<div class=\"ITSr1\">\n<div class=\"ITSn\">Material de la lente<\/div>\n<div class=\"ITSv\">Vidrio<\/div>\n<\/div>\n<div class=\"ITSr0\">\n<div class=\"ITSn\">Forma<\/div>\n<div class=\"ITSv\">Ronda<\/div>\n<\/div>\n<div class=\"ITSr1\">\n<div class=\"ITSn\">Taille du poignet<\/div>\n<div class=\"ITSv\">130 &ndash; 205 mm<\/div>\n<\/div>\n<div class=\"ITSr0\">\n<div class=\"ITSn\">Boucle couleur<\/div>\n<div class=\"ITSv\">Negro<\/div>\n<\/div>\n<div class=\"ITSr1\">\n<div class=\"ITSn\">Resistente al agua<\/div>\n<div class=\"ITSv\">S\u00ed<\/div>\n<\/div>\n<div class=\"ITSr0\">\n<div class=\"ITSn\">Type de fermeture<\/div>\n<div class=\"ITSv\">Bracelet avec boucle &agrave; ardillon unique<\/div>\n<\/div>\n<div class=\"ITSr1\">\n<div class=\"ITSn\">Funciones de protecci\u00f3n<\/div>\n<div class=\"ITSv\">Water resistant, Waterproof<\/div>\n<\/div>\n<div class=\"ITSr0\">\n<div class=\"ITSn\">Sangle amovible<\/div>\n<div class=\"ITSv\">S\u00ed<\/div>\n<\/div>\n<div class=\"ITSr1\">\n<div class=\"ITSn\">R&eacute;sistance &agrave; l&rsquo;eau<\/div>\n<div class=\"ITSv\">5 DAB<\/div>\n<\/div>\n<div class=\"ITSg\">Pantalla<\/div>\n<div class=\"ITSr0\">\n<div class=\"ITSn\">Tipo de pantalla<\/div>\n<div class=\"ITSv\">Digital<\/div>\n<\/div>\n<div class=\"ITSr1\">\n<div class=\"ITSn\">Resoluci\u00f3n de pantalla<\/div>\n<div class=\"ITSv\">260 x 260 pixels<\/div>\n<\/div>\n<div class=\"ITSr0\">\n<div class=\"ITSn\">Pantalla t\u00e1ctil<\/div>\n<div class=\"ITSv\">S\u00ed<\/div>\n<\/div>\n<div class=\"ITSr1\">\n<div class=\"ITSn\">Tama\u00f1o de la pantalla<\/div>\n<div class=\"ITSv\">3.3 cm<\/div>\n<\/div>\n<div class=\"ITSr0\">\n<div class=\"ITSn\">Technologie d&rsquo;affichage<\/div>\n<div class=\"ITSv\">MIP<\/div>\n<\/div>\n<div class=\"ITSr1\">\n<div class=\"ITSn\">Exhibici\u00f3n del color<\/div>\n<div class=\"ITSv\">S\u00ed<\/div>\n<\/div>\n<div class=\"ITSr0\">\n<div class=\"ITSn\">Afficher diam&egrave;tre<\/div>\n<div class=\"ITSv\">3.3 cm<\/div>\n<\/div>\n<div class=\"ITSr1\">\n<div class=\"ITSn\">Type de verre de montre<\/div>\n<div class=\"ITSv\">Corning Gorilla Glass 3<\/div>\n<\/div>\n<div class=\"ITSg\">representaci\u00f3n \/ realizaci\u00f3n<\/div>\n<div class=\"ITSr0\">\n<div class=\"ITSn\">Micr\u00f3fono incorporado<\/div>\n<div class=\"ITSv\">No<\/div>\n<\/div>\n<div class=\"ITSr1\">\n<div class=\"ITSn\">Altavoces incorporados<\/div>\n<div class=\"ITSv\">S\u00ed<\/div>\n<\/div>\n<div class=\"ITSr0\">\n<div class=\"ITSn\">C\u00e1mara incorporada<\/div>\n<div class=\"ITSv\">No<\/div>\n<\/div>\n<div class=\"ITSr1\">\n<div class=\"ITSn\">Radio FM<\/div>\n<div class=\"ITSv\">No<\/div>\n<\/div>\n<div class=\"ITSr0\">\n<div class=\"ITSn\">Memoire flash<\/div>\n<div class=\"ITSv\">4 Go<\/div>\n<\/div>\n<div class=\"ITSg\">Caracter\u00edsticas<\/div>\n<div class=\"ITSr0\">\n<div class=\"ITSn\">Moniteur de fr&eacute;quence cardiaque<\/div>\n<div class=\"ITSv\">S\u00ed<\/div>\n<\/div>\n<div class=\"ITSr1\">\n<div class=\"ITSn\">Capteurs de contact de fr&eacute;quence cardiaque<\/div>\n<div class=\"ITSv\">S\u00ed<\/div>\n<\/div>\n<div class=\"ITSr0\">\n<div class=\"ITSn\">Type de capteur de fr&eacute;quence cardiaque<\/div>\n<div class=\"ITSv\">Optique<\/div>\n<\/div>\n<div class=\"ITSr1\">\n<div class=\"ITSn\">Mesure du rythme cardiaque<\/div>\n<div class=\"ITSv\">Autom\u00e1tico<\/div>\n<\/div>\n<div class=\"ITSr0\">\n<div class=\"ITSn\">Capteur d?oxyg&egrave;ne dans le sang<\/div>\n<div class=\"ITSv\">S\u00ed<\/div>\n<\/div>\n<div class=\"ITSr1\">\n<div class=\"ITSn\">Distance parcourue<\/div>\n<div class=\"ITSv\">S\u00ed<\/div>\n<\/div>\n<div class=\"ITSr0\">\n<div class=\"ITSn\">Podom&egrave;tre int&eacute;gr&eacute;<\/div>\n<div class=\"ITSv\">S\u00ed<\/div>\n<\/div>\n<div class=\"ITSr1\">\n<div class=\"ITSn\">Calories br&ucirc;l&eacute;es<\/div>\n<div class=\"ITSv\">S\u00ed<\/div>\n<\/div>\n<div class=\"ITSr0\">\n<div class=\"ITSn\">Aceler\u00f3metro<\/div>\n<div class=\"ITSv\">S\u00ed<\/div>\n<\/div>\n<div class=\"ITSr1\">\n<div class=\"ITSn\">Giroscopio<\/div>\n<div class=\"ITSv\">S\u00ed<\/div>\n<\/div>\n<div class=\"ITSr0\">\n<div class=\"ITSn\">Tracker d?activit&eacute;<\/div>\n<div class=\"ITSv\">S\u00ed<\/div>\n<\/div>\n<div class=\"ITSr1\">\n<div class=\"ITSn\">Mode Multisport<\/div>\n<div class=\"ITSv\">S\u00ed<\/div>\n<\/div>\n<div class=\"ITSr0\">\n<div class=\"ITSn\">Objectifs personnels<\/div>\n<div class=\"ITSv\">S\u00ed<\/div>\n<\/div>\n<div class=\"ITSr1\">\n<div class=\"ITSn\">Qualit&eacute; du sommeil<\/div>\n<div class=\"ITSv\">S\u00ed<\/div>\n<\/div>\n<div class=\"ITSr0\">\n<div class=\"ITSn\">Mode horloge<\/div>\n<div class=\"ITSv\">12h\/24h<\/div>\n<\/div>\n<div class=\"ITSr1\">\n<div class=\"ITSn\">Notifications intelligentes<\/div>\n<div class=\"ITSv\">S\u00ed<\/div>\n<\/div>\n<div class=\"ITSr0\">\n<div class=\"ITSn\">Affichage de la m&eacute;t&eacute;o<\/div>\n<div class=\"ITSv\">S\u00ed<\/div>\n<\/div>\n<div class=\"ITSr1\">\n<div class=\"ITSn\">Notifications du calendrier<\/div>\n<div class=\"ITSv\">S\u00ed<\/div>\n<\/div>\n<div class=\"ITSr0\">\n<div class=\"ITSn\">Notifications par SMS<\/div>\n<div class=\"ITSv\">S\u00ed<\/div>\n<\/div>\n<div class=\"ITSr1\">\n<div class=\"ITSn\">Minuteur<\/div>\n<div class=\"ITSv\">S\u00ed<\/div>\n<\/div>\n<div class=\"ITSr0\">\n<div class=\"ITSn\">Boussole &eacute;lectronique<\/div>\n<div class=\"ITSv\">S\u00ed<\/div>\n<\/div>\n<div class=\"ITSr1\">\n<div class=\"ITSn\">Lecteur de musique<\/div>\n<div class=\"ITSv\">S\u00ed<\/div>\n<\/div>\n<div class=\"ITSr0\">\n<div class=\"ITSn\">Alarmes sonores<\/div>\n<div class=\"ITSv\">S\u00ed<\/div>\n<\/div>\n<div class=\"ITSr1\">\n<div class=\"ITSn\">Altim&egrave;tre barom&eacute;trique<\/div>\n<div class=\"ITSv\">S\u00ed<\/div>\n<\/div>\n<div class=\"ITSr0\">\n<div class=\"ITSn\">M&egrave;tre de distance int&eacute;gr&eacute;<\/div>\n<div class=\"ITSv\">S\u00ed<\/div>\n<\/div>\n<div class=\"ITSr1\">\n<div class=\"ITSn\">R&eacute;veil<\/div>\n<div class=\"ITSv\">S\u00ed<\/div>\n<\/div>\n<div class=\"ITSr0\">\n<div class=\"ITSn\">Calendrier<\/div>\n<div class=\"ITSv\">S\u00ed<\/div>\n<\/div>\n<div class=\"ITSr1\">\n<div class=\"ITSn\">Appareil de chronometrage<\/div>\n<div class=\"ITSv\">S\u00ed<\/div>\n<\/div>\n<div class=\"ITSr0\">\n<div class=\"ITSn\">Alerte Temps et Distance<\/div>\n<div class=\"ITSv\">S\u00ed<\/div>\n<\/div>\n<div class=\"ITSr1\">\n<div class=\"ITSn\">Entra&icirc;nement par intervalles<\/div>\n<div class=\"ITSv\">S\u00ed<\/div>\n<\/div>\n<div class=\"ITSr0\">\n<div class=\"ITSn\">Fr&eacute;quence cardiaque et calcul des calories<\/div>\n<div class=\"ITSv\">S\u00ed<\/div>\n<\/div>\n<div class=\"ITSr1\">\n<div class=\"ITSn\">Entra&icirc;nements avanc&eacute;s<\/div>\n<div class=\"ITSv\">S\u00ed<\/div>\n<\/div>\n<div class=\"ITSr0\">\n<div class=\"ITSn\">Pr&eacute;visions m&eacute;t&eacute;orologiques<\/div>\n<div class=\"ITSv\">S\u00ed<\/div>\n<\/div>\n<div class=\"ITSr1\">\n<div class=\"ITSn\">Transfert de donn&eacute;es du rythme cardiaque<\/div>\n<div class=\"ITSv\">Bluetooth\/ANT+<\/div>\n<\/div>\n<div class=\"ITSr0\">\n<div class=\"ITSn\">Adaptation du programme d&rsquo;entrainement automatique<\/div>\n<div class=\"ITSv\">S\u00ed<\/div>\n<\/div>\n<div class=\"ITSr1\">\n<div class=\"ITSn\">Programmation de l&rsquo;entra&icirc;nement<\/div>\n<div class=\"ITSv\">S\u00ed<\/div>\n<\/div>\n<div class=\"ITSr0\">\n<div class=\"ITSn\">D&eacute;tection automatique d&rsquo;activit&eacute; journali&egrave;re<\/div>\n<div class=\"ITSv\">S\u00ed<\/div>\n<\/div>\n<div class=\"ITSr1\">\n<div class=\"ITSn\">Activit&eacute; recommand&eacute;e<\/div>\n<div class=\"ITSv\">Cycling, Golf, Running, Swimming<\/div>\n<\/div>\n<div class=\"ITSr0\">\n<div class=\"ITSn\">Surveillance de l&rsquo;activit&eacute;<\/div>\n<div class=\"ITSv\">S\u00ed<\/div>\n<\/div>\n<div class=\"ITSr1\">\n<div class=\"ITSn\">Commande de musique<\/div>\n<div class=\"ITSv\">S\u00ed<\/div>\n<\/div>\n<div class=\"ITSr0\">\n<div class=\"ITSn\">Fonction de partenaire virtuel<\/div>\n<div class=\"ITSv\">S\u00ed<\/div>\n<\/div>\n<div class=\"ITSr1\">\n<div class=\"ITSn\">Notifications d&rsquo;appel<\/div>\n<div class=\"ITSv\">S\u00ed<\/div>\n<\/div>\n<div class=\"ITSr0\">\n<div class=\"ITSn\">Barom&egrave;tre<\/div>\n<div class=\"ITSv\">S\u00ed<\/div>\n<\/div>\n<div class=\"ITSr1\">\n<div class=\"ITSn\">Thermom&egrave;tre<\/div>\n<div class=\"ITSv\">S\u00ed<\/div>\n<\/div>\n<div class=\"ITSg\">Red<\/div>\n<div class=\"ITSr0\">\n<div class=\"ITSn\">Connexion au r&eacute;seau mobile<\/div>\n<div class=\"ITSv\">No<\/div>\n<\/div>\n<div class=\"ITSr1\">\n<div class=\"ITSn\">ANT+ activ&eacute;<\/div>\n<div class=\"ITSv\">S\u00ed<\/div>\n<\/div>\n<div class=\"ITSr0\">\n<div class=\"ITSn\">GPS (satellite)<\/div>\n<div class=\"ITSv\">S\u00ed<\/div>\n<\/div>\n<div class=\"ITSr1\">\n<div class=\"ITSn\">GLONASS<\/div>\n<div class=\"ITSv\">S\u00ed<\/div>\n<\/div>\n<div class=\"ITSr0\">\n<div class=\"ITSn\">Galileo<\/div>\n<div class=\"ITSv\">S\u00ed<\/div>\n<\/div>\n<div class=\"ITSg\">Peso y dimensiones<\/div>\n<div class=\"ITSr0\">\n<div class=\"ITSn\">Anchura<\/div>\n<div class=\"ITSv\">45.6 mm<\/div>\n<\/div>\n<div class=\"ITSr1\">\n<div class=\"ITSn\">Profundidad<\/div>\n<div class=\"ITSv\">45.6 mm<\/div>\n<\/div>\n<div class=\"ITSr0\">\n<div class=\"ITSn\">Espesor<\/div>\n<div class=\"ITSv\">1.29 cm<\/div>\n<\/div>\n<div class=\"ITSr1\">\n<div class=\"ITSn\">Peso<\/div>\n<div class=\"ITSv\">49 g<\/div>\n<\/div>\n<div class=\"ITSg\">Poder<\/div>\n<div class=\"ITSr0\">\n<div class=\"ITSn\">Duraci\u00f3n m\u00e1xima de la bater\u00eda<\/div>\n<div class=\"ITSv\">30 h<\/div>\n<\/div>\n<div class=\"ITSr1\">\n<div class=\"ITSn\">Autonomie de la batterie<\/div>\n<div class=\"ITSv\">14 jour(s)<\/div>\n<\/div>\n<div class=\"ITSr0\">\n<div class=\"ITSn\">Dur&eacute;e de veille (Bluetooth d&eacute;sactiv&eacute;)<\/div>\n<div class=\"ITSv\">25 h<\/div>\n<\/div>\n<div class=\"ITSr1\">\n<div class=\"ITSn\">Dur&eacute;e de vie de la batterie (mode GPS)<\/div>\n<div class=\"ITSv\">16 h<\/div>\n<\/div>\n<\/div>","protected":false},"excerpt":{"rendered":"<p>Garmin Forerunner 255. Taille de l&rsquo;&eacute;cran 3,3 cm (1.3), Technologie d&rsquo;affichage MIP, R&eacute;solution de l&rsquo;&eacute;cran 260 x 260 pixels, &Eacute;cran tactile. Memoire flash 4 Go. Wifi. GPS (satellite). Poids 49 g. Mati&egrave;re de la bande Silicone, Couleur du bracelet Bleu, Taille du bracelet Taille unique<\/p>","protected":false},"featured_media":66839,"comment_status":"open","ping_status":"closed","template":"","meta":{"_seopress_robots_primary_cat":"","_seopress_titles_title":"","_seopress_titles_desc":"","_seopress_robots_index":"","_gspb_post_css":"","content-type":"","jetpack_post_was_ever_published":false,"jetpack_publicize_message":"","jetpack_publicize_feature_enabled":true,"jetpack_social_post_already_shared":true,"jetpack_social_options":{"image_generator_settings":{"template":"highway","default_image_id":0,"font":"","enabled":false},"version":2}},"location":[],"product_brand":[822],"product_cat":[776],"product_tag":[],"class_list":{"0":"post-55880","1":"product","2":"type-product","3":"status-publish","4":"has-post-thumbnail","6":"product_brand-garmin","7":"product_cat-smartwatches","8":"product_shipping_class-makant-standard","9":"pa_origine-dexpedition-union-europeenne-allemagne-2","11":"first","12":"outofstock","13":"taxable","14":"shipping-taxable","15":"purchasable","16":"product-type-simple"},"jetpack_publicize_connections":[],"locations":[],"jetpack_sharing_enabled":true,"_links":{"self":[{"href":"https:\/\/trendsbystylia.com\/es\/wp-json\/wp\/v2\/product\/55880","targetHints":{"allow":["GET"]}}],"collection":[{"href":"https:\/\/trendsbystylia.com\/es\/wp-json\/wp\/v2\/product"}],"about":[{"href":"https:\/\/trendsbystylia.com\/es\/wp-json\/wp\/v2\/types\/product"}],"replies":[{"embeddable":true,"href":"https:\/\/trendsbystylia.com\/es\/wp-json\/wp\/v2\/comments?post=55880"}],"wp:featuredmedia":[{"embeddable":true,"href":"https:\/\/trendsbystylia.com\/es\/wp-json\/wp\/v2\/media\/66839"}],"wp:attachment":[{"href":"https:\/\/trendsbystylia.com\/es\/wp-json\/wp\/v2\/media?parent=55880"}],"wp:term":[{"taxonomy":"location","embeddable":true,"href":"https:\/\/trendsbystylia.com\/es\/wp-json\/wp\/v2\/location?post=55880"},{"taxonomy":"product_brand","embeddable":true,"href":"https:\/\/trendsbystylia.com\/es\/wp-json\/wp\/v2\/product_brand?post=55880"},{"taxonomy":"product_cat","embeddable":true,"href":"https:\/\/trendsbystylia.com\/es\/wp-json\/wp\/v2\/product_cat?post=55880"},{"taxonomy":"product_tag","embeddable":true,"href":"https:\/\/trendsbystylia.com\/es\/wp-json\/wp\/v2\/product_tag?post=55880"}],"curies":[{"name":"wp","href":"https:\/\/api.w.org\/{rel}","templated":true}]}}