{"id":49383,"date":"2025-03-30T23:32:14","date_gmt":"2025-03-30T23:32:14","guid":{"rendered":"https:\/\/trendsbystylia.com\/?post_type=product&#038;p=49383"},"modified":"2025-04-02T00:44:32","modified_gmt":"2025-04-02T00:44:32","slug":"webcam-asus-rog-eye-s-fullhd-60fps-compact-foldable-design-90yh0350-b2ua00","status":"publish","type":"product","link":"https:\/\/trendsbystylia.com\/es\/producto\/webcam-asus-rog-eye-s-fullhd-60fps-compact-foldable-design-90yh0350-b2ua00\/","title":{"rendered":"<p>Webcam ASUS ROG Eye S FullHD 60fps  compact\/foldable design 90YH0350-B2UA00<\/p>"},"content":{"rendered":"<div id=\"HTML_SPEC\" class=\"ITSs\">\n<div class=\"ITSg\">representaci\u00f3n \/ realizaci\u00f3n<\/div>\n<div class=\"ITSr0\">\n<div class=\"ITSn\">Megap\u00edxeles<\/div>\n<div class=\"ITSv\">5 MP<\/div>\n<\/div>\n<div class=\"ITSr1\">\n<div class=\"ITSn\">M\u00e1xima resoluci\u00f3n de v\u00eddeo<\/div>\n<div class=\"ITSv\">1920 x 1080 p\u00edxeles<\/div>\n<\/div>\n<div class=\"ITSr0\">\n<div class=\"ITSn\">Full HD<\/div>\n<div class=\"ITSv\">S\u00ed<\/div>\n<\/div>\n<div class=\"ITSr1\">\n<div class=\"ITSn\">Tipo m\u00e1ximo<\/div>\n<div class=\"ITSv\">60 fps<\/div>\n<\/div>\n<div class=\"ITSr0\">\n<div class=\"ITSn\">Modos de v\u00eddeo compatibles<\/div>\n<div class=\"ITSv\">1080p,1944p<\/div>\n<\/div>\n<div class=\"ITSr1\">\n<div class=\"ITSn\">Enfoque autom\u00e1tico<\/div>\n<div class=\"ITSv\">S\u00ed<\/div>\n<\/div>\n<div class=\"ITSr0\">\n<div class=\"ITSn\">Centramiento de la cara<\/div>\n<div class=\"ITSv\">S\u00ed<\/div>\n<\/div>\n<div class=\"ITSg\">Dise\u00f1o<\/div>\n<div class=\"ITSr0\">\n<div class=\"ITSn\">Micr\u00f3fono incorporado<\/div>\n<div class=\"ITSv\">S\u00ed<\/div>\n<\/div>\n<div class=\"ITSr1\">\n<div class=\"ITSn\">N\u00famero de micr\u00f3fonos<\/div>\n<div class=\"ITSv\">2<\/div>\n<\/div>\n<div class=\"ITSr0\">\n<div class=\"ITSn\">Interfaz<\/div>\n<div class=\"ITSv\">USB<\/div>\n<\/div>\n<div class=\"ITSr1\">\n<div class=\"ITSn\">Color del producto<\/div>\n<div class=\"ITSv\">Negro<\/div>\n<\/div>\n<div class=\"ITSr0\">\n<div class=\"ITSn\">Tipo de instalaci\u00f3n<\/div>\n<div class=\"ITSv\">A cliper\/&agrave; poser<\/div>\n<\/div>\n<div class=\"ITSr1\">\n<div class=\"ITSn\">Flash incorporado<\/div>\n<div class=\"ITSv\">No<\/div>\n<\/div>\n<div class=\"ITSg\">Informaci\u00f3n de embalaje<\/div>\n<div class=\"ITSr0\">\n<div class=\"ITSn\">Cantidad<\/div>\n<div class=\"ITSv\">1<\/div>\n<\/div>\n<div class=\"ITSr1\">\n<div class=\"ITSn\">Tipo de embalaje<\/div>\n<div class=\"ITSv\">Caja<\/div>\n<\/div>\n<div class=\"ITSr0\">\n<div class=\"ITSn\">Ancho del paquete<\/div>\n<div class=\"ITSv\">139 mm<\/div>\n<\/div>\n<div class=\"ITSr1\">\n<div class=\"ITSn\">Profundidad del paquete<\/div>\n<div class=\"ITSv\">155 mm<\/div>\n<\/div>\n<div class=\"ITSr0\">\n<div class=\"ITSn\">Altura del paquete<\/div>\n<div class=\"ITSv\">43 mm<\/div>\n<\/div>\n<div class=\"ITSg\">Peso y dimensiones<\/div>\n<div class=\"ITSr0\">\n<div class=\"ITSn\">Anchura<\/div>\n<div class=\"ITSv\">81 mm<\/div>\n<\/div>\n<div class=\"ITSr1\">\n<div class=\"ITSn\">Profundidad<\/div>\n<div class=\"ITSv\">28.8 mm<\/div>\n<\/div>\n<div class=\"ITSr0\">\n<div class=\"ITSn\">Altura<\/div>\n<div class=\"ITSv\">16.6 mm<\/div>\n<\/div>\n<\/div>","protected":false},"excerpt":{"rendered":"<p>ASUS ROG EYE S. M&eacute;gapixel 5 MP, R&eacute;solution vid&eacute;o maximale 1920 x 1080 pixels, Cadence maximale 60 ips. Interface USB, Couleur du produit Noir, Type de montage A cliper\/&agrave; poser. Largeur 81 mm, Profondeur 28,8 mm, Hauteur 16,6 mm. Type d&rsquo;emballage Bo&icirc;te, Largeur du colis 139 mm, Profondeur du colis 155 mm<\/p>","protected":false},"featured_media":67554,"comment_status":"open","ping_status":"closed","template":"","meta":{"_seopress_robots_primary_cat":"","_seopress_titles_title":"","_seopress_titles_desc":"","_seopress_robots_index":"","_gspb_post_css":"","content-type":"","jetpack_post_was_ever_published":false,"jetpack_publicize_message":"","jetpack_publicize_feature_enabled":true,"jetpack_social_post_already_shared":true,"jetpack_social_options":{"image_generator_settings":{"template":"highway","default_image_id":0,"font":"","enabled":false},"version":2}},"product_brand":[735],"product_cat":[746],"product_tag":[],"class_list":{"0":"post-49383","1":"product","2":"type-product","3":"status-publish","4":"has-post-thumbnail","6":"product_brand-asus","7":"product_cat-webcams","8":"product_shipping_class-makant-standard","9":"pa_origine-dexpedition-union-europeenne-allemagne-2","11":"first","12":"instock","13":"taxable","14":"shipping-taxable","15":"purchasable","16":"product-type-simple"},"jetpack_publicize_connections":[],"jetpack_sharing_enabled":true,"_links":{"self":[{"href":"https:\/\/trendsbystylia.com\/es\/wp-json\/wp\/v2\/product\/49383","targetHints":{"allow":["GET"]}}],"collection":[{"href":"https:\/\/trendsbystylia.com\/es\/wp-json\/wp\/v2\/product"}],"about":[{"href":"https:\/\/trendsbystylia.com\/es\/wp-json\/wp\/v2\/types\/product"}],"replies":[{"embeddable":true,"href":"https:\/\/trendsbystylia.com\/es\/wp-json\/wp\/v2\/comments?post=49383"}],"wp:featuredmedia":[{"embeddable":true,"href":"https:\/\/trendsbystylia.com\/es\/wp-json\/wp\/v2\/media\/67554"}],"wp:attachment":[{"href":"https:\/\/trendsbystylia.com\/es\/wp-json\/wp\/v2\/media?parent=49383"}],"wp:term":[{"taxonomy":"product_brand","embeddable":true,"href":"https:\/\/trendsbystylia.com\/es\/wp-json\/wp\/v2\/product_brand?post=49383"},{"taxonomy":"product_cat","embeddable":true,"href":"https:\/\/trendsbystylia.com\/es\/wp-json\/wp\/v2\/product_cat?post=49383"},{"taxonomy":"product_tag","embeddable":true,"href":"https:\/\/trendsbystylia.com\/es\/wp-json\/wp\/v2\/product_tag?post=49383"}],"curies":[{"name":"wp","href":"https:\/\/api.w.org\/{rel}","templated":true}]}}