{"id":4899,"date":"2025-03-07T17:58:49","date_gmt":"2025-03-07T17:58:49","guid":{"rendered":"https:\/\/trendsbystylia.com\/produit\/jouet-de-chat-electrique-intelligent-rouleau-a-balle-a-balle-resistante-a-la-bouchee\/"},"modified":"2025-03-23T21:59:28","modified_gmt":"2025-03-23T21:59:28","slug":"jouet-de-chat-electrique-intelligent-rouleau-a-balle-a-balle-resistante-a-la-bouchee","status":"publish","type":"product","link":"https:\/\/trendsbystylia.com\/es\/producto\/jouet-de-chat-electrique-intelligent-rouleau-a-balle-a-balle-resistante-a-la-bouchee\/","title":{"rendered":"<p>Rodillo de bola resistente al enchufe Smart Electric Cat Toy<\/p>"},"content":{"rendered":"<div id=\"offrir-template-0\">\n<div style=\"width: 790.0px;\">\n<div class=\"sdmap-damic-offer-list\"><\/div>\n<p><img data-recalc-dims=\"1\" alt=\"\" decoding=\"async\" class=\"aligncenter wp-image-5189 size-full\" src=\"https:\/\/i0.wp.com\/trendsbystylia.com\/wp-content\/uploads\/2025\/03\/O1CN01oebrjh1WNuqyVt7Ob_2217767522777-0-cib-1.webp?resize=790%2C923&amp;ssl=1\" width=\"790\" height=\"923\" srcset=\"https:\/\/i0.wp.com\/trendsbystylia.com\/wp-content\/uploads\/2025\/03\/O1CN01oebrjh1WNuqyVt7Ob_2217767522777-0-cib-1.webp?w=790&amp;ssl=1 790w, https:\/\/i0.wp.com\/trendsbystylia.com\/wp-content\/uploads\/2025\/03\/O1CN01oebrjh1WNuqyVt7Ob_2217767522777-0-cib-1.webp?resize=257%2C300&amp;ssl=1 257w, https:\/\/i0.wp.com\/trendsbystylia.com\/wp-content\/uploads\/2025\/03\/O1CN01oebrjh1WNuqyVt7Ob_2217767522777-0-cib-1.webp?resize=768%2C897&amp;ssl=1 768w, https:\/\/i0.wp.com\/trendsbystylia.com\/wp-content\/uploads\/2025\/03\/O1CN01oebrjh1WNuqyVt7Ob_2217767522777-0-cib-1.webp?resize=10%2C12&amp;ssl=1 10w, https:\/\/i0.wp.com\/trendsbystylia.com\/wp-content\/uploads\/2025\/03\/O1CN01oebrjh1WNuqyVt7Ob_2217767522777-0-cib-1.webp?resize=300%2C351&amp;ssl=1 300w, https:\/\/i0.wp.com\/trendsbystylia.com\/wp-content\/uploads\/2025\/03\/O1CN01oebrjh1WNuqyVt7Ob_2217767522777-0-cib-1.webp?resize=600%2C701&amp;ssl=1 600w\" sizes=\"(max-width: 790px) 100vw, 790px\"><\/p>\n<p><img data-recalc-dims=\"1\" alt=\"\" decoding=\"async\" class=\"aligncenter wp-image-5191 size-full\" src=\"https:\/\/i0.wp.com\/trendsbystylia.com\/wp-content\/uploads\/2025\/03\/image.webp?resize=790%2C922&amp;ssl=1\" width=\"790\" height=\"922\" srcset=\"https:\/\/i0.wp.com\/trendsbystylia.com\/wp-content\/uploads\/2025\/03\/image.webp?w=790&amp;ssl=1 790w, https:\/\/i0.wp.com\/trendsbystylia.com\/wp-content\/uploads\/2025\/03\/image.webp?resize=257%2C300&amp;ssl=1 257w, https:\/\/i0.wp.com\/trendsbystylia.com\/wp-content\/uploads\/2025\/03\/image.webp?resize=768%2C896&amp;ssl=1 768w, https:\/\/i0.wp.com\/trendsbystylia.com\/wp-content\/uploads\/2025\/03\/image.webp?resize=10%2C12&amp;ssl=1 10w, https:\/\/i0.wp.com\/trendsbystylia.com\/wp-content\/uploads\/2025\/03\/image.webp?resize=300%2C350&amp;ssl=1 300w, https:\/\/i0.wp.com\/trendsbystylia.com\/wp-content\/uploads\/2025\/03\/image.webp?resize=600%2C700&amp;ssl=1 600w\" sizes=\"(max-width: 790px) 100vw, 790px\"><\/p>\n<p><img data-recalc-dims=\"1\" alt=\"\" decoding=\"async\" class=\"aligncenter wp-image-5192 size-full\" src=\"https:\/\/i0.wp.com\/trendsbystylia.com\/wp-content\/uploads\/2025\/03\/image-2.webp?resize=790%2C923&amp;ssl=1\" width=\"790\" height=\"923\" srcset=\"https:\/\/i0.wp.com\/trendsbystylia.com\/wp-content\/uploads\/2025\/03\/image-2.webp?w=790&amp;ssl=1 790w, https:\/\/i0.wp.com\/trendsbystylia.com\/wp-content\/uploads\/2025\/03\/image-2.webp?resize=257%2C300&amp;ssl=1 257w, https:\/\/i0.wp.com\/trendsbystylia.com\/wp-content\/uploads\/2025\/03\/image-2.webp?resize=768%2C897&amp;ssl=1 768w, https:\/\/i0.wp.com\/trendsbystylia.com\/wp-content\/uploads\/2025\/03\/image-2.webp?resize=10%2C12&amp;ssl=1 10w, https:\/\/i0.wp.com\/trendsbystylia.com\/wp-content\/uploads\/2025\/03\/image-2.webp?resize=300%2C351&amp;ssl=1 300w, https:\/\/i0.wp.com\/trendsbystylia.com\/wp-content\/uploads\/2025\/03\/image-2.webp?resize=600%2C701&amp;ssl=1 600w\" sizes=\"(max-width: 790px) 100vw, 790px\"><\/p>\n<p><img data-recalc-dims=\"1\" alt=\"\" decoding=\"async\" class=\"aligncenter wp-image-5193 size-full\" src=\"https:\/\/i0.wp.com\/trendsbystylia.com\/wp-content\/uploads\/2025\/03\/image-3.webp?resize=790%2C923&amp;ssl=1\" width=\"790\" height=\"923\" srcset=\"https:\/\/i0.wp.com\/trendsbystylia.com\/wp-content\/uploads\/2025\/03\/image-3.webp?w=790&amp;ssl=1 790w, https:\/\/i0.wp.com\/trendsbystylia.com\/wp-content\/uploads\/2025\/03\/image-3.webp?resize=257%2C300&amp;ssl=1 257w, https:\/\/i0.wp.com\/trendsbystylia.com\/wp-content\/uploads\/2025\/03\/image-3.webp?resize=768%2C897&amp;ssl=1 768w, https:\/\/i0.wp.com\/trendsbystylia.com\/wp-content\/uploads\/2025\/03\/image-3.webp?resize=10%2C12&amp;ssl=1 10w, https:\/\/i0.wp.com\/trendsbystylia.com\/wp-content\/uploads\/2025\/03\/image-3.webp?resize=300%2C351&amp;ssl=1 300w, https:\/\/i0.wp.com\/trendsbystylia.com\/wp-content\/uploads\/2025\/03\/image-3.webp?resize=600%2C701&amp;ssl=1 600w\" sizes=\"(max-width: 790px) 100vw, 790px\"><\/p>\n<p><img data-recalc-dims=\"1\" alt=\"\" decoding=\"async\" class=\"aligncenter wp-image-5194 size-full\" src=\"https:\/\/i0.wp.com\/trendsbystylia.com\/wp-content\/uploads\/2025\/03\/image-4.webp?resize=790%2C922&amp;ssl=1\" width=\"790\" height=\"922\" srcset=\"https:\/\/i0.wp.com\/trendsbystylia.com\/wp-content\/uploads\/2025\/03\/image-4.webp?w=790&amp;ssl=1 790w, https:\/\/i0.wp.com\/trendsbystylia.com\/wp-content\/uploads\/2025\/03\/image-4.webp?resize=257%2C300&amp;ssl=1 257w, https:\/\/i0.wp.com\/trendsbystylia.com\/wp-content\/uploads\/2025\/03\/image-4.webp?resize=768%2C896&amp;ssl=1 768w, https:\/\/i0.wp.com\/trendsbystylia.com\/wp-content\/uploads\/2025\/03\/image-4.webp?resize=10%2C12&amp;ssl=1 10w, https:\/\/i0.wp.com\/trendsbystylia.com\/wp-content\/uploads\/2025\/03\/image-4.webp?resize=300%2C350&amp;ssl=1 300w, https:\/\/i0.wp.com\/trendsbystylia.com\/wp-content\/uploads\/2025\/03\/image-4.webp?resize=600%2C700&amp;ssl=1 600w\" sizes=\"(max-width: 790px) 100vw, 790px\"><\/p>\n<p><img data-recalc-dims=\"1\" decoding=\"async\" style=\"display: block; width: 100.0%; height: auto;\" src=\"https:\/\/i0.wp.com\/cbu01.alicdn.com\/img\/ibank\/O1CN01azGGMQ1WNur0NkSDO_%21%212217767522777-0-cib.jpg?w=1290&amp;ssl=1\" alt=\"\" usemap=\"#_sdmap_6\"><\/p>\n<p><img data-recalc-dims=\"1\" alt=\"\" decoding=\"async\" class=\"aligncenter wp-image-5195 size-full\" src=\"https:\/\/i0.wp.com\/trendsbystylia.com\/wp-content\/uploads\/2025\/03\/image-5.webp?resize=790%2C923&amp;ssl=1\" width=\"790\" height=\"923\" srcset=\"https:\/\/i0.wp.com\/trendsbystylia.com\/wp-content\/uploads\/2025\/03\/image-5.webp?w=790&amp;ssl=1 790w, https:\/\/i0.wp.com\/trendsbystylia.com\/wp-content\/uploads\/2025\/03\/image-5.webp?resize=257%2C300&amp;ssl=1 257w, https:\/\/i0.wp.com\/trendsbystylia.com\/wp-content\/uploads\/2025\/03\/image-5.webp?resize=768%2C897&amp;ssl=1 768w, https:\/\/i0.wp.com\/trendsbystylia.com\/wp-content\/uploads\/2025\/03\/image-5.webp?resize=10%2C12&amp;ssl=1 10w, https:\/\/i0.wp.com\/trendsbystylia.com\/wp-content\/uploads\/2025\/03\/image-5.webp?resize=300%2C351&amp;ssl=1 300w, https:\/\/i0.wp.com\/trendsbystylia.com\/wp-content\/uploads\/2025\/03\/image-5.webp?resize=600%2C701&amp;ssl=1 600w\" sizes=\"(max-width: 790px) 100vw, 790px\"><\/p>\n<p><img data-recalc-dims=\"1\" alt=\"\" decoding=\"async\" class=\"aligncenter wp-image-5196 size-full\" src=\"https:\/\/i0.wp.com\/trendsbystylia.com\/wp-content\/uploads\/2025\/03\/image-6.webp?resize=790%2C922&amp;ssl=1\" width=\"790\" height=\"922\" srcset=\"https:\/\/i0.wp.com\/trendsbystylia.com\/wp-content\/uploads\/2025\/03\/image-6.webp?w=790&amp;ssl=1 790w, https:\/\/i0.wp.com\/trendsbystylia.com\/wp-content\/uploads\/2025\/03\/image-6.webp?resize=257%2C300&amp;ssl=1 257w, https:\/\/i0.wp.com\/trendsbystylia.com\/wp-content\/uploads\/2025\/03\/image-6.webp?resize=768%2C896&amp;ssl=1 768w, https:\/\/i0.wp.com\/trendsbystylia.com\/wp-content\/uploads\/2025\/03\/image-6.webp?resize=10%2C12&amp;ssl=1 10w, https:\/\/i0.wp.com\/trendsbystylia.com\/wp-content\/uploads\/2025\/03\/image-6.webp?resize=300%2C350&amp;ssl=1 300w, https:\/\/i0.wp.com\/trendsbystylia.com\/wp-content\/uploads\/2025\/03\/image-6.webp?resize=600%2C700&amp;ssl=1 600w\" sizes=\"(max-width: 790px) 100vw, 790px\"><\/p>\n<p><img data-recalc-dims=\"1\" alt=\"\" decoding=\"async\" class=\"aligncenter wp-image-5197\" src=\"https:\/\/i0.wp.com\/trendsbystylia.com\/wp-content\/uploads\/2025\/03\/image-7_cleanup-png.webp?resize=790%2C923&amp;ssl=1\" width=\"790\" height=\"923\"><\/p>\n<p><img data-recalc-dims=\"1\" alt=\"\" decoding=\"async\" class=\"aligncenter wp-image-5198\" src=\"https:\/\/i0.wp.com\/trendsbystylia.com\/wp-content\/uploads\/2025\/03\/image-8_cleanup-png.webp?resize=793%2C927&amp;ssl=1\" width=\"793\" height=\"927\"><\/p>\n<p><img data-recalc-dims=\"1\" alt=\"\" decoding=\"async\" class=\"aligncenter wp-image-5199 size-full\" src=\"https:\/\/i0.wp.com\/trendsbystylia.com\/wp-content\/uploads\/2025\/03\/image-9.webp?resize=790%2C923&amp;ssl=1\" width=\"790\" height=\"923\" srcset=\"https:\/\/i0.wp.com\/trendsbystylia.com\/wp-content\/uploads\/2025\/03\/image-9.webp?w=790&amp;ssl=1 790w, https:\/\/i0.wp.com\/trendsbystylia.com\/wp-content\/uploads\/2025\/03\/image-9.webp?resize=257%2C300&amp;ssl=1 257w, https:\/\/i0.wp.com\/trendsbystylia.com\/wp-content\/uploads\/2025\/03\/image-9.webp?resize=768%2C897&amp;ssl=1 768w, https:\/\/i0.wp.com\/trendsbystylia.com\/wp-content\/uploads\/2025\/03\/image-9.webp?resize=10%2C12&amp;ssl=1 10w, https:\/\/i0.wp.com\/trendsbystylia.com\/wp-content\/uploads\/2025\/03\/image-9.webp?resize=300%2C351&amp;ssl=1 300w, https:\/\/i0.wp.com\/trendsbystylia.com\/wp-content\/uploads\/2025\/03\/image-9.webp?resize=600%2C701&amp;ssl=1 600w\" sizes=\"(max-width: 790px) 100vw, 790px\"><\/p>\n<p><img data-recalc-dims=\"1\" alt=\"\" decoding=\"async\" class=\"aligncenter wp-image-5200 size-full\" src=\"https:\/\/i0.wp.com\/trendsbystylia.com\/wp-content\/uploads\/2025\/03\/image-10.webp?resize=790%2C923&amp;ssl=1\" width=\"790\" height=\"923\" srcset=\"https:\/\/i0.wp.com\/trendsbystylia.com\/wp-content\/uploads\/2025\/03\/image-10.webp?w=790&amp;ssl=1 790w, https:\/\/i0.wp.com\/trendsbystylia.com\/wp-content\/uploads\/2025\/03\/image-10.webp?resize=257%2C300&amp;ssl=1 257w, https:\/\/i0.wp.com\/trendsbystylia.com\/wp-content\/uploads\/2025\/03\/image-10.webp?resize=768%2C897&amp;ssl=1 768w, https:\/\/i0.wp.com\/trendsbystylia.com\/wp-content\/uploads\/2025\/03\/image-10.webp?resize=10%2C12&amp;ssl=1 10w, https:\/\/i0.wp.com\/trendsbystylia.com\/wp-content\/uploads\/2025\/03\/image-10.webp?resize=300%2C351&amp;ssl=1 300w, https:\/\/i0.wp.com\/trendsbystylia.com\/wp-content\/uploads\/2025\/03\/image-10.webp?resize=600%2C701&amp;ssl=1 600w\" sizes=\"(max-width: 790px) 100vw, 790px\"><\/p>\n<p><img data-recalc-dims=\"1\" alt=\"\" decoding=\"async\" class=\"aligncenter wp-image-5201 size-full\" src=\"https:\/\/i0.wp.com\/trendsbystylia.com\/wp-content\/uploads\/2025\/03\/image-11.webp?resize=790%2C922&amp;ssl=1\" width=\"790\" height=\"922\" srcset=\"https:\/\/i0.wp.com\/trendsbystylia.com\/wp-content\/uploads\/2025\/03\/image-11.webp?w=790&amp;ssl=1 790w, https:\/\/i0.wp.com\/trendsbystylia.com\/wp-content\/uploads\/2025\/03\/image-11.webp?resize=257%2C300&amp;ssl=1 257w, https:\/\/i0.wp.com\/trendsbystylia.com\/wp-content\/uploads\/2025\/03\/image-11.webp?resize=768%2C896&amp;ssl=1 768w, https:\/\/i0.wp.com\/trendsbystylia.com\/wp-content\/uploads\/2025\/03\/image-11.webp?resize=10%2C12&amp;ssl=1 10w, https:\/\/i0.wp.com\/trendsbystylia.com\/wp-content\/uploads\/2025\/03\/image-11.webp?resize=300%2C350&amp;ssl=1 300w, https:\/\/i0.wp.com\/trendsbystylia.com\/wp-content\/uploads\/2025\/03\/image-11.webp?resize=600%2C700&amp;ssl=1 600w\" sizes=\"(max-width: 790px) 100vw, 790px\"><\/p>\n<p><img data-recalc-dims=\"1\" alt=\"\" decoding=\"async\" class=\"aligncenter wp-image-5202 size-full\" src=\"https:\/\/i0.wp.com\/trendsbystylia.com\/wp-content\/uploads\/2025\/03\/image-12.webp?resize=790%2C923&amp;ssl=1\" width=\"790\" height=\"923\" srcset=\"https:\/\/i0.wp.com\/trendsbystylia.com\/wp-content\/uploads\/2025\/03\/image-12.webp?w=790&amp;ssl=1 790w, https:\/\/i0.wp.com\/trendsbystylia.com\/wp-content\/uploads\/2025\/03\/image-12.webp?resize=257%2C300&amp;ssl=1 257w, https:\/\/i0.wp.com\/trendsbystylia.com\/wp-content\/uploads\/2025\/03\/image-12.webp?resize=768%2C897&amp;ssl=1 768w, https:\/\/i0.wp.com\/trendsbystylia.com\/wp-content\/uploads\/2025\/03\/image-12.webp?resize=10%2C12&amp;ssl=1 10w, https:\/\/i0.wp.com\/trendsbystylia.com\/wp-content\/uploads\/2025\/03\/image-12.webp?resize=300%2C351&amp;ssl=1 300w, https:\/\/i0.wp.com\/trendsbystylia.com\/wp-content\/uploads\/2025\/03\/image-12.webp?resize=600%2C701&amp;ssl=1 600w\" sizes=\"(max-width: 790px) 100vw, 790px\"><\/p>\n<p>&nbsp;<\/p>\n<p>&nbsp;<\/p>\n<p>&nbsp;<\/p>\n<p>&nbsp;<\/p>\n<p>&nbsp;<\/p>\n<p>&nbsp;<\/p>\n<p>&nbsp;<\/p>\n<p>&nbsp;<\/p>\n<p><img data-recalc-dims=\"1\" decoding=\"async\" style=\"display: block; width: 100.0%; height: auto;\" src=\"https:\/\/i0.wp.com\/cbu01.alicdn.com\/img\/ibank\/O1CN01rBlbcW1WNuqx8MQxg_%21%212217767522777-0-cib.jpg?w=1290&amp;ssl=1\" alt=\"\" usemap=\"#_sdmap_15\"><\/p>\n<p><img data-recalc-dims=\"1\" decoding=\"async\" style=\"display: block; width: 100.0%; height: auto;\" src=\"https:\/\/i0.wp.com\/cbu01.alicdn.com\/img\/ibank\/O1CN01xpckYY1WNuqyPfRA2_%21%212217767522777-0-cib.jpg?w=1290&amp;ssl=1\" alt=\"\" usemap=\"#_sdmap_16\"><\/p>\n<\/div>\n<\/div>","protected":false},"excerpt":{"rendered":"<p>Rodillo de bolas resistente a las capturas Smart Electric Cat Toy<\/p>","protected":false},"featured_media":4894,"comment_status":"open","ping_status":"closed","template":"","meta":{"_seopress_robots_primary_cat":"none","_seopress_titles_title":"Jouet de chat \u00e9lectrique intelligent rouleau \u00e0 balle r\u00e9sistante \u00e0 la bouch\u00e9e","_seopress_titles_desc":"","_seopress_robots_index":"","_gspb_post_css":"","content-type":"","jetpack_post_was_ever_published":false,"jetpack_publicize_message":"","jetpack_publicize_feature_enabled":true,"jetpack_social_post_already_shared":true,"jetpack_social_options":{"image_generator_settings":{"template":"highway","default_image_id":0,"font":"","enabled":false},"version":2}},"location":[],"product_brand":[],"product_cat":[77],"product_tag":[],"class_list":{"0":"post-4899","1":"product","2":"type-product","3":"status-publish","4":"has-post-thumbnail","6":"product_cat-animaux","7":"product_shipping_class-hors-ue-standard","9":"first","10":"instock","11":"taxable","12":"shipping-taxable","13":"purchasable","14":"product-type-variable"},"jetpack_publicize_connections":[],"locations":[],"jetpack_sharing_enabled":true,"_links":{"self":[{"href":"https:\/\/trendsbystylia.com\/es\/wp-json\/wp\/v2\/product\/4899","targetHints":{"allow":["GET"]}}],"collection":[{"href":"https:\/\/trendsbystylia.com\/es\/wp-json\/wp\/v2\/product"}],"about":[{"href":"https:\/\/trendsbystylia.com\/es\/wp-json\/wp\/v2\/types\/product"}],"replies":[{"embeddable":true,"href":"https:\/\/trendsbystylia.com\/es\/wp-json\/wp\/v2\/comments?post=4899"}],"wp:featuredmedia":[{"embeddable":true,"href":"https:\/\/trendsbystylia.com\/es\/wp-json\/wp\/v2\/media\/4894"}],"wp:attachment":[{"href":"https:\/\/trendsbystylia.com\/es\/wp-json\/wp\/v2\/media?parent=4899"}],"wp:term":[{"taxonomy":"location","embeddable":true,"href":"https:\/\/trendsbystylia.com\/es\/wp-json\/wp\/v2\/location?post=4899"},{"taxonomy":"product_brand","embeddable":true,"href":"https:\/\/trendsbystylia.com\/es\/wp-json\/wp\/v2\/product_brand?post=4899"},{"taxonomy":"product_cat","embeddable":true,"href":"https:\/\/trendsbystylia.com\/es\/wp-json\/wp\/v2\/product_cat?post=4899"},{"taxonomy":"product_tag","embeddable":true,"href":"https:\/\/trendsbystylia.com\/es\/wp-json\/wp\/v2\/product_tag?post=4899"}],"curies":[{"name":"wp","href":"https:\/\/api.w.org\/{rel}","templated":true}]}}