{"id":4835,"date":"2025-03-07T17:47:40","date_gmt":"2025-03-07T17:47:40","guid":{"rendered":"https:\/\/trendsbystylia.com\/produit\/vente-helicoptere-a-induction-telecommande-avion-a-induction-avion-a-induction-suspension-bimode-jouet-volant\/"},"modified":"2025-03-23T22:00:45","modified_gmt":"2025-03-23T22:00:45","slug":"vente-helicoptere-a-induction-telecommande-avion-a-induction-avion-a-induction-suspension-bimode-jouet-volant","status":"publish","type":"product","link":"https:\/\/trendsbystylia.com\/es\/producto\/vente-helicoptere-a-induction-telecommande-avion-a-induction-avion-a-induction-suspension-bimode-jouet-volant\/","title":{"rendered":"<p>Helic\u00f3ptero de inducci\u00f3n controlado a distancia<\/p>"},"content":{"rendered":"<p><strong>DESCRIPCI\u00d3N:<\/strong><p>Funci\u00f3n caracter\u00edstica: Avi\u00f3n de levitaci\u00f3n por inducci\u00f3n controlado a distancia.<\/p><p>\u00bfSe importa: dom\u00e9stico.<\/p><p>Embalaje: Caja de color.<\/p><p>Material del juguete: ABS.<\/p><p>Desarrollo de capacidades: Manos y cerebro, agarre, visi\u00f3n, entrenamiento de inter\u00e9s, otros<\/p><p>formaci\u00f3n en capacidades, comunicaci\u00f3n entre padres e hijos, coordinaci\u00f3n mano a mano,<\/p><p>juguetes interactivos.<\/p><p>\u00bfHay una imagen animada: No.<\/p><p>Modo de control remoto: Somatosensorial.<\/p><p><img data-recalc-dims=\"1\" decoding=\"async\" src=\"https:\/\/i0.wp.com\/img.mysourcify.com\/2021\/06\/07\/ad66d4205153e3fe3c1637bab5253c6d.jpg?w=1290&amp;ssl=1\"><img data-recalc-dims=\"1\" decoding=\"async\" src=\"https:\/\/i0.wp.com\/img.mysourcify.com\/2021\/06\/07\/601e60e48ee4ff30cebf4af358303d72.jpg?w=1290&amp;ssl=1\"><img data-recalc-dims=\"1\" decoding=\"async\" src=\"https:\/\/i0.wp.com\/img.mysourcify.com\/2021\/06\/07\/b8964b7c72df9c0099cd023257bb239b.jpg?w=1290&amp;ssl=1\"><img data-recalc-dims=\"1\" decoding=\"async\" src=\"https:\/\/i0.wp.com\/img.mysourcify.com\/2021\/06\/07\/44a526977a218d8c14ca94ec4c1d0c6a.jpg?w=1290&amp;ssl=1\"><img data-recalc-dims=\"1\" decoding=\"async\" src=\"https:\/\/i0.wp.com\/img.mysourcify.com\/2021\/06\/07\/24d75ce0278435f1ff41c0bee4a62be5.jpg?w=1290&amp;ssl=1\"><\/p><\/p>","protected":false},"excerpt":{"rendered":"<p>Venta de Helic\u00f3ptero de inducci\u00f3n de control remoto Helic\u00f3ptero de inducci\u00f3n Avi\u00f3n de inducci\u00f3n Avi\u00f3n de doble modo Suspensi\u00f3n Flying Toy<\/p>","protected":false},"featured_media":4827,"comment_status":"open","ping_status":"closed","template":"","meta":{"_seopress_robots_primary_cat":"none","_seopress_titles_title":"","_seopress_titles_desc":"","_seopress_robots_index":"","_seopress_analysis_target_kw":"","_gspb_post_css":"","content-type":""},"product_brand":[],"product_cat":[45],"product_tag":[],"class_list":{"0":"post-4835","1":"product","2":"type-product","3":"status-publish","4":"has-post-thumbnail","6":"product_cat-jouets","7":"product_shipping_class-hors-ue-standard","9":"first","10":"instock","11":"taxable","12":"shipping-taxable","13":"purchasable","14":"product-type-variable"},"jetpack_sharing_enabled":true,"_links":{"self":[{"href":"https:\/\/trendsbystylia.com\/es\/wp-json\/wp\/v2\/product\/4835","targetHints":{"allow":["GET"]}}],"collection":[{"href":"https:\/\/trendsbystylia.com\/es\/wp-json\/wp\/v2\/product"}],"about":[{"href":"https:\/\/trendsbystylia.com\/es\/wp-json\/wp\/v2\/types\/product"}],"replies":[{"embeddable":true,"href":"https:\/\/trendsbystylia.com\/es\/wp-json\/wp\/v2\/comments?post=4835"}],"wp:featuredmedia":[{"embeddable":true,"href":"https:\/\/trendsbystylia.com\/es\/wp-json\/wp\/v2\/media\/4827"}],"wp:attachment":[{"href":"https:\/\/trendsbystylia.com\/es\/wp-json\/wp\/v2\/media?parent=4835"}],"wp:term":[{"taxonomy":"product_brand","embeddable":true,"href":"https:\/\/trendsbystylia.com\/es\/wp-json\/wp\/v2\/product_brand?post=4835"},{"taxonomy":"product_cat","embeddable":true,"href":"https:\/\/trendsbystylia.com\/es\/wp-json\/wp\/v2\/product_cat?post=4835"},{"taxonomy":"product_tag","embeddable":true,"href":"https:\/\/trendsbystylia.com\/es\/wp-json\/wp\/v2\/product_tag?post=4835"}],"curies":[{"name":"wp","href":"https:\/\/api.w.org\/{rel}","templated":true}]}}