{"id":4349,"date":"2025-03-07T16:20:49","date_gmt":"2025-03-07T16:20:49","guid":{"rendered":"https:\/\/trendsbystylia.com\/produit\/charge-sans-fil-ultra-mince-a-double-bobine-pliable-trois-en-un-y010-charge-sans-fil-pour-telephone-portable-montre-chargeur-sans-fil\/"},"modified":"2025-04-06T18:52:46","modified_gmt":"2025-04-06T18:52:46","slug":"charge-sans-fil-ultra-mince-a-double-bobine-pliable-trois-en-un-y010-charge-sans-fil-pour-telephone-portable-montre-chargeur-sans-fil","status":"publish","type":"product","link":"https:\/\/trendsbystylia.com\/es\/producto\/charge-sans-fil-ultra-mince-a-double-bobine-pliable-trois-en-un-y010-charge-sans-fil-pour-telephone-portable-montre-chargeur-sans-fil\/","title":{"rendered":"<p>Cargador inal\u00e1mbrico plegable ultrafino de doble bobina 3 en 1<\/p>"},"content":{"rendered":"<h3><strong>Cargador inal\u00e1mbrico plegable ultrafino de doble bobina 3 en 1, carga inal\u00e1mbrica de 15 W para tel\u00e9fono celular, reloj, auriculares<\/strong><br class=\"img-brk\"><br class=\"img-brk\"><p><img data-recalc-dims=\"1\" alt=\"\" decoding=\"async\" class=\"alignnone wp-image-5463 size-full\" src=\"https:\/\/i0.wp.com\/trendsbystylia.com\/wp-content\/uploads\/2025\/03\/image-2-8.webp?resize=800%2C800&amp;ssl=1\" width=\"800\" height=\"800\" srcset=\"https:\/\/i0.wp.com\/trendsbystylia.com\/wp-content\/uploads\/2025\/03\/image-2-8.webp?w=800&amp;ssl=1 800w, https:\/\/i0.wp.com\/trendsbystylia.com\/wp-content\/uploads\/2025\/03\/image-2-8.webp?resize=300%2C300&amp;ssl=1 300w, https:\/\/i0.wp.com\/trendsbystylia.com\/wp-content\/uploads\/2025\/03\/image-2-8.webp?resize=150%2C150&amp;ssl=1 150w, https:\/\/i0.wp.com\/trendsbystylia.com\/wp-content\/uploads\/2025\/03\/image-2-8.webp?resize=768%2C768&amp;ssl=1 768w, https:\/\/i0.wp.com\/trendsbystylia.com\/wp-content\/uploads\/2025\/03\/image-2-8.webp?resize=12%2C12&amp;ssl=1 12w, https:\/\/i0.wp.com\/trendsbystylia.com\/wp-content\/uploads\/2025\/03\/image-2-8.webp?resize=600%2C600&amp;ssl=1 600w, https:\/\/i0.wp.com\/trendsbystylia.com\/wp-content\/uploads\/2025\/03\/image-2-8.webp?resize=100%2C100&amp;ssl=1 100w\" sizes=\"(max-width: 800px) 100vw, 800px\"><\/p><p>&nbsp;<\/p><p><img data-recalc-dims=\"1\" alt=\"\" decoding=\"async\" class=\"alignnone wp-image-5464 size-full\" src=\"https:\/\/i0.wp.com\/trendsbystylia.com\/wp-content\/uploads\/2025\/03\/image-3-7.webp?resize=800%2C1189&amp;ssl=1\" width=\"800\" height=\"1189\" srcset=\"https:\/\/i0.wp.com\/trendsbystylia.com\/wp-content\/uploads\/2025\/03\/image-3-7.webp?w=800&amp;ssl=1 800w, https:\/\/i0.wp.com\/trendsbystylia.com\/wp-content\/uploads\/2025\/03\/image-3-7.webp?resize=202%2C300&amp;ssl=1 202w, https:\/\/i0.wp.com\/trendsbystylia.com\/wp-content\/uploads\/2025\/03\/image-3-7.webp?resize=689%2C1024&amp;ssl=1 689w, https:\/\/i0.wp.com\/trendsbystylia.com\/wp-content\/uploads\/2025\/03\/image-3-7.webp?resize=768%2C1141&amp;ssl=1 768w, https:\/\/i0.wp.com\/trendsbystylia.com\/wp-content\/uploads\/2025\/03\/image-3-7.webp?resize=8%2C12&amp;ssl=1 8w, https:\/\/i0.wp.com\/trendsbystylia.com\/wp-content\/uploads\/2025\/03\/image-3-7.webp?resize=300%2C446&amp;ssl=1 300w, https:\/\/i0.wp.com\/trendsbystylia.com\/wp-content\/uploads\/2025\/03\/image-3-7.webp?resize=600%2C892&amp;ssl=1 600w\" sizes=\"(max-width: 800px) 100vw, 800px\"><\/p><p><img data-recalc-dims=\"1\" alt=\"\" decoding=\"async\" class=\"alignnone wp-image-5465 size-full\" src=\"https:\/\/i0.wp.com\/trendsbystylia.com\/wp-content\/uploads\/2025\/03\/image-4-8.webp?resize=800%2C1148&amp;ssl=1\" width=\"800\" height=\"1148\" srcset=\"https:\/\/i0.wp.com\/trendsbystylia.com\/wp-content\/uploads\/2025\/03\/image-4-8.webp?w=800&amp;ssl=1 800w, https:\/\/i0.wp.com\/trendsbystylia.com\/wp-content\/uploads\/2025\/03\/image-4-8.webp?resize=209%2C300&amp;ssl=1 209w, https:\/\/i0.wp.com\/trendsbystylia.com\/wp-content\/uploads\/2025\/03\/image-4-8.webp?resize=714%2C1024&amp;ssl=1 714w, https:\/\/i0.wp.com\/trendsbystylia.com\/wp-content\/uploads\/2025\/03\/image-4-8.webp?resize=768%2C1102&amp;ssl=1 768w, https:\/\/i0.wp.com\/trendsbystylia.com\/wp-content\/uploads\/2025\/03\/image-4-8.webp?resize=8%2C12&amp;ssl=1 8w, https:\/\/i0.wp.com\/trendsbystylia.com\/wp-content\/uploads\/2025\/03\/image-4-8.webp?resize=300%2C431&amp;ssl=1 300w, https:\/\/i0.wp.com\/trendsbystylia.com\/wp-content\/uploads\/2025\/03\/image-4-8.webp?resize=600%2C861&amp;ssl=1 600w\" sizes=\"(max-width: 800px) 100vw, 800px\"><\/p><p><img data-recalc-dims=\"1\" alt=\"\" decoding=\"async\" class=\"alignnone wp-image-5466 size-full\" src=\"https:\/\/i0.wp.com\/trendsbystylia.com\/wp-content\/uploads\/2025\/03\/image-5-8.webp?resize=800%2C445&amp;ssl=1\" width=\"800\" height=\"445\" srcset=\"https:\/\/i0.wp.com\/trendsbystylia.com\/wp-content\/uploads\/2025\/03\/image-5-8.webp?w=800&amp;ssl=1 800w, https:\/\/i0.wp.com\/trendsbystylia.com\/wp-content\/uploads\/2025\/03\/image-5-8.webp?resize=300%2C167&amp;ssl=1 300w, https:\/\/i0.wp.com\/trendsbystylia.com\/wp-content\/uploads\/2025\/03\/image-5-8.webp?resize=768%2C427&amp;ssl=1 768w, https:\/\/i0.wp.com\/trendsbystylia.com\/wp-content\/uploads\/2025\/03\/image-5-8.webp?resize=18%2C10&amp;ssl=1 18w, https:\/\/i0.wp.com\/trendsbystylia.com\/wp-content\/uploads\/2025\/03\/image-5-8.webp?resize=600%2C334&amp;ssl=1 600w\" sizes=\"(max-width: 800px) 100vw, 800px\"><\/p><p><img data-recalc-dims=\"1\" alt=\"\" decoding=\"async\" class=\"alignnone wp-image-5467\" src=\"https:\/\/i0.wp.com\/trendsbystylia.com\/wp-content\/uploads\/2025\/03\/image-6_cleanup-png.webp?resize=800%2C1195&amp;ssl=1\" width=\"800\" height=\"1195\"><\/p><p><img data-recalc-dims=\"1\" alt=\"\" decoding=\"async\" class=\"alignnone wp-image-5468 size-full\" src=\"https:\/\/i0.wp.com\/trendsbystylia.com\/wp-content\/uploads\/2025\/03\/image-7-5.webp?resize=800%2C1048&amp;ssl=1\" width=\"800\" height=\"1048\" srcset=\"https:\/\/i0.wp.com\/trendsbystylia.com\/wp-content\/uploads\/2025\/03\/image-7-5.webp?w=800&amp;ssl=1 800w, https:\/\/i0.wp.com\/trendsbystylia.com\/wp-content\/uploads\/2025\/03\/image-7-5.webp?resize=229%2C300&amp;ssl=1 229w, https:\/\/i0.wp.com\/trendsbystylia.com\/wp-content\/uploads\/2025\/03\/image-7-5.webp?resize=782%2C1024&amp;ssl=1 782w, https:\/\/i0.wp.com\/trendsbystylia.com\/wp-content\/uploads\/2025\/03\/image-7-5.webp?resize=768%2C1006&amp;ssl=1 768w, https:\/\/i0.wp.com\/trendsbystylia.com\/wp-content\/uploads\/2025\/03\/image-7-5.webp?resize=9%2C12&amp;ssl=1 9w, https:\/\/i0.wp.com\/trendsbystylia.com\/wp-content\/uploads\/2025\/03\/image-7-5.webp?resize=300%2C393&amp;ssl=1 300w, https:\/\/i0.wp.com\/trendsbystylia.com\/wp-content\/uploads\/2025\/03\/image-7-5.webp?resize=600%2C786&amp;ssl=1 600w\" sizes=\"(max-width: 800px) 100vw, 800px\"><\/p><p><img data-recalc-dims=\"1\" alt=\"\" decoding=\"async\" class=\"alignnone wp-image-5469 size-full\" src=\"https:\/\/i0.wp.com\/trendsbystylia.com\/wp-content\/uploads\/2025\/03\/image-8-6.webp?resize=800%2C1190&amp;ssl=1\" width=\"800\" height=\"1190\" srcset=\"https:\/\/i0.wp.com\/trendsbystylia.com\/wp-content\/uploads\/2025\/03\/image-8-6.webp?w=800&amp;ssl=1 800w, https:\/\/i0.wp.com\/trendsbystylia.com\/wp-content\/uploads\/2025\/03\/image-8-6.webp?resize=202%2C300&amp;ssl=1 202w, https:\/\/i0.wp.com\/trendsbystylia.com\/wp-content\/uploads\/2025\/03\/image-8-6.webp?resize=688%2C1024&amp;ssl=1 688w, https:\/\/i0.wp.com\/trendsbystylia.com\/wp-content\/uploads\/2025\/03\/image-8-6.webp?resize=768%2C1142&amp;ssl=1 768w, https:\/\/i0.wp.com\/trendsbystylia.com\/wp-content\/uploads\/2025\/03\/image-8-6.webp?resize=8%2C12&amp;ssl=1 8w, https:\/\/i0.wp.com\/trendsbystylia.com\/wp-content\/uploads\/2025\/03\/image-8-6.webp?resize=300%2C446&amp;ssl=1 300w, https:\/\/i0.wp.com\/trendsbystylia.com\/wp-content\/uploads\/2025\/03\/image-8-6.webp?resize=600%2C893&amp;ssl=1 600w\" sizes=\"(max-width: 800px) 100vw, 800px\"><\/p><p><img data-recalc-dims=\"1\" alt=\"\" decoding=\"async\" class=\"alignnone wp-image-5470 size-full\" src=\"https:\/\/i0.wp.com\/trendsbystylia.com\/wp-content\/uploads\/2025\/03\/image-9-8.webp?resize=800%2C1114&amp;ssl=1\" width=\"800\" height=\"1114\" srcset=\"https:\/\/i0.wp.com\/trendsbystylia.com\/wp-content\/uploads\/2025\/03\/image-9-8.webp?w=800&amp;ssl=1 800w, https:\/\/i0.wp.com\/trendsbystylia.com\/wp-content\/uploads\/2025\/03\/image-9-8.webp?resize=215%2C300&amp;ssl=1 215w, https:\/\/i0.wp.com\/trendsbystylia.com\/wp-content\/uploads\/2025\/03\/image-9-8.webp?resize=735%2C1024&amp;ssl=1 735w, https:\/\/i0.wp.com\/trendsbystylia.com\/wp-content\/uploads\/2025\/03\/image-9-8.webp?resize=768%2C1069&amp;ssl=1 768w, https:\/\/i0.wp.com\/trendsbystylia.com\/wp-content\/uploads\/2025\/03\/image-9-8.webp?resize=9%2C12&amp;ssl=1 9w, https:\/\/i0.wp.com\/trendsbystylia.com\/wp-content\/uploads\/2025\/03\/image-9-8.webp?resize=300%2C418&amp;ssl=1 300w, https:\/\/i0.wp.com\/trendsbystylia.com\/wp-content\/uploads\/2025\/03\/image-9-8.webp?resize=600%2C836&amp;ssl=1 600w\" sizes=\"(max-width: 800px) 100vw, 800px\"><\/p><p><img data-recalc-dims=\"1\" alt=\"\" decoding=\"async\" class=\"alignnone wp-image-5472 size-full\" src=\"https:\/\/i0.wp.com\/trendsbystylia.com\/wp-content\/uploads\/2025\/03\/image-12-6.webp?resize=800%2C1237&amp;ssl=1\" width=\"800\" height=\"1237\" srcset=\"https:\/\/i0.wp.com\/trendsbystylia.com\/wp-content\/uploads\/2025\/03\/image-12-6.webp?w=800&amp;ssl=1 800w, https:\/\/i0.wp.com\/trendsbystylia.com\/wp-content\/uploads\/2025\/03\/image-12-6.webp?resize=194%2C300&amp;ssl=1 194w, https:\/\/i0.wp.com\/trendsbystylia.com\/wp-content\/uploads\/2025\/03\/image-12-6.webp?resize=662%2C1024&amp;ssl=1 662w, https:\/\/i0.wp.com\/trendsbystylia.com\/wp-content\/uploads\/2025\/03\/image-12-6.webp?resize=768%2C1188&amp;ssl=1 768w, https:\/\/i0.wp.com\/trendsbystylia.com\/wp-content\/uploads\/2025\/03\/image-12-6.webp?resize=8%2C12&amp;ssl=1 8w, https:\/\/i0.wp.com\/trendsbystylia.com\/wp-content\/uploads\/2025\/03\/image-12-6.webp?resize=300%2C464&amp;ssl=1 300w, https:\/\/i0.wp.com\/trendsbystylia.com\/wp-content\/uploads\/2025\/03\/image-12-6.webp?resize=600%2C928&amp;ssl=1 600w\" sizes=\"(max-width: 800px) 100vw, 800px\"><\/p><p><img data-recalc-dims=\"1\" alt=\"\" decoding=\"async\" class=\"alignnone wp-image-5474 size-full\" src=\"https:\/\/i0.wp.com\/trendsbystylia.com\/wp-content\/uploads\/2025\/03\/image-11-7.webp?resize=800%2C1004&amp;ssl=1\" width=\"800\" height=\"1004\" srcset=\"https:\/\/i0.wp.com\/trendsbystylia.com\/wp-content\/uploads\/2025\/03\/image-11-7.webp?w=800&amp;ssl=1 800w, https:\/\/i0.wp.com\/trendsbystylia.com\/wp-content\/uploads\/2025\/03\/image-11-7.webp?resize=239%2C300&amp;ssl=1 239w, https:\/\/i0.wp.com\/trendsbystylia.com\/wp-content\/uploads\/2025\/03\/image-11-7.webp?resize=768%2C964&amp;ssl=1 768w, https:\/\/i0.wp.com\/trendsbystylia.com\/wp-content\/uploads\/2025\/03\/image-11-7.webp?resize=10%2C12&amp;ssl=1 10w, https:\/\/i0.wp.com\/trendsbystylia.com\/wp-content\/uploads\/2025\/03\/image-11-7.webp?resize=300%2C377&amp;ssl=1 300w, https:\/\/i0.wp.com\/trendsbystylia.com\/wp-content\/uploads\/2025\/03\/image-11-7.webp?resize=600%2C753&amp;ssl=1 600w\" sizes=\"(max-width: 800px) 100vw, 800px\"><\/p><p>&nbsp;<\/p><p><img data-recalc-dims=\"1\" alt=\"\" decoding=\"async\" class=\"alignnone wp-image-5473 size-full\" src=\"https:\/\/i0.wp.com\/trendsbystylia.com\/wp-content\/uploads\/2025\/03\/image-13-4.webp?resize=800%2C1105&amp;ssl=1\" width=\"800\" height=\"1105\" srcset=\"https:\/\/i0.wp.com\/trendsbystylia.com\/wp-content\/uploads\/2025\/03\/image-13-4.webp?w=800&amp;ssl=1 800w, https:\/\/i0.wp.com\/trendsbystylia.com\/wp-content\/uploads\/2025\/03\/image-13-4.webp?resize=217%2C300&amp;ssl=1 217w, https:\/\/i0.wp.com\/trendsbystylia.com\/wp-content\/uploads\/2025\/03\/image-13-4.webp?resize=741%2C1024&amp;ssl=1 741w, https:\/\/i0.wp.com\/trendsbystylia.com\/wp-content\/uploads\/2025\/03\/image-13-4.webp?resize=768%2C1061&amp;ssl=1 768w, https:\/\/i0.wp.com\/trendsbystylia.com\/wp-content\/uploads\/2025\/03\/image-13-4.webp?resize=9%2C12&amp;ssl=1 9w, https:\/\/i0.wp.com\/trendsbystylia.com\/wp-content\/uploads\/2025\/03\/image-13-4.webp?resize=300%2C414&amp;ssl=1 300w, https:\/\/i0.wp.com\/trendsbystylia.com\/wp-content\/uploads\/2025\/03\/image-13-4.webp?resize=600%2C829&amp;ssl=1 600w\" sizes=\"(max-width: 800px) 100vw, 800px\"><\/p><p><img decoding=\"async\" src=\"https:\/\/cbu01.alicdn.com\/img\/ibank\/O1CN01ckmfoh2JF8P57afII_!!2200729049391-0-cib.jpg?__r__=1713417893605\" alt=\"indefinido\"><\/p><\/h3>","protected":false},"excerpt":{"rendered":"<p>Cargador inal\u00e1mbrico plegable de doble bobina ultrafino 3-en-1 Y010, carga inal\u00e1mbrica para tel\u00e9fono celular, reloj, auriculares<\/p>","protected":false},"featured_media":5462,"comment_status":"open","ping_status":"closed","template":"","meta":{"_seopress_robots_primary_cat":"none","_seopress_titles_title":"","_seopress_titles_desc":"","_seopress_robots_index":"","_gspb_post_css":"","content-type":"","jetpack_post_was_ever_published":false,"jetpack_publicize_message":"","jetpack_publicize_feature_enabled":true,"jetpack_social_post_already_shared":true,"jetpack_social_options":{"image_generator_settings":{"template":"highway","default_image_id":0,"font":"","enabled":false},"version":2}},"product_brand":[],"product_cat":[838,1153],"product_tag":[],"class_list":{"0":"post-4349","1":"product","2":"type-product","3":"status-publish","4":"has-post-thumbnail","6":"product_cat-accessoires-smartphones","7":"product_cat-accessoires-smartwatches","8":"product_shipping_class-hors-ue-standard","10":"first","11":"instock","12":"taxable","13":"shipping-taxable","14":"purchasable","15":"product-type-variable"},"jetpack_publicize_connections":[],"jetpack_sharing_enabled":true,"_links":{"self":[{"href":"https:\/\/trendsbystylia.com\/es\/wp-json\/wp\/v2\/product\/4349","targetHints":{"allow":["GET"]}}],"collection":[{"href":"https:\/\/trendsbystylia.com\/es\/wp-json\/wp\/v2\/product"}],"about":[{"href":"https:\/\/trendsbystylia.com\/es\/wp-json\/wp\/v2\/types\/product"}],"replies":[{"embeddable":true,"href":"https:\/\/trendsbystylia.com\/es\/wp-json\/wp\/v2\/comments?post=4349"}],"wp:featuredmedia":[{"embeddable":true,"href":"https:\/\/trendsbystylia.com\/es\/wp-json\/wp\/v2\/media\/5462"}],"wp:attachment":[{"href":"https:\/\/trendsbystylia.com\/es\/wp-json\/wp\/v2\/media?parent=4349"}],"wp:term":[{"taxonomy":"product_brand","embeddable":true,"href":"https:\/\/trendsbystylia.com\/es\/wp-json\/wp\/v2\/product_brand?post=4349"},{"taxonomy":"product_cat","embeddable":true,"href":"https:\/\/trendsbystylia.com\/es\/wp-json\/wp\/v2\/product_cat?post=4349"},{"taxonomy":"product_tag","embeddable":true,"href":"https:\/\/trendsbystylia.com\/es\/wp-json\/wp\/v2\/product_tag?post=4349"}],"curies":[{"name":"wp","href":"https:\/\/api.w.org\/{rel}","templated":true}]}}