{"id":4202,"date":"2025-03-07T15:46:31","date_gmt":"2025-03-07T15:46:31","guid":{"rendered":"https:\/\/trendsbystylia.com\/produit\/lampe-de-bureau-creative-de-chambre-denfant-de-dessin-anime-de-mode-panda-amusant-petite-lampe-de-nuit-lampe-de-chevet-lampe-de-bureau-chaude\/"},"modified":"2025-04-06T17:03:36","modified_gmt":"2025-04-06T17:03:36","slug":"lampe-de-bureau-creative-de-chambre-denfant-de-dessin-anime-de-mode-panda-amusant-petite-lampe-de-nuit-lampe-de-chevet-lampe-de-bureau-chaude","status":"publish","type":"product","link":"https:\/\/trendsbystylia.com\/es\/producto\/lampe-de-bureau-creative-de-chambre-denfant-de-dessin-anime-de-mode-panda-amusant-petite-lampe-de-nuit-lampe-de-chevet-lampe-de-bureau-chaude\/","title":{"rendered":"<p>L\u00e1mpara de escritorio creativa de la habitaci\u00f3n de los ni\u00f1os de Cartoon Panda<\/p>"},"content":{"rendered":"<p><strong>DESCRIPCI\u00d3N:<\/strong><p>[Nombre del producto]: Panda Fashion Cartoon Kids Room L\u00e1mpara de escritorio creativa<\/p><p>L\u00e1mpara de noche divertida peque\u00f1a L\u00e1mpara de noche L\u00e1mpara escritorio caliente<\/p><p>[color del producto]: Serie de animales de dibujos animados<\/p><p>[funci\u00f3n del producto]: iluminaci\u00f3n nocturna peque\u00f1a junto a la cama<\/p><p>[cantidad del envase]: 24pcs<\/p><p>[especificaci\u00f3n de la caja exterior]: 83*42*79 cm<\/p><p>[peso bruto\/peso neto]:\u00a017 \/ 13,8 kg<\/p><p>&nbsp;<\/p><p><img decoding=\"async\" src=\"https:\/\/cbu01.alicdn.com\/img\/ibank\/2018\/267\/557\/9233755762_1439945520.jpg\"><img decoding=\"async\" src=\"https:\/\/cbu01.alicdn.com\/img\/ibank\/2019\/367\/968\/11686869763_1439945520.jpg\"><img decoding=\"async\" src=\"https:\/\/cbu01.alicdn.com\/img\/ibank\/2019\/725\/488\/11686884527_1439945520.jpg\"><img decoding=\"async\" src=\"https:\/\/cbu01.alicdn.com\/img\/ibank\/2019\/725\/227\/11754722527_1439945520.jpg\"><img decoding=\"async\" src=\"https:\/\/cbu01.alicdn.com\/img\/ibank\/2019\/051\/647\/11754746150_1439945520.jpg\"><img data-recalc-dims=\"1\" alt=\"\" decoding=\"async\" class=\"alignnone wp-image-5513\" src=\"https:\/\/i0.wp.com\/trendsbystylia.com\/wp-content\/uploads\/2025\/03\/image-45.webp?resize=740%2C740&amp;ssl=1\" width=\"740\" height=\"740\" srcset=\"https:\/\/i0.wp.com\/trendsbystylia.com\/wp-content\/uploads\/2025\/03\/image-45.webp?w=750&amp;ssl=1 750w, https:\/\/i0.wp.com\/trendsbystylia.com\/wp-content\/uploads\/2025\/03\/image-45.webp?resize=300%2C300&amp;ssl=1 300w, https:\/\/i0.wp.com\/trendsbystylia.com\/wp-content\/uploads\/2025\/03\/image-45.webp?resize=150%2C150&amp;ssl=1 150w, https:\/\/i0.wp.com\/trendsbystylia.com\/wp-content\/uploads\/2025\/03\/image-45.webp?resize=12%2C12&amp;ssl=1 12w, https:\/\/i0.wp.com\/trendsbystylia.com\/wp-content\/uploads\/2025\/03\/image-45.webp?resize=500%2C500&amp;ssl=1 500w, https:\/\/i0.wp.com\/trendsbystylia.com\/wp-content\/uploads\/2025\/03\/image-45.webp?resize=600%2C600&amp;ssl=1 600w, https:\/\/i0.wp.com\/trendsbystylia.com\/wp-content\/uploads\/2025\/03\/image-45.webp?resize=100%2C100&amp;ssl=1 100w\" sizes=\"(max-width: 740px) 100vw, 740px\"><img data-recalc-dims=\"1\" alt=\"\" decoding=\"async\" class=\"alignnone wp-image-5514\" src=\"https:\/\/i0.wp.com\/trendsbystylia.com\/wp-content\/uploads\/2025\/03\/image-46.webp?resize=740%2C740&amp;ssl=1\" width=\"740\" height=\"740\" srcset=\"https:\/\/i0.wp.com\/trendsbystylia.com\/wp-content\/uploads\/2025\/03\/image-46.webp?w=750&amp;ssl=1 750w, https:\/\/i0.wp.com\/trendsbystylia.com\/wp-content\/uploads\/2025\/03\/image-46.webp?resize=300%2C300&amp;ssl=1 300w, https:\/\/i0.wp.com\/trendsbystylia.com\/wp-content\/uploads\/2025\/03\/image-46.webp?resize=150%2C150&amp;ssl=1 150w, https:\/\/i0.wp.com\/trendsbystylia.com\/wp-content\/uploads\/2025\/03\/image-46.webp?resize=12%2C12&amp;ssl=1 12w, https:\/\/i0.wp.com\/trendsbystylia.com\/wp-content\/uploads\/2025\/03\/image-46.webp?resize=500%2C500&amp;ssl=1 500w, https:\/\/i0.wp.com\/trendsbystylia.com\/wp-content\/uploads\/2025\/03\/image-46.webp?resize=600%2C600&amp;ssl=1 600w, https:\/\/i0.wp.com\/trendsbystylia.com\/wp-content\/uploads\/2025\/03\/image-46.webp?resize=100%2C100&amp;ssl=1 100w\" sizes=\"(max-width: 740px) 100vw, 740px\"><\/p><\/p>","protected":false},"excerpt":{"rendered":"<p>L\u00e1mpara de escritorio de la habitaci\u00f3n de los ni\u00f1os de la moda creativa del panda L\u00e1mpara de noche divertida L\u00e1mpara de noche de noche L\u00e1mpara de escritorio caliente<\/p>","protected":false},"featured_media":4197,"comment_status":"open","ping_status":"closed","template":"","meta":{"_seopress_robots_primary_cat":"none","_seopress_titles_title":"","_seopress_titles_desc":"","_seopress_robots_index":"","_gspb_post_css":"","content-type":"","jetpack_post_was_ever_published":false,"jetpack_publicize_message":"","jetpack_publicize_feature_enabled":true,"jetpack_social_post_already_shared":true,"jetpack_social_options":{"image_generator_settings":{"template":"highway","default_image_id":0,"font":"","enabled":false},"version":2}},"product_brand":[],"product_cat":[41,1148,40],"product_tag":[],"class_list":{"0":"post-4202","1":"product","2":"type-product","3":"status-publish","4":"has-post-thumbnail","6":"product_cat-deco","7":"product_cat-lampes-a-poser","8":"product_cat-mobilier-maison","9":"product_shipping_class-hors-ue-standard","11":"first","12":"instock","13":"taxable","14":"shipping-taxable","15":"purchasable","16":"product-type-variable"},"jetpack_publicize_connections":[],"jetpack_sharing_enabled":true,"_links":{"self":[{"href":"https:\/\/trendsbystylia.com\/es\/wp-json\/wp\/v2\/product\/4202","targetHints":{"allow":["GET"]}}],"collection":[{"href":"https:\/\/trendsbystylia.com\/es\/wp-json\/wp\/v2\/product"}],"about":[{"href":"https:\/\/trendsbystylia.com\/es\/wp-json\/wp\/v2\/types\/product"}],"replies":[{"embeddable":true,"href":"https:\/\/trendsbystylia.com\/es\/wp-json\/wp\/v2\/comments?post=4202"}],"wp:featuredmedia":[{"embeddable":true,"href":"https:\/\/trendsbystylia.com\/es\/wp-json\/wp\/v2\/media\/4197"}],"wp:attachment":[{"href":"https:\/\/trendsbystylia.com\/es\/wp-json\/wp\/v2\/media?parent=4202"}],"wp:term":[{"taxonomy":"product_brand","embeddable":true,"href":"https:\/\/trendsbystylia.com\/es\/wp-json\/wp\/v2\/product_brand?post=4202"},{"taxonomy":"product_cat","embeddable":true,"href":"https:\/\/trendsbystylia.com\/es\/wp-json\/wp\/v2\/product_cat?post=4202"},{"taxonomy":"product_tag","embeddable":true,"href":"https:\/\/trendsbystylia.com\/es\/wp-json\/wp\/v2\/product_tag?post=4202"}],"curies":[{"name":"wp","href":"https:\/\/api.w.org\/{rel}","templated":true}]}}