{"id":3995,"date":"2025-03-07T15:22:21","date_gmt":"2025-03-07T15:22:21","guid":{"rendered":"https:\/\/trendsbystylia.com\/produit\/lampe-de-bureau-de-lecture-led\/"},"modified":"2025-04-06T17:03:39","modified_gmt":"2025-04-06T17:03:39","slug":"lampe-de-bureau-de-lecture-led","status":"publish","type":"product","link":"https:\/\/trendsbystylia.com\/es\/producto\/lampe-de-bureau-de-lecture-led\/","title":{"rendered":"<p>Cerf LED Lectura de Luz Nocturna<\/p>"},"content":{"rendered":"<p>&nbsp;<p>Instrucciones de uso<\/p><p><strong>Interruptor trasero<\/strong><\/p><p><strong>&nbsp; &nbsp; &nbsp;<\/strong> Rotaci\u00f3n: atenuaci\u00f3n continua<\/p><p><strong>bot\u00f3n del cuello<\/strong><\/p><p>Presione la luz blanca brevemente por primera vez<\/p><p>&nbsp;<\/p><p>Presione brevemente la luz amarilla por segunda vez<\/p><p>&nbsp;<\/p><p><strong>Mantenga presionado el temporizador durante 30 minutos<\/strong><\/p><p>Indicaci\u00f3n de carga: siempre encendido (cargado), apagado (completo)<\/p><p>En t\u00e9rminos de uso, el brillo es diferente y la duraci\u00f3n del uso tambi\u00e9n es diferente.<\/p><p>&nbsp;<\/p><p><img decoding=\"async\" src=\"https:\/\/ae01.alicdn.com\/kf\/Hbbe6461bff86409ca0fe996996b6cf6dg.jpg\"><\/p><p><img decoding=\"async\" style=\"display: none;\" src=\"https:\/\/www.o0b.cn\/i.php?t.png&amp;rid=gw-3.63b7ed0ede700&amp;p=148117319&amp;k=87158&amp;t=1672998160\"><\/p><\/p>","protected":false},"excerpt":{"rendered":"<p>L\u00e1mpara de escritorio de lectura led<\/p>","protected":false},"featured_media":3990,"comment_status":"open","ping_status":"closed","template":"","meta":{"_seopress_robots_primary_cat":"none","_seopress_titles_title":"","_seopress_titles_desc":"Lampe veilleuse de lecture LED Cerf","_seopress_robots_index":"","_gspb_post_css":"","content-type":""},"product_brand":[],"product_cat":[41,42,1148,40],"product_tag":[],"class_list":{"0":"post-3995","1":"product","2":"type-product","3":"status-publish","4":"has-post-thumbnail","6":"product_cat-deco","7":"product_cat-high-tech","8":"product_cat-lampes-a-poser","9":"product_cat-mobilier-maison","10":"product_shipping_class-hors-ue-standard","12":"first","13":"instock","14":"taxable","15":"shipping-taxable","16":"purchasable","17":"product-type-variable"},"jetpack_sharing_enabled":true,"_links":{"self":[{"href":"https:\/\/trendsbystylia.com\/es\/wp-json\/wp\/v2\/product\/3995","targetHints":{"allow":["GET"]}}],"collection":[{"href":"https:\/\/trendsbystylia.com\/es\/wp-json\/wp\/v2\/product"}],"about":[{"href":"https:\/\/trendsbystylia.com\/es\/wp-json\/wp\/v2\/types\/product"}],"replies":[{"embeddable":true,"href":"https:\/\/trendsbystylia.com\/es\/wp-json\/wp\/v2\/comments?post=3995"}],"wp:featuredmedia":[{"embeddable":true,"href":"https:\/\/trendsbystylia.com\/es\/wp-json\/wp\/v2\/media\/3990"}],"wp:attachment":[{"href":"https:\/\/trendsbystylia.com\/es\/wp-json\/wp\/v2\/media?parent=3995"}],"wp:term":[{"taxonomy":"product_brand","embeddable":true,"href":"https:\/\/trendsbystylia.com\/es\/wp-json\/wp\/v2\/product_brand?post=3995"},{"taxonomy":"product_cat","embeddable":true,"href":"https:\/\/trendsbystylia.com\/es\/wp-json\/wp\/v2\/product_cat?post=3995"},{"taxonomy":"product_tag","embeddable":true,"href":"https:\/\/trendsbystylia.com\/es\/wp-json\/wp\/v2\/product_tag?post=3995"}],"curies":[{"name":"wp","href":"https:\/\/api.w.org\/{rel}","templated":true}]}}